{"id":10369,"date":"2022-09-09T19:39:44","date_gmt":"2022-09-09T19:39:44","guid":{"rendered":"https:\/\/vossloh-topic-lounge.com\/?page_id=10369"},"modified":"2024-02-27T13:35:36","modified_gmt":"2024-02-27T13:35:36","slug":"algorithmen-basierte-datenverarbeitung-in-echtzeit","status":"publish","type":"page","link":"https:\/\/vossloh-topic-lounge.com\/de\/hsg-city-smart\/topic-03\/algorithmen-basierte-datenverarbeitung-in-echtzeit\/","title":{"rendered":"Algorithmen-basierte Datenverarbeitung in Echtzeit"},"content":{"rendered":"\t\t<div data-elementor-type=\"wp-page\" data-elementor-id=\"10369\" class=\"elementor elementor-10369\" data-elementor-post-type=\"page\">\n\t\t\t\t\t\t<section class=\"elementor-section elementor-top-section elementor-element elementor-element-2c7f8a0 elementor-section-height-min-height single-page-max-width elementor-section-boxed elementor-section-height-default elementor-section-items-middle\" data-id=\"2c7f8a0\" data-element_type=\"section\" data-settings=\"{&quot;background_background&quot;:&quot;classic&quot;}\">\n\t\t\t\t\t\t\t<div class=\"elementor-background-overlay\"><\/div>\n\t\t\t\t\t\t\t<div class=\"elementor-container elementor-column-gap-default\">\n\t\t\t\t\t<div class=\"elementor-column elementor-col-100 elementor-top-column elementor-element elementor-element-fb56979\" data-id=\"fb56979\" data-element_type=\"column\">\n\t\t\t<div class=\"elementor-widget-wrap elementor-element-populated\">\n\t\t\t\t\t\t<div class=\"elementor-element elementor-element-c86ecc3 elementor-widget elementor-widget-heading\" data-id=\"c86ecc3\" data-element_type=\"widget\" data-widget_type=\"heading.default\">\n\t\t\t\t<div class=\"elementor-widget-container\">\n\t\t\t\t\t<h2 class=\"elementor-heading-title elementor-size-default\">Algorithmen-basierte Datenverarbeitung in Echtzeit\n<\/h2>\t\t\t\t<\/div>\n\t\t\t\t<\/div>\n\t\t\t\t<div class=\"elementor-element elementor-element-776b488 elementor-widget elementor-widget-spacer\" data-id=\"776b488\" data-element_type=\"widget\" data-widget_type=\"spacer.default\">\n\t\t\t\t<div class=\"elementor-widget-container\">\n\t\t\t\t\t\t\t<div class=\"elementor-spacer\">\n\t\t\t<div class=\"elementor-spacer-inner\"><\/div>\n\t\t<\/div>\n\t\t\t\t\t\t<\/div>\n\t\t\t\t<\/div>\n\t\t\t\t<div class=\"elementor-element elementor-element-c5f0c8f elementor-view-default elementor-widget elementor-widget-icon\" data-id=\"c5f0c8f\" data-element_type=\"widget\" data-widget_type=\"icon.default\">\n\t\t\t\t<div class=\"elementor-widget-container\">\n\t\t\t\t\t\t\t<div class=\"elementor-icon-wrapper\">\n\t\t\t<a class=\"elementor-icon\" href=\"#content\">\n\t\t\t<i aria-hidden=\"true\" class=\"fal fa-chevron-double-down\"><\/i>\t\t\t<\/a>\n\t\t<\/div>\n\t\t\t\t\t\t<\/div>\n\t\t\t\t<\/div>\n\t\t\t\t\t<\/div>\n\t\t<\/div>\n\t\t\t\t\t<\/div>\n\t\t<\/section>\n\t\t\t\t<section class=\"elementor-section elementor-top-section elementor-element elementor-element-cc11e4e elementor-section-boxed elementor-section-height-default elementor-section-height-default\" data-id=\"cc11e4e\" data-element_type=\"section\" id=\"content\">\n\t\t\t\t\t\t<div class=\"elementor-container elementor-column-gap-default\">\n\t\t\t\t\t<div class=\"elementor-column elementor-col-100 elementor-top-column elementor-element elementor-element-8edd1ea\" data-id=\"8edd1ea\" data-element_type=\"column\">\n\t\t\t<div class=\"elementor-widget-wrap elementor-element-populated\">\n\t\t\t\t\t\t<div class=\"elementor-element elementor-element-7f5bf12 elementor-widget elementor-widget-heading\" data-id=\"7f5bf12\" data-element_type=\"widget\" data-widget_type=\"heading.default\">\n\t\t\t\t<div class=\"elementor-widget-container\">\n\t\t\t\t\t<h2 class=\"elementor-heading-title elementor-size-default\">Datenanalyse \u2013 Datenvisualisierung \u2013 Datenzugriff<\/h2>\t\t\t\t<\/div>\n\t\t\t\t<\/div>\n\t\t\t\t<div class=\"elementor-element elementor-element-add8317 elementor-widget elementor-widget-text-editor\" data-id=\"add8317\" data-element_type=\"widget\" data-widget_type=\"text-editor.default\">\n\t\t\t\t<div class=\"elementor-widget-container\">\n\t\t\t\t\t\t\t\t\t<p>Die Messungen werden zusammengef\u00fchrt\u00a0und in Verbindung zueinander gesetzt.<\/p><p>Dank unserer Expertise aus Jahrzenten im Gleis, k\u00f6nnen wir die Komplexit\u00e4t hinsichtlich Datenmengen und ihrer Aussagekraft zusammenh\u00e4ngend interpretieren und so einfach wie m\u00f6glich visualisieren.<\/p>\t\t\t\t\t\t\t\t<\/div>\n\t\t\t\t<\/div>\n\t\t\t\t<div class=\"elementor-element elementor-element-96a4608 vossloh-bullet elementor-widget elementor-widget-ucaddon_uc_material_bullets\" data-id=\"96a4608\" data-element_type=\"widget\" data-widget_type=\"ucaddon_uc_material_bullets.default\">\n\t\t\t\t<div class=\"elementor-widget-container\">\n\t\t\t\t\t\n<!-- start Icon Bullets -->\n\t\t<link id='font-awesome-css' href='https:\/\/vossloh-topic-lounge.com\/wp-content\/plugins\/unlimited-elements-for-elementor-premium\/assets_libraries\/font-awesome6\/fontawesome-all.min.css' type='text\/css' rel='stylesheet' >\n\t\t<link id='font-awesome-4-shim-css' href='https:\/\/vossloh-topic-lounge.com\/wp-content\/plugins\/unlimited-elements-for-elementor-premium\/assets_libraries\/font-awesome6\/fontawesome-v4-shims.min.css' type='text\/css' rel='stylesheet' >\n\n<style>\/* widget: Icon Bullets *\/\n\n#uc_uc_material_bullets_elementor_96a4608 *{\n\t-webkit-box-sizing: border-box;\n\t-moz-box-sizing: border-box;\n\tbox-sizing: border-box;\n}\n\n#uc_uc_material_bullets_elementor_96a4608 .uc-bullet-active{\n}\n\n\n#uc_uc_material_bullets_elementor_96a4608 .ue-icon\n{\n  display:flex;\n  align-items:center;\n  justify-content:center;\n  flex-grow:0;\n  flex-shrink:0;\n  line-height:1em;\n  transition:0.3s;\n}\n\n#uc_uc_material_bullets_elementor_96a4608 .ue-icon svg\n{\n  height:1em;\n  width:1em;\n}\n\n\n#uc_uc_material_bullets_elementor_96a4608 .uc_material_bullets_row\n{\n\tfont-weight:400;\n\toverflow:hidden;\n\tdisplay:flex;\n\tposition:relative;\n\ttext-align:left;\n\twidth:100%;\n   \n    transition:0.3s;\n}\n\n\n#uc_uc_material_bullets_elementor_96a4608 .uc_material_bullets_row a.ue-item-link\n{\n  position:absolute;\n  display:block;\n  top:0;\n  right:0;\n  left:0;\n  bottom:0;\n}\n\n#uc_uc_material_bullets_elementor_96a4608 .uc_material_bullets_row:last-child\n{\n\tmargin-bottom:0px !important;\n}\n\n\n#uc_uc_material_bullets_elementor_96a4608 .uc_material_bullets_row \n{\n\tposition:relative;\n\tvertical-align:middle;\n}\n\n#uc_uc_material_bullets_elementor_96a4608 .uc_material_bullets_row .uc_content_box\n{\n\tdisplay:flex;\n    flex-direction:column;\n    justify-content:center;\n    align-items: flex-start;\n    flex-grow:1;\n}\n\n#uc_uc_material_bullets_elementor_96a4608 .ue-bullets\n{\n  display:grid;\n}\n\n#uc_uc_material_bullets_elementor_96a4608 .ue-text, #uc_uc_material_bullets_elementor_96a4608 .ue-title, #uc_uc_material_bullets_elementor_96a4608 .ue-seperator\n{\n  width:100%;\n}\n\n#uc_uc_material_bullets_elementor_96a4608 .ue-seperator-line\n{\n  display:inline-block;\n  font-size:0px;\n}\n\n#uc_uc_material_bullets_elementor_96a4608 .ue-seperator\n{\n  font-size:0px;\n}\n\n#uc_uc_material_bullets_elementor_96a4608.uc-remote-parent .uc_material_bullets_row\n{\n  cursor:pointer;\n}\n\n.ue-title\n{\n  font-size:21px;\n}\n\n<\/style>\n\n<div class=\"uc_material_bullets \"  id=\"uc_uc_material_bullets_elementor_96a4608\" >   \t\n    \t<div class=\"ue-bullets\">\n          \t<div class=\"uc_material_bullets_row elementor-repeater-item-4f2ba76\">\n              <div class=\"ue-icon\">\n                    <i class='fal fa-cloud-upload'><\/i>                    \t\n\n                \n              <\/div>\n  <div class=\"uc_content_box uc_ceal\">\n    <div class=\"ue-title\"><\/div>\n    \n    \t\n    \n    <div class=\"ue-text\"><ul>\n<li>Automatische Datenauswertung mit der mapl e-Plattform (LRS-Messsystem & mapl-e sind f\u00fcr den gemeinsamen Betrieb ausgelegt)<\/li>\n<li>Mit jeder Messfahrt wachsender Datenpool<\/li>\n<\/ul><\/div>\t\n  <\/div>\n    \t\n<\/div>\n<div class=\"uc_material_bullets_row elementor-repeater-item-ffe1917\">\n              <div class=\"ue-icon\">\n                    <i class='fal fa-chart-network'><\/i>                    \t\n\n                \n              <\/div>\n  <div class=\"uc_content_box uc_ceal\">\n    <div class=\"ue-title\"><\/div>\n    \n    \t\n    \n    <div class=\"ue-text\"><ul>\n<li>Algorithmus-basierte Vorverarbeitung der Messungen<\/li>\n<li>Klare Ergebnisse, einfach zu verstehen<\/li>\n<li>Unabh\u00e4ngige Bewertung der Daten durch den Benutzer<\/li>\n<li>Unterschiedliche Detailtiefe<\/li>\n<\/ul><\/div>\t\n  <\/div>\n    \t\n<\/div>\n<div class=\"uc_material_bullets_row elementor-repeater-item-e1b50e8\">\n              <div class=\"ue-icon\">\n                    <i class='fal fa-mobile-android'><\/i>                    \t\n\n                \n              <\/div>\n  <div class=\"uc_content_box uc_ceal\">\n    <div class=\"ue-title\"><\/div>\n    \n    \t\n    \n    <div class=\"ue-text\"><ul>\n<li>Einfacher Zugriff auf mapl-e \u00fcber Browser von jedem Endger\u00e4t aus<\/li>\n<li>Gesicherte & zentralisierte Datenbank<\/li>\n<li>Benutzerfreundliche Navigation & Konfiguration<\/li>\n<li>Intuitive Visualisierung des Schienenzustands in Ampelfarben<\/li>\n<\/ul><\/div>\t\n  <\/div>\n    \t\n<\/div>\n\n      <\/div>\n<\/div>\n\n<!--end of icon bullets -->\n<!-- end Icon Bullets -->\t\t\t\t<\/div>\n\t\t\t\t<\/div>\n\t\t\t\t<div class=\"elementor-element elementor-element-54f47a2 elementor-widget elementor-widget-image\" data-id=\"54f47a2\" data-element_type=\"widget\" data-widget_type=\"image.default\">\n\t\t\t\t<div class=\"elementor-widget-container\">\n\t\t\t\t\t\t\t\t\t\t\t\t\t\t\t<img fetchpriority=\"high\" decoding=\"async\" width=\"727\" height=\"731\" src=\"https:\/\/vossloh-topic-lounge.com\/wp-content\/uploads\/2022\/09\/Kapitel-3_schaerfer.png\" class=\"attachment-full size-full wp-image-10590\" alt=\"\" srcset=\"https:\/\/vossloh-topic-lounge.com\/wp-content\/uploads\/2022\/09\/Kapitel-3_schaerfer.png 727w, https:\/\/vossloh-topic-lounge.com\/wp-content\/uploads\/2022\/09\/Kapitel-3_schaerfer-298x300.png 298w, https:\/\/vossloh-topic-lounge.com\/wp-content\/uploads\/2022\/09\/Kapitel-3_schaerfer-150x150.png 150w\" sizes=\"(max-width: 727px) 100vw, 727px\" \/>\t\t\t\t\t\t\t\t\t\t\t\t\t\t\t<\/div>\n\t\t\t\t<\/div>\n\t\t\t\t\t<\/div>\n\t\t<\/div>\n\t\t\t\t\t<\/div>\n\t\t<\/section>\n\t\t\t\t<section class=\"elementor-section elementor-top-section elementor-element elementor-element-07cc069 elementor-section-boxed elementor-section-height-default elementor-section-height-default\" data-id=\"07cc069\" data-element_type=\"section\" data-settings=\"{&quot;sticky&quot;:&quot;bottom&quot;,&quot;sticky_on&quot;:[&quot;desktop&quot;,&quot;tablet&quot;,&quot;mobile&quot;],&quot;sticky_offset&quot;:0,&quot;sticky_effects_offset&quot;:0,&quot;sticky_anchor_link_offset&quot;:0}\">\n\t\t\t\t\t\t<div class=\"elementor-container elementor-column-gap-default\">\n\t\t\t\t\t<div class=\"elementor-column elementor-col-50 elementor-top-column elementor-element elementor-element-a74a052\" data-id=\"a74a052\" data-element_type=\"column\">\n\t\t\t<div class=\"elementor-widget-wrap elementor-element-populated\">\n\t\t\t\t\t\t<div class=\"elementor-element elementor-element-2278e9d elementor-mobile-align-justify elementor-widget elementor-widget-button\" data-id=\"2278e9d\" data-element_type=\"widget\" data-widget_type=\"button.default\">\n\t\t\t\t<div class=\"elementor-widget-container\">\n\t\t\t\t\t\t\t\t\t<div class=\"elementor-button-wrapper\">\n\t\t\t\t\t<a class=\"elementor-button elementor-button-link elementor-size-sm\" href=\"https:\/\/vossloh-topic-lounge.com\/hsg-city-smart\/topic-02\/automatischer-daten-upload-auf-die-mapl-e-plattform\/\">\n\t\t\t\t\t\t<span class=\"elementor-button-content-wrapper\">\n\t\t\t\t\t\t<span class=\"elementor-button-icon\">\n\t\t\t\t<i aria-hidden=\"true\" class=\"fal fa-backward\"><\/i>\t\t\t<\/span>\n\t\t\t\t\t\t\t\t\t<span class=\"elementor-button-text\">Thema 2<\/span>\n\t\t\t\t\t<\/span>\n\t\t\t\t\t<\/a>\n\t\t\t\t<\/div>\n\t\t\t\t\t\t\t\t<\/div>\n\t\t\t\t<\/div>\n\t\t\t\t\t<\/div>\n\t\t<\/div>\n\t\t\t\t<div class=\"elementor-column elementor-col-50 elementor-top-column elementor-element elementor-element-3374641\" data-id=\"3374641\" data-element_type=\"column\">\n\t\t\t<div class=\"elementor-widget-wrap elementor-element-populated\">\n\t\t\t\t\t\t<div class=\"elementor-element elementor-element-24eb2c3 elementor-mobile-align-justify elementor-widget elementor-widget-button\" data-id=\"24eb2c3\" data-element_type=\"widget\" data-widget_type=\"button.default\">\n\t\t\t\t<div class=\"elementor-widget-container\">\n\t\t\t\t\t\t\t\t\t<div class=\"elementor-button-wrapper\">\n\t\t\t\t\t<a class=\"elementor-button elementor-button-link elementor-size-sm\" href=\"https:\/\/vossloh-topic-lounge.com\/hsg-city-smart\/topic-04\/mapl-e-sofortige-verfuegbarkeit-der-daten-und-vollstaendiger-ueberblick\/\">\n\t\t\t\t\t\t<span class=\"elementor-button-content-wrapper\">\n\t\t\t\t\t\t<span class=\"elementor-button-icon\">\n\t\t\t\t<i aria-hidden=\"true\" class=\"fal fa-forward\"><\/i>\t\t\t<\/span>\n\t\t\t\t\t\t\t\t\t<span class=\"elementor-button-text\">Thema 4<\/span>\n\t\t\t\t\t<\/span>\n\t\t\t\t\t<\/a>\n\t\t\t\t<\/div>\n\t\t\t\t\t\t\t\t<\/div>\n\t\t\t\t<\/div>\n\t\t\t\t\t<\/div>\n\t\t<\/div>\n\t\t\t\t\t<\/div>\n\t\t<\/section>\n\t\t\t\t<\/div>\n\t\t","protected":false},"excerpt":{"rendered":"<p>Algorithmen-basierte Datenverarbeitung in Echtzeit Datenanalyse \u2013 Datenvisualisierung \u2013 Datenzugriff Die Messungen werden zusammengef\u00fchrt\u00a0und in Verbindung zueinander gesetzt. Dank unserer Expertise aus Jahrzenten im Gleis, k\u00f6nnen wir die Komplexit\u00e4t hinsichtlich Datenmengen und ihrer Aussagekraft zusammenh\u00e4ngend interpretieren und so einfach wie m\u00f6glich visualisieren. Automatische Datenauswertung mit der mapl e-Plattform (LRS-Messsystem &#038; mapl-e sind f\u00fcr den gemeinsamen Betrieb [&hellip;]<\/p>\n","protected":false},"author":2,"featured_media":0,"parent":10358,"menu_order":0,"comment_status":"closed","ping_status":"closed","template":"elementor_theme","meta":{"_acf_changed":false,"footnotes":""},"class_list":["post-10369","page","type-page","status-publish","hentry"],"acf":[],"yoast_head":"<!-- This site is optimized with the Yoast SEO plugin v25.8 - https:\/\/yoast.com\/wordpress\/plugins\/seo\/ -->\n<title>Algorithmen-basierte Datenverarbeitung in Echtzeit | Vossloh Topic Lounge<\/title>\n<meta name=\"robots\" content=\"index, follow, max-snippet:-1, max-image-preview:large, max-video-preview:-1\" \/>\n<link rel=\"canonical\" href=\"https:\/\/vossloh-topic-lounge.com\/hsg-city-smart\/topic-03\/algorithmen-basierte-datenverarbeitung-in-echtzeit\/\" \/>\n<meta property=\"og:locale\" content=\"de_DE\" \/>\n<meta property=\"og:type\" content=\"article\" \/>\n<meta property=\"og:title\" content=\"Algorithmen-basierte Datenverarbeitung in Echtzeit | Vossloh Topic Lounge\" \/>\n<meta property=\"og:description\" content=\"Algorithmen-basierte Datenverarbeitung in Echtzeit Datenanalyse \u2013 Datenvisualisierung \u2013 Datenzugriff Die Messungen werden zusammengef\u00fchrt\u00a0und in Verbindung zueinander gesetzt. Dank unserer Expertise aus Jahrzenten im Gleis, k\u00f6nnen wir die Komplexit\u00e4t hinsichtlich Datenmengen und ihrer Aussagekraft zusammenh\u00e4ngend interpretieren und so einfach wie m\u00f6glich visualisieren. Automatische Datenauswertung mit der mapl e-Plattform (LRS-Messsystem &#038; mapl-e sind f\u00fcr den gemeinsamen Betrieb [&hellip;]\" \/>\n<meta property=\"og:url\" content=\"https:\/\/vossloh-topic-lounge.com\/hsg-city-smart\/topic-03\/algorithmen-basierte-datenverarbeitung-in-echtzeit\/\" \/>\n<meta property=\"og:site_name\" content=\"Vossloh Topic Lounge\" \/>\n<meta property=\"article:modified_time\" content=\"2024-02-27T13:35:36+00:00\" \/>\n<meta property=\"og:image\" content=\"https:\/\/vossloh-topic-lounge.com\/wp-content\/uploads\/2022\/09\/Kapitel-3_schaerfer.png\" \/>\n<meta name=\"twitter:card\" content=\"summary_large_image\" \/>\n<meta name=\"twitter:label1\" content=\"Gesch\u00e4tzte Lesezeit\" \/>\n\t<meta name=\"twitter:data1\" content=\"1\u00a0Minute\" \/>\n<script type=\"application\/ld+json\" class=\"yoast-schema-graph\">{\"@context\":\"https:\/\/schema.org\",\"@graph\":[{\"@type\":\"WebPage\",\"@id\":\"https:\/\/vossloh-topic-lounge.com\/hsg-city-smart\/topic-03\/algorithmen-basierte-datenverarbeitung-in-echtzeit\/\",\"url\":\"https:\/\/vossloh-topic-lounge.com\/hsg-city-smart\/topic-03\/algorithmen-basierte-datenverarbeitung-in-echtzeit\/\",\"name\":\"Algorithmen-basierte Datenverarbeitung in Echtzeit | Vossloh Topic Lounge\",\"isPartOf\":{\"@id\":\"https:\/\/vossloh-topic-lounge.com\/#website\"},\"primaryImageOfPage\":{\"@id\":\"https:\/\/vossloh-topic-lounge.com\/hsg-city-smart\/topic-03\/algorithmen-basierte-datenverarbeitung-in-echtzeit\/#primaryimage\"},\"image\":{\"@id\":\"https:\/\/vossloh-topic-lounge.com\/hsg-city-smart\/topic-03\/algorithmen-basierte-datenverarbeitung-in-echtzeit\/#primaryimage\"},\"thumbnailUrl\":\"https:\/\/vossloh-topic-lounge.com\/wp-content\/uploads\/2022\/09\/Kapitel-3_schaerfer.png\",\"datePublished\":\"2022-09-09T19:39:44+00:00\",\"dateModified\":\"2024-02-27T13:35:36+00:00\",\"breadcrumb\":{\"@id\":\"https:\/\/vossloh-topic-lounge.com\/hsg-city-smart\/topic-03\/algorithmen-basierte-datenverarbeitung-in-echtzeit\/#breadcrumb\"},\"inLanguage\":\"de\",\"potentialAction\":[{\"@type\":\"ReadAction\",\"target\":[\"https:\/\/vossloh-topic-lounge.com\/hsg-city-smart\/topic-03\/algorithmen-basierte-datenverarbeitung-in-echtzeit\/\"]}]},{\"@type\":\"ImageObject\",\"inLanguage\":\"de\",\"@id\":\"https:\/\/vossloh-topic-lounge.com\/hsg-city-smart\/topic-03\/algorithmen-basierte-datenverarbeitung-in-echtzeit\/#primaryimage\",\"url\":\"https:\/\/vossloh-topic-lounge.com\/wp-content\/uploads\/2022\/09\/Kapitel-3_schaerfer.png\",\"contentUrl\":\"https:\/\/vossloh-topic-lounge.com\/wp-content\/uploads\/2022\/09\/Kapitel-3_schaerfer.png\"},{\"@type\":\"BreadcrumbList\",\"@id\":\"https:\/\/vossloh-topic-lounge.com\/hsg-city-smart\/topic-03\/algorithmen-basierte-datenverarbeitung-in-echtzeit\/#breadcrumb\",\"itemListElement\":[{\"@type\":\"ListItem\",\"position\":1,\"name\":\"Startseite\",\"item\":\"https:\/\/vossloh-topic-lounge.com\/\"},{\"@type\":\"ListItem\",\"position\":2,\"name\":\"HSG-city smart\",\"item\":\"https:\/\/vossloh-topic-lounge.com\/hsg-city-smart\/\"},{\"@type\":\"ListItem\",\"position\":3,\"name\":\"Thema 3 &#8211; Auswahl\",\"item\":\"https:\/\/vossloh-topic-lounge.com\/hsg-city-smart\/topic-03\/\"},{\"@type\":\"ListItem\",\"position\":4,\"name\":\"Algorithmen-basierte Datenverarbeitung in Echtzeit\"}]},{\"@type\":\"WebSite\",\"@id\":\"https:\/\/vossloh-topic-lounge.com\/#website\",\"url\":\"https:\/\/vossloh-topic-lounge.com\/\",\"name\":\"Vossloh Topic Lounge\",\"description\":\"\",\"publisher\":{\"@id\":\"https:\/\/vossloh-topic-lounge.com\/#organization\"},\"potentialAction\":[{\"@type\":\"SearchAction\",\"target\":{\"@type\":\"EntryPoint\",\"urlTemplate\":\"https:\/\/vossloh-topic-lounge.com\/?s={search_term_string}\"},\"query-input\":{\"@type\":\"PropertyValueSpecification\",\"valueRequired\":true,\"valueName\":\"search_term_string\"}}],\"inLanguage\":\"de\"},{\"@type\":\"Organization\",\"@id\":\"https:\/\/vossloh-topic-lounge.com\/#organization\",\"name\":\"VOSSLOH AG\",\"url\":\"https:\/\/vossloh-topic-lounge.com\/\",\"logo\":{\"@type\":\"ImageObject\",\"inLanguage\":\"de\",\"@id\":\"https:\/\/vossloh-topic-lounge.com\/#\/schema\/logo\/image\/\",\"url\":\"https:\/\/vossloh-topic-lounge.com\/wp-content\/uploads\/2022\/04\/Vossloh-Logo-enabling-green-mobility-RGB.png\",\"contentUrl\":\"https:\/\/vossloh-topic-lounge.com\/wp-content\/uploads\/2022\/04\/Vossloh-Logo-enabling-green-mobility-RGB.png\",\"width\":2560,\"height\":788,\"caption\":\"VOSSLOH AG\"},\"image\":{\"@id\":\"https:\/\/vossloh-topic-lounge.com\/#\/schema\/logo\/image\/\"}}]}<\/script>\n<!-- \/ Yoast SEO plugin. -->","yoast_head_json":{"title":"Algorithmen-basierte Datenverarbeitung in Echtzeit | Vossloh Topic Lounge","robots":{"index":"index","follow":"follow","max-snippet":"max-snippet:-1","max-image-preview":"max-image-preview:large","max-video-preview":"max-video-preview:-1"},"canonical":"https:\/\/vossloh-topic-lounge.com\/hsg-city-smart\/topic-03\/algorithmen-basierte-datenverarbeitung-in-echtzeit\/","og_locale":"de_DE","og_type":"article","og_title":"Algorithmen-basierte Datenverarbeitung in Echtzeit | Vossloh Topic Lounge","og_description":"Algorithmen-basierte Datenverarbeitung in Echtzeit Datenanalyse \u2013 Datenvisualisierung \u2013 Datenzugriff Die Messungen werden zusammengef\u00fchrt\u00a0und in Verbindung zueinander gesetzt. Dank unserer Expertise aus Jahrzenten im Gleis, k\u00f6nnen wir die Komplexit\u00e4t hinsichtlich Datenmengen und ihrer Aussagekraft zusammenh\u00e4ngend interpretieren und so einfach wie m\u00f6glich visualisieren. Automatische Datenauswertung mit der mapl e-Plattform (LRS-Messsystem &#038; mapl-e sind f\u00fcr den gemeinsamen Betrieb [&hellip;]","og_url":"https:\/\/vossloh-topic-lounge.com\/hsg-city-smart\/topic-03\/algorithmen-basierte-datenverarbeitung-in-echtzeit\/","og_site_name":"Vossloh Topic Lounge","article_modified_time":"2024-02-27T13:35:36+00:00","og_image":[{"url":"https:\/\/vossloh-topic-lounge.com\/wp-content\/uploads\/2022\/09\/Kapitel-3_schaerfer.png","type":"","width":"","height":""}],"twitter_card":"summary_large_image","twitter_misc":{"Gesch\u00e4tzte Lesezeit":"1\u00a0Minute"},"schema":{"@context":"https:\/\/schema.org","@graph":[{"@type":"WebPage","@id":"https:\/\/vossloh-topic-lounge.com\/hsg-city-smart\/topic-03\/algorithmen-basierte-datenverarbeitung-in-echtzeit\/","url":"https:\/\/vossloh-topic-lounge.com\/hsg-city-smart\/topic-03\/algorithmen-basierte-datenverarbeitung-in-echtzeit\/","name":"Algorithmen-basierte Datenverarbeitung in Echtzeit | Vossloh Topic Lounge","isPartOf":{"@id":"https:\/\/vossloh-topic-lounge.com\/#website"},"primaryImageOfPage":{"@id":"https:\/\/vossloh-topic-lounge.com\/hsg-city-smart\/topic-03\/algorithmen-basierte-datenverarbeitung-in-echtzeit\/#primaryimage"},"image":{"@id":"https:\/\/vossloh-topic-lounge.com\/hsg-city-smart\/topic-03\/algorithmen-basierte-datenverarbeitung-in-echtzeit\/#primaryimage"},"thumbnailUrl":"https:\/\/vossloh-topic-lounge.com\/wp-content\/uploads\/2022\/09\/Kapitel-3_schaerfer.png","datePublished":"2022-09-09T19:39:44+00:00","dateModified":"2024-02-27T13:35:36+00:00","breadcrumb":{"@id":"https:\/\/vossloh-topic-lounge.com\/hsg-city-smart\/topic-03\/algorithmen-basierte-datenverarbeitung-in-echtzeit\/#breadcrumb"},"inLanguage":"de","potentialAction":[{"@type":"ReadAction","target":["https:\/\/vossloh-topic-lounge.com\/hsg-city-smart\/topic-03\/algorithmen-basierte-datenverarbeitung-in-echtzeit\/"]}]},{"@type":"ImageObject","inLanguage":"de","@id":"https:\/\/vossloh-topic-lounge.com\/hsg-city-smart\/topic-03\/algorithmen-basierte-datenverarbeitung-in-echtzeit\/#primaryimage","url":"https:\/\/vossloh-topic-lounge.com\/wp-content\/uploads\/2022\/09\/Kapitel-3_schaerfer.png","contentUrl":"https:\/\/vossloh-topic-lounge.com\/wp-content\/uploads\/2022\/09\/Kapitel-3_schaerfer.png"},{"@type":"BreadcrumbList","@id":"https:\/\/vossloh-topic-lounge.com\/hsg-city-smart\/topic-03\/algorithmen-basierte-datenverarbeitung-in-echtzeit\/#breadcrumb","itemListElement":[{"@type":"ListItem","position":1,"name":"Startseite","item":"https:\/\/vossloh-topic-lounge.com\/"},{"@type":"ListItem","position":2,"name":"HSG-city smart","item":"https:\/\/vossloh-topic-lounge.com\/hsg-city-smart\/"},{"@type":"ListItem","position":3,"name":"Thema 3 &#8211; Auswahl","item":"https:\/\/vossloh-topic-lounge.com\/hsg-city-smart\/topic-03\/"},{"@type":"ListItem","position":4,"name":"Algorithmen-basierte Datenverarbeitung in Echtzeit"}]},{"@type":"WebSite","@id":"https:\/\/vossloh-topic-lounge.com\/#website","url":"https:\/\/vossloh-topic-lounge.com\/","name":"Vossloh Topic Lounge","description":"","publisher":{"@id":"https:\/\/vossloh-topic-lounge.com\/#organization"},"potentialAction":[{"@type":"SearchAction","target":{"@type":"EntryPoint","urlTemplate":"https:\/\/vossloh-topic-lounge.com\/?s={search_term_string}"},"query-input":{"@type":"PropertyValueSpecification","valueRequired":true,"valueName":"search_term_string"}}],"inLanguage":"de"},{"@type":"Organization","@id":"https:\/\/vossloh-topic-lounge.com\/#organization","name":"VOSSLOH AG","url":"https:\/\/vossloh-topic-lounge.com\/","logo":{"@type":"ImageObject","inLanguage":"de","@id":"https:\/\/vossloh-topic-lounge.com\/#\/schema\/logo\/image\/","url":"https:\/\/vossloh-topic-lounge.com\/wp-content\/uploads\/2022\/04\/Vossloh-Logo-enabling-green-mobility-RGB.png","contentUrl":"https:\/\/vossloh-topic-lounge.com\/wp-content\/uploads\/2022\/04\/Vossloh-Logo-enabling-green-mobility-RGB.png","width":2560,"height":788,"caption":"VOSSLOH AG"},"image":{"@id":"https:\/\/vossloh-topic-lounge.com\/#\/schema\/logo\/image\/"}}]}},"_links":{"self":[{"href":"https:\/\/vossloh-topic-lounge.com\/de\/wp-json\/wp\/v2\/pages\/10369","targetHints":{"allow":["GET"]}}],"collection":[{"href":"https:\/\/vossloh-topic-lounge.com\/de\/wp-json\/wp\/v2\/pages"}],"about":[{"href":"https:\/\/vossloh-topic-lounge.com\/de\/wp-json\/wp\/v2\/types\/page"}],"author":[{"embeddable":true,"href":"https:\/\/vossloh-topic-lounge.com\/de\/wp-json\/wp\/v2\/users\/2"}],"replies":[{"embeddable":true,"href":"https:\/\/vossloh-topic-lounge.com\/de\/wp-json\/wp\/v2\/comments?post=10369"}],"version-history":[{"count":5,"href":"https:\/\/vossloh-topic-lounge.com\/de\/wp-json\/wp\/v2\/pages\/10369\/revisions"}],"predecessor-version":[{"id":15043,"href":"https:\/\/vossloh-topic-lounge.com\/de\/wp-json\/wp\/v2\/pages\/10369\/revisions\/15043"}],"up":[{"embeddable":true,"href":"https:\/\/vossloh-topic-lounge.com\/de\/wp-json\/wp\/v2\/pages\/10358"}],"wp:attachment":[{"href":"https:\/\/vossloh-topic-lounge.com\/de\/wp-json\/wp\/v2\/media?parent=10369"}],"curies":[{"name":"wp","href":"https:\/\/api.w.org\/{rel}","templated":true}]}}