{"id":10395,"date":"2022-09-09T19:52:35","date_gmt":"2022-09-09T19:52:35","guid":{"rendered":"https:\/\/vossloh-topic-lounge.com\/?page_id=10395"},"modified":"2024-02-27T13:35:55","modified_gmt":"2024-02-27T13:35:55","slug":"mapl-e-sofortige-verfuegbarkeit-der-daten-und-vollstaendiger-ueberblick","status":"publish","type":"page","link":"https:\/\/vossloh-topic-lounge.com\/de\/hsg-city-smart\/topic-04\/mapl-e-sofortige-verfuegbarkeit-der-daten-und-vollstaendiger-ueberblick\/","title":{"rendered":"mapl-e: Sofortige Verf\u00fcgbarkeit der Daten und vollst\u00e4ndiger \u00dcberblick"},"content":{"rendered":"\t\t<div data-elementor-type=\"wp-page\" data-elementor-id=\"10395\" class=\"elementor elementor-10395\" data-elementor-post-type=\"page\">\n\t\t\t\t\t\t<section class=\"elementor-section elementor-top-section elementor-element elementor-element-f2b7606 elementor-section-height-min-height single-page-max-width elementor-section-boxed elementor-section-height-default elementor-section-items-middle\" data-id=\"f2b7606\" data-element_type=\"section\" data-settings=\"{&quot;background_background&quot;:&quot;classic&quot;}\">\n\t\t\t\t\t\t\t<div class=\"elementor-background-overlay\"><\/div>\n\t\t\t\t\t\t\t<div class=\"elementor-container elementor-column-gap-default\">\n\t\t\t\t\t<div class=\"elementor-column elementor-col-100 elementor-top-column elementor-element elementor-element-a618f49\" data-id=\"a618f49\" data-element_type=\"column\">\n\t\t\t<div class=\"elementor-widget-wrap elementor-element-populated\">\n\t\t\t\t\t\t<div class=\"elementor-element elementor-element-74a4884 elementor-widget elementor-widget-heading\" data-id=\"74a4884\" data-element_type=\"widget\" data-widget_type=\"heading.default\">\n\t\t\t\t<div class=\"elementor-widget-container\">\n\t\t\t\t\t<h2 class=\"elementor-heading-title elementor-size-default\">Instandhaltungsplanung leicht gemacht\n<\/h2>\t\t\t\t<\/div>\n\t\t\t\t<\/div>\n\t\t\t\t<div class=\"elementor-element elementor-element-1944739 elementor-widget elementor-widget-spacer\" data-id=\"1944739\" data-element_type=\"widget\" data-widget_type=\"spacer.default\">\n\t\t\t\t<div class=\"elementor-widget-container\">\n\t\t\t\t\t\t\t<div class=\"elementor-spacer\">\n\t\t\t<div class=\"elementor-spacer-inner\"><\/div>\n\t\t<\/div>\n\t\t\t\t\t\t<\/div>\n\t\t\t\t<\/div>\n\t\t\t\t<div class=\"elementor-element elementor-element-9b73dbe elementor-view-default elementor-widget elementor-widget-icon\" data-id=\"9b73dbe\" data-element_type=\"widget\" data-widget_type=\"icon.default\">\n\t\t\t\t<div class=\"elementor-widget-container\">\n\t\t\t\t\t\t\t<div class=\"elementor-icon-wrapper\">\n\t\t\t<a class=\"elementor-icon\" href=\"#content\">\n\t\t\t<i aria-hidden=\"true\" class=\"fal fa-chevron-double-down\"><\/i>\t\t\t<\/a>\n\t\t<\/div>\n\t\t\t\t\t\t<\/div>\n\t\t\t\t<\/div>\n\t\t\t\t\t<\/div>\n\t\t<\/div>\n\t\t\t\t\t<\/div>\n\t\t<\/section>\n\t\t\t\t<section class=\"elementor-section elementor-top-section elementor-element elementor-element-cc11e4e elementor-section-boxed elementor-section-height-default elementor-section-height-default\" data-id=\"cc11e4e\" data-element_type=\"section\" id=\"content\">\n\t\t\t\t\t\t<div class=\"elementor-container elementor-column-gap-default\">\n\t\t\t\t\t<div class=\"elementor-column elementor-col-100 elementor-top-column elementor-element elementor-element-8edd1ea\" data-id=\"8edd1ea\" data-element_type=\"column\">\n\t\t\t<div class=\"elementor-widget-wrap elementor-element-populated\">\n\t\t\t\t\t\t<div class=\"elementor-element elementor-element-7f5bf12 elementor-widget elementor-widget-heading\" data-id=\"7f5bf12\" data-element_type=\"widget\" data-widget_type=\"heading.default\">\n\t\t\t\t<div class=\"elementor-widget-container\">\n\t\t\t\t\t<h2 class=\"elementor-heading-title elementor-size-default\">mapl-e: Sofortige Verf\u00fcgbarkeit der Daten und vollst\u00e4ndiger \u00dcberblick <\/h2>\t\t\t\t<\/div>\n\t\t\t\t<\/div>\n\t\t\t\t<section class=\"elementor-section elementor-inner-section elementor-element elementor-element-4640567 elementor-section-boxed elementor-section-height-default elementor-section-height-default\" data-id=\"4640567\" data-element_type=\"section\">\n\t\t\t\t\t\t<div class=\"elementor-container elementor-column-gap-default\">\n\t\t\t\t\t<div class=\"elementor-column elementor-col-50 elementor-inner-column elementor-element elementor-element-0a9d10c\" data-id=\"0a9d10c\" data-element_type=\"column\">\n\t\t\t<div class=\"elementor-widget-wrap elementor-element-populated\">\n\t\t\t\t\t\t<div class=\"elementor-element elementor-element-add8317 vossloh-bullet elementor-widget elementor-widget-text-editor\" data-id=\"add8317\" data-element_type=\"widget\" data-widget_type=\"text-editor.default\">\n\t\t\t\t<div class=\"elementor-widget-container\">\n\t\t\t\t\t\t\t\t\t<ul><li>Mit mapl-e <b>vereinfachen <\/b>wir<b> s\u00e4mtliche Planungs- und Steuerungsprozesse <\/b>f\u00fcr Anlagenverantwortliche.<\/li><li>Die <b>anschauliche Darstellung &amp; kinderleichte Bedienung <\/b>erm\u00f6glicht einen Blick auf die <b>aufbereiteten Daten oder eine Bewertung des Gleiszustands in Ampelfarben <\/b>(gut\/schlecht\/kritisch).<\/li><li>Das <b>individuelle Wissen des Kunden, Betriebs- sowie Netzparameter &amp; Instandhaltungspr\u00e4ferenzen <\/b>k\u00f6nnen in mapl-e hinterlegt werden.<\/li><li>mapl-e unterteilt die gemessene Strecke in verschiedene Bearbeitungsabschnitte \u2013 je nach Fehlertyp und -tiefe.<\/li><li>Anlagenmanager k\u00f6nnen <b>wichtige Einflussgr\u00f6\u00dfen bzw. eigene Schwellenwerte jederzeit schnell und einfach ver\u00e4ndern <\/b>und deren Auswirkungen auf Schichtleistung und Kosten spielerisch ausprobieren.<\/li><\/ul>\t\t\t\t\t\t\t\t<\/div>\n\t\t\t\t<\/div>\n\t\t\t\t\t<\/div>\n\t\t<\/div>\n\t\t\t\t<div class=\"elementor-column elementor-col-50 elementor-inner-column elementor-element elementor-element-c01aaf8\" data-id=\"c01aaf8\" data-element_type=\"column\">\n\t\t\t<div class=\"elementor-widget-wrap elementor-element-populated\">\n\t\t\t\t\t\t<div class=\"elementor-element elementor-element-4b437ee elementor-arrows-position-inside elementor-widget elementor-widget-image-carousel\" data-id=\"4b437ee\" data-element_type=\"widget\" data-settings=\"{&quot;navigation&quot;:&quot;arrows&quot;,&quot;autoplay&quot;:&quot;no&quot;,&quot;slides_to_show&quot;:&quot;1&quot;,&quot;infinite&quot;:&quot;yes&quot;,&quot;effect&quot;:&quot;slide&quot;,&quot;speed&quot;:500}\" data-widget_type=\"image-carousel.default\">\n\t\t\t\t<div class=\"elementor-widget-container\">\n\t\t\t\t\t\t\t<div class=\"elementor-image-carousel-wrapper swiper\" role=\"region\" aria-roledescription=\"carousel\" aria-label=\"Bild Karussell\" dir=\"ltr\">\n\t\t\t<div class=\"elementor-image-carousel swiper-wrapper\" aria-live=\"polite\">\n\t\t\t\t\t\t\t\t<div class=\"swiper-slide\" role=\"group\" aria-roledescription=\"slide\" aria-label=\"1 von 3\"><a data-elementor-open-lightbox=\"yes\" data-elementor-lightbox-slideshow=\"4b437ee\" data-e-action-hash=\"#elementor-action%3Aaction%3Dlightbox%26settings%3DeyJpZCI6MTE3NDksInVybCI6Imh0dHBzOlwvXC92b3NzbG9oLXRvcGljLWxvdW5nZS5jb21cL3dwLWNvbnRlbnRcL3VwbG9hZHNcLzIwMjJcLzA5XC90b2xlcmFuemJhZW5kZXJfbmV1X29obmUuanBnIiwic2xpZGVzaG93IjoiNGI0MzdlZSJ9\" href=\"https:\/\/vossloh-topic-lounge.com\/wp-content\/uploads\/2022\/09\/toleranzbaender_neu_ohne.jpg\"><figure class=\"swiper-slide-inner\"><img decoding=\"async\" class=\"swiper-slide-image\" src=\"https:\/\/vossloh-topic-lounge.com\/wp-content\/uploads\/2022\/09\/toleranzbaender_neu_ohne.jpg\" alt=\"Toleranzb\u00e4nder\" \/><\/figure><\/a><\/div><div class=\"swiper-slide\" role=\"group\" aria-roledescription=\"slide\" aria-label=\"2 von 3\"><a data-elementor-open-lightbox=\"yes\" data-elementor-lightbox-slideshow=\"4b437ee\" data-e-action-hash=\"#elementor-action%3Aaction%3Dlightbox%26settings%3DeyJpZCI6MTE3MzcsInVybCI6Imh0dHBzOlwvXC92b3NzbG9oLXRvcGljLWxvdW5nZS5jb21cL3dwLWNvbnRlbnRcL3VwbG9hZHNcLzIwMjJcLzA5XC9nbGVpc3p1c3RhbmRlX25ldV9vaG5lLnBuZyIsInNsaWRlc2hvdyI6IjRiNDM3ZWUifQ%3D%3D\" href=\"https:\/\/vossloh-topic-lounge.com\/wp-content\/uploads\/2022\/09\/gleiszustande_neu_ohne.png\"><figure class=\"swiper-slide-inner\"><img decoding=\"async\" class=\"swiper-slide-image\" src=\"https:\/\/vossloh-topic-lounge.com\/wp-content\/uploads\/2022\/09\/gleiszustande_neu_ohne.png\" alt=\"Bewertung des Gleiszustands in Ampelfarben\" \/><\/figure><\/a><\/div><div class=\"swiper-slide\" role=\"group\" aria-roledescription=\"slide\" aria-label=\"3 von 3\"><a data-elementor-open-lightbox=\"yes\" data-elementor-lightbox-slideshow=\"4b437ee\" data-e-action-hash=\"#elementor-action%3Aaction%3Dlightbox%26settings%3DeyJpZCI6MTE3MzEsInVybCI6Imh0dHBzOlwvXC92b3NzbG9oLXRvcGljLWxvdW5nZS5jb21cL3dwLWNvbnRlbnRcL3VwbG9hZHNcLzIwMjJcLzA5XC9tZXNzZGF0ZW5fbmV1X29obmUucG5nIiwic2xpZGVzaG93IjoiNGI0MzdlZSJ9\" href=\"https:\/\/vossloh-topic-lounge.com\/wp-content\/uploads\/2022\/09\/messdaten_neu_ohne.png\"><figure class=\"swiper-slide-inner\"><img decoding=\"async\" class=\"swiper-slide-image\" src=\"https:\/\/vossloh-topic-lounge.com\/wp-content\/uploads\/2022\/09\/messdaten_neu_ohne.png\" alt=\"Erhobene Messdaten\" \/><\/figure><\/a><\/div>\t\t\t<\/div>\n\t\t\t\t\t\t\t\t\t\t\t\t<div class=\"elementor-swiper-button elementor-swiper-button-prev\" role=\"button\" tabindex=\"0\">\n\t\t\t\t\t\t<i aria-hidden=\"true\" class=\"eicon-chevron-left\"><\/i>\t\t\t\t\t<\/div>\n\t\t\t\t\t<div class=\"elementor-swiper-button elementor-swiper-button-next\" role=\"button\" tabindex=\"0\">\n\t\t\t\t\t\t<i aria-hidden=\"true\" class=\"eicon-chevron-right\"><\/i>\t\t\t\t\t<\/div>\n\t\t\t\t\n\t\t\t\t\t\t\t\t\t<\/div>\n\t\t\t\t\t\t<\/div>\n\t\t\t\t<\/div>\n\t\t\t\t\t<\/div>\n\t\t<\/div>\n\t\t\t\t\t<\/div>\n\t\t<\/section>\n\t\t\t\t<div class=\"elementor-element elementor-element-1a68fe8 elementor-widget elementor-widget-image\" data-id=\"1a68fe8\" data-element_type=\"widget\" data-widget_type=\"image.default\">\n\t\t\t\t<div class=\"elementor-widget-container\">\n\t\t\t\t\t\t\t\t\t\t\t\t\t\t\t<img decoding=\"async\" width=\"800\" height=\"42\" src=\"https:\/\/vossloh-topic-lounge.com\/wp-content\/uploads\/2022\/09\/mapl-e-1024x54.png\" class=\"attachment-large size-large wp-image-11722\" alt=\"\" srcset=\"https:\/\/vossloh-topic-lounge.com\/wp-content\/uploads\/2022\/09\/mapl-e-1024x54.png 1024w, https:\/\/vossloh-topic-lounge.com\/wp-content\/uploads\/2022\/09\/mapl-e-300x16.png 300w, https:\/\/vossloh-topic-lounge.com\/wp-content\/uploads\/2022\/09\/mapl-e-768x41.png 768w, https:\/\/vossloh-topic-lounge.com\/wp-content\/uploads\/2022\/09\/mapl-e-1536x82.png 1536w, https:\/\/vossloh-topic-lounge.com\/wp-content\/uploads\/2022\/09\/mapl-e-2048x109.png 2048w\" sizes=\"(max-width: 800px) 100vw, 800px\" \/>\t\t\t\t\t\t\t\t\t\t\t\t\t\t\t<\/div>\n\t\t\t\t<\/div>\n\t\t\t\t\t<\/div>\n\t\t<\/div>\n\t\t\t\t\t<\/div>\n\t\t<\/section>\n\t\t\t\t<section class=\"elementor-section elementor-top-section elementor-element elementor-element-07cc069 elementor-section-boxed elementor-section-height-default elementor-section-height-default\" data-id=\"07cc069\" data-element_type=\"section\" data-settings=\"{&quot;sticky&quot;:&quot;bottom&quot;,&quot;sticky_on&quot;:[&quot;desktop&quot;,&quot;tablet&quot;,&quot;mobile&quot;],&quot;sticky_offset&quot;:0,&quot;sticky_effects_offset&quot;:0,&quot;sticky_anchor_link_offset&quot;:0}\">\n\t\t\t\t\t\t<div class=\"elementor-container elementor-column-gap-default\">\n\t\t\t\t\t<div class=\"elementor-column elementor-col-50 elementor-top-column elementor-element elementor-element-a74a052\" data-id=\"a74a052\" data-element_type=\"column\">\n\t\t\t<div class=\"elementor-widget-wrap elementor-element-populated\">\n\t\t\t\t\t\t<div class=\"elementor-element elementor-element-2278e9d elementor-mobile-align-justify elementor-widget elementor-widget-button\" data-id=\"2278e9d\" data-element_type=\"widget\" data-widget_type=\"button.default\">\n\t\t\t\t<div class=\"elementor-widget-container\">\n\t\t\t\t\t\t\t\t\t<div class=\"elementor-button-wrapper\">\n\t\t\t\t\t<a class=\"elementor-button elementor-button-link elementor-size-sm\" href=\"https:\/\/vossloh-topic-lounge.com\/hsg-city-smart\/topic-03\/algorithmen-basierte-datenverarbeitung-in-echtzeit\/\">\n\t\t\t\t\t\t<span class=\"elementor-button-content-wrapper\">\n\t\t\t\t\t\t<span class=\"elementor-button-icon\">\n\t\t\t\t<i aria-hidden=\"true\" class=\"fal fa-backward\"><\/i>\t\t\t<\/span>\n\t\t\t\t\t\t\t\t\t<span class=\"elementor-button-text\">Thema 3<\/span>\n\t\t\t\t\t<\/span>\n\t\t\t\t\t<\/a>\n\t\t\t\t<\/div>\n\t\t\t\t\t\t\t\t<\/div>\n\t\t\t\t<\/div>\n\t\t\t\t\t<\/div>\n\t\t<\/div>\n\t\t\t\t<div class=\"elementor-column elementor-col-50 elementor-top-column elementor-element elementor-element-3374641\" data-id=\"3374641\" data-element_type=\"column\">\n\t\t\t<div class=\"elementor-widget-wrap elementor-element-populated\">\n\t\t\t\t\t\t<div class=\"elementor-element elementor-element-24eb2c3 elementor-mobile-align-justify elementor-widget elementor-widget-button\" data-id=\"24eb2c3\" data-element_type=\"widget\" data-widget_type=\"button.default\">\n\t\t\t\t<div class=\"elementor-widget-container\">\n\t\t\t\t\t\t\t\t\t<div class=\"elementor-button-wrapper\">\n\t\t\t\t\t<a class=\"elementor-button elementor-button-link elementor-size-sm\" href=\"https:\/\/vossloh-topic-lounge.com\/hsg-city-smart\/topic-05\/simulation-von-instandhaltungsszenarien\/\">\n\t\t\t\t\t\t<span class=\"elementor-button-content-wrapper\">\n\t\t\t\t\t\t<span class=\"elementor-button-icon\">\n\t\t\t\t<i aria-hidden=\"true\" class=\"fal fa-forward\"><\/i>\t\t\t<\/span>\n\t\t\t\t\t\t\t\t\t<span class=\"elementor-button-text\">Thema 5<\/span>\n\t\t\t\t\t<\/span>\n\t\t\t\t\t<\/a>\n\t\t\t\t<\/div>\n\t\t\t\t\t\t\t\t<\/div>\n\t\t\t\t<\/div>\n\t\t\t\t\t<\/div>\n\t\t<\/div>\n\t\t\t\t\t<\/div>\n\t\t<\/section>\n\t\t\t\t<\/div>\n\t\t","protected":false},"excerpt":{"rendered":"<p>Instandhaltungsplanung leicht gemacht mapl-e: Sofortige Verf\u00fcgbarkeit der Daten und vollst\u00e4ndiger \u00dcberblick Mit mapl-e vereinfachen wir s\u00e4mtliche Planungs- und Steuerungsprozesse f\u00fcr Anlagenverantwortliche. Die anschauliche Darstellung &amp; kinderleichte Bedienung erm\u00f6glicht einen Blick auf die aufbereiteten Daten oder eine Bewertung des Gleiszustands in Ampelfarben (gut\/schlecht\/kritisch). Das individuelle Wissen des Kunden, Betriebs- sowie Netzparameter &amp; Instandhaltungspr\u00e4ferenzen k\u00f6nnen in mapl-e [&hellip;]<\/p>\n","protected":false},"author":2,"featured_media":0,"parent":10390,"menu_order":0,"comment_status":"closed","ping_status":"closed","template":"elementor_theme","meta":{"_acf_changed":false,"footnotes":""},"class_list":["post-10395","page","type-page","status-publish","hentry"],"acf":[],"yoast_head":"<!-- This site is optimized with the Yoast SEO plugin v25.8 - https:\/\/yoast.com\/wordpress\/plugins\/seo\/ -->\n<title>mapl-e: Sofortige Verf\u00fcgbarkeit der Daten und vollst\u00e4ndiger \u00dcberblick | Vossloh Topic Lounge<\/title>\n<meta name=\"robots\" content=\"index, follow, max-snippet:-1, max-image-preview:large, max-video-preview:-1\" \/>\n<link rel=\"canonical\" href=\"https:\/\/vossloh-topic-lounge.com\/hsg-city-smart\/topic-04\/mapl-e-sofortige-verfuegbarkeit-der-daten-und-vollstaendiger-ueberblick\/\" \/>\n<meta property=\"og:locale\" content=\"de_DE\" \/>\n<meta property=\"og:type\" content=\"article\" \/>\n<meta property=\"og:title\" content=\"mapl-e: Sofortige Verf\u00fcgbarkeit der Daten und vollst\u00e4ndiger \u00dcberblick | Vossloh Topic Lounge\" \/>\n<meta property=\"og:description\" content=\"Instandhaltungsplanung leicht gemacht mapl-e: Sofortige Verf\u00fcgbarkeit der Daten und vollst\u00e4ndiger \u00dcberblick Mit mapl-e vereinfachen wir s\u00e4mtliche Planungs- und Steuerungsprozesse f\u00fcr Anlagenverantwortliche. Die anschauliche Darstellung &amp; kinderleichte Bedienung erm\u00f6glicht einen Blick auf die aufbereiteten Daten oder eine Bewertung des Gleiszustands in Ampelfarben (gut\/schlecht\/kritisch). Das individuelle Wissen des Kunden, Betriebs- sowie Netzparameter &amp; Instandhaltungspr\u00e4ferenzen k\u00f6nnen in mapl-e [&hellip;]\" \/>\n<meta property=\"og:url\" content=\"https:\/\/vossloh-topic-lounge.com\/hsg-city-smart\/topic-04\/mapl-e-sofortige-verfuegbarkeit-der-daten-und-vollstaendiger-ueberblick\/\" \/>\n<meta property=\"og:site_name\" content=\"Vossloh Topic Lounge\" \/>\n<meta property=\"article:modified_time\" content=\"2024-02-27T13:35:55+00:00\" \/>\n<meta property=\"og:image\" content=\"https:\/\/vossloh-topic-lounge.com\/wp-content\/uploads\/2022\/09\/toleranzbaender_neu_ohne.jpg\" \/>\n<meta name=\"twitter:card\" content=\"summary_large_image\" \/>\n<meta name=\"twitter:label1\" content=\"Gesch\u00e4tzte Lesezeit\" \/>\n\t<meta name=\"twitter:data1\" content=\"2\u00a0Minuten\" \/>\n<script type=\"application\/ld+json\" class=\"yoast-schema-graph\">{\"@context\":\"https:\/\/schema.org\",\"@graph\":[{\"@type\":\"WebPage\",\"@id\":\"https:\/\/vossloh-topic-lounge.com\/hsg-city-smart\/topic-04\/mapl-e-sofortige-verfuegbarkeit-der-daten-und-vollstaendiger-ueberblick\/\",\"url\":\"https:\/\/vossloh-topic-lounge.com\/hsg-city-smart\/topic-04\/mapl-e-sofortige-verfuegbarkeit-der-daten-und-vollstaendiger-ueberblick\/\",\"name\":\"mapl-e: Sofortige Verf\u00fcgbarkeit der Daten und vollst\u00e4ndiger \u00dcberblick | Vossloh Topic Lounge\",\"isPartOf\":{\"@id\":\"https:\/\/vossloh-topic-lounge.com\/#website\"},\"primaryImageOfPage\":{\"@id\":\"https:\/\/vossloh-topic-lounge.com\/hsg-city-smart\/topic-04\/mapl-e-sofortige-verfuegbarkeit-der-daten-und-vollstaendiger-ueberblick\/#primaryimage\"},\"image\":{\"@id\":\"https:\/\/vossloh-topic-lounge.com\/hsg-city-smart\/topic-04\/mapl-e-sofortige-verfuegbarkeit-der-daten-und-vollstaendiger-ueberblick\/#primaryimage\"},\"thumbnailUrl\":\"https:\/\/vossloh-topic-lounge.com\/wp-content\/uploads\/2022\/09\/toleranzbaender_neu_ohne.jpg\",\"datePublished\":\"2022-09-09T19:52:35+00:00\",\"dateModified\":\"2024-02-27T13:35:55+00:00\",\"breadcrumb\":{\"@id\":\"https:\/\/vossloh-topic-lounge.com\/hsg-city-smart\/topic-04\/mapl-e-sofortige-verfuegbarkeit-der-daten-und-vollstaendiger-ueberblick\/#breadcrumb\"},\"inLanguage\":\"de\",\"potentialAction\":[{\"@type\":\"ReadAction\",\"target\":[\"https:\/\/vossloh-topic-lounge.com\/hsg-city-smart\/topic-04\/mapl-e-sofortige-verfuegbarkeit-der-daten-und-vollstaendiger-ueberblick\/\"]}]},{\"@type\":\"ImageObject\",\"inLanguage\":\"de\",\"@id\":\"https:\/\/vossloh-topic-lounge.com\/hsg-city-smart\/topic-04\/mapl-e-sofortige-verfuegbarkeit-der-daten-und-vollstaendiger-ueberblick\/#primaryimage\",\"url\":\"https:\/\/vossloh-topic-lounge.com\/wp-content\/uploads\/2022\/09\/toleranzbaender_neu_ohne.jpg\",\"contentUrl\":\"https:\/\/vossloh-topic-lounge.com\/wp-content\/uploads\/2022\/09\/toleranzbaender_neu_ohne.jpg\"},{\"@type\":\"BreadcrumbList\",\"@id\":\"https:\/\/vossloh-topic-lounge.com\/hsg-city-smart\/topic-04\/mapl-e-sofortige-verfuegbarkeit-der-daten-und-vollstaendiger-ueberblick\/#breadcrumb\",\"itemListElement\":[{\"@type\":\"ListItem\",\"position\":1,\"name\":\"Startseite\",\"item\":\"https:\/\/vossloh-topic-lounge.com\/\"},{\"@type\":\"ListItem\",\"position\":2,\"name\":\"HSG-city smart\",\"item\":\"https:\/\/vossloh-topic-lounge.com\/hsg-city-smart\/\"},{\"@type\":\"ListItem\",\"position\":3,\"name\":\"Thema 4 &#8211; Auswahl\",\"item\":\"https:\/\/vossloh-topic-lounge.com\/hsg-city-smart\/topic-04\/\"},{\"@type\":\"ListItem\",\"position\":4,\"name\":\"mapl-e: Sofortige Verf\u00fcgbarkeit der Daten und vollst\u00e4ndiger \u00dcberblick\"}]},{\"@type\":\"WebSite\",\"@id\":\"https:\/\/vossloh-topic-lounge.com\/#website\",\"url\":\"https:\/\/vossloh-topic-lounge.com\/\",\"name\":\"Vossloh Topic Lounge\",\"description\":\"\",\"publisher\":{\"@id\":\"https:\/\/vossloh-topic-lounge.com\/#organization\"},\"potentialAction\":[{\"@type\":\"SearchAction\",\"target\":{\"@type\":\"EntryPoint\",\"urlTemplate\":\"https:\/\/vossloh-topic-lounge.com\/?s={search_term_string}\"},\"query-input\":{\"@type\":\"PropertyValueSpecification\",\"valueRequired\":true,\"valueName\":\"search_term_string\"}}],\"inLanguage\":\"de\"},{\"@type\":\"Organization\",\"@id\":\"https:\/\/vossloh-topic-lounge.com\/#organization\",\"name\":\"VOSSLOH AG\",\"url\":\"https:\/\/vossloh-topic-lounge.com\/\",\"logo\":{\"@type\":\"ImageObject\",\"inLanguage\":\"de\",\"@id\":\"https:\/\/vossloh-topic-lounge.com\/#\/schema\/logo\/image\/\",\"url\":\"https:\/\/vossloh-topic-lounge.com\/wp-content\/uploads\/2022\/04\/Vossloh-Logo-enabling-green-mobility-RGB.png\",\"contentUrl\":\"https:\/\/vossloh-topic-lounge.com\/wp-content\/uploads\/2022\/04\/Vossloh-Logo-enabling-green-mobility-RGB.png\",\"width\":2560,\"height\":788,\"caption\":\"VOSSLOH AG\"},\"image\":{\"@id\":\"https:\/\/vossloh-topic-lounge.com\/#\/schema\/logo\/image\/\"}}]}<\/script>\n<!-- \/ Yoast SEO plugin. -->","yoast_head_json":{"title":"mapl-e: Sofortige Verf\u00fcgbarkeit der Daten und vollst\u00e4ndiger \u00dcberblick | Vossloh Topic Lounge","robots":{"index":"index","follow":"follow","max-snippet":"max-snippet:-1","max-image-preview":"max-image-preview:large","max-video-preview":"max-video-preview:-1"},"canonical":"https:\/\/vossloh-topic-lounge.com\/hsg-city-smart\/topic-04\/mapl-e-sofortige-verfuegbarkeit-der-daten-und-vollstaendiger-ueberblick\/","og_locale":"de_DE","og_type":"article","og_title":"mapl-e: Sofortige Verf\u00fcgbarkeit der Daten und vollst\u00e4ndiger \u00dcberblick | Vossloh Topic Lounge","og_description":"Instandhaltungsplanung leicht gemacht mapl-e: Sofortige Verf\u00fcgbarkeit der Daten und vollst\u00e4ndiger \u00dcberblick Mit mapl-e vereinfachen wir s\u00e4mtliche Planungs- und Steuerungsprozesse f\u00fcr Anlagenverantwortliche. Die anschauliche Darstellung &amp; kinderleichte Bedienung erm\u00f6glicht einen Blick auf die aufbereiteten Daten oder eine Bewertung des Gleiszustands in Ampelfarben (gut\/schlecht\/kritisch). Das individuelle Wissen des Kunden, Betriebs- sowie Netzparameter &amp; Instandhaltungspr\u00e4ferenzen k\u00f6nnen in mapl-e [&hellip;]","og_url":"https:\/\/vossloh-topic-lounge.com\/hsg-city-smart\/topic-04\/mapl-e-sofortige-verfuegbarkeit-der-daten-und-vollstaendiger-ueberblick\/","og_site_name":"Vossloh Topic Lounge","article_modified_time":"2024-02-27T13:35:55+00:00","og_image":[{"url":"https:\/\/vossloh-topic-lounge.com\/wp-content\/uploads\/2022\/09\/toleranzbaender_neu_ohne.jpg","type":"","width":"","height":""}],"twitter_card":"summary_large_image","twitter_misc":{"Gesch\u00e4tzte Lesezeit":"2\u00a0Minuten"},"schema":{"@context":"https:\/\/schema.org","@graph":[{"@type":"WebPage","@id":"https:\/\/vossloh-topic-lounge.com\/hsg-city-smart\/topic-04\/mapl-e-sofortige-verfuegbarkeit-der-daten-und-vollstaendiger-ueberblick\/","url":"https:\/\/vossloh-topic-lounge.com\/hsg-city-smart\/topic-04\/mapl-e-sofortige-verfuegbarkeit-der-daten-und-vollstaendiger-ueberblick\/","name":"mapl-e: Sofortige Verf\u00fcgbarkeit der Daten und vollst\u00e4ndiger \u00dcberblick | Vossloh Topic Lounge","isPartOf":{"@id":"https:\/\/vossloh-topic-lounge.com\/#website"},"primaryImageOfPage":{"@id":"https:\/\/vossloh-topic-lounge.com\/hsg-city-smart\/topic-04\/mapl-e-sofortige-verfuegbarkeit-der-daten-und-vollstaendiger-ueberblick\/#primaryimage"},"image":{"@id":"https:\/\/vossloh-topic-lounge.com\/hsg-city-smart\/topic-04\/mapl-e-sofortige-verfuegbarkeit-der-daten-und-vollstaendiger-ueberblick\/#primaryimage"},"thumbnailUrl":"https:\/\/vossloh-topic-lounge.com\/wp-content\/uploads\/2022\/09\/toleranzbaender_neu_ohne.jpg","datePublished":"2022-09-09T19:52:35+00:00","dateModified":"2024-02-27T13:35:55+00:00","breadcrumb":{"@id":"https:\/\/vossloh-topic-lounge.com\/hsg-city-smart\/topic-04\/mapl-e-sofortige-verfuegbarkeit-der-daten-und-vollstaendiger-ueberblick\/#breadcrumb"},"inLanguage":"de","potentialAction":[{"@type":"ReadAction","target":["https:\/\/vossloh-topic-lounge.com\/hsg-city-smart\/topic-04\/mapl-e-sofortige-verfuegbarkeit-der-daten-und-vollstaendiger-ueberblick\/"]}]},{"@type":"ImageObject","inLanguage":"de","@id":"https:\/\/vossloh-topic-lounge.com\/hsg-city-smart\/topic-04\/mapl-e-sofortige-verfuegbarkeit-der-daten-und-vollstaendiger-ueberblick\/#primaryimage","url":"https:\/\/vossloh-topic-lounge.com\/wp-content\/uploads\/2022\/09\/toleranzbaender_neu_ohne.jpg","contentUrl":"https:\/\/vossloh-topic-lounge.com\/wp-content\/uploads\/2022\/09\/toleranzbaender_neu_ohne.jpg"},{"@type":"BreadcrumbList","@id":"https:\/\/vossloh-topic-lounge.com\/hsg-city-smart\/topic-04\/mapl-e-sofortige-verfuegbarkeit-der-daten-und-vollstaendiger-ueberblick\/#breadcrumb","itemListElement":[{"@type":"ListItem","position":1,"name":"Startseite","item":"https:\/\/vossloh-topic-lounge.com\/"},{"@type":"ListItem","position":2,"name":"HSG-city smart","item":"https:\/\/vossloh-topic-lounge.com\/hsg-city-smart\/"},{"@type":"ListItem","position":3,"name":"Thema 4 &#8211; Auswahl","item":"https:\/\/vossloh-topic-lounge.com\/hsg-city-smart\/topic-04\/"},{"@type":"ListItem","position":4,"name":"mapl-e: Sofortige Verf\u00fcgbarkeit der Daten und vollst\u00e4ndiger \u00dcberblick"}]},{"@type":"WebSite","@id":"https:\/\/vossloh-topic-lounge.com\/#website","url":"https:\/\/vossloh-topic-lounge.com\/","name":"Vossloh Topic Lounge","description":"","publisher":{"@id":"https:\/\/vossloh-topic-lounge.com\/#organization"},"potentialAction":[{"@type":"SearchAction","target":{"@type":"EntryPoint","urlTemplate":"https:\/\/vossloh-topic-lounge.com\/?s={search_term_string}"},"query-input":{"@type":"PropertyValueSpecification","valueRequired":true,"valueName":"search_term_string"}}],"inLanguage":"de"},{"@type":"Organization","@id":"https:\/\/vossloh-topic-lounge.com\/#organization","name":"VOSSLOH AG","url":"https:\/\/vossloh-topic-lounge.com\/","logo":{"@type":"ImageObject","inLanguage":"de","@id":"https:\/\/vossloh-topic-lounge.com\/#\/schema\/logo\/image\/","url":"https:\/\/vossloh-topic-lounge.com\/wp-content\/uploads\/2022\/04\/Vossloh-Logo-enabling-green-mobility-RGB.png","contentUrl":"https:\/\/vossloh-topic-lounge.com\/wp-content\/uploads\/2022\/04\/Vossloh-Logo-enabling-green-mobility-RGB.png","width":2560,"height":788,"caption":"VOSSLOH AG"},"image":{"@id":"https:\/\/vossloh-topic-lounge.com\/#\/schema\/logo\/image\/"}}]}},"_links":{"self":[{"href":"https:\/\/vossloh-topic-lounge.com\/de\/wp-json\/wp\/v2\/pages\/10395","targetHints":{"allow":["GET"]}}],"collection":[{"href":"https:\/\/vossloh-topic-lounge.com\/de\/wp-json\/wp\/v2\/pages"}],"about":[{"href":"https:\/\/vossloh-topic-lounge.com\/de\/wp-json\/wp\/v2\/types\/page"}],"author":[{"embeddable":true,"href":"https:\/\/vossloh-topic-lounge.com\/de\/wp-json\/wp\/v2\/users\/2"}],"replies":[{"embeddable":true,"href":"https:\/\/vossloh-topic-lounge.com\/de\/wp-json\/wp\/v2\/comments?post=10395"}],"version-history":[{"count":5,"href":"https:\/\/vossloh-topic-lounge.com\/de\/wp-json\/wp\/v2\/pages\/10395\/revisions"}],"predecessor-version":[{"id":15046,"href":"https:\/\/vossloh-topic-lounge.com\/de\/wp-json\/wp\/v2\/pages\/10395\/revisions\/15046"}],"up":[{"embeddable":true,"href":"https:\/\/vossloh-topic-lounge.com\/de\/wp-json\/wp\/v2\/pages\/10390"}],"wp:attachment":[{"href":"https:\/\/vossloh-topic-lounge.com\/de\/wp-json\/wp\/v2\/media?parent=10395"}],"curies":[{"name":"wp","href":"https:\/\/api.w.org\/{rel}","templated":true}]}}