{"id":10424,"date":"2022-09-09T20:07:06","date_gmt":"2022-09-09T20:07:06","guid":{"rendered":"https:\/\/vossloh-topic-lounge.com\/?page_id=10424"},"modified":"2024-02-27T13:36:04","modified_gmt":"2024-02-27T13:36:04","slug":"simulation-von-instandhaltungsszenarien","status":"publish","type":"page","link":"https:\/\/vossloh-topic-lounge.com\/de\/hsg-city-smart\/topic-05\/simulation-von-instandhaltungsszenarien\/","title":{"rendered":"Simulation von Instandhaltungsszenarien"},"content":{"rendered":"\t\t<div data-elementor-type=\"wp-page\" data-elementor-id=\"10424\" class=\"elementor elementor-10424\" data-elementor-post-type=\"page\">\n\t\t\t\t\t\t<section class=\"elementor-section elementor-top-section elementor-element elementor-element-0bd286e elementor-section-height-min-height single-page-max-width elementor-section-boxed elementor-section-height-default elementor-section-items-middle\" data-id=\"0bd286e\" data-element_type=\"section\" data-settings=\"{&quot;background_background&quot;:&quot;classic&quot;}\">\n\t\t\t\t\t\t\t<div class=\"elementor-background-overlay\"><\/div>\n\t\t\t\t\t\t\t<div class=\"elementor-container elementor-column-gap-default\">\n\t\t\t\t\t<div class=\"elementor-column elementor-col-100 elementor-top-column elementor-element elementor-element-c9060be\" data-id=\"c9060be\" data-element_type=\"column\">\n\t\t\t<div class=\"elementor-widget-wrap elementor-element-populated\">\n\t\t\t\t\t\t<div class=\"elementor-element elementor-element-8074a68 elementor-widget elementor-widget-heading\" data-id=\"8074a68\" data-element_type=\"widget\" data-widget_type=\"heading.default\">\n\t\t\t\t<div class=\"elementor-widget-container\">\n\t\t\t\t\t<h2 class=\"elementor-heading-title elementor-size-default\">Simulation von Instandhaltungs-szenarien\n<\/h2>\t\t\t\t<\/div>\n\t\t\t\t<\/div>\n\t\t\t\t<div class=\"elementor-element elementor-element-f3a1e97 elementor-widget elementor-widget-spacer\" data-id=\"f3a1e97\" data-element_type=\"widget\" data-widget_type=\"spacer.default\">\n\t\t\t\t<div class=\"elementor-widget-container\">\n\t\t\t\t\t\t\t<div class=\"elementor-spacer\">\n\t\t\t<div class=\"elementor-spacer-inner\"><\/div>\n\t\t<\/div>\n\t\t\t\t\t\t<\/div>\n\t\t\t\t<\/div>\n\t\t\t\t<div class=\"elementor-element elementor-element-0faaa8f elementor-view-default elementor-widget elementor-widget-icon\" data-id=\"0faaa8f\" data-element_type=\"widget\" data-widget_type=\"icon.default\">\n\t\t\t\t<div class=\"elementor-widget-container\">\n\t\t\t\t\t\t\t<div class=\"elementor-icon-wrapper\">\n\t\t\t<a class=\"elementor-icon\" href=\"#content\">\n\t\t\t<i aria-hidden=\"true\" class=\"fal fa-chevron-double-down\"><\/i>\t\t\t<\/a>\n\t\t<\/div>\n\t\t\t\t\t\t<\/div>\n\t\t\t\t<\/div>\n\t\t\t\t\t<\/div>\n\t\t<\/div>\n\t\t\t\t\t<\/div>\n\t\t<\/section>\n\t\t\t\t<section class=\"elementor-section elementor-top-section elementor-element elementor-element-cc11e4e elementor-section-boxed elementor-section-height-default elementor-section-height-default\" data-id=\"cc11e4e\" data-element_type=\"section\" id=\"content\">\n\t\t\t\t\t\t<div class=\"elementor-container elementor-column-gap-default\">\n\t\t\t\t\t<div class=\"elementor-column elementor-col-100 elementor-top-column elementor-element elementor-element-8edd1ea\" data-id=\"8edd1ea\" data-element_type=\"column\">\n\t\t\t<div class=\"elementor-widget-wrap elementor-element-populated\">\n\t\t\t\t\t\t<div class=\"elementor-element elementor-element-add8317 vossloh-bullet elementor-widget elementor-widget-text-editor\" data-id=\"add8317\" data-element_type=\"widget\" data-widget_type=\"text-editor.default\">\n\t\t\t\t<div class=\"elementor-widget-container\">\n\t\t\t\t\t\t\t\t\t<ul><li>Anlagenmanager<ul><li>erhalten einen kompletten <b>\u00dcberblick<\/b>,<\/li><li>k\u00f6nnen zu bearbeitende Streckenabschnitte <b>priorisieren<\/b> &amp;<\/li><li>entsprechende <b>Ma\u00dfnahmen gezielt planen<\/b>.<\/li><\/ul><\/li><li>Empfehlung f\u00fcr die <b>beste Maschine &amp; den besten Einsatzzeitpunkt<\/b><\/li><li>mapl-e evaluiert auf Knopfdruck<ul><li>unterschiedliche Instandhaltungsoptionen und<\/li><li>errechnet die <b>Bearbeitungszeiten und -kosten<\/b> f\u00fcr die infrage kommenden Schieneninstandhaltungsmaschinen<\/li><\/ul><\/li><\/ul>\t\t\t\t\t\t\t\t<\/div>\n\t\t\t\t<\/div>\n\t\t\t\t<div class=\"elementor-element elementor-element-f06d244 elementor-widget elementor-widget-image\" data-id=\"f06d244\" data-element_type=\"widget\" data-widget_type=\"image.default\">\n\t\t\t\t<div class=\"elementor-widget-container\">\n\t\t\t\t\t\t\t\t\t\t\t\t\t\t\t<img fetchpriority=\"high\" decoding=\"async\" width=\"800\" height=\"450\" src=\"https:\/\/vossloh-topic-lounge.com\/wp-content\/uploads\/2022\/09\/Simulation_Verfahren_mapl-e_neu-1024x576.jpg\" class=\"attachment-large size-large wp-image-10444\" alt=\"\" srcset=\"https:\/\/vossloh-topic-lounge.com\/wp-content\/uploads\/2022\/09\/Simulation_Verfahren_mapl-e_neu-1024x576.jpg 1024w, https:\/\/vossloh-topic-lounge.com\/wp-content\/uploads\/2022\/09\/Simulation_Verfahren_mapl-e_neu-300x169.jpg 300w, https:\/\/vossloh-topic-lounge.com\/wp-content\/uploads\/2022\/09\/Simulation_Verfahren_mapl-e_neu-768x432.jpg 768w, https:\/\/vossloh-topic-lounge.com\/wp-content\/uploads\/2022\/09\/Simulation_Verfahren_mapl-e_neu.jpg 1250w\" sizes=\"(max-width: 800px) 100vw, 800px\" \/>\t\t\t\t\t\t\t\t\t\t\t\t\t\t\t<\/div>\n\t\t\t\t<\/div>\n\t\t\t\t<div class=\"elementor-element elementor-element-5beaa09 elementor-widget elementor-widget-spacer\" data-id=\"5beaa09\" data-element_type=\"widget\" data-widget_type=\"spacer.default\">\n\t\t\t\t<div class=\"elementor-widget-container\">\n\t\t\t\t\t\t\t<div class=\"elementor-spacer\">\n\t\t\t<div class=\"elementor-spacer-inner\"><\/div>\n\t\t<\/div>\n\t\t\t\t\t\t<\/div>\n\t\t\t\t<\/div>\n\t\t\t\t<div class=\"elementor-element elementor-element-976f066 elementor-widget elementor-widget-heading\" data-id=\"976f066\" data-element_type=\"widget\" data-widget_type=\"heading.default\">\n\t\t\t\t<div class=\"elementor-widget-container\">\n\t\t\t\t\t<h2 class=\"elementor-heading-title elementor-size-default\">Gezielte Ma\u00dfnahmendurchf\u00fchrung in den identifizierten Streckenabschnitten<\/h2>\t\t\t\t<\/div>\n\t\t\t\t<\/div>\n\t\t\t\t<div class=\"elementor-element elementor-element-1632f75 elementor-widget elementor-widget-image\" data-id=\"1632f75\" data-element_type=\"widget\" data-widget_type=\"image.default\">\n\t\t\t\t<div class=\"elementor-widget-container\">\n\t\t\t\t\t\t\t\t\t\t\t\t\t\t\t<img decoding=\"async\" width=\"1250\" height=\"553\" src=\"https:\/\/vossloh-topic-lounge.com\/wp-content\/uploads\/2022\/09\/gesamtes-Sortiment_komplett.jpg\" class=\"attachment-full size-full wp-image-10623\" alt=\"\" srcset=\"https:\/\/vossloh-topic-lounge.com\/wp-content\/uploads\/2022\/09\/gesamtes-Sortiment_komplett.jpg 1250w, https:\/\/vossloh-topic-lounge.com\/wp-content\/uploads\/2022\/09\/gesamtes-Sortiment_komplett-300x133.jpg 300w, https:\/\/vossloh-topic-lounge.com\/wp-content\/uploads\/2022\/09\/gesamtes-Sortiment_komplett-1024x453.jpg 1024w, https:\/\/vossloh-topic-lounge.com\/wp-content\/uploads\/2022\/09\/gesamtes-Sortiment_komplett-768x340.jpg 768w\" sizes=\"(max-width: 1250px) 100vw, 1250px\" \/>\t\t\t\t\t\t\t\t\t\t\t\t\t\t\t<\/div>\n\t\t\t\t<\/div>\n\t\t\t\t<div class=\"elementor-element elementor-element-d90fb8f elementor-mobile-align-justify elementor-widget elementor-widget-button\" data-id=\"d90fb8f\" data-element_type=\"widget\" data-widget_type=\"button.default\">\n\t\t\t\t<div class=\"elementor-widget-container\">\n\t\t\t\t\t\t\t\t\t<div class=\"elementor-button-wrapper\">\n\t\t\t\t\t<a class=\"elementor-button elementor-button-link elementor-size-sm\" href=\"https:\/\/vossloh-topic-lounge.com\/smart-maintenance-track-supply\/vtm-performance\/\" target=\"_blank\">\n\t\t\t\t\t\t<span class=\"elementor-button-content-wrapper\">\n\t\t\t\t\t\t\t\t\t<span class=\"elementor-button-text\">Mehr zu \"VTM-performance\"<\/span>\n\t\t\t\t\t<\/span>\n\t\t\t\t\t<\/a>\n\t\t\t\t<\/div>\n\t\t\t\t\t\t\t\t<\/div>\n\t\t\t\t<\/div>\n\t\t\t\t<div class=\"elementor-element elementor-element-6711d9d elementor-mobile-align-justify elementor-widget elementor-widget-button\" data-id=\"6711d9d\" data-element_type=\"widget\" data-widget_type=\"button.default\">\n\t\t\t\t<div class=\"elementor-widget-container\">\n\t\t\t\t\t\t\t\t\t<div class=\"elementor-button-wrapper\">\n\t\t\t\t\t<a class=\"elementor-button elementor-button-link elementor-size-sm\" href=\"https:\/\/vossloh-topic-lounge.com\/smart-maintenance-track-supply\/high-speed-grinding\/\" target=\"_blank\">\n\t\t\t\t\t\t<span class=\"elementor-button-content-wrapper\">\n\t\t\t\t\t\t\t\t\t<span class=\"elementor-button-text\">Mehr zu \"High Speed Grinding\"<\/span>\n\t\t\t\t\t<\/span>\n\t\t\t\t\t<\/a>\n\t\t\t\t<\/div>\n\t\t\t\t\t\t\t\t<\/div>\n\t\t\t\t<\/div>\n\t\t\t\t<div class=\"elementor-element elementor-element-3b85bed elementor-mobile-align-justify elementor-widget elementor-widget-button\" data-id=\"3b85bed\" data-element_type=\"widget\" data-widget_type=\"button.default\">\n\t\t\t\t<div class=\"elementor-widget-container\">\n\t\t\t\t\t\t\t\t\t<div class=\"elementor-button-wrapper\">\n\t\t\t\t\t<a class=\"elementor-button elementor-button-link elementor-size-sm\" href=\"https:\/\/vossloh-topic-lounge.com\/smart-maintenance-track-supply\/flexible-korrektive-schienenbearbeitung\/#vtm\" target=\"_blank\">\n\t\t\t\t\t\t<span class=\"elementor-button-content-wrapper\">\n\t\t\t\t\t\t\t\t\t<span class=\"elementor-button-text\">Mehr zu \"VTM-compact\"<\/span>\n\t\t\t\t\t<\/span>\n\t\t\t\t\t<\/a>\n\t\t\t\t<\/div>\n\t\t\t\t\t\t\t\t<\/div>\n\t\t\t\t<\/div>\n\t\t\t\t<div class=\"elementor-element elementor-element-1a487b2 elementor-mobile-align-justify elementor-widget elementor-widget-button\" data-id=\"1a487b2\" data-element_type=\"widget\" data-widget_type=\"button.default\">\n\t\t\t\t<div class=\"elementor-widget-container\">\n\t\t\t\t\t\t\t\t\t<div class=\"elementor-button-wrapper\">\n\t\t\t\t\t<a class=\"elementor-button elementor-button-link elementor-size-sm\" href=\"https:\/\/vossloh-topic-lounge.com\/smart-maintenance-track-supply\/flexis\/\" target=\"_blank\">\n\t\t\t\t\t\t<span class=\"elementor-button-content-wrapper\">\n\t\t\t\t\t\t\t\t\t<span class=\"elementor-button-text\">Mehr zu \"Flexis\"<\/span>\n\t\t\t\t\t<\/span>\n\t\t\t\t\t<\/a>\n\t\t\t\t<\/div>\n\t\t\t\t\t\t\t\t<\/div>\n\t\t\t\t<\/div>\n\t\t\t\t<div class=\"elementor-element elementor-element-6beedba elementor-mobile-align-justify elementor-widget elementor-widget-button\" data-id=\"6beedba\" data-element_type=\"widget\" data-widget_type=\"button.default\">\n\t\t\t\t<div class=\"elementor-widget-container\">\n\t\t\t\t\t\t\t\t\t<div class=\"elementor-button-wrapper\">\n\t\t\t\t\t<a class=\"elementor-button elementor-button-link elementor-size-sm\" href=\"https:\/\/vossloh-topic-lounge.com\/smart-maintenance-track-supply\/flexible-korrektive-schienenbearbeitung\/#fraestruck\" target=\"_blank\">\n\t\t\t\t\t\t<span class=\"elementor-button-content-wrapper\">\n\t\t\t\t\t\t\t\t\t<span class=\"elementor-button-text\">Mehr zu unserem Fr\u00e4struck<\/span>\n\t\t\t\t\t<\/span>\n\t\t\t\t\t<\/a>\n\t\t\t\t<\/div>\n\t\t\t\t\t\t\t\t<\/div>\n\t\t\t\t<\/div>\n\t\t\t\t\t<\/div>\n\t\t<\/div>\n\t\t\t\t\t<\/div>\n\t\t<\/section>\n\t\t\t\t<section class=\"elementor-section elementor-top-section elementor-element elementor-element-07cc069 elementor-section-boxed elementor-section-height-default elementor-section-height-default\" data-id=\"07cc069\" data-element_type=\"section\" data-settings=\"{&quot;sticky&quot;:&quot;bottom&quot;,&quot;sticky_on&quot;:[&quot;desktop&quot;,&quot;tablet&quot;,&quot;mobile&quot;],&quot;sticky_offset&quot;:0,&quot;sticky_effects_offset&quot;:0,&quot;sticky_anchor_link_offset&quot;:0}\">\n\t\t\t\t\t\t<div class=\"elementor-container elementor-column-gap-default\">\n\t\t\t\t\t<div class=\"elementor-column elementor-col-50 elementor-top-column elementor-element elementor-element-a74a052\" data-id=\"a74a052\" data-element_type=\"column\">\n\t\t\t<div class=\"elementor-widget-wrap elementor-element-populated\">\n\t\t\t\t\t\t<div class=\"elementor-element elementor-element-2278e9d elementor-mobile-align-justify elementor-widget elementor-widget-button\" data-id=\"2278e9d\" data-element_type=\"widget\" data-widget_type=\"button.default\">\n\t\t\t\t<div class=\"elementor-widget-container\">\n\t\t\t\t\t\t\t\t\t<div class=\"elementor-button-wrapper\">\n\t\t\t\t\t<a class=\"elementor-button elementor-button-link elementor-size-sm\" href=\"https:\/\/vossloh-topic-lounge.com\/hsg-city-smart\/topic-04\/mapl-e-sofortige-verfuegbarkeit-der-daten-und-vollstaendiger-ueberblick\/\">\n\t\t\t\t\t\t<span class=\"elementor-button-content-wrapper\">\n\t\t\t\t\t\t<span class=\"elementor-button-icon\">\n\t\t\t\t<i aria-hidden=\"true\" class=\"fal fa-backward\"><\/i>\t\t\t<\/span>\n\t\t\t\t\t\t\t\t\t<span class=\"elementor-button-text\">Thema 4<\/span>\n\t\t\t\t\t<\/span>\n\t\t\t\t\t<\/a>\n\t\t\t\t<\/div>\n\t\t\t\t\t\t\t\t<\/div>\n\t\t\t\t<\/div>\n\t\t\t\t\t<\/div>\n\t\t<\/div>\n\t\t\t\t<div class=\"elementor-column elementor-col-50 elementor-top-column elementor-element elementor-element-3374641\" data-id=\"3374641\" data-element_type=\"column\">\n\t\t\t<div class=\"elementor-widget-wrap elementor-element-populated\">\n\t\t\t\t\t\t<div class=\"elementor-element elementor-element-24eb2c3 elementor-mobile-align-justify elementor-widget elementor-widget-button\" data-id=\"24eb2c3\" data-element_type=\"widget\" data-widget_type=\"button.default\">\n\t\t\t\t<div class=\"elementor-widget-container\">\n\t\t\t\t\t\t\t\t\t<div class=\"elementor-button-wrapper\">\n\t\t\t\t\t<a class=\"elementor-button elementor-button-link elementor-size-sm\" href=\"https:\/\/vossloh-topic-lounge.com\/hsg-city-smart\/topic-06\/schienenbearbeitung-mit-hsg-smart\/\">\n\t\t\t\t\t\t<span class=\"elementor-button-content-wrapper\">\n\t\t\t\t\t\t<span class=\"elementor-button-icon\">\n\t\t\t\t<i aria-hidden=\"true\" class=\"fal fa-forward\"><\/i>\t\t\t<\/span>\n\t\t\t\t\t\t\t\t\t<span class=\"elementor-button-text\">Thema 6<\/span>\n\t\t\t\t\t<\/span>\n\t\t\t\t\t<\/a>\n\t\t\t\t<\/div>\n\t\t\t\t\t\t\t\t<\/div>\n\t\t\t\t<\/div>\n\t\t\t\t\t<\/div>\n\t\t<\/div>\n\t\t\t\t\t<\/div>\n\t\t<\/section>\n\t\t\t\t<\/div>\n\t\t","protected":false},"excerpt":{"rendered":"<p>Simulation von Instandhaltungs-szenarien Anlagenmanager erhalten einen kompletten \u00dcberblick, k\u00f6nnen zu bearbeitende Streckenabschnitte priorisieren &amp; entsprechende Ma\u00dfnahmen gezielt planen. Empfehlung f\u00fcr die beste Maschine &amp; den besten Einsatzzeitpunkt mapl-e evaluiert auf Knopfdruck unterschiedliche Instandhaltungsoptionen und errechnet die Bearbeitungszeiten und -kosten f\u00fcr die infrage kommenden Schieneninstandhaltungsmaschinen Gezielte Ma\u00dfnahmendurchf\u00fchrung in den identifizierten Streckenabschnitten Mehr zu &#8222;VTM-performance&#8220; Mehr zu [&hellip;]<\/p>\n","protected":false},"author":2,"featured_media":0,"parent":10422,"menu_order":0,"comment_status":"closed","ping_status":"closed","template":"elementor_theme","meta":{"_acf_changed":false,"footnotes":""},"class_list":["post-10424","page","type-page","status-publish","hentry"],"acf":[],"yoast_head":"<!-- This site is optimized with the Yoast SEO plugin v25.8 - https:\/\/yoast.com\/wordpress\/plugins\/seo\/ -->\n<title>Simulation von Instandhaltungsszenarien | Vossloh Topic Lounge<\/title>\n<meta name=\"robots\" content=\"index, follow, max-snippet:-1, max-image-preview:large, max-video-preview:-1\" \/>\n<link rel=\"canonical\" href=\"https:\/\/vossloh-topic-lounge.com\/hsg-city-smart\/topic-05\/simulation-von-instandhaltungsszenarien\/\" \/>\n<meta property=\"og:locale\" content=\"de_DE\" \/>\n<meta property=\"og:type\" content=\"article\" \/>\n<meta property=\"og:title\" content=\"Simulation von Instandhaltungsszenarien | Vossloh Topic Lounge\" \/>\n<meta property=\"og:description\" content=\"Simulation von Instandhaltungs-szenarien Anlagenmanager erhalten einen kompletten \u00dcberblick, k\u00f6nnen zu bearbeitende Streckenabschnitte priorisieren &amp; entsprechende Ma\u00dfnahmen gezielt planen. Empfehlung f\u00fcr die beste Maschine &amp; den besten Einsatzzeitpunkt mapl-e evaluiert auf Knopfdruck unterschiedliche Instandhaltungsoptionen und errechnet die Bearbeitungszeiten und -kosten f\u00fcr die infrage kommenden Schieneninstandhaltungsmaschinen Gezielte Ma\u00dfnahmendurchf\u00fchrung in den identifizierten Streckenabschnitten Mehr zu &#8222;VTM-performance&#8220; Mehr zu [&hellip;]\" \/>\n<meta property=\"og:url\" content=\"https:\/\/vossloh-topic-lounge.com\/hsg-city-smart\/topic-05\/simulation-von-instandhaltungsszenarien\/\" \/>\n<meta property=\"og:site_name\" content=\"Vossloh Topic Lounge\" \/>\n<meta property=\"article:modified_time\" content=\"2024-02-27T13:36:04+00:00\" \/>\n<meta property=\"og:image\" content=\"https:\/\/vossloh-topic-lounge.com\/wp-content\/uploads\/2022\/09\/Simulation_Verfahren_mapl-e_neu-1024x576.jpg\" \/>\n<meta name=\"twitter:card\" content=\"summary_large_image\" \/>\n<meta name=\"twitter:label1\" content=\"Gesch\u00e4tzte Lesezeit\" \/>\n\t<meta name=\"twitter:data1\" content=\"1\u00a0Minute\" \/>\n<script type=\"application\/ld+json\" class=\"yoast-schema-graph\">{\"@context\":\"https:\/\/schema.org\",\"@graph\":[{\"@type\":\"WebPage\",\"@id\":\"https:\/\/vossloh-topic-lounge.com\/hsg-city-smart\/topic-05\/simulation-von-instandhaltungsszenarien\/\",\"url\":\"https:\/\/vossloh-topic-lounge.com\/hsg-city-smart\/topic-05\/simulation-von-instandhaltungsszenarien\/\",\"name\":\"Simulation von Instandhaltungsszenarien | Vossloh Topic Lounge\",\"isPartOf\":{\"@id\":\"https:\/\/vossloh-topic-lounge.com\/#website\"},\"primaryImageOfPage\":{\"@id\":\"https:\/\/vossloh-topic-lounge.com\/hsg-city-smart\/topic-05\/simulation-von-instandhaltungsszenarien\/#primaryimage\"},\"image\":{\"@id\":\"https:\/\/vossloh-topic-lounge.com\/hsg-city-smart\/topic-05\/simulation-von-instandhaltungsszenarien\/#primaryimage\"},\"thumbnailUrl\":\"https:\/\/vossloh-topic-lounge.com\/wp-content\/uploads\/2022\/09\/Simulation_Verfahren_mapl-e_neu-1024x576.jpg\",\"datePublished\":\"2022-09-09T20:07:06+00:00\",\"dateModified\":\"2024-02-27T13:36:04+00:00\",\"breadcrumb\":{\"@id\":\"https:\/\/vossloh-topic-lounge.com\/hsg-city-smart\/topic-05\/simulation-von-instandhaltungsszenarien\/#breadcrumb\"},\"inLanguage\":\"de\",\"potentialAction\":[{\"@type\":\"ReadAction\",\"target\":[\"https:\/\/vossloh-topic-lounge.com\/hsg-city-smart\/topic-05\/simulation-von-instandhaltungsszenarien\/\"]}]},{\"@type\":\"ImageObject\",\"inLanguage\":\"de\",\"@id\":\"https:\/\/vossloh-topic-lounge.com\/hsg-city-smart\/topic-05\/simulation-von-instandhaltungsszenarien\/#primaryimage\",\"url\":\"https:\/\/vossloh-topic-lounge.com\/wp-content\/uploads\/2022\/09\/Simulation_Verfahren_mapl-e_neu-1024x576.jpg\",\"contentUrl\":\"https:\/\/vossloh-topic-lounge.com\/wp-content\/uploads\/2022\/09\/Simulation_Verfahren_mapl-e_neu-1024x576.jpg\"},{\"@type\":\"BreadcrumbList\",\"@id\":\"https:\/\/vossloh-topic-lounge.com\/hsg-city-smart\/topic-05\/simulation-von-instandhaltungsszenarien\/#breadcrumb\",\"itemListElement\":[{\"@type\":\"ListItem\",\"position\":1,\"name\":\"Startseite\",\"item\":\"https:\/\/vossloh-topic-lounge.com\/\"},{\"@type\":\"ListItem\",\"position\":2,\"name\":\"HSG-city smart\",\"item\":\"https:\/\/vossloh-topic-lounge.com\/hsg-city-smart\/\"},{\"@type\":\"ListItem\",\"position\":3,\"name\":\"Thema 5 &#8211; Auswahl\",\"item\":\"https:\/\/vossloh-topic-lounge.com\/hsg-city-smart\/topic-05\/\"},{\"@type\":\"ListItem\",\"position\":4,\"name\":\"Simulation von Instandhaltungsszenarien\"}]},{\"@type\":\"WebSite\",\"@id\":\"https:\/\/vossloh-topic-lounge.com\/#website\",\"url\":\"https:\/\/vossloh-topic-lounge.com\/\",\"name\":\"Vossloh Topic Lounge\",\"description\":\"\",\"publisher\":{\"@id\":\"https:\/\/vossloh-topic-lounge.com\/#organization\"},\"potentialAction\":[{\"@type\":\"SearchAction\",\"target\":{\"@type\":\"EntryPoint\",\"urlTemplate\":\"https:\/\/vossloh-topic-lounge.com\/?s={search_term_string}\"},\"query-input\":{\"@type\":\"PropertyValueSpecification\",\"valueRequired\":true,\"valueName\":\"search_term_string\"}}],\"inLanguage\":\"de\"},{\"@type\":\"Organization\",\"@id\":\"https:\/\/vossloh-topic-lounge.com\/#organization\",\"name\":\"VOSSLOH AG\",\"url\":\"https:\/\/vossloh-topic-lounge.com\/\",\"logo\":{\"@type\":\"ImageObject\",\"inLanguage\":\"de\",\"@id\":\"https:\/\/vossloh-topic-lounge.com\/#\/schema\/logo\/image\/\",\"url\":\"https:\/\/vossloh-topic-lounge.com\/wp-content\/uploads\/2022\/04\/Vossloh-Logo-enabling-green-mobility-RGB.png\",\"contentUrl\":\"https:\/\/vossloh-topic-lounge.com\/wp-content\/uploads\/2022\/04\/Vossloh-Logo-enabling-green-mobility-RGB.png\",\"width\":2560,\"height\":788,\"caption\":\"VOSSLOH AG\"},\"image\":{\"@id\":\"https:\/\/vossloh-topic-lounge.com\/#\/schema\/logo\/image\/\"}}]}<\/script>\n<!-- \/ Yoast SEO plugin. -->","yoast_head_json":{"title":"Simulation von Instandhaltungsszenarien | Vossloh Topic Lounge","robots":{"index":"index","follow":"follow","max-snippet":"max-snippet:-1","max-image-preview":"max-image-preview:large","max-video-preview":"max-video-preview:-1"},"canonical":"https:\/\/vossloh-topic-lounge.com\/hsg-city-smart\/topic-05\/simulation-von-instandhaltungsszenarien\/","og_locale":"de_DE","og_type":"article","og_title":"Simulation von Instandhaltungsszenarien | Vossloh Topic Lounge","og_description":"Simulation von Instandhaltungs-szenarien Anlagenmanager erhalten einen kompletten \u00dcberblick, k\u00f6nnen zu bearbeitende Streckenabschnitte priorisieren &amp; entsprechende Ma\u00dfnahmen gezielt planen. Empfehlung f\u00fcr die beste Maschine &amp; den besten Einsatzzeitpunkt mapl-e evaluiert auf Knopfdruck unterschiedliche Instandhaltungsoptionen und errechnet die Bearbeitungszeiten und -kosten f\u00fcr die infrage kommenden Schieneninstandhaltungsmaschinen Gezielte Ma\u00dfnahmendurchf\u00fchrung in den identifizierten Streckenabschnitten Mehr zu &#8222;VTM-performance&#8220; Mehr zu [&hellip;]","og_url":"https:\/\/vossloh-topic-lounge.com\/hsg-city-smart\/topic-05\/simulation-von-instandhaltungsszenarien\/","og_site_name":"Vossloh Topic Lounge","article_modified_time":"2024-02-27T13:36:04+00:00","og_image":[{"url":"https:\/\/vossloh-topic-lounge.com\/wp-content\/uploads\/2022\/09\/Simulation_Verfahren_mapl-e_neu-1024x576.jpg","type":"","width":"","height":""}],"twitter_card":"summary_large_image","twitter_misc":{"Gesch\u00e4tzte Lesezeit":"1\u00a0Minute"},"schema":{"@context":"https:\/\/schema.org","@graph":[{"@type":"WebPage","@id":"https:\/\/vossloh-topic-lounge.com\/hsg-city-smart\/topic-05\/simulation-von-instandhaltungsszenarien\/","url":"https:\/\/vossloh-topic-lounge.com\/hsg-city-smart\/topic-05\/simulation-von-instandhaltungsszenarien\/","name":"Simulation von Instandhaltungsszenarien | Vossloh Topic Lounge","isPartOf":{"@id":"https:\/\/vossloh-topic-lounge.com\/#website"},"primaryImageOfPage":{"@id":"https:\/\/vossloh-topic-lounge.com\/hsg-city-smart\/topic-05\/simulation-von-instandhaltungsszenarien\/#primaryimage"},"image":{"@id":"https:\/\/vossloh-topic-lounge.com\/hsg-city-smart\/topic-05\/simulation-von-instandhaltungsszenarien\/#primaryimage"},"thumbnailUrl":"https:\/\/vossloh-topic-lounge.com\/wp-content\/uploads\/2022\/09\/Simulation_Verfahren_mapl-e_neu-1024x576.jpg","datePublished":"2022-09-09T20:07:06+00:00","dateModified":"2024-02-27T13:36:04+00:00","breadcrumb":{"@id":"https:\/\/vossloh-topic-lounge.com\/hsg-city-smart\/topic-05\/simulation-von-instandhaltungsszenarien\/#breadcrumb"},"inLanguage":"de","potentialAction":[{"@type":"ReadAction","target":["https:\/\/vossloh-topic-lounge.com\/hsg-city-smart\/topic-05\/simulation-von-instandhaltungsszenarien\/"]}]},{"@type":"ImageObject","inLanguage":"de","@id":"https:\/\/vossloh-topic-lounge.com\/hsg-city-smart\/topic-05\/simulation-von-instandhaltungsszenarien\/#primaryimage","url":"https:\/\/vossloh-topic-lounge.com\/wp-content\/uploads\/2022\/09\/Simulation_Verfahren_mapl-e_neu-1024x576.jpg","contentUrl":"https:\/\/vossloh-topic-lounge.com\/wp-content\/uploads\/2022\/09\/Simulation_Verfahren_mapl-e_neu-1024x576.jpg"},{"@type":"BreadcrumbList","@id":"https:\/\/vossloh-topic-lounge.com\/hsg-city-smart\/topic-05\/simulation-von-instandhaltungsszenarien\/#breadcrumb","itemListElement":[{"@type":"ListItem","position":1,"name":"Startseite","item":"https:\/\/vossloh-topic-lounge.com\/"},{"@type":"ListItem","position":2,"name":"HSG-city smart","item":"https:\/\/vossloh-topic-lounge.com\/hsg-city-smart\/"},{"@type":"ListItem","position":3,"name":"Thema 5 &#8211; Auswahl","item":"https:\/\/vossloh-topic-lounge.com\/hsg-city-smart\/topic-05\/"},{"@type":"ListItem","position":4,"name":"Simulation von Instandhaltungsszenarien"}]},{"@type":"WebSite","@id":"https:\/\/vossloh-topic-lounge.com\/#website","url":"https:\/\/vossloh-topic-lounge.com\/","name":"Vossloh Topic Lounge","description":"","publisher":{"@id":"https:\/\/vossloh-topic-lounge.com\/#organization"},"potentialAction":[{"@type":"SearchAction","target":{"@type":"EntryPoint","urlTemplate":"https:\/\/vossloh-topic-lounge.com\/?s={search_term_string}"},"query-input":{"@type":"PropertyValueSpecification","valueRequired":true,"valueName":"search_term_string"}}],"inLanguage":"de"},{"@type":"Organization","@id":"https:\/\/vossloh-topic-lounge.com\/#organization","name":"VOSSLOH AG","url":"https:\/\/vossloh-topic-lounge.com\/","logo":{"@type":"ImageObject","inLanguage":"de","@id":"https:\/\/vossloh-topic-lounge.com\/#\/schema\/logo\/image\/","url":"https:\/\/vossloh-topic-lounge.com\/wp-content\/uploads\/2022\/04\/Vossloh-Logo-enabling-green-mobility-RGB.png","contentUrl":"https:\/\/vossloh-topic-lounge.com\/wp-content\/uploads\/2022\/04\/Vossloh-Logo-enabling-green-mobility-RGB.png","width":2560,"height":788,"caption":"VOSSLOH AG"},"image":{"@id":"https:\/\/vossloh-topic-lounge.com\/#\/schema\/logo\/image\/"}}]}},"_links":{"self":[{"href":"https:\/\/vossloh-topic-lounge.com\/de\/wp-json\/wp\/v2\/pages\/10424","targetHints":{"allow":["GET"]}}],"collection":[{"href":"https:\/\/vossloh-topic-lounge.com\/de\/wp-json\/wp\/v2\/pages"}],"about":[{"href":"https:\/\/vossloh-topic-lounge.com\/de\/wp-json\/wp\/v2\/types\/page"}],"author":[{"embeddable":true,"href":"https:\/\/vossloh-topic-lounge.com\/de\/wp-json\/wp\/v2\/users\/2"}],"replies":[{"embeddable":true,"href":"https:\/\/vossloh-topic-lounge.com\/de\/wp-json\/wp\/v2\/comments?post=10424"}],"version-history":[{"count":5,"href":"https:\/\/vossloh-topic-lounge.com\/de\/wp-json\/wp\/v2\/pages\/10424\/revisions"}],"predecessor-version":[{"id":15049,"href":"https:\/\/vossloh-topic-lounge.com\/de\/wp-json\/wp\/v2\/pages\/10424\/revisions\/15049"}],"up":[{"embeddable":true,"href":"https:\/\/vossloh-topic-lounge.com\/de\/wp-json\/wp\/v2\/pages\/10422"}],"wp:attachment":[{"href":"https:\/\/vossloh-topic-lounge.com\/de\/wp-json\/wp\/v2\/media?parent=10424"}],"curies":[{"name":"wp","href":"https:\/\/api.w.org\/{rel}","templated":true}]}}