{"id":10493,"date":"2022-09-09T20:34:40","date_gmt":"2022-09-09T20:34:40","guid":{"rendered":"https:\/\/vossloh-topic-lounge.com\/?page_id=10493"},"modified":"2024-02-27T13:36:24","modified_gmt":"2024-02-27T13:36:24","slug":"ihre-vorteile-mit-smart-maintenance-on-the-fly","status":"publish","type":"page","link":"https:\/\/vossloh-topic-lounge.com\/de\/hsg-city-smart\/topic-07\/ihre-vorteile-mit-smart-maintenance-on-the-fly\/","title":{"rendered":"Ihre Vorteile mit Smart maintenance \u201aon the fly\u2018"},"content":{"rendered":"\t\t<div data-elementor-type=\"wp-page\" data-elementor-id=\"10493\" class=\"elementor elementor-10493\" data-elementor-post-type=\"page\">\n\t\t\t\t\t\t<section class=\"elementor-section elementor-top-section elementor-element elementor-element-62bcee7 elementor-section-height-min-height single-page-max-width elementor-section-boxed elementor-section-height-default elementor-section-items-middle\" data-id=\"62bcee7\" data-element_type=\"section\" data-settings=\"{&quot;background_background&quot;:&quot;classic&quot;}\">\n\t\t\t\t\t\t\t<div class=\"elementor-background-overlay\"><\/div>\n\t\t\t\t\t\t\t<div class=\"elementor-container elementor-column-gap-default\">\n\t\t\t\t\t<div class=\"elementor-column elementor-col-100 elementor-top-column elementor-element elementor-element-60f3f7f\" data-id=\"60f3f7f\" data-element_type=\"column\">\n\t\t\t<div class=\"elementor-widget-wrap elementor-element-populated\">\n\t\t\t\t\t\t<div class=\"elementor-element elementor-element-130d7e2 elementor-widget elementor-widget-heading\" data-id=\"130d7e2\" data-element_type=\"widget\" data-widget_type=\"heading.default\">\n\t\t\t\t<div class=\"elementor-widget-container\">\n\t\t\t\t\t<h2 class=\"elementor-heading-title elementor-size-default\">Ihre Vorteile mit Smart maintenance \u201aon the fly\u2018\n<\/h2>\t\t\t\t<\/div>\n\t\t\t\t<\/div>\n\t\t\t\t<div class=\"elementor-element elementor-element-f1b4570 elementor-widget elementor-widget-spacer\" data-id=\"f1b4570\" data-element_type=\"widget\" data-widget_type=\"spacer.default\">\n\t\t\t\t<div class=\"elementor-widget-container\">\n\t\t\t\t\t\t\t<div class=\"elementor-spacer\">\n\t\t\t<div class=\"elementor-spacer-inner\"><\/div>\n\t\t<\/div>\n\t\t\t\t\t\t<\/div>\n\t\t\t\t<\/div>\n\t\t\t\t<div class=\"elementor-element elementor-element-b5ee42a elementor-view-default elementor-widget elementor-widget-icon\" data-id=\"b5ee42a\" data-element_type=\"widget\" data-widget_type=\"icon.default\">\n\t\t\t\t<div class=\"elementor-widget-container\">\n\t\t\t\t\t\t\t<div class=\"elementor-icon-wrapper\">\n\t\t\t<a class=\"elementor-icon\" href=\"#content\">\n\t\t\t<i aria-hidden=\"true\" class=\"fal fa-chevron-double-down\"><\/i>\t\t\t<\/a>\n\t\t<\/div>\n\t\t\t\t\t\t<\/div>\n\t\t\t\t<\/div>\n\t\t\t\t\t<\/div>\n\t\t<\/div>\n\t\t\t\t\t<\/div>\n\t\t<\/section>\n\t\t\t\t<section class=\"elementor-section elementor-top-section elementor-element elementor-element-cc11e4e elementor-section-boxed elementor-section-height-default elementor-section-height-default\" data-id=\"cc11e4e\" data-element_type=\"section\" id=\"content\">\n\t\t\t\t\t\t<div class=\"elementor-container elementor-column-gap-default\">\n\t\t\t\t\t<div class=\"elementor-column elementor-col-100 elementor-top-column elementor-element elementor-element-8edd1ea\" data-id=\"8edd1ea\" data-element_type=\"column\">\n\t\t\t<div class=\"elementor-widget-wrap elementor-element-populated\">\n\t\t\t\t\t\t<div class=\"elementor-element elementor-element-bb77000 elementor-widget elementor-widget-video\" data-id=\"bb77000\" data-element_type=\"widget\" data-settings=\"{&quot;video_type&quot;:&quot;vimeo&quot;}\" data-widget_type=\"video.default\">\n\t\t\t\t<div class=\"elementor-widget-container\">\n\t\t\t\t\t\t\t<div class=\"elementor-wrapper elementor-open-inline\">\n\t\t\t<div class=\"BorlabsCookie _brlbs-cb-vimeo\"><div class=\"_brlbs-content-blocker\"> <div class=\"_brlbs-embed _brlbs-video-vimeo\"> <img decoding=\"async\" class=\"_brlbs-thumbnail\" src=\"https:\/\/vossloh-topic-lounge.com\/wp-content\/plugins\/borlabs-cookie\/assets\/images\/cb-no-thumbnail.png\" alt=\"Vimeo\"> <div class=\"_brlbs-caption\"> <p>Mit dem Laden des Videos akzeptieren Sie die Datenschutzerkl\u00e4rung von Vimeo.<br><a href=\"https:\/\/vimeo.com\/privacy\" target=\"_blank\" rel=\"nofollow noopener noreferrer\">Mehr erfahren<\/a><\/p> <p><a class=\"_brlbs-btn _brlbs-icon-play-white\" href=\"#\" data-borlabs-cookie-unblock role=\"button\">Video laden<\/a><\/p> <p><label><input type=\"checkbox\" name=\"unblockAll\" value=\"1\" checked> <small>Vimeo immer entsperren<\/small><\/label><\/p> <\/div> <\/div> <\/div><div class=\"borlabs-hide\" data-borlabs-cookie-type=\"content-blocker\" data-borlabs-cookie-id=\"vimeo\"><script type=\"text\/template\">PGlmcmFtZSBjbGFzcz0iZWxlbWVudG9yLXZpZGVvLWlmcmFtZSIgYWxsb3dmdWxsc2NyZWVuIGFsbG93PSJjbGlwYm9hcmQtd3JpdGUiIHRpdGxlPSJ2aW1lbyBWaWRlbyBQbGF5ZXIiIHNyYz0iaHR0cHM6Ly9wbGF5ZXIudmltZW8uY29tL3ZpZGVvLzc0ODQ2NTM3MD9jb2xvciZhbXA7YXV0b3BhdXNlPTAmYW1wO2xvb3A9MCZhbXA7bXV0ZWQ9MCZhbXA7dGl0bGU9MSZhbXA7cG9ydHJhaXQ9MSZhbXA7YnlsaW5lPTEjdD0iPjwvaWZyYW1lPg==<\/script><\/div><\/div>\t\t<\/div>\n\t\t\t\t\t\t<\/div>\n\t\t\t\t<\/div>\n\t\t\t\t<div class=\"elementor-element elementor-element-0571a45 vossloh-bullet elementor-widget elementor-widget-text-editor\" data-id=\"0571a45\" data-element_type=\"widget\" data-widget_type=\"text-editor.default\">\n\t\t\t\t<div class=\"elementor-widget-container\">\n\t\t\t\t\t\t\t\t\t<p><b>Lernen <\/b><b>Sie Ihr Netz besser kennen<\/b><\/p><ul><li>\u00dcberblick \u00fcber den Gleiszustand &amp; seine Entwicklung<\/li><li>Mehrere Detailstufen f\u00fcr alle Benutzer<\/li><\/ul>\t\t\t\t\t\t\t\t<\/div>\n\t\t\t\t<\/div>\n\t\t\t\t<div class=\"elementor-element elementor-element-3644c0c elementor-widget elementor-widget-spacer\" data-id=\"3644c0c\" data-element_type=\"widget\" data-widget_type=\"spacer.default\">\n\t\t\t\t<div class=\"elementor-widget-container\">\n\t\t\t\t\t\t\t<div class=\"elementor-spacer\">\n\t\t\t<div class=\"elementor-spacer-inner\"><\/div>\n\t\t<\/div>\n\t\t\t\t\t\t<\/div>\n\t\t\t\t<\/div>\n\t\t\t\t<div class=\"elementor-element elementor-element-fdab78c vossloh-bullet elementor-widget elementor-widget-text-editor\" data-id=\"fdab78c\" data-element_type=\"widget\" data-widget_type=\"text-editor.default\">\n\t\t\t\t<div class=\"elementor-widget-container\">\n\t\t\t\t\t\t\t\t\t<p><b>Treffen <\/b><b>Sie fundierte <\/b><b>Instandhaltungs-Entscheidungen<\/b><\/p><ul><li>Setzen Sie Ihre eigenen Ziele<\/li><li>Simulieren und vergleichen Sie Ihre M\u00f6glichkeiten<\/li><\/ul>\t\t\t\t\t\t\t\t<\/div>\n\t\t\t\t<\/div>\n\t\t\t\t<div class=\"elementor-element elementor-element-9b19e86 elementor-widget elementor-widget-spacer\" data-id=\"9b19e86\" data-element_type=\"widget\" data-widget_type=\"spacer.default\">\n\t\t\t\t<div class=\"elementor-widget-container\">\n\t\t\t\t\t\t\t<div class=\"elementor-spacer\">\n\t\t\t<div class=\"elementor-spacer-inner\"><\/div>\n\t\t<\/div>\n\t\t\t\t\t\t<\/div>\n\t\t\t\t<\/div>\n\t\t\t\t<div class=\"elementor-element elementor-element-aa7c4a1 vossloh-bullet elementor-widget elementor-widget-text-editor\" data-id=\"aa7c4a1\" data-element_type=\"widget\" data-widget_type=\"text-editor.default\">\n\t\t\t\t<div class=\"elementor-widget-container\">\n\t\t\t\t\t\t\t\t\t<p><b>Nahtlose <\/b><b>Integration in das Vossloh-Portfolio <\/b><\/p><ul><li>mapl-e und LRS-Messsystem sind f\u00fcr den gemeinsamen Einsatz konzipiert<\/li><li>Pr\u00e4zise Arbeitsanweisungen f\u00fcr Vossloh-Schienenbearbeitungsmaschinen<\/li><\/ul>\t\t\t\t\t\t\t\t<\/div>\n\t\t\t\t<\/div>\n\t\t\t\t<div class=\"elementor-element elementor-element-5de8c48 elementor-widget elementor-widget-spacer\" data-id=\"5de8c48\" data-element_type=\"widget\" data-widget_type=\"spacer.default\">\n\t\t\t\t<div class=\"elementor-widget-container\">\n\t\t\t\t\t\t\t<div class=\"elementor-spacer\">\n\t\t\t<div class=\"elementor-spacer-inner\"><\/div>\n\t\t<\/div>\n\t\t\t\t\t\t<\/div>\n\t\t\t\t<\/div>\n\t\t\t\t<div class=\"elementor-element elementor-element-eab8a37 vossloh-bullet elementor-widget elementor-widget-text-editor\" data-id=\"eab8a37\" data-element_type=\"widget\" data-widget_type=\"text-editor.default\">\n\t\t\t\t<div class=\"elementor-widget-container\">\n\t\t\t\t\t\t\t\t\t<p><b>Verbessern <\/b><b>Sie Ihre Planung und Prognose <\/b><\/p><ul><li>Richten Sie Ihre Schieneninstandhaltung minimal invasiv auf den Betrieb aus; eher pr\u00e4ventiv statt korrektiv (punktuell bei Hot-Spots)<\/li><li>Optimieren Sie Kosten &amp; Verf\u00fcgbarkeit ihrer Gleise<\/li><\/ul>\t\t\t\t\t\t\t\t<\/div>\n\t\t\t\t<\/div>\n\t\t\t\t\t<\/div>\n\t\t<\/div>\n\t\t\t\t\t<\/div>\n\t\t<\/section>\n\t\t\t\t<section class=\"elementor-section elementor-top-section elementor-element elementor-element-07cc069 elementor-section-boxed elementor-section-height-default elementor-section-height-default\" data-id=\"07cc069\" data-element_type=\"section\" data-settings=\"{&quot;sticky&quot;:&quot;bottom&quot;,&quot;sticky_on&quot;:[&quot;desktop&quot;,&quot;tablet&quot;,&quot;mobile&quot;],&quot;sticky_offset&quot;:0,&quot;sticky_effects_offset&quot;:0,&quot;sticky_anchor_link_offset&quot;:0}\">\n\t\t\t\t\t\t<div class=\"elementor-container elementor-column-gap-default\">\n\t\t\t\t\t<div class=\"elementor-column elementor-col-50 elementor-top-column elementor-element elementor-element-a74a052\" data-id=\"a74a052\" data-element_type=\"column\">\n\t\t\t<div class=\"elementor-widget-wrap elementor-element-populated\">\n\t\t\t\t\t\t<div class=\"elementor-element elementor-element-2278e9d elementor-mobile-align-justify elementor-widget elementor-widget-button\" data-id=\"2278e9d\" data-element_type=\"widget\" data-widget_type=\"button.default\">\n\t\t\t\t<div class=\"elementor-widget-container\">\n\t\t\t\t\t\t\t\t\t<div class=\"elementor-button-wrapper\">\n\t\t\t\t\t<a class=\"elementor-button elementor-button-link elementor-size-sm\" href=\"https:\/\/vossloh-topic-lounge.com\/hsg-city-smart\/topic-06\/schienenbearbeitung-mit-hsg-smart\/\">\n\t\t\t\t\t\t<span class=\"elementor-button-content-wrapper\">\n\t\t\t\t\t\t<span class=\"elementor-button-icon\">\n\t\t\t\t<i aria-hidden=\"true\" class=\"fal fa-backward\"><\/i>\t\t\t<\/span>\n\t\t\t\t\t\t\t\t\t<span class=\"elementor-button-text\">Thema 6<\/span>\n\t\t\t\t\t<\/span>\n\t\t\t\t\t<\/a>\n\t\t\t\t<\/div>\n\t\t\t\t\t\t\t\t<\/div>\n\t\t\t\t<\/div>\n\t\t\t\t\t<\/div>\n\t\t<\/div>\n\t\t\t\t<div class=\"elementor-column elementor-col-50 elementor-top-column elementor-element elementor-element-3374641\" data-id=\"3374641\" data-element_type=\"column\">\n\t\t\t<div class=\"elementor-widget-wrap elementor-element-populated\">\n\t\t\t\t\t\t<div class=\"elementor-element elementor-element-24eb2c3 elementor-mobile-align-justify elementor-widget elementor-widget-button\" data-id=\"24eb2c3\" data-element_type=\"widget\" data-widget_type=\"button.default\">\n\t\t\t\t<div class=\"elementor-widget-container\">\n\t\t\t\t\t\t\t\t\t<div class=\"elementor-button-wrapper\">\n\t\t\t\t\t<a class=\"elementor-button elementor-button-link elementor-size-sm\" href=\"https:\/\/vossloh-topic-lounge.com\/hsg-city-smart\/topic-01\/hsg-city-smart-einheit-aus-schienenmessung-bearbeitung\/\">\n\t\t\t\t\t\t<span class=\"elementor-button-content-wrapper\">\n\t\t\t\t\t\t<span class=\"elementor-button-icon\">\n\t\t\t\t<i aria-hidden=\"true\" class=\"fal fa-forward\"><\/i>\t\t\t<\/span>\n\t\t\t\t\t\t\t\t\t<span class=\"elementor-button-text\">Thema 1<\/span>\n\t\t\t\t\t<\/span>\n\t\t\t\t\t<\/a>\n\t\t\t\t<\/div>\n\t\t\t\t\t\t\t\t<\/div>\n\t\t\t\t<\/div>\n\t\t\t\t\t<\/div>\n\t\t<\/div>\n\t\t\t\t\t<\/div>\n\t\t<\/section>\n\t\t\t\t<\/div>\n\t\t","protected":false},"excerpt":{"rendered":"<p>Ihre Vorteile mit Smart maintenance \u201aon the fly\u2018 https:\/\/vimeo.com\/748465370 Lernen Sie Ihr Netz besser kennen \u00dcberblick \u00fcber den Gleiszustand &amp; seine Entwicklung Mehrere Detailstufen f\u00fcr alle Benutzer Treffen Sie fundierte Instandhaltungs-Entscheidungen Setzen Sie Ihre eigenen Ziele Simulieren und vergleichen Sie Ihre M\u00f6glichkeiten Nahtlose Integration in das Vossloh-Portfolio mapl-e und LRS-Messsystem sind f\u00fcr den gemeinsamen Einsatz [&hellip;]<\/p>\n","protected":false},"author":2,"featured_media":0,"parent":10491,"menu_order":0,"comment_status":"closed","ping_status":"closed","template":"elementor_theme","meta":{"_acf_changed":false,"footnotes":""},"class_list":["post-10493","page","type-page","status-publish","hentry"],"acf":[],"yoast_head":"<!-- This site is optimized with the Yoast SEO plugin v25.8 - https:\/\/yoast.com\/wordpress\/plugins\/seo\/ -->\n<title>Ihre Vorteile mit Smart maintenance \u201aon the fly\u2018 | Vossloh Topic Lounge<\/title>\n<meta name=\"robots\" content=\"index, follow, max-snippet:-1, max-image-preview:large, max-video-preview:-1\" \/>\n<link rel=\"canonical\" href=\"https:\/\/vossloh-topic-lounge.com\/hsg-city-smart\/topic-07\/ihre-vorteile-mit-smart-maintenance-on-the-fly\/\" \/>\n<meta property=\"og:locale\" content=\"de_DE\" \/>\n<meta property=\"og:type\" content=\"article\" \/>\n<meta property=\"og:title\" content=\"Ihre Vorteile mit Smart maintenance \u201aon the fly\u2018 | Vossloh Topic Lounge\" \/>\n<meta property=\"og:description\" content=\"Ihre Vorteile mit Smart maintenance \u201aon the fly\u2018 https:\/\/vimeo.com\/748465370 Lernen Sie Ihr Netz besser kennen \u00dcberblick \u00fcber den Gleiszustand &amp; seine Entwicklung Mehrere Detailstufen f\u00fcr alle Benutzer Treffen Sie fundierte Instandhaltungs-Entscheidungen Setzen Sie Ihre eigenen Ziele Simulieren und vergleichen Sie Ihre M\u00f6glichkeiten Nahtlose Integration in das Vossloh-Portfolio mapl-e und LRS-Messsystem sind f\u00fcr den gemeinsamen Einsatz [&hellip;]\" \/>\n<meta property=\"og:url\" content=\"https:\/\/vossloh-topic-lounge.com\/hsg-city-smart\/topic-07\/ihre-vorteile-mit-smart-maintenance-on-the-fly\/\" \/>\n<meta property=\"og:site_name\" content=\"Vossloh Topic Lounge\" \/>\n<meta property=\"article:modified_time\" content=\"2024-02-27T13:36:24+00:00\" \/>\n<meta property=\"og:image\" content=\"https:\/\/vossloh-topic-lounge.com\/wp-content\/uploads\/2024\/01\/240109pt1540_Topic-lounge_1200x627_lesbarer.jpg\" \/>\n\t<meta property=\"og:image:width\" content=\"1200\" \/>\n\t<meta property=\"og:image:height\" content=\"627\" \/>\n\t<meta property=\"og:image:type\" content=\"image\/jpeg\" \/>\n<meta name=\"twitter:card\" content=\"summary_large_image\" \/>\n<meta name=\"twitter:label1\" content=\"Gesch\u00e4tzte Lesezeit\" \/>\n\t<meta name=\"twitter:data1\" content=\"1\u00a0Minute\" \/>\n<script type=\"application\/ld+json\" class=\"yoast-schema-graph\">{\"@context\":\"https:\/\/schema.org\",\"@graph\":[{\"@type\":\"WebPage\",\"@id\":\"https:\/\/vossloh-topic-lounge.com\/hsg-city-smart\/topic-07\/ihre-vorteile-mit-smart-maintenance-on-the-fly\/\",\"url\":\"https:\/\/vossloh-topic-lounge.com\/hsg-city-smart\/topic-07\/ihre-vorteile-mit-smart-maintenance-on-the-fly\/\",\"name\":\"Ihre Vorteile mit Smart maintenance \u201aon the fly\u2018 | Vossloh Topic Lounge\",\"isPartOf\":{\"@id\":\"https:\/\/vossloh-topic-lounge.com\/#website\"},\"datePublished\":\"2022-09-09T20:34:40+00:00\",\"dateModified\":\"2024-02-27T13:36:24+00:00\",\"breadcrumb\":{\"@id\":\"https:\/\/vossloh-topic-lounge.com\/hsg-city-smart\/topic-07\/ihre-vorteile-mit-smart-maintenance-on-the-fly\/#breadcrumb\"},\"inLanguage\":\"de\",\"potentialAction\":[{\"@type\":\"ReadAction\",\"target\":[\"https:\/\/vossloh-topic-lounge.com\/hsg-city-smart\/topic-07\/ihre-vorteile-mit-smart-maintenance-on-the-fly\/\"]}]},{\"@type\":\"BreadcrumbList\",\"@id\":\"https:\/\/vossloh-topic-lounge.com\/hsg-city-smart\/topic-07\/ihre-vorteile-mit-smart-maintenance-on-the-fly\/#breadcrumb\",\"itemListElement\":[{\"@type\":\"ListItem\",\"position\":1,\"name\":\"Startseite\",\"item\":\"https:\/\/vossloh-topic-lounge.com\/\"},{\"@type\":\"ListItem\",\"position\":2,\"name\":\"HSG-city smart\",\"item\":\"https:\/\/vossloh-topic-lounge.com\/hsg-city-smart\/\"},{\"@type\":\"ListItem\",\"position\":3,\"name\":\"Thema 7 &#8211; Auswahl\",\"item\":\"https:\/\/vossloh-topic-lounge.com\/hsg-city-smart\/topic-07\/\"},{\"@type\":\"ListItem\",\"position\":4,\"name\":\"Ihre Vorteile mit Smart maintenance \u201aon the fly\u2018\"}]},{\"@type\":\"WebSite\",\"@id\":\"https:\/\/vossloh-topic-lounge.com\/#website\",\"url\":\"https:\/\/vossloh-topic-lounge.com\/\",\"name\":\"Vossloh Topic Lounge\",\"description\":\"\",\"publisher\":{\"@id\":\"https:\/\/vossloh-topic-lounge.com\/#organization\"},\"potentialAction\":[{\"@type\":\"SearchAction\",\"target\":{\"@type\":\"EntryPoint\",\"urlTemplate\":\"https:\/\/vossloh-topic-lounge.com\/?s={search_term_string}\"},\"query-input\":{\"@type\":\"PropertyValueSpecification\",\"valueRequired\":true,\"valueName\":\"search_term_string\"}}],\"inLanguage\":\"de\"},{\"@type\":\"Organization\",\"@id\":\"https:\/\/vossloh-topic-lounge.com\/#organization\",\"name\":\"VOSSLOH AG\",\"url\":\"https:\/\/vossloh-topic-lounge.com\/\",\"logo\":{\"@type\":\"ImageObject\",\"inLanguage\":\"de\",\"@id\":\"https:\/\/vossloh-topic-lounge.com\/#\/schema\/logo\/image\/\",\"url\":\"https:\/\/vossloh-topic-lounge.com\/wp-content\/uploads\/2022\/04\/Vossloh-Logo-enabling-green-mobility-RGB.png\",\"contentUrl\":\"https:\/\/vossloh-topic-lounge.com\/wp-content\/uploads\/2022\/04\/Vossloh-Logo-enabling-green-mobility-RGB.png\",\"width\":2560,\"height\":788,\"caption\":\"VOSSLOH AG\"},\"image\":{\"@id\":\"https:\/\/vossloh-topic-lounge.com\/#\/schema\/logo\/image\/\"}}]}<\/script>\n<!-- \/ Yoast SEO plugin. -->","yoast_head_json":{"title":"Ihre Vorteile mit Smart maintenance \u201aon the fly\u2018 | Vossloh Topic Lounge","robots":{"index":"index","follow":"follow","max-snippet":"max-snippet:-1","max-image-preview":"max-image-preview:large","max-video-preview":"max-video-preview:-1"},"canonical":"https:\/\/vossloh-topic-lounge.com\/hsg-city-smart\/topic-07\/ihre-vorteile-mit-smart-maintenance-on-the-fly\/","og_locale":"de_DE","og_type":"article","og_title":"Ihre Vorteile mit Smart maintenance \u201aon the fly\u2018 | Vossloh Topic Lounge","og_description":"Ihre Vorteile mit Smart maintenance \u201aon the fly\u2018 https:\/\/vimeo.com\/748465370 Lernen Sie Ihr Netz besser kennen \u00dcberblick \u00fcber den Gleiszustand &amp; seine Entwicklung Mehrere Detailstufen f\u00fcr alle Benutzer Treffen Sie fundierte Instandhaltungs-Entscheidungen Setzen Sie Ihre eigenen Ziele Simulieren und vergleichen Sie Ihre M\u00f6glichkeiten Nahtlose Integration in das Vossloh-Portfolio mapl-e und LRS-Messsystem sind f\u00fcr den gemeinsamen Einsatz [&hellip;]","og_url":"https:\/\/vossloh-topic-lounge.com\/hsg-city-smart\/topic-07\/ihre-vorteile-mit-smart-maintenance-on-the-fly\/","og_site_name":"Vossloh Topic Lounge","article_modified_time":"2024-02-27T13:36:24+00:00","og_image":[{"width":1200,"height":627,"url":"https:\/\/vossloh-topic-lounge.com\/wp-content\/uploads\/2024\/01\/240109pt1540_Topic-lounge_1200x627_lesbarer.jpg","type":"image\/jpeg"}],"twitter_card":"summary_large_image","twitter_misc":{"Gesch\u00e4tzte Lesezeit":"1\u00a0Minute"},"schema":{"@context":"https:\/\/schema.org","@graph":[{"@type":"WebPage","@id":"https:\/\/vossloh-topic-lounge.com\/hsg-city-smart\/topic-07\/ihre-vorteile-mit-smart-maintenance-on-the-fly\/","url":"https:\/\/vossloh-topic-lounge.com\/hsg-city-smart\/topic-07\/ihre-vorteile-mit-smart-maintenance-on-the-fly\/","name":"Ihre Vorteile mit Smart maintenance \u201aon the fly\u2018 | Vossloh Topic Lounge","isPartOf":{"@id":"https:\/\/vossloh-topic-lounge.com\/#website"},"datePublished":"2022-09-09T20:34:40+00:00","dateModified":"2024-02-27T13:36:24+00:00","breadcrumb":{"@id":"https:\/\/vossloh-topic-lounge.com\/hsg-city-smart\/topic-07\/ihre-vorteile-mit-smart-maintenance-on-the-fly\/#breadcrumb"},"inLanguage":"de","potentialAction":[{"@type":"ReadAction","target":["https:\/\/vossloh-topic-lounge.com\/hsg-city-smart\/topic-07\/ihre-vorteile-mit-smart-maintenance-on-the-fly\/"]}]},{"@type":"BreadcrumbList","@id":"https:\/\/vossloh-topic-lounge.com\/hsg-city-smart\/topic-07\/ihre-vorteile-mit-smart-maintenance-on-the-fly\/#breadcrumb","itemListElement":[{"@type":"ListItem","position":1,"name":"Startseite","item":"https:\/\/vossloh-topic-lounge.com\/"},{"@type":"ListItem","position":2,"name":"HSG-city smart","item":"https:\/\/vossloh-topic-lounge.com\/hsg-city-smart\/"},{"@type":"ListItem","position":3,"name":"Thema 7 &#8211; Auswahl","item":"https:\/\/vossloh-topic-lounge.com\/hsg-city-smart\/topic-07\/"},{"@type":"ListItem","position":4,"name":"Ihre Vorteile mit Smart maintenance \u201aon the fly\u2018"}]},{"@type":"WebSite","@id":"https:\/\/vossloh-topic-lounge.com\/#website","url":"https:\/\/vossloh-topic-lounge.com\/","name":"Vossloh Topic Lounge","description":"","publisher":{"@id":"https:\/\/vossloh-topic-lounge.com\/#organization"},"potentialAction":[{"@type":"SearchAction","target":{"@type":"EntryPoint","urlTemplate":"https:\/\/vossloh-topic-lounge.com\/?s={search_term_string}"},"query-input":{"@type":"PropertyValueSpecification","valueRequired":true,"valueName":"search_term_string"}}],"inLanguage":"de"},{"@type":"Organization","@id":"https:\/\/vossloh-topic-lounge.com\/#organization","name":"VOSSLOH AG","url":"https:\/\/vossloh-topic-lounge.com\/","logo":{"@type":"ImageObject","inLanguage":"de","@id":"https:\/\/vossloh-topic-lounge.com\/#\/schema\/logo\/image\/","url":"https:\/\/vossloh-topic-lounge.com\/wp-content\/uploads\/2022\/04\/Vossloh-Logo-enabling-green-mobility-RGB.png","contentUrl":"https:\/\/vossloh-topic-lounge.com\/wp-content\/uploads\/2022\/04\/Vossloh-Logo-enabling-green-mobility-RGB.png","width":2560,"height":788,"caption":"VOSSLOH AG"},"image":{"@id":"https:\/\/vossloh-topic-lounge.com\/#\/schema\/logo\/image\/"}}]}},"_links":{"self":[{"href":"https:\/\/vossloh-topic-lounge.com\/de\/wp-json\/wp\/v2\/pages\/10493","targetHints":{"allow":["GET"]}}],"collection":[{"href":"https:\/\/vossloh-topic-lounge.com\/de\/wp-json\/wp\/v2\/pages"}],"about":[{"href":"https:\/\/vossloh-topic-lounge.com\/de\/wp-json\/wp\/v2\/types\/page"}],"author":[{"embeddable":true,"href":"https:\/\/vossloh-topic-lounge.com\/de\/wp-json\/wp\/v2\/users\/2"}],"replies":[{"embeddable":true,"href":"https:\/\/vossloh-topic-lounge.com\/de\/wp-json\/wp\/v2\/comments?post=10493"}],"version-history":[{"count":5,"href":"https:\/\/vossloh-topic-lounge.com\/de\/wp-json\/wp\/v2\/pages\/10493\/revisions"}],"predecessor-version":[{"id":15055,"href":"https:\/\/vossloh-topic-lounge.com\/de\/wp-json\/wp\/v2\/pages\/10493\/revisions\/15055"}],"up":[{"embeddable":true,"href":"https:\/\/vossloh-topic-lounge.com\/de\/wp-json\/wp\/v2\/pages\/10491"}],"wp:attachment":[{"href":"https:\/\/vossloh-topic-lounge.com\/de\/wp-json\/wp\/v2\/media?parent=10493"}],"curies":[{"name":"wp","href":"https:\/\/api.w.org\/{rel}","templated":true}]}}