{"id":1202,"date":"2022-03-16T12:21:44","date_gmt":"2022-03-16T12:21:44","guid":{"rendered":"https:\/\/vossloh-topic-lounge.com\/\/?page_id=1202"},"modified":"2024-02-27T13:10:04","modified_gmt":"2024-02-27T13:10:04","slug":"easydrive","status":"publish","type":"page","link":"https:\/\/vossloh-topic-lounge.com\/de\/future-turnout-environment\/easydrive\/","title":{"rendered":"Easydrive"},"content":{"rendered":"\t\t<div data-elementor-type=\"wp-page\" data-elementor-id=\"1202\" class=\"elementor elementor-1202\" data-elementor-post-type=\"page\">\n\t\t\t\t\t\t<section class=\"elementor-section elementor-top-section elementor-element elementor-element-bb15b20 elementor-section-height-min-height single-page-max-width elementor-section-boxed elementor-section-height-default elementor-section-items-middle\" data-id=\"bb15b20\" data-element_type=\"section\" data-e-type=\"section\" id=\"oben\" data-settings=\"{&quot;background_background&quot;:&quot;classic&quot;}\">\n\t\t\t\t\t\t\t<div class=\"elementor-background-overlay\"><\/div>\n\t\t\t\t\t\t\t<div class=\"elementor-container elementor-column-gap-default\">\n\t\t\t\t\t<div class=\"elementor-column elementor-col-100 elementor-top-column elementor-element elementor-element-f49735b\" data-id=\"f49735b\" data-element_type=\"column\" data-e-type=\"column\">\n\t\t\t<div class=\"elementor-widget-wrap\">\n\t\t\t\t\t\t\t<\/div>\n\t\t<\/div>\n\t\t\t\t\t<\/div>\n\t\t<\/section>\n\t\t\t\t<section class=\"elementor-section elementor-top-section elementor-element elementor-element-49e1bfe elementor-section-boxed elementor-section-height-default elementor-section-height-default\" data-id=\"49e1bfe\" data-element_type=\"section\" data-e-type=\"section\" data-settings=\"{&quot;background_background&quot;:&quot;classic&quot;}\">\n\t\t\t\t\t\t<div class=\"elementor-container elementor-column-gap-default\">\n\t\t\t\t\t<div class=\"elementor-column elementor-col-100 elementor-top-column elementor-element elementor-element-6eaab6d\" data-id=\"6eaab6d\" data-element_type=\"column\" data-e-type=\"column\">\n\t\t\t<div class=\"elementor-widget-wrap elementor-element-populated\">\n\t\t\t\t\t\t<div class=\"elementor-element elementor-element-acd7731 elementor-widget elementor-widget-ucaddon_side_border_heading\" data-id=\"acd7731\" data-element_type=\"widget\" data-e-type=\"widget\" data-widget_type=\"ucaddon_side_border_heading.default\">\n\t\t\t\t<div class=\"elementor-widget-container\">\n\t\t\t\t\t\n<!-- start Side Line Heading -->\n<style>\/* widget: Side Line Heading *\/\n\n#uc_side_border_heading_elementor_acd7731\n{\n  display:flex;\n}\n\n#uc_side_border_heading_elementor_acd7731 .side_border_heading_title\n{\n  color:black;\n}\n\n#uc_side_border_heading_elementor_acd7731 .side_border_heading_subtitle\n{\n  line-height:1.5em;\n  color:gray;\n}\n#uc_side_border_heading_elementor_acd7731 .side_border_heading_line_holder{\nflex-shrink: 0;\n}\n\n#uc_side_border_heading_elementor_acd7731 .side_border_heading_line_spacer{\nflex-shrink: 0;\n}\n\n<\/style>\n\n<div id=\"uc_side_border_heading_elementor_acd7731\">\n  <div class=\"side_border_heading_line_holder\"><div class=\"side_border_heading_line\" style=\"background-color:#F0B40F;\"><\/div><\/div>\n  <div class=\"side_border_heading_line_spacer\"><\/div>\n  <div>\n    <div class=\"side_border_heading_title\"><span  class=\"uc_style_side_border_heading_elementor_title\" >Easydrive \u2013 kompakter & intelligenter Weichenantrieb<\/span><\/div>\n    <div class=\"side_border_heading_subtitle\"><\/div>\n  <\/div>\n<\/div>\n<!-- end Side Line Heading -->\t\t\t\t<\/div>\n\t\t\t\t<\/div>\n\t\t\t\t<section class=\"elementor-section elementor-inner-section elementor-element elementor-element-77c42d2 elementor-section-boxed elementor-section-height-default elementor-section-height-default\" data-id=\"77c42d2\" data-element_type=\"section\" data-e-type=\"section\">\n\t\t\t\t\t\t<div class=\"elementor-container elementor-column-gap-default\">\n\t\t\t\t\t<div class=\"elementor-column elementor-col-50 elementor-inner-column elementor-element elementor-element-98f3131\" data-id=\"98f3131\" data-element_type=\"column\" data-e-type=\"column\">\n\t\t\t<div class=\"elementor-widget-wrap elementor-element-populated\">\n\t\t\t\t\t\t<div class=\"elementor-element elementor-element-3d1ec2f vossloh-bullet elementor-widget elementor-widget-text-editor\" data-id=\"3d1ec2f\" data-element_type=\"widget\" data-e-type=\"widget\" data-widget_type=\"text-editor.default\">\n\t\t\t\t<div class=\"elementor-widget-container\">\n\t\t\t\t\t\t\t\t\t<p>Vernetztes elektrohydraulisches Bet\u00e4tigungssystem f\u00fcr den st\u00e4dtischen Nahverkehr (insbesondere Metro) als In-Track-L\u00f6sung zwischen den Gleisen:<\/p><ul><li>Ideal, wenn es auf kompakte Abmessungen ankommt<\/li><li>Flexibel anpassbar, verl\u00e4ngerte Leabensdauer, einfache Zustandsfern\u00fcberwachung<\/li><li>Ausr\u00fcstbar mit integrierten Sensoren, um verschiedene Informationen \u00fcber Funknetze zu \u00fcbertragen: Vernetzung der Schieneninfrastruktur f\u00fcr die Bereitstellung verschl\u00fcsselter Daten zur<ul><li><b>Verringerung der Instandhaltungsanforderungen<\/b><\/li><li><b>Maximierung der Infrastruktur-Verf\u00fcgbarkeit<\/b><\/li><li><b>Verbesserung der Betriebskapazit\u00e4ten.<\/b><\/li><\/ul><\/li><\/ul>\t\t\t\t\t\t\t\t<\/div>\n\t\t\t\t<\/div>\n\t\t\t\t<div class=\"elementor-element elementor-element-1ed7182 elementor-widget elementor-widget-spacer\" data-id=\"1ed7182\" data-element_type=\"widget\" data-e-type=\"widget\" data-widget_type=\"spacer.default\">\n\t\t\t\t<div class=\"elementor-widget-container\">\n\t\t\t\t\t\t\t<div class=\"elementor-spacer\">\n\t\t\t<div class=\"elementor-spacer-inner\"><\/div>\n\t\t<\/div>\n\t\t\t\t\t\t<\/div>\n\t\t\t\t<\/div>\n\t\t\t\t<div class=\"elementor-element elementor-element-f295d87 elementor-widget elementor-widget-button\" data-id=\"f295d87\" data-element_type=\"widget\" data-e-type=\"widget\" data-widget_type=\"button.default\">\n\t\t\t\t<div class=\"elementor-widget-container\">\n\t\t\t\t\t\t\t\t\t<div class=\"elementor-button-wrapper\">\n\t\t\t\t\t<a class=\"elementor-button elementor-button-link elementor-size-sm\" href=\"https:\/\/vossloh-ekiosk.com\/assets\/media\/Easydrive-i_EN.pdf\">\n\t\t\t\t\t\t<span class=\"elementor-button-content-wrapper\">\n\t\t\t\t\t\t<span class=\"elementor-button-icon\">\n\t\t\t\t<i aria-hidden=\"true\" class=\"fas fa-download\"><\/i>\t\t\t<\/span>\n\t\t\t\t\t\t\t\t\t<span class=\"elementor-button-text\">Produktbrosch\u00fcre Easydrive-i<\/span>\n\t\t\t\t\t<\/span>\n\t\t\t\t\t<\/a>\n\t\t\t\t<\/div>\n\t\t\t\t\t\t\t\t<\/div>\n\t\t\t\t<\/div>\n\t\t\t\t\t<\/div>\n\t\t<\/div>\n\t\t\t\t<div class=\"elementor-column elementor-col-50 elementor-inner-column elementor-element elementor-element-4bab66e\" data-id=\"4bab66e\" data-element_type=\"column\" data-e-type=\"column\">\n\t\t\t<div class=\"elementor-widget-wrap elementor-element-populated\">\n\t\t\t\t\t\t<div class=\"elementor-element elementor-element-fcc7d7e elementor-widget elementor-widget-image\" data-id=\"fcc7d7e\" data-element_type=\"widget\" data-e-type=\"widget\" data-widget_type=\"image.default\">\n\t\t\t\t<div class=\"elementor-widget-container\">\n\t\t\t\t\t\t\t\t\t\t\t\t\t\t\t\t<a href=\"https:\/\/vossloh-topic-lounge.com\/\/wp-content\/uploads\/2022\/05\/produktzusammenspiel.png\" data-elementor-open-lightbox=\"yes\" data-e-action-hash=\"#elementor-action%3Aaction%3Dlightbox%26settings%3DeyJpZCI6NDA5OCwidXJsIjoiaHR0cHM6XC9cL3Zvc3Nsb2gtdG9waWMtbG91bmdlLmNvbVwvd3AtY29udGVudFwvdXBsb2Fkc1wvMjAyMlwvMDVcL3Byb2R1a3R6dXNhbW1lbnNwaWVsLnBuZyJ9\">\n\t\t\t\t\t\t\t<img fetchpriority=\"high\" decoding=\"async\" width=\"800\" height=\"953\" src=\"https:\/\/vossloh-topic-lounge.com\/wp-content\/uploads\/2022\/05\/produktzusammenspiel-860x1024.png\" class=\"attachment-large size-large wp-image-4098\" alt=\"\" srcset=\"https:\/\/vossloh-topic-lounge.com\/wp-content\/uploads\/2022\/05\/produktzusammenspiel-860x1024.png 860w, https:\/\/vossloh-topic-lounge.com\/wp-content\/uploads\/2022\/05\/produktzusammenspiel-252x300.png 252w, https:\/\/vossloh-topic-lounge.com\/wp-content\/uploads\/2022\/05\/produktzusammenspiel-768x914.png 768w, https:\/\/vossloh-topic-lounge.com\/wp-content\/uploads\/2022\/05\/produktzusammenspiel-1290x1536.png 1290w, https:\/\/vossloh-topic-lounge.com\/wp-content\/uploads\/2022\/05\/produktzusammenspiel.png 1354w\" sizes=\"(max-width: 800px) 100vw, 800px\" \/>\t\t\t\t\t\t\t\t<\/a>\n\t\t\t\t\t\t\t\t\t\t\t\t\t\t\t<\/div>\n\t\t\t\t<\/div>\n\t\t\t\t\t<\/div>\n\t\t<\/div>\n\t\t\t\t\t<\/div>\n\t\t<\/section>\n\t\t\t\t<div class=\"elementor-element elementor-element-5df3048 elementor-view-stacked elementor-widget__width-auto elementor-fixed elementor-shape-circle elementor-widget elementor-widget-icon\" data-id=\"5df3048\" data-element_type=\"widget\" data-e-type=\"widget\" data-settings=\"{&quot;_position&quot;:&quot;fixed&quot;}\" data-widget_type=\"icon.default\">\n\t\t\t\t<div class=\"elementor-widget-container\">\n\t\t\t\t\t\t\t<div class=\"elementor-icon-wrapper\">\n\t\t\t<a class=\"elementor-icon\" href=\"#oben\">\n\t\t\t<i aria-hidden=\"true\" class=\"fas fa-chevron-up\"><\/i>\t\t\t<\/a>\n\t\t<\/div>\n\t\t\t\t\t\t<\/div>\n\t\t\t\t<\/div>\n\t\t\t\t\t<\/div>\n\t\t<\/div>\n\t\t\t\t\t<\/div>\n\t\t<\/section>\n\t\t\t\t<\/div>\n\t\t","protected":false},"excerpt":{"rendered":"<p>Easydrive \u2013 kompakter &#038; intelligenter Weichenantrieb Vernetztes elektrohydraulisches Bet\u00e4tigungssystem f\u00fcr den st\u00e4dtischen Nahverkehr (insbesondere Metro) als In-Track-L\u00f6sung zwischen den Gleisen: Ideal, wenn es auf kompakte Abmessungen ankommt Flexibel anpassbar, verl\u00e4ngerte Leabensdauer, einfache Zustandsfern\u00fcberwachung Ausr\u00fcstbar mit integrierten Sensoren, um verschiedene Informationen \u00fcber Funknetze zu \u00fcbertragen: Vernetzung der Schieneninfrastruktur f\u00fcr die Bereitstellung verschl\u00fcsselter Daten zur Verringerung der [&hellip;]<\/p>\n","protected":false},"author":1,"featured_media":0,"parent":201,"menu_order":0,"comment_status":"closed","ping_status":"closed","template":"elementor_theme","meta":{"_acf_changed":false,"footnotes":""},"class_list":["post-1202","page","type-page","status-publish","hentry"],"acf":[],"yoast_head":"<!-- This site is optimized with the Yoast SEO plugin v27.3 - https:\/\/yoast.com\/product\/yoast-seo-wordpress\/ -->\n<title>Easydrive | Vossloh Topic Lounge<\/title>\n<meta name=\"robots\" content=\"noindex, follow, max-snippet:-1, max-image-preview:large, max-video-preview:-1\" \/>\n<meta property=\"og:locale\" content=\"de_DE\" \/>\n<meta property=\"og:type\" content=\"article\" \/>\n<meta property=\"og:title\" content=\"Easydrive | Vossloh Topic Lounge\" \/>\n<meta property=\"og:description\" content=\"Easydrive \u2013 kompakter &#038; intelligenter Weichenantrieb Vernetztes elektrohydraulisches Bet\u00e4tigungssystem f\u00fcr den st\u00e4dtischen Nahverkehr (insbesondere Metro) als In-Track-L\u00f6sung zwischen den Gleisen: Ideal, wenn es auf kompakte Abmessungen ankommt Flexibel anpassbar, verl\u00e4ngerte Leabensdauer, einfache Zustandsfern\u00fcberwachung Ausr\u00fcstbar mit integrierten Sensoren, um verschiedene Informationen \u00fcber Funknetze zu \u00fcbertragen: Vernetzung der Schieneninfrastruktur f\u00fcr die Bereitstellung verschl\u00fcsselter Daten zur Verringerung der [&hellip;]\" \/>\n<meta property=\"og:url\" content=\"https:\/\/vossloh-topic-lounge.com\/future-turnout-environment\/easydrive\/\" \/>\n<meta property=\"og:site_name\" content=\"Vossloh Topic Lounge\" \/>\n<meta property=\"article:modified_time\" content=\"2024-02-27T13:10:04+00:00\" \/>\n<meta property=\"og:image\" content=\"https:\/\/vossloh-topic-lounge.com\/wp-content\/uploads\/2022\/05\/produktzusammenspiel-860x1024.png\" \/>\n<meta name=\"twitter:card\" content=\"summary_large_image\" \/>\n<meta name=\"twitter:label1\" content=\"Gesch\u00e4tzte Lesezeit\" \/>\n\t<meta name=\"twitter:data1\" content=\"1\u00a0Minute\" \/>\n<script type=\"application\/ld+json\" class=\"yoast-schema-graph\">{\"@context\":\"https:\\\/\\\/schema.org\",\"@graph\":[{\"@type\":\"WebPage\",\"@id\":\"https:\\\/\\\/vossloh-topic-lounge.com\\\/future-turnout-environment\\\/easydrive\\\/\",\"url\":\"https:\\\/\\\/vossloh-topic-lounge.com\\\/future-turnout-environment\\\/easydrive\\\/\",\"name\":\"Easydrive | Vossloh Topic Lounge\",\"isPartOf\":{\"@id\":\"https:\\\/\\\/vossloh-topic-lounge.com\\\/#website\"},\"primaryImageOfPage\":{\"@id\":\"https:\\\/\\\/vossloh-topic-lounge.com\\\/future-turnout-environment\\\/easydrive\\\/#primaryimage\"},\"image\":{\"@id\":\"https:\\\/\\\/vossloh-topic-lounge.com\\\/future-turnout-environment\\\/easydrive\\\/#primaryimage\"},\"thumbnailUrl\":\"https:\\\/\\\/vossloh-topic-lounge.com\\\/wp-content\\\/uploads\\\/2022\\\/05\\\/produktzusammenspiel-860x1024.png\",\"datePublished\":\"2022-03-16T12:21:44+00:00\",\"dateModified\":\"2024-02-27T13:10:04+00:00\",\"breadcrumb\":{\"@id\":\"https:\\\/\\\/vossloh-topic-lounge.com\\\/future-turnout-environment\\\/easydrive\\\/#breadcrumb\"},\"inLanguage\":\"de\",\"potentialAction\":[{\"@type\":\"ReadAction\",\"target\":[\"https:\\\/\\\/vossloh-topic-lounge.com\\\/future-turnout-environment\\\/easydrive\\\/\"]}]},{\"@type\":\"ImageObject\",\"inLanguage\":\"de\",\"@id\":\"https:\\\/\\\/vossloh-topic-lounge.com\\\/future-turnout-environment\\\/easydrive\\\/#primaryimage\",\"url\":\"https:\\\/\\\/vossloh-topic-lounge.com\\\/wp-content\\\/uploads\\\/2022\\\/05\\\/produktzusammenspiel-860x1024.png\",\"contentUrl\":\"https:\\\/\\\/vossloh-topic-lounge.com\\\/wp-content\\\/uploads\\\/2022\\\/05\\\/produktzusammenspiel-860x1024.png\"},{\"@type\":\"BreadcrumbList\",\"@id\":\"https:\\\/\\\/vossloh-topic-lounge.com\\\/future-turnout-environment\\\/easydrive\\\/#breadcrumb\",\"itemListElement\":[{\"@type\":\"ListItem\",\"position\":1,\"name\":\"Startseite\",\"item\":\"https:\\\/\\\/vossloh-topic-lounge.com\\\/\"},{\"@type\":\"ListItem\",\"position\":2,\"name\":\"Future turnout environment DE\",\"item\":\"https:\\\/\\\/vossloh-topic-lounge.com\\\/future-turnout-environment\\\/\"},{\"@type\":\"ListItem\",\"position\":3,\"name\":\"Easydrive\"}]},{\"@type\":\"WebSite\",\"@id\":\"https:\\\/\\\/vossloh-topic-lounge.com\\\/#website\",\"url\":\"https:\\\/\\\/vossloh-topic-lounge.com\\\/\",\"name\":\"Vossloh Topic Lounge\",\"description\":\"\",\"publisher\":{\"@id\":\"https:\\\/\\\/vossloh-topic-lounge.com\\\/#organization\"},\"potentialAction\":[{\"@type\":\"SearchAction\",\"target\":{\"@type\":\"EntryPoint\",\"urlTemplate\":\"https:\\\/\\\/vossloh-topic-lounge.com\\\/?s={search_term_string}\"},\"query-input\":{\"@type\":\"PropertyValueSpecification\",\"valueRequired\":true,\"valueName\":\"search_term_string\"}}],\"inLanguage\":\"de\"},{\"@type\":\"Organization\",\"@id\":\"https:\\\/\\\/vossloh-topic-lounge.com\\\/#organization\",\"name\":\"VOSSLOH AG\",\"url\":\"https:\\\/\\\/vossloh-topic-lounge.com\\\/\",\"logo\":{\"@type\":\"ImageObject\",\"inLanguage\":\"de\",\"@id\":\"https:\\\/\\\/vossloh-topic-lounge.com\\\/#\\\/schema\\\/logo\\\/image\\\/\",\"url\":\"https:\\\/\\\/vossloh-topic-lounge.com\\\/wp-content\\\/uploads\\\/2022\\\/04\\\/Vossloh-Logo-enabling-green-mobility-RGB.png\",\"contentUrl\":\"https:\\\/\\\/vossloh-topic-lounge.com\\\/wp-content\\\/uploads\\\/2022\\\/04\\\/Vossloh-Logo-enabling-green-mobility-RGB.png\",\"width\":2560,\"height\":788,\"caption\":\"VOSSLOH AG\"},\"image\":{\"@id\":\"https:\\\/\\\/vossloh-topic-lounge.com\\\/#\\\/schema\\\/logo\\\/image\\\/\"}}]}<\/script>\n<!-- \/ Yoast SEO plugin. -->","yoast_head_json":{"title":"Easydrive | Vossloh Topic Lounge","robots":{"index":"noindex","follow":"follow","max-snippet":"max-snippet:-1","max-image-preview":"max-image-preview:large","max-video-preview":"max-video-preview:-1"},"og_locale":"de_DE","og_type":"article","og_title":"Easydrive | Vossloh Topic Lounge","og_description":"Easydrive \u2013 kompakter &#038; intelligenter Weichenantrieb Vernetztes elektrohydraulisches Bet\u00e4tigungssystem f\u00fcr den st\u00e4dtischen Nahverkehr (insbesondere Metro) als In-Track-L\u00f6sung zwischen den Gleisen: Ideal, wenn es auf kompakte Abmessungen ankommt Flexibel anpassbar, verl\u00e4ngerte Leabensdauer, einfache Zustandsfern\u00fcberwachung Ausr\u00fcstbar mit integrierten Sensoren, um verschiedene Informationen \u00fcber Funknetze zu \u00fcbertragen: Vernetzung der Schieneninfrastruktur f\u00fcr die Bereitstellung verschl\u00fcsselter Daten zur Verringerung der [&hellip;]","og_url":"https:\/\/vossloh-topic-lounge.com\/future-turnout-environment\/easydrive\/","og_site_name":"Vossloh Topic Lounge","article_modified_time":"2024-02-27T13:10:04+00:00","og_image":[{"url":"https:\/\/vossloh-topic-lounge.com\/wp-content\/uploads\/2022\/05\/produktzusammenspiel-860x1024.png","type":"","width":"","height":""}],"twitter_card":"summary_large_image","twitter_misc":{"Gesch\u00e4tzte Lesezeit":"1\u00a0Minute"},"schema":{"@context":"https:\/\/schema.org","@graph":[{"@type":"WebPage","@id":"https:\/\/vossloh-topic-lounge.com\/future-turnout-environment\/easydrive\/","url":"https:\/\/vossloh-topic-lounge.com\/future-turnout-environment\/easydrive\/","name":"Easydrive | Vossloh Topic Lounge","isPartOf":{"@id":"https:\/\/vossloh-topic-lounge.com\/#website"},"primaryImageOfPage":{"@id":"https:\/\/vossloh-topic-lounge.com\/future-turnout-environment\/easydrive\/#primaryimage"},"image":{"@id":"https:\/\/vossloh-topic-lounge.com\/future-turnout-environment\/easydrive\/#primaryimage"},"thumbnailUrl":"https:\/\/vossloh-topic-lounge.com\/wp-content\/uploads\/2022\/05\/produktzusammenspiel-860x1024.png","datePublished":"2022-03-16T12:21:44+00:00","dateModified":"2024-02-27T13:10:04+00:00","breadcrumb":{"@id":"https:\/\/vossloh-topic-lounge.com\/future-turnout-environment\/easydrive\/#breadcrumb"},"inLanguage":"de","potentialAction":[{"@type":"ReadAction","target":["https:\/\/vossloh-topic-lounge.com\/future-turnout-environment\/easydrive\/"]}]},{"@type":"ImageObject","inLanguage":"de","@id":"https:\/\/vossloh-topic-lounge.com\/future-turnout-environment\/easydrive\/#primaryimage","url":"https:\/\/vossloh-topic-lounge.com\/wp-content\/uploads\/2022\/05\/produktzusammenspiel-860x1024.png","contentUrl":"https:\/\/vossloh-topic-lounge.com\/wp-content\/uploads\/2022\/05\/produktzusammenspiel-860x1024.png"},{"@type":"BreadcrumbList","@id":"https:\/\/vossloh-topic-lounge.com\/future-turnout-environment\/easydrive\/#breadcrumb","itemListElement":[{"@type":"ListItem","position":1,"name":"Startseite","item":"https:\/\/vossloh-topic-lounge.com\/"},{"@type":"ListItem","position":2,"name":"Future turnout environment DE","item":"https:\/\/vossloh-topic-lounge.com\/future-turnout-environment\/"},{"@type":"ListItem","position":3,"name":"Easydrive"}]},{"@type":"WebSite","@id":"https:\/\/vossloh-topic-lounge.com\/#website","url":"https:\/\/vossloh-topic-lounge.com\/","name":"Vossloh Topic Lounge","description":"","publisher":{"@id":"https:\/\/vossloh-topic-lounge.com\/#organization"},"potentialAction":[{"@type":"SearchAction","target":{"@type":"EntryPoint","urlTemplate":"https:\/\/vossloh-topic-lounge.com\/?s={search_term_string}"},"query-input":{"@type":"PropertyValueSpecification","valueRequired":true,"valueName":"search_term_string"}}],"inLanguage":"de"},{"@type":"Organization","@id":"https:\/\/vossloh-topic-lounge.com\/#organization","name":"VOSSLOH AG","url":"https:\/\/vossloh-topic-lounge.com\/","logo":{"@type":"ImageObject","inLanguage":"de","@id":"https:\/\/vossloh-topic-lounge.com\/#\/schema\/logo\/image\/","url":"https:\/\/vossloh-topic-lounge.com\/wp-content\/uploads\/2022\/04\/Vossloh-Logo-enabling-green-mobility-RGB.png","contentUrl":"https:\/\/vossloh-topic-lounge.com\/wp-content\/uploads\/2022\/04\/Vossloh-Logo-enabling-green-mobility-RGB.png","width":2560,"height":788,"caption":"VOSSLOH AG"},"image":{"@id":"https:\/\/vossloh-topic-lounge.com\/#\/schema\/logo\/image\/"}}]}},"_links":{"self":[{"href":"https:\/\/vossloh-topic-lounge.com\/de\/wp-json\/wp\/v2\/pages\/1202","targetHints":{"allow":["GET"]}}],"collection":[{"href":"https:\/\/vossloh-topic-lounge.com\/de\/wp-json\/wp\/v2\/pages"}],"about":[{"href":"https:\/\/vossloh-topic-lounge.com\/de\/wp-json\/wp\/v2\/types\/page"}],"author":[{"embeddable":true,"href":"https:\/\/vossloh-topic-lounge.com\/de\/wp-json\/wp\/v2\/users\/1"}],"replies":[{"embeddable":true,"href":"https:\/\/vossloh-topic-lounge.com\/de\/wp-json\/wp\/v2\/comments?post=1202"}],"version-history":[{"count":5,"href":"https:\/\/vossloh-topic-lounge.com\/de\/wp-json\/wp\/v2\/pages\/1202\/revisions"}],"predecessor-version":[{"id":14938,"href":"https:\/\/vossloh-topic-lounge.com\/de\/wp-json\/wp\/v2\/pages\/1202\/revisions\/14938"}],"up":[{"embeddable":true,"href":"https:\/\/vossloh-topic-lounge.com\/de\/wp-json\/wp\/v2\/pages\/201"}],"wp:attachment":[{"href":"https:\/\/vossloh-topic-lounge.com\/de\/wp-json\/wp\/v2\/media?parent=1202"}],"curies":[{"name":"wp","href":"https:\/\/api.w.org\/{rel}","templated":true}]}}