{"id":1213,"date":"2022-03-16T12:35:58","date_gmt":"2022-03-16T12:35:58","guid":{"rendered":"https:\/\/vossloh-topic-lounge.com\/\/?page_id=1213"},"modified":"2024-02-27T13:10:10","modified_gmt":"2024-02-27T13:10:10","slug":"ferninspektionsloesungen","status":"publish","type":"page","link":"https:\/\/vossloh-topic-lounge.com\/de\/future-turnout-environment\/ferninspektionsloesungen\/","title":{"rendered":"Ferninspektionsl\u00f6sungen f\u00fcr Weichen und Kreuzungen"},"content":{"rendered":"\t\t<div data-elementor-type=\"wp-page\" data-elementor-id=\"1213\" class=\"elementor elementor-1213\" data-elementor-post-type=\"page\">\n\t\t\t\t\t\t<section class=\"elementor-section elementor-top-section elementor-element elementor-element-bb15b20 elementor-section-height-min-height single-page-max-width elementor-section-boxed elementor-section-height-default elementor-section-items-middle\" data-id=\"bb15b20\" data-element_type=\"section\" data-e-type=\"section\" id=\"oben\" data-settings=\"{&quot;background_background&quot;:&quot;classic&quot;}\">\n\t\t\t\t\t\t\t<div class=\"elementor-background-overlay\"><\/div>\n\t\t\t\t\t\t\t<div class=\"elementor-container elementor-column-gap-default\">\n\t\t\t\t\t<div class=\"elementor-column elementor-col-100 elementor-top-column elementor-element elementor-element-f49735b\" data-id=\"f49735b\" data-element_type=\"column\" data-e-type=\"column\">\n\t\t\t<div class=\"elementor-widget-wrap\">\n\t\t\t\t\t\t\t<\/div>\n\t\t<\/div>\n\t\t\t\t\t<\/div>\n\t\t<\/section>\n\t\t\t\t<section class=\"elementor-section elementor-top-section elementor-element elementor-element-fb0a995 elementor-section-boxed elementor-section-height-default elementor-section-height-default\" data-id=\"fb0a995\" data-element_type=\"section\" data-e-type=\"section\" data-settings=\"{&quot;background_background&quot;:&quot;classic&quot;}\">\n\t\t\t\t\t\t<div class=\"elementor-container elementor-column-gap-default\">\n\t\t\t\t\t<div class=\"elementor-column elementor-col-100 elementor-top-column elementor-element elementor-element-cbb3e56\" data-id=\"cbb3e56\" data-element_type=\"column\" data-e-type=\"column\">\n\t\t\t<div class=\"elementor-widget-wrap elementor-element-populated\">\n\t\t\t\t\t\t<div class=\"elementor-element elementor-element-630f9ca elementor-widget elementor-widget-ucaddon_side_border_heading\" data-id=\"630f9ca\" data-element_type=\"widget\" data-e-type=\"widget\" data-widget_type=\"ucaddon_side_border_heading.default\">\n\t\t\t\t<div class=\"elementor-widget-container\">\n\t\t\t\t\t\n<!-- start Side Line Heading -->\n<style>\/* widget: Side Line Heading *\/\n\n#uc_side_border_heading_elementor_630f9ca\n{\n  display:flex;\n}\n\n#uc_side_border_heading_elementor_630f9ca .side_border_heading_title\n{\n  color:black;\n}\n\n#uc_side_border_heading_elementor_630f9ca .side_border_heading_subtitle\n{\n  line-height:1.5em;\n  color:gray;\n}\n#uc_side_border_heading_elementor_630f9ca .side_border_heading_line_holder{\nflex-shrink: 0;\n}\n\n#uc_side_border_heading_elementor_630f9ca .side_border_heading_line_spacer{\nflex-shrink: 0;\n}\n\n<\/style>\n\n<div id=\"uc_side_border_heading_elementor_630f9ca\">\n  <div class=\"side_border_heading_line_holder\"><div class=\"side_border_heading_line\" style=\"background-color:#F0B40F;\"><\/div><\/div>\n  <div class=\"side_border_heading_line_spacer\"><\/div>\n  <div>\n    <div class=\"side_border_heading_title\"><span  class=\"uc_style_side_border_heading_elementor_title\" >Ferninspektionsl\u00f6sungen f\u00fcr Weichen und Kreuzungen<\/span><\/div>\n    <div class=\"side_border_heading_subtitle\"><\/div>\n  <\/div>\n<\/div>\n<!-- end Side Line Heading -->\t\t\t\t<\/div>\n\t\t\t\t<\/div>\n\t\t\t\t<section class=\"elementor-section elementor-inner-section elementor-element elementor-element-20cc7cb elementor-section-boxed elementor-section-height-default elementor-section-height-default\" data-id=\"20cc7cb\" data-element_type=\"section\" data-e-type=\"section\">\n\t\t\t\t\t\t<div class=\"elementor-container elementor-column-gap-default\">\n\t\t\t\t\t<div class=\"elementor-column elementor-col-50 elementor-inner-column elementor-element elementor-element-e85482f\" data-id=\"e85482f\" data-element_type=\"column\" data-e-type=\"column\">\n\t\t\t<div class=\"elementor-widget-wrap elementor-element-populated\">\n\t\t\t\t\t\t<div data-pafe-toggle-content-type=\"content\" data-pafe-toggle-content-slug=\"\" data-pafe-toggle-content-height=\"\" data-pafe-toggle-content-height-tablet=\"\" data-pafe-toggle-content-height-mobile=\"\" data-pafe-toggle-content-speed=\"400\" data-pafe-toggle-content-easing=\"swing\" class=\"elementor-element elementor-element-59b204f vossloh-bullet elementor-widget elementor-widget-text-editor\" data-id=\"59b204f\" data-element_type=\"widget\" data-e-type=\"widget\" data-widget_type=\"text-editor.default\">\n\t\t\t\t<div class=\"elementor-widget-container\">\n\t\t\t\t\t\t\t\t\t<p><b>Hauptvorteile:<\/b><\/p><ul><li>Schnellere Freigabe in Pandemiezeiten<\/li><li>Neben dem Zeitgewinn auch Verringerung der Reisekosten &amp; des CO2-Fu\u00dfabdrucks<\/li><\/ul>\t\t\t\t\t\t\t\t<\/div>\n\t\t\t\t<\/div>\n\t\t\t\t<div data-pafe-toggle-content-type=\"content\" data-pafe-toggle-content-slug=\"\" data-pafe-toggle-content-height=\"\" data-pafe-toggle-content-height-tablet=\"\" data-pafe-toggle-content-height-mobile=\"\" data-pafe-toggle-content-speed=\"400\" data-pafe-toggle-content-easing=\"swing\" class=\"elementor-element elementor-element-8d7a1b0 vossloh-bullet elementor-widget elementor-widget-text-editor\" data-id=\"8d7a1b0\" data-element_type=\"widget\" data-e-type=\"widget\" data-widget_type=\"text-editor.default\">\n\t\t\t\t<div class=\"elementor-widget-container\">\n\t\t\t\t\t\t\t\t\t<ul><li>Bei unseren Ferntests zur Werksabnahme (<b>Remote FATs<\/b>) sind unsere Kunden virtuell \u201evor Ort\u201c. Moderne Video-Konferenztechnik erlaubt die Echtzeitkommunikation mit den Kunden bei<ul><li>Pr\u00fcfung<\/li><li>\u00dcberwachung<\/li><li>Validierung von Weichen und Kreuzungen, Weichenantrieben und zugeh\u00f6riger Ausr\u00fcstung<\/li><\/ul><\/li><\/ul>\t\t\t\t\t\t\t\t<\/div>\n\t\t\t\t<\/div>\n\t\t\t\t<div data-pafe-toggle-content-type=\"content\" data-pafe-toggle-content-slug=\"remote\" style=\"height:0px; overflow:hidden;\" data-pafe-toggle-content-height=\"0px\" data-pafe-toggle-content-height-tablet=\"0px\" data-pafe-toggle-content-height-mobile=\"0px\" data-pafe-toggle-content-speed=\"400\" data-pafe-toggle-content-easing=\"swing\" class=\"elementor-element elementor-element-2ce1715 vossloh-bullet elementor-widget elementor-widget-text-editor\" data-id=\"2ce1715\" data-element_type=\"widget\" data-e-type=\"widget\" data-widget_type=\"text-editor.default\">\n\t\t\t\t<div class=\"elementor-widget-container\">\n\t\t\t\t\t\t\t\t\t<ul><li>Weitere Einsatzzwecke :<ul><li>Fernwartung<\/li><li>technische Unterst\u00fctzung<\/li><li>Fernlehrg\u00e4nge und -schulungen<\/li><\/ul><\/li><\/ul>\t\t\t\t\t\t\t\t<\/div>\n\t\t\t\t<\/div>\n\t\t\t\t<div data-pafe-toggle-content-type=\"trigger-open\" data-pafe-toggle-content-slug=\"remote\" class=\"elementor-element elementor-element-d980765 vossloh-bullet elementor-widget elementor-widget-text-editor\" data-id=\"d980765\" data-element_type=\"widget\" data-e-type=\"widget\" data-widget_type=\"text-editor.default\">\n\t\t\t\t<div class=\"elementor-widget-container\">\n\t\t\t\t\t\t\t\t\t<p>mehr lesen<\/p>\t\t\t\t\t\t\t\t<\/div>\n\t\t\t\t<\/div>\n\t\t\t\t<div data-pafe-toggle-content-type=\"trigger-close\" data-pafe-toggle-content-slug=\"remote\" class=\"elementor-element elementor-element-31e5a8c vossloh-bullet elementor-widget elementor-widget-text-editor\" data-id=\"31e5a8c\" data-element_type=\"widget\" data-e-type=\"widget\" data-widget_type=\"text-editor.default\">\n\t\t\t\t<div class=\"elementor-widget-container\">\n\t\t\t\t\t\t\t\t\t<p>weniger lesen<\/p>\t\t\t\t\t\t\t\t<\/div>\n\t\t\t\t<\/div>\n\t\t\t\t\t<\/div>\n\t\t<\/div>\n\t\t\t\t<div class=\"elementor-column elementor-col-50 elementor-inner-column elementor-element elementor-element-07988c4\" data-id=\"07988c4\" data-element_type=\"column\" data-e-type=\"column\">\n\t\t\t<div class=\"elementor-widget-wrap elementor-element-populated\">\n\t\t\t\t\t\t<div class=\"elementor-element elementor-element-6e52086 elementor-widget elementor-widget-image\" data-id=\"6e52086\" data-element_type=\"widget\" data-e-type=\"widget\" data-widget_type=\"image.default\">\n\t\t\t\t<div class=\"elementor-widget-container\">\n\t\t\t\t\t\t\t\t\t\t\t\t\t\t\t\t<a href=\"https:\/\/vossloh-topic-lounge.com\/wp-content\/uploads\/2022\/03\/Situation-1-scaled.jpg\" data-elementor-open-lightbox=\"yes\" data-e-action-hash=\"#elementor-action%3Aaction%3Dlightbox%26settings%3DeyJpZCI6MjA2MCwidXJsIjoiaHR0cHM6XC9cL3Zvc3Nsb2gtdG9waWMtbG91bmdlLmNvbVwvd3AtY29udGVudFwvdXBsb2Fkc1wvMjAyMlwvMDNcL1NpdHVhdGlvbi0xLXNjYWxlZC5qcGcifQ%3D%3D\">\n\t\t\t\t\t\t\t<img fetchpriority=\"high\" decoding=\"async\" width=\"800\" height=\"600\" src=\"https:\/\/vossloh-topic-lounge.com\/wp-content\/uploads\/2022\/03\/Situation-1-1024x768.jpg\" class=\"attachment-large size-large wp-image-2060\" alt=\"\" srcset=\"https:\/\/vossloh-topic-lounge.com\/wp-content\/uploads\/2022\/03\/Situation-1-1024x768.jpg 1024w, https:\/\/vossloh-topic-lounge.com\/wp-content\/uploads\/2022\/03\/Situation-1-300x225.jpg 300w, https:\/\/vossloh-topic-lounge.com\/wp-content\/uploads\/2022\/03\/Situation-1-768x576.jpg 768w, https:\/\/vossloh-topic-lounge.com\/wp-content\/uploads\/2022\/03\/Situation-1-1536x1152.jpg 1536w, https:\/\/vossloh-topic-lounge.com\/wp-content\/uploads\/2022\/03\/Situation-1-2048x1536.jpg 2048w\" sizes=\"(max-width: 800px) 100vw, 800px\" \/>\t\t\t\t\t\t\t\t<\/a>\n\t\t\t\t\t\t\t\t\t\t\t\t\t\t\t<\/div>\n\t\t\t\t<\/div>\n\t\t\t\t\t<\/div>\n\t\t<\/div>\n\t\t\t\t\t<\/div>\n\t\t<\/section>\n\t\t\t\t<section class=\"elementor-section elementor-inner-section elementor-element elementor-element-5e23c67 elementor-section-boxed elementor-section-height-default elementor-section-height-default\" data-id=\"5e23c67\" data-element_type=\"section\" data-e-type=\"section\">\n\t\t\t\t\t\t<div class=\"elementor-container elementor-column-gap-default\">\n\t\t\t\t\t<div class=\"elementor-column elementor-col-50 elementor-inner-column elementor-element elementor-element-0ee1aaa\" data-id=\"0ee1aaa\" data-element_type=\"column\" data-e-type=\"column\">\n\t\t\t<div class=\"elementor-widget-wrap elementor-element-populated\">\n\t\t\t\t\t\t<div class=\"elementor-element elementor-element-e40ec56 vossloh-bullet elementor-widget elementor-widget-text-editor\" data-id=\"e40ec56\" data-element_type=\"widget\" data-e-type=\"widget\" data-widget_type=\"text-editor.default\">\n\t\t\t\t<div class=\"elementor-widget-container\">\n\t\t\t\t\t\t\t\t\t<p>Zum Abschluss erh\u00e4lt der Kunde eine Pr\u00fcfdokumentation, mit<\/p><ul><li>Videoaufnahmen der Weiche und der Weichenfunktion<\/li><li>Fotos von allen wichtigen Bereichen der Weiche<\/li><li>Checklisten, die nachweisen, dass die Weiche gem\u00e4\u00df den Vorgaben und Zeichnungen des Kunden angefertigt wurde<\/li><li>Materiallisten und Lieferspezifikationen<\/li><li>weiteren vom Kunden explizit angeforderten Informationen<\/li><\/ul>\t\t\t\t\t\t\t\t<\/div>\n\t\t\t\t<\/div>\n\t\t\t\t<div class=\"elementor-element elementor-element-16da6c7 elementor-widget elementor-widget-button\" data-id=\"16da6c7\" data-element_type=\"widget\" data-e-type=\"widget\" data-widget_type=\"button.default\">\n\t\t\t\t<div class=\"elementor-widget-container\">\n\t\t\t\t\t\t\t\t\t<div class=\"elementor-button-wrapper\">\n\t\t\t\t\t<a class=\"elementor-button elementor-button-link elementor-size-lg\" href=\"https:\/\/vossloh-ekiosk.com\/assets\/media\/Remote_Digital_Factory_Acceptance_Tests_FATs_DE.pdf\">\n\t\t\t\t\t\t<span class=\"elementor-button-content-wrapper\">\n\t\t\t\t\t\t<span class=\"elementor-button-icon\">\n\t\t\t\t<i aria-hidden=\"true\" class=\"fas fa-download\"><\/i>\t\t\t<\/span>\n\t\t\t\t\t\t\t\t\t<span class=\"elementor-button-text\">Weitere Informationen zu Remote FATs finden Sie in unserer Produktbrosch\u00fcre<\/span>\n\t\t\t\t\t<\/span>\n\t\t\t\t\t<\/a>\n\t\t\t\t<\/div>\n\t\t\t\t\t\t\t\t<\/div>\n\t\t\t\t<\/div>\n\t\t\t\t\t<\/div>\n\t\t<\/div>\n\t\t\t\t<div class=\"elementor-column elementor-col-50 elementor-inner-column elementor-element elementor-element-4325435\" data-id=\"4325435\" data-element_type=\"column\" data-e-type=\"column\">\n\t\t\t<div class=\"elementor-widget-wrap elementor-element-populated\">\n\t\t\t\t\t\t<div class=\"elementor-element elementor-element-aaa537e elementor-widget elementor-widget-image\" data-id=\"aaa537e\" data-element_type=\"widget\" data-e-type=\"widget\" data-widget_type=\"image.default\">\n\t\t\t\t<div class=\"elementor-widget-container\">\n\t\t\t\t\t\t\t\t\t\t\t\t\t\t\t\t<a href=\"https:\/\/vossloh-topic-lounge.com\/wp-content\/uploads\/2022\/03\/Situation-2-scaled.jpg\" data-elementor-open-lightbox=\"yes\" data-e-action-hash=\"#elementor-action%3Aaction%3Dlightbox%26settings%3DeyJpZCI6MjA2MiwidXJsIjoiaHR0cHM6XC9cL3Zvc3Nsb2gtdG9waWMtbG91bmdlLmNvbVwvd3AtY29udGVudFwvdXBsb2Fkc1wvMjAyMlwvMDNcL1NpdHVhdGlvbi0yLXNjYWxlZC5qcGcifQ%3D%3D\">\n\t\t\t\t\t\t\t<img decoding=\"async\" width=\"800\" height=\"600\" src=\"https:\/\/vossloh-topic-lounge.com\/wp-content\/uploads\/2022\/03\/Situation-2-1024x768.jpg\" class=\"attachment-large size-large wp-image-2062\" alt=\"\" srcset=\"https:\/\/vossloh-topic-lounge.com\/wp-content\/uploads\/2022\/03\/Situation-2-1024x768.jpg 1024w, https:\/\/vossloh-topic-lounge.com\/wp-content\/uploads\/2022\/03\/Situation-2-300x225.jpg 300w, https:\/\/vossloh-topic-lounge.com\/wp-content\/uploads\/2022\/03\/Situation-2-768x576.jpg 768w, https:\/\/vossloh-topic-lounge.com\/wp-content\/uploads\/2022\/03\/Situation-2-1536x1152.jpg 1536w, https:\/\/vossloh-topic-lounge.com\/wp-content\/uploads\/2022\/03\/Situation-2-2048x1536.jpg 2048w\" sizes=\"(max-width: 800px) 100vw, 800px\" \/>\t\t\t\t\t\t\t\t<\/a>\n\t\t\t\t\t\t\t\t\t\t\t\t\t\t\t<\/div>\n\t\t\t\t<\/div>\n\t\t\t\t\t<\/div>\n\t\t<\/div>\n\t\t\t\t\t<\/div>\n\t\t<\/section>\n\t\t\t\t<div class=\"elementor-element elementor-element-2dcc9b6 elementor-view-stacked elementor-widget__width-auto elementor-fixed elementor-shape-circle elementor-widget elementor-widget-icon\" data-id=\"2dcc9b6\" data-element_type=\"widget\" data-e-type=\"widget\" data-settings=\"{&quot;_position&quot;:&quot;fixed&quot;}\" data-widget_type=\"icon.default\">\n\t\t\t\t<div class=\"elementor-widget-container\">\n\t\t\t\t\t\t\t<div class=\"elementor-icon-wrapper\">\n\t\t\t<a class=\"elementor-icon\" href=\"#oben\">\n\t\t\t<i aria-hidden=\"true\" class=\"fas fa-chevron-up\"><\/i>\t\t\t<\/a>\n\t\t<\/div>\n\t\t\t\t\t\t<\/div>\n\t\t\t\t<\/div>\n\t\t\t\t\t<\/div>\n\t\t<\/div>\n\t\t\t\t\t<\/div>\n\t\t<\/section>\n\t\t\t\t<\/div>\n\t\t","protected":false},"excerpt":{"rendered":"<p>Ferninspektionsl\u00f6sungen f\u00fcr Weichen und Kreuzungen Hauptvorteile: Schnellere Freigabe in Pandemiezeiten Neben dem Zeitgewinn auch Verringerung der Reisekosten &amp; des CO2-Fu\u00dfabdrucks Bei unseren Ferntests zur Werksabnahme (Remote FATs) sind unsere Kunden virtuell \u201evor Ort\u201c. Moderne Video-Konferenztechnik erlaubt die Echtzeitkommunikation mit den Kunden bei Pr\u00fcfung \u00dcberwachung Validierung von Weichen und Kreuzungen, Weichenantrieben und zugeh\u00f6riger Ausr\u00fcstung Weitere Einsatzzwecke [&hellip;]<\/p>\n","protected":false},"author":1,"featured_media":0,"parent":201,"menu_order":0,"comment_status":"closed","ping_status":"closed","template":"elementor_canvas","meta":{"_acf_changed":false,"footnotes":""},"class_list":["post-1213","page","type-page","status-publish","hentry"],"acf":[],"yoast_head":"<!-- This site is optimized with the Yoast SEO plugin v27.3 - https:\/\/yoast.com\/product\/yoast-seo-wordpress\/ -->\n<title>Ferninspektionsl\u00f6sungen f\u00fcr Weichen und Kreuzungen | Vossloh Topic Lounge<\/title>\n<meta name=\"robots\" content=\"noindex, follow, max-snippet:-1, max-image-preview:large, max-video-preview:-1\" \/>\n<meta property=\"og:locale\" content=\"de_DE\" \/>\n<meta property=\"og:type\" content=\"article\" \/>\n<meta property=\"og:title\" content=\"Ferninspektionsl\u00f6sungen f\u00fcr Weichen und Kreuzungen | Vossloh Topic Lounge\" \/>\n<meta property=\"og:description\" content=\"Ferninspektionsl\u00f6sungen f\u00fcr Weichen und Kreuzungen Hauptvorteile: Schnellere Freigabe in Pandemiezeiten Neben dem Zeitgewinn auch Verringerung der Reisekosten &amp; des CO2-Fu\u00dfabdrucks Bei unseren Ferntests zur Werksabnahme (Remote FATs) sind unsere Kunden virtuell \u201evor Ort\u201c. Moderne Video-Konferenztechnik erlaubt die Echtzeitkommunikation mit den Kunden bei Pr\u00fcfung \u00dcberwachung Validierung von Weichen und Kreuzungen, Weichenantrieben und zugeh\u00f6riger Ausr\u00fcstung Weitere Einsatzzwecke [&hellip;]\" \/>\n<meta property=\"og:url\" content=\"https:\/\/vossloh-topic-lounge.com\/future-turnout-environment\/ferninspektionsloesungen\/\" \/>\n<meta property=\"og:site_name\" content=\"Vossloh Topic Lounge\" \/>\n<meta property=\"article:modified_time\" content=\"2024-02-27T13:10:10+00:00\" \/>\n<meta property=\"og:image\" content=\"https:\/\/vossloh-topic-lounge.com\/wp-content\/uploads\/2022\/03\/Situation-1-1024x768.jpg\" \/>\n<meta name=\"twitter:card\" content=\"summary_large_image\" \/>\n<meta name=\"twitter:label1\" content=\"Gesch\u00e4tzte Lesezeit\" \/>\n\t<meta name=\"twitter:data1\" content=\"2\u00a0Minuten\" \/>\n<script type=\"application\/ld+json\" class=\"yoast-schema-graph\">{\"@context\":\"https:\\\/\\\/schema.org\",\"@graph\":[{\"@type\":\"WebPage\",\"@id\":\"https:\\\/\\\/vossloh-topic-lounge.com\\\/future-turnout-environment\\\/ferninspektionsloesungen\\\/\",\"url\":\"https:\\\/\\\/vossloh-topic-lounge.com\\\/future-turnout-environment\\\/ferninspektionsloesungen\\\/\",\"name\":\"Ferninspektionsl\u00f6sungen f\u00fcr Weichen und Kreuzungen | Vossloh Topic Lounge\",\"isPartOf\":{\"@id\":\"https:\\\/\\\/vossloh-topic-lounge.com\\\/#website\"},\"primaryImageOfPage\":{\"@id\":\"https:\\\/\\\/vossloh-topic-lounge.com\\\/future-turnout-environment\\\/ferninspektionsloesungen\\\/#primaryimage\"},\"image\":{\"@id\":\"https:\\\/\\\/vossloh-topic-lounge.com\\\/future-turnout-environment\\\/ferninspektionsloesungen\\\/#primaryimage\"},\"thumbnailUrl\":\"https:\\\/\\\/vossloh-topic-lounge.com\\\/wp-content\\\/uploads\\\/2022\\\/03\\\/Situation-1-1024x768.jpg\",\"datePublished\":\"2022-03-16T12:35:58+00:00\",\"dateModified\":\"2024-02-27T13:10:10+00:00\",\"breadcrumb\":{\"@id\":\"https:\\\/\\\/vossloh-topic-lounge.com\\\/future-turnout-environment\\\/ferninspektionsloesungen\\\/#breadcrumb\"},\"inLanguage\":\"de\",\"potentialAction\":[{\"@type\":\"ReadAction\",\"target\":[\"https:\\\/\\\/vossloh-topic-lounge.com\\\/future-turnout-environment\\\/ferninspektionsloesungen\\\/\"]}]},{\"@type\":\"ImageObject\",\"inLanguage\":\"de\",\"@id\":\"https:\\\/\\\/vossloh-topic-lounge.com\\\/future-turnout-environment\\\/ferninspektionsloesungen\\\/#primaryimage\",\"url\":\"https:\\\/\\\/vossloh-topic-lounge.com\\\/wp-content\\\/uploads\\\/2022\\\/03\\\/Situation-1-1024x768.jpg\",\"contentUrl\":\"https:\\\/\\\/vossloh-topic-lounge.com\\\/wp-content\\\/uploads\\\/2022\\\/03\\\/Situation-1-1024x768.jpg\"},{\"@type\":\"BreadcrumbList\",\"@id\":\"https:\\\/\\\/vossloh-topic-lounge.com\\\/future-turnout-environment\\\/ferninspektionsloesungen\\\/#breadcrumb\",\"itemListElement\":[{\"@type\":\"ListItem\",\"position\":1,\"name\":\"Startseite\",\"item\":\"https:\\\/\\\/vossloh-topic-lounge.com\\\/\"},{\"@type\":\"ListItem\",\"position\":2,\"name\":\"Future turnout environment DE\",\"item\":\"https:\\\/\\\/vossloh-topic-lounge.com\\\/future-turnout-environment\\\/\"},{\"@type\":\"ListItem\",\"position\":3,\"name\":\"Ferninspektionsl\u00f6sungen f\u00fcr Weichen und Kreuzungen\"}]},{\"@type\":\"WebSite\",\"@id\":\"https:\\\/\\\/vossloh-topic-lounge.com\\\/#website\",\"url\":\"https:\\\/\\\/vossloh-topic-lounge.com\\\/\",\"name\":\"Vossloh Topic Lounge\",\"description\":\"\",\"publisher\":{\"@id\":\"https:\\\/\\\/vossloh-topic-lounge.com\\\/#organization\"},\"potentialAction\":[{\"@type\":\"SearchAction\",\"target\":{\"@type\":\"EntryPoint\",\"urlTemplate\":\"https:\\\/\\\/vossloh-topic-lounge.com\\\/?s={search_term_string}\"},\"query-input\":{\"@type\":\"PropertyValueSpecification\",\"valueRequired\":true,\"valueName\":\"search_term_string\"}}],\"inLanguage\":\"de\"},{\"@type\":\"Organization\",\"@id\":\"https:\\\/\\\/vossloh-topic-lounge.com\\\/#organization\",\"name\":\"VOSSLOH AG\",\"url\":\"https:\\\/\\\/vossloh-topic-lounge.com\\\/\",\"logo\":{\"@type\":\"ImageObject\",\"inLanguage\":\"de\",\"@id\":\"https:\\\/\\\/vossloh-topic-lounge.com\\\/#\\\/schema\\\/logo\\\/image\\\/\",\"url\":\"https:\\\/\\\/vossloh-topic-lounge.com\\\/wp-content\\\/uploads\\\/2022\\\/04\\\/Vossloh-Logo-enabling-green-mobility-RGB.png\",\"contentUrl\":\"https:\\\/\\\/vossloh-topic-lounge.com\\\/wp-content\\\/uploads\\\/2022\\\/04\\\/Vossloh-Logo-enabling-green-mobility-RGB.png\",\"width\":2560,\"height\":788,\"caption\":\"VOSSLOH AG\"},\"image\":{\"@id\":\"https:\\\/\\\/vossloh-topic-lounge.com\\\/#\\\/schema\\\/logo\\\/image\\\/\"}}]}<\/script>\n<!-- \/ Yoast SEO plugin. -->","yoast_head_json":{"title":"Ferninspektionsl\u00f6sungen f\u00fcr Weichen und Kreuzungen | Vossloh Topic Lounge","robots":{"index":"noindex","follow":"follow","max-snippet":"max-snippet:-1","max-image-preview":"max-image-preview:large","max-video-preview":"max-video-preview:-1"},"og_locale":"de_DE","og_type":"article","og_title":"Ferninspektionsl\u00f6sungen f\u00fcr Weichen und Kreuzungen | Vossloh Topic Lounge","og_description":"Ferninspektionsl\u00f6sungen f\u00fcr Weichen und Kreuzungen Hauptvorteile: Schnellere Freigabe in Pandemiezeiten Neben dem Zeitgewinn auch Verringerung der Reisekosten &amp; des CO2-Fu\u00dfabdrucks Bei unseren Ferntests zur Werksabnahme (Remote FATs) sind unsere Kunden virtuell \u201evor Ort\u201c. Moderne Video-Konferenztechnik erlaubt die Echtzeitkommunikation mit den Kunden bei Pr\u00fcfung \u00dcberwachung Validierung von Weichen und Kreuzungen, Weichenantrieben und zugeh\u00f6riger Ausr\u00fcstung Weitere Einsatzzwecke [&hellip;]","og_url":"https:\/\/vossloh-topic-lounge.com\/future-turnout-environment\/ferninspektionsloesungen\/","og_site_name":"Vossloh Topic Lounge","article_modified_time":"2024-02-27T13:10:10+00:00","og_image":[{"url":"https:\/\/vossloh-topic-lounge.com\/wp-content\/uploads\/2022\/03\/Situation-1-1024x768.jpg","type":"","width":"","height":""}],"twitter_card":"summary_large_image","twitter_misc":{"Gesch\u00e4tzte Lesezeit":"2\u00a0Minuten"},"schema":{"@context":"https:\/\/schema.org","@graph":[{"@type":"WebPage","@id":"https:\/\/vossloh-topic-lounge.com\/future-turnout-environment\/ferninspektionsloesungen\/","url":"https:\/\/vossloh-topic-lounge.com\/future-turnout-environment\/ferninspektionsloesungen\/","name":"Ferninspektionsl\u00f6sungen f\u00fcr Weichen und Kreuzungen | Vossloh Topic Lounge","isPartOf":{"@id":"https:\/\/vossloh-topic-lounge.com\/#website"},"primaryImageOfPage":{"@id":"https:\/\/vossloh-topic-lounge.com\/future-turnout-environment\/ferninspektionsloesungen\/#primaryimage"},"image":{"@id":"https:\/\/vossloh-topic-lounge.com\/future-turnout-environment\/ferninspektionsloesungen\/#primaryimage"},"thumbnailUrl":"https:\/\/vossloh-topic-lounge.com\/wp-content\/uploads\/2022\/03\/Situation-1-1024x768.jpg","datePublished":"2022-03-16T12:35:58+00:00","dateModified":"2024-02-27T13:10:10+00:00","breadcrumb":{"@id":"https:\/\/vossloh-topic-lounge.com\/future-turnout-environment\/ferninspektionsloesungen\/#breadcrumb"},"inLanguage":"de","potentialAction":[{"@type":"ReadAction","target":["https:\/\/vossloh-topic-lounge.com\/future-turnout-environment\/ferninspektionsloesungen\/"]}]},{"@type":"ImageObject","inLanguage":"de","@id":"https:\/\/vossloh-topic-lounge.com\/future-turnout-environment\/ferninspektionsloesungen\/#primaryimage","url":"https:\/\/vossloh-topic-lounge.com\/wp-content\/uploads\/2022\/03\/Situation-1-1024x768.jpg","contentUrl":"https:\/\/vossloh-topic-lounge.com\/wp-content\/uploads\/2022\/03\/Situation-1-1024x768.jpg"},{"@type":"BreadcrumbList","@id":"https:\/\/vossloh-topic-lounge.com\/future-turnout-environment\/ferninspektionsloesungen\/#breadcrumb","itemListElement":[{"@type":"ListItem","position":1,"name":"Startseite","item":"https:\/\/vossloh-topic-lounge.com\/"},{"@type":"ListItem","position":2,"name":"Future turnout environment DE","item":"https:\/\/vossloh-topic-lounge.com\/future-turnout-environment\/"},{"@type":"ListItem","position":3,"name":"Ferninspektionsl\u00f6sungen f\u00fcr Weichen und Kreuzungen"}]},{"@type":"WebSite","@id":"https:\/\/vossloh-topic-lounge.com\/#website","url":"https:\/\/vossloh-topic-lounge.com\/","name":"Vossloh Topic Lounge","description":"","publisher":{"@id":"https:\/\/vossloh-topic-lounge.com\/#organization"},"potentialAction":[{"@type":"SearchAction","target":{"@type":"EntryPoint","urlTemplate":"https:\/\/vossloh-topic-lounge.com\/?s={search_term_string}"},"query-input":{"@type":"PropertyValueSpecification","valueRequired":true,"valueName":"search_term_string"}}],"inLanguage":"de"},{"@type":"Organization","@id":"https:\/\/vossloh-topic-lounge.com\/#organization","name":"VOSSLOH AG","url":"https:\/\/vossloh-topic-lounge.com\/","logo":{"@type":"ImageObject","inLanguage":"de","@id":"https:\/\/vossloh-topic-lounge.com\/#\/schema\/logo\/image\/","url":"https:\/\/vossloh-topic-lounge.com\/wp-content\/uploads\/2022\/04\/Vossloh-Logo-enabling-green-mobility-RGB.png","contentUrl":"https:\/\/vossloh-topic-lounge.com\/wp-content\/uploads\/2022\/04\/Vossloh-Logo-enabling-green-mobility-RGB.png","width":2560,"height":788,"caption":"VOSSLOH AG"},"image":{"@id":"https:\/\/vossloh-topic-lounge.com\/#\/schema\/logo\/image\/"}}]}},"_links":{"self":[{"href":"https:\/\/vossloh-topic-lounge.com\/de\/wp-json\/wp\/v2\/pages\/1213","targetHints":{"allow":["GET"]}}],"collection":[{"href":"https:\/\/vossloh-topic-lounge.com\/de\/wp-json\/wp\/v2\/pages"}],"about":[{"href":"https:\/\/vossloh-topic-lounge.com\/de\/wp-json\/wp\/v2\/types\/page"}],"author":[{"embeddable":true,"href":"https:\/\/vossloh-topic-lounge.com\/de\/wp-json\/wp\/v2\/users\/1"}],"replies":[{"embeddable":true,"href":"https:\/\/vossloh-topic-lounge.com\/de\/wp-json\/wp\/v2\/comments?post=1213"}],"version-history":[{"count":5,"href":"https:\/\/vossloh-topic-lounge.com\/de\/wp-json\/wp\/v2\/pages\/1213\/revisions"}],"predecessor-version":[{"id":14941,"href":"https:\/\/vossloh-topic-lounge.com\/de\/wp-json\/wp\/v2\/pages\/1213\/revisions\/14941"}],"up":[{"embeddable":true,"href":"https:\/\/vossloh-topic-lounge.com\/de\/wp-json\/wp\/v2\/pages\/201"}],"wp:attachment":[{"href":"https:\/\/vossloh-topic-lounge.com\/de\/wp-json\/wp\/v2\/media?parent=1213"}],"curies":[{"name":"wp","href":"https:\/\/api.w.org\/{rel}","templated":true}]}}