{"id":14696,"date":"2024-01-24T10:44:42","date_gmt":"2024-01-24T10:44:42","guid":{"rendered":"https:\/\/vossloh-topic-lounge.com\/?page_id=14696"},"modified":"2024-01-24T11:19:46","modified_gmt":"2024-01-24T11:19:46","slug":"datenschutzerklaerung","status":"publish","type":"page","link":"https:\/\/vossloh-topic-lounge.com\/de\/datenschutzerklaerung\/","title":{"rendered":"Datenschutzerkl\u00e4rung"},"content":{"rendered":"\t\t<div data-elementor-type=\"wp-page\" data-elementor-id=\"14696\" class=\"elementor elementor-14696 elementor-14674\" data-elementor-post-type=\"page\">\n\t\t\t\t\t\t<section class=\"elementor-section elementor-top-section elementor-element elementor-element-55d20db elementor-section-boxed elementor-section-height-default elementor-section-height-default\" data-id=\"55d20db\" data-element_type=\"section\">\n\t\t\t\t\t\t<div class=\"elementor-container elementor-column-gap-default\">\n\t\t\t\t\t<div class=\"elementor-column elementor-col-100 elementor-top-column elementor-element elementor-element-91ee71e\" data-id=\"91ee71e\" data-element_type=\"column\">\n\t\t\t<div class=\"elementor-widget-wrap elementor-element-populated\">\n\t\t\t\t\t\t<div class=\"elementor-element elementor-element-f1d09af elementor-widget elementor-widget-heading\" data-id=\"f1d09af\" data-element_type=\"widget\" data-widget_type=\"heading.default\">\n\t\t\t\t<div class=\"elementor-widget-container\">\n\t\t\t\t\t<span class=\"elementor-heading-title elementor-size-default\">Datenschutzerkl\u00e4rung des Vossloh Konzerns<\/span>\t\t\t\t<\/div>\n\t\t\t\t<\/div>\n\t\t\t\t\t<\/div>\n\t\t<\/div>\n\t\t\t\t\t<\/div>\n\t\t<\/section>\n\t\t\t\t<section class=\"elementor-section elementor-top-section elementor-element elementor-element-a4c735c elementor-section-boxed elementor-section-height-default elementor-section-height-default\" data-id=\"a4c735c\" data-element_type=\"section\">\n\t\t\t\t\t\t<div class=\"elementor-container elementor-column-gap-default\">\n\t\t\t\t\t<div class=\"elementor-column elementor-col-100 elementor-top-column elementor-element elementor-element-e395d28\" data-id=\"e395d28\" data-element_type=\"column\">\n\t\t\t<div class=\"elementor-widget-wrap elementor-element-populated\">\n\t\t\t\t\t\t<div class=\"elementor-element elementor-element-186fdac elementor-widget elementor-widget-text-editor\" data-id=\"186fdac\" data-element_type=\"widget\" data-widget_type=\"text-editor.default\">\n\t\t\t\t<div class=\"elementor-widget-container\">\n\t\t\t\t\t\t\t\t\t<p>Vossloh ist der Schutz der Privatsph\u00e4re seiner Kunden und Interessenten ein wesentliches Anliegen. Dies gilt insbesondere auch f\u00fcr den Umgang mit Ihren \u00fcber unsere Website www.vossloh.com \/ www.vossloh.de erhobenen personenbezogenen Daten. In der nachfolgenden Datenschutzerkl\u00e4rung m\u00f6chten wir Ihnen erl\u00e4utern, welche Daten wir erheben, wozu wir sie nutzen und welche Rechte Sie besitzen. S\u00e4mtliche, von Vossloh erhobenen Daten werden im Einklang mit den anwendbaren Datenschutzvorschriften, insbesondere der Europ\u00e4ischen Datenschutzgrundverordnung (\u201eDS-GVO\u201c) erhoben, gespeichert und verarbeitet. Die in dieser Erkl\u00e4rung erl\u00e4uterten Datenschutzgrunds\u00e4tze gelten nicht f\u00fcr Websites im Internet, die Sie durch Hyperlinks von unserer Website aus aufrufen k\u00f6nnen.<\/p><p>Bitte bedenken Sie, dass die Daten\u00fcbertragung im Internet grunds\u00e4tzlich mit Sicherheitsl\u00fccken bedacht sein kann. Ein vollumf\u00e4nglicher Schutz vor dem Zugriff durch Dritte ist nicht realisierbar.<\/p><p><strong>Welche Daten werden in welcher Weise erhoben?<\/strong><\/p><p>\u00dcber unsere Website k\u00f6nnen Sie auf verschiedene Weise Information bezogen auf unser Unternehmen und die von uns angebotenen Produkte und Dienstleistungen erhalten. Sie haben beispielsweise entweder die M\u00f6glichkeit, den von uns angebotenen Newsletter Service zu abonnieren, unsere Publikationen zu bestellen bzw. herunter zu laden oder direkt mit unserer Investor Relations- und Presse-Abteilung bzw. allgemein zu Vossloh Kontakt aufzunehmen. Dar\u00fcber hinaus haben Sie die M\u00f6glichkeit, sich online bei uns zu bewerben.<\/p><p>Sollten Sie von einer der aufgez\u00e4hlten Informationsm\u00f6glichkeiten Gebrauch machen oder sich online bei uns bewerben, werden Sie auf ein entsprechendes Kontakt- bzw. Bewerbungspostfach \u00fcbergeleitet. Es werden dabei ausschlie\u00dflich die in die jeweilige Eingabemaske eingetragenen Daten sowie etwaig zugesandte Bewerbungsdokumente gespeichert. Nach Eingabe bzw. Zusendung Ihrer Daten werden diese automatisch, per Mail, an den zust\u00e4ndigen Sachbearbeiter weitergeleitet.<\/p><p>Soweit dies f\u00fcr die Erbringung der von Ihnen angefragten Leistungen oder zum Zwecke der Bearbeitung Ihrer Online-Bewerbung erforderlich ist, werden wir die von Ihnen entweder in dem jeweiligen Kontaktformular oder im Rahmen Ihrer Online-Bewerbung gemachten personenbezogenen Angaben, das sind insbesondere Ihr Name, Ihre Adresse, Telefonnummer und E-Mail Adresse erheben.<\/p><p>Rechtsgrundlage f\u00fcr die Verarbeitung personenbezogener Daten auf dieser Website ist Art. 6, Abs. 1, (b) DS-GVO, soweit in den folgenden Abschnitten nicht anders beschrieben.<\/p><p><strong>Wann und wie werden Informationen automatisch erhoben? <\/strong><\/p><p>Auf dieser Website werden mit Technologien der etracker GmbH Daten zu Marketing- und Optimierungszwecken gesammelt und gespeichert. Aus diesen Daten k\u00f6nnen unter einem Pseudonym Nutzungsprofile erstellt werden. Hierzu werden Cookies eingesetzt werden. Bei Cookies handelt es sich um kleine Textdateien, die lokal im Zwischenspeicher des Internetbrowsers des Seitenbesuchers gespeichert werden. Die mit den etracker-Technologien erhobenen Daten werden ohne gesondert erteilte Zustimmung des Betroffenen nicht dazu benutzt, den Besucher dieser Website pers\u00f6nlich zu identifizieren und nicht mit personenbezogenen Daten \u00fcber den Tr\u00e4ger des Pseudonyms zusammengef\u00fchrt. Der Datenerhebung und -speicherung kann jederzeit mit Wirkung f\u00fcr die Zukunft widersprochen werden.<\/p><p>\u00a0<\/p><div class=\"cookie-reject\">\u00a0<\/div><p>\u00a0<\/p><p>Wenn wir den Disclaimer einsetzen (IR-Bereich) werden Cookies eingesetzt. Es wird daf\u00fcr keine IP-Adresse bei uns gespeichert.<\/p><p>Wir setzen auf unserer Website ein &#8222;Content-Delivery-Network&#8220; (CDN) ein. Ein CDN ist ein Dienst, mit dessen Hilfe Inhalte eines Onlineangebotes, insbesondere gro\u00dfe Mediendateien, wie Grafiken oder Programm-Skripte, mit Hilfe regional verteilter und \u00fcber das Internet verbundener Server schneller und sicherer ausgeliefert werden k\u00f6nnen. Rechtsgrundlage f\u00fcr die Nutzung von CDN-Diensten auf unserer Website sind Berechtigte Interessen (Art. 6 Abs. 1, (f) DS-GVO).<\/p><p><strong>F\u00fcr welche Zwecke und wie lange verwenden wir Ihre pers\u00f6nlichen Daten? <\/strong><\/p><p>Vossloh nutzt Ihre personenbezogenen Daten zu Zwecken der technischen Administration der Website, zur Kunden- und Bewerberverwaltung und f\u00fcr das Marketing jeweils nur im daf\u00fcr gesetzlich erlaubten und erforderlichen Umfang. Wenn Sie sich entschlie\u00dfen, uns Ihre Pers\u00f6nlichen Daten zu den genannten Zwecken mitzuteilen, werden diese Daten ausschlie\u00dflich zu diesen Zwecken gespeichert und verwendet.<\/p><p>F\u00fcr Vertreter der Presse und interessierte Dritte stellen wir einen Newsletter Service zur Verf\u00fcgung. Diesen k\u00f6nnen Sie abonnieren. Die bei der Newsletter-Anmeldung abgegebenen Daten werden, sofern Sie nicht ausdr\u00fccklich einer zweckgebundenen weitergehenden Nutzung zustimmen, ausschlie\u00dflich f\u00fcr den Versand des Newsletters verwendet. Sie k\u00f6nnen das Abonnement jederzeit \u00fcber die im Newsletter vorgesehene Abmeldem\u00f6glichkeit beenden.<\/p><p>Im Rahmen einer elektronischen Bewerbung mitgeteilte pers\u00f6nliche Daten werden grunds\u00e4tzlich ausschlie\u00dflich f\u00fcr die Bearbeitung der Bewerbung und Ansprache des Bewerbers genutzt.<\/p><p>Schlie\u00dft Vossloh mit einem Bewerber einen Anstellungsvertrag, werden die \u00fcbermittelten Daten zum Zwecke der Abwicklung des Besch\u00e4ftigungsverh\u00e4ltnisses unter Beachtung der gesetzlichen Vorschriften gespeichert.<\/p><p>Ferner werden Ihre pers\u00f6nlichen Daten nach Abschluss des Bewerbungsprozesses, auch f\u00fcr den Fall, dass es zu keinem Anstellungsvertrag mit dem Bewerber kommt, von den f\u00fcr unser Personalmanagement zust\u00e4ndigen Mitarbeitern grunds\u00e4tzlich zwei Monate nach Bekanntgabe der Absageentscheidung gel\u00f6scht, sofern einer L\u00f6schung keine sonstigen berechtigten Interessen von Vossloh entgegenstehen. Sonstiges berechtigtes Interesse ist beispielsweise die Nachweispflicht f\u00fcr die Durchf\u00fchrung eines offenen und diskriminierungsfreien Bewerbungsverfahrens nach den Grunds\u00e4tzen des Allgemeinen Gleichbehandlungsgesetzes (AGG) oder entsprechenden Gesetzen anderer nationaler Rechtsordnungen.<\/p><p>Speichernde Stelle Ihrer pers\u00f6nlichen Daten ist grunds\u00e4tzlich Vossloh. Vossloh kann jedoch z.B. externe IT-Dienstleister oder Unternehmen der Vossloh-Gruppe mit der Speicherung und Verarbeitung Ihrer pers\u00f6nlichen Daten beauftragen. In diesem Fall hat Vossloh mit dem Dienstleister eine Vereinbarung zur Auftragsdatenverarbeitung geschlossen, welche die datenschutzkonforme Behandlung Ihrer personenbezogenen Daten sicherstellt.<\/p><p><strong>Wann und wie erfolgt eine Weitergabe Ihrer pers\u00f6nlichen Daten an Dritte? <\/strong><\/p><p>Eine Weitergabe Ihrer pers\u00f6nlichen Daten an Dritte erfolgt nur dann, wenn dies f\u00fcr die Bearbeitung Ihrer Anfrage oder aufgrund zwingender gesetzlicher Vorgaben erforderlich ist. F\u00fcr dar\u00fcber hinausgehende Zwecke, wie beispielsweise f\u00fcr Marktforschung oder sonstiges Marketing, werden Ihre pers\u00f6nlichen Daten nicht an Dritte weitergegeben.<\/p><p><strong>Social Plugins<\/strong><\/p><p>Vossloh verwendet sogenannte Social Plugins (nachfolgend Schaltfl\u00e4chen), in Form von Verweisen (Links) von unserer Website auf die sozialen Netzwerke Facebook, Google+ und Twitter sowie auf das Videoportal Youtube. Hierf\u00fcr gelten die folgenden Datenschutzhinweise:<\/p><p>Bei Ihrem Besuch auf unserer Website sind diese Schaltfl\u00e4chen standardm\u00e4\u00dfig deaktiviert. Bevor Sie die Schaltfl\u00e4chen benutzen, m\u00fcssen Sie diese mit Ihrem Klick aktivieren. Die Schaltfl\u00e4che bleibt so lange aktiv, bis Sie sie wieder deaktivieren oder Ihre Cookies l\u00f6schen.<\/p><p>Nach der Aktivierung wird eine direkte Verbindung mit dem Server des jeweiligen sozialen Netzwerks, bzw. Youtube aufgebaut. Der Inhalt der Schaltfl\u00e4che wird dann von den sozialen Netzwerken bzw. Youtube direkt an Ihren Browser \u00fcbertragen und von diesem in die Website eingebunden.<\/p><p>Nach Aktivierung einer Schaltfl\u00e4che kann das jeweilige soziale Netzwerk bzw. Youtube bereits Daten erheben, unabh\u00e4ngig davon, ob Sie mit der Schaltfl\u00e4che interagieren. Sind Sie bei einem sozialen Netzwerk oder \u00fcber ein Google Konto bei Youtube eingeloggt, kann dieses Ihren Besuch der Website Ihrem Benutzerkonto zuordnen.<\/p><p>Wenn Sie Mitglied in einem sozialen Netzwerk sind und nicht m\u00f6chten, dass dieses die bei Ihrem Besuch unserer Website gesammelten Daten mit Ihren gespeicherten Mitgliedsdaten verkn\u00fcpft, m\u00fcssen Sie sich vor der Aktivierung der Schaltfl\u00e4chen aus dem jeweiligen sozialen Netzwerk ausloggen.<\/p><p>Auf den Umfang der Daten, die von den sozialen Netzwerken bzw. Youtube mit der Aktivierung der jeweiligen Schaltfl\u00e4chen erhoben werden, haben wir keinen Einfluss. Zweck und Umfang der Datenerhebung und die weitere Verarbeitung und Nutzung der Daten durch die jeweiligen sozialen Netzwerke und Youtube sowie Ihre diesbez\u00fcglichen Rechte und Einstellungsm\u00f6glichkeiten zum Schutz Ihrer Privatsph\u00e4re entnehmen Sie bitte den Datenschutzhinweisen der jeweiligen Anbieter.<\/p><p><strong>Wie sch\u00fctzen wir Ihre Daten?<\/strong><\/p><p>S\u00e4mtliche Ihrer \u00fcber diese Website erhobenen personenbezogenen Daten werden durch geeignete technische und organisatorische Ma\u00dfnahmen gegen zuf\u00e4llige oder vors\u00e4tzliche Manipulationen, Verlust, Zerst\u00f6rung oder gegen den Zugriff unberechtigter Personen oder Missbrauch gesch\u00fctzt. Die Sicherheitsvorkehrungen werden entsprechend der technologischen Entwicklung fortlaufend verbessert. Ihre Daten werden beispielsweise in einer sicheren, der \u00d6ffentlichkeit nicht zug\u00e4nglichen Betriebsumgebung gespeichert. In bestimmten F\u00e4llen werden Ihre personenbezogenen Daten w\u00e4hrend der \u00dcbermittlung durch die Secure Socket Layer (SSL) \u2013 Technologie verschl\u00fcsselt. Das hei\u00dft, ein zugelassenes Verschl\u00fcsselungsverfahren wird f\u00fcr die Kommunikation zwischen Ihrem Rechner und den Vossloh-Servern verwendet, sofern Ihr Browser SSL unterst\u00fctzt.<\/p><p>Unsere Besch\u00e4ftigten sind gem\u00e4\u00df den anwendbaren datenschutzrechtlichen Regeln auf die besonderen Verschwiegenheitserfordernisse verpflichtet.<\/p><p><strong>Was sind Ihre Rechte?<\/strong><\/p><p>Ihre Rechte ergeben sich aus den jeweiligen Regeln der DS-GVO (Artikel 15 bis 21). <br \/>Es sind im Einzelnen die Rechte auf:<br \/><object width=\"300\" height=\"150\"><ul class=\"list-style__dash\"><li><span class=\"flex-dash\"><span>Auskunft<\/span><\/span><\/li><li><span class=\"flex-dash\"><span>Berichtigung<\/span><\/span><\/li><li><span class=\"flex-dash\"><span>L\u00f6schung<\/span><\/span><\/li><li><span class=\"flex-dash\"><span>Widerspruch<\/span><\/span><\/li><\/ul><\/object><\/p><p>Auf schriftliche Anforderung informieren wir Sie m\u00f6glichst umgehend dar\u00fcber, welche pers\u00f6nlichen Daten \u00fcber Sie bei uns gespeichert sind. Sollten Ihre bei uns gespeicherten personenbezogenen Daten nicht (mehr) richtig sein, k\u00f6nnen Sie eine Berichtigung verlangen. Sollten Ihre Daten unvollst\u00e4ndig sein, k\u00f6nnen Sie eine Vervollst\u00e4ndigung verlangen. Wenn wir Ihre Angaben an Dritte weitergegeben haben, informieren wir diese Dritten \u00fcber Ihre Berichtigung \u2013 sofern dies gesetzlich vorgeschrieben ist.<\/p><p>Eine L\u00f6schung Ihrer von uns gespeicherten personenbezogenen Daten k\u00f6nnen Sie unter anderem dann beantragen, wenn Ihre Daten f\u00fcr die Zwecke, zu denen sie erhoben wurden, nicht l\u00e4nger ben\u00f6tigt werden, sie unrechtm\u00e4\u00dfig verarbeitet wurden, Sie Ihre Einwilligung widerrufen haben oder es an einer anderweitigen Rechtsgrundlage fehlt.<\/p><p>Einer Verarbeitung Ihrer personenbezogenen Daten, die wir aufgrund von berechtigten Interessen oder im \u00f6ffentlichen Interesse verarbeiten, d\u00fcrfen Sie widersprechen, soweit wir keine zwingenden schutzw\u00fcrdigen Gr\u00fcnde f\u00fcr die Verarbeitung nachweisen, die Ihre Interessen, Rechte und Freiheiten \u00fcberwiegen, oder die Verarbeitung dient der Geltendmachung, Aus\u00fcbung oder Verteidigung von Rechtsanspr\u00fcchen.<\/p><p>\u00a0<\/p><p data-ogsb=\"white\"><strong>Nutzung der SalesViewer\u00ae-Technologie<\/strong><\/p><p data-ogsb=\"white\"><span data-ogsc=\"rgb(84, 84, 84)\">Auf dieser Webseite werden mit der SalesViewer\u00ae-Technologie der SalesViewer\u00ae GmbH auf Grundlage berechtigter Interessen des Webseitenbetreibers (Art. 6 Abs.1 lit.f DSGVO) Daten zu Marketing-, Marktforschungs- und Optimierungszwecken gesammelt und gespeichert.<\/span><\/p><p data-ogsb=\"white\"><span data-ogsc=\"rgb(84, 84, 84)\">Hierzu wird ein javascript-basierter Code eingesetzt, der zur Erhebung unternehmensbezogener Daten und der entsprechenden Nutzung dient. Die mit dieser Technologie erhobenen Daten werden \u00fcber eine nicht r\u00fcckrechenbare Einwegfunktion (sog. Hashing) verschl\u00fcsselt. Die Daten werden unmittelbar pseudonymisiert und nicht dazu benutzt, den Besucher dieser Webseite pers\u00f6nlich zu identifizieren.<\/span><\/p><p data-ogsb=\"white\"><span data-ogsc=\"rgb(84, 84, 84)\">Die im Rahmen von Salesviewer\u00ae gespeicherten Daten werden gel\u00f6scht, sobald sie f\u00fcr ihre Zweckbestimmung nicht mehr erforderlich sind und der L\u00f6schung keine gesetzlichen Aufbewahrungspflichten entgegenstehen.<\/span><\/p><p data-ogsb=\"white\"><span data-ogsc=\"rgb(84, 84, 84)\">Der Datenerhebung und -speicherung kann jederzeit mit Wirkung f\u00fcr die Zukunft widersprochen werden, indem Sie bitte diesen Link\u00a0<a href=\"https:\/\/www.salesviewer.com\/opt-out\" target=\"_blank\" rel=\"noopener noreferrer\" data-auth=\"NotApplicable\" data-linkindex=\"0\" data-ogsc=\"\">https:\/\/www.salesviewer.com\/opt-out<\/a>\u00a0anklicken, um die Erfassung durch SalesViewer\u00ae innerhalb dieser Webseite zuk\u00fcnftig zu verhindern. Dabei wird ein Opt-out-Cookie f\u00fcr diese Webseite auf Ihrem Ger\u00e4t abgelegt. L\u00f6schen Sie Ihre Cookies in diesem Browser, m\u00fcssen Sie diesen Link erneut klicken.<\/span><\/p><p><strong>Kontakt<\/strong><\/p><p>F\u00fcr Anfragen oder Hinweise zu dieser Datenschutzerkl\u00e4rung, insbesondere zur Aus\u00fcbung Ihrer Rechte, k\u00f6nnen Sie sich jederzeit per E-Mail oder per Brief an uns wenden:<\/p><p><strong>Datenschutzbeauftragter f\u00fcr die Vossloh Aktiengesellschaft<\/strong><br \/>Vosslohstra\u00dfe 4<br \/>D-58791 Werdohl<br \/><a class=\"\" href=\"mailto:datenschutzbeauftragter@vossloh.com?subject=Datenschutzbeauftragter%20www.vossloh.com\" target=\"_self\"> datenschutzbeauftragter@vossloh.com <\/a><\/p>\t\t\t\t\t\t\t\t<\/div>\n\t\t\t\t<\/div>\n\t\t\t\t\t<\/div>\n\t\t<\/div>\n\t\t\t\t\t<\/div>\n\t\t<\/section>\n\t\t\t\t<\/div>\n\t\t","protected":false},"excerpt":{"rendered":"<p>Datenschutzerkl\u00e4rung des Vossloh Konzerns Vossloh ist der Schutz der Privatsph\u00e4re seiner Kunden und Interessenten ein wesentliches Anliegen. Dies gilt insbesondere auch f\u00fcr den Umgang mit Ihren \u00fcber unsere Website www.vossloh.com \/ www.vossloh.de erhobenen personenbezogenen Daten. In der nachfolgenden Datenschutzerkl\u00e4rung m\u00f6chten wir Ihnen erl\u00e4utern, welche Daten wir erheben, wozu wir sie nutzen und welche Rechte Sie [&hellip;]<\/p>\n","protected":false},"author":7,"featured_media":0,"parent":0,"menu_order":0,"comment_status":"closed","ping_status":"closed","template":"elementor_theme","meta":{"_acf_changed":false,"footnotes":""},"class_list":["post-14696","page","type-page","status-publish","hentry"],"acf":[],"yoast_head":"<!-- This site is optimized with the Yoast SEO plugin v25.8 - https:\/\/yoast.com\/wordpress\/plugins\/seo\/ -->\n<title>Datenschutzerkl\u00e4rung | Vossloh Topic Lounge<\/title>\n<meta name=\"robots\" content=\"index, follow, max-snippet:-1, max-image-preview:large, max-video-preview:-1\" \/>\n<link rel=\"canonical\" href=\"https:\/\/vossloh-topic-lounge.com\/datenschutzerklaerung\/\" \/>\n<meta property=\"og:locale\" content=\"de_DE\" \/>\n<meta property=\"og:type\" content=\"article\" \/>\n<meta property=\"og:title\" content=\"Datenschutzerkl\u00e4rung | Vossloh Topic Lounge\" \/>\n<meta property=\"og:description\" content=\"Datenschutzerkl\u00e4rung des Vossloh Konzerns Vossloh ist der Schutz der Privatsph\u00e4re seiner Kunden und Interessenten ein wesentliches Anliegen. Dies gilt insbesondere auch f\u00fcr den Umgang mit Ihren \u00fcber unsere Website www.vossloh.com \/ www.vossloh.de erhobenen personenbezogenen Daten. In der nachfolgenden Datenschutzerkl\u00e4rung m\u00f6chten wir Ihnen erl\u00e4utern, welche Daten wir erheben, wozu wir sie nutzen und welche Rechte Sie [&hellip;]\" \/>\n<meta property=\"og:url\" content=\"https:\/\/vossloh-topic-lounge.com\/datenschutzerklaerung\/\" \/>\n<meta property=\"og:site_name\" content=\"Vossloh Topic Lounge\" \/>\n<meta property=\"article:modified_time\" content=\"2024-01-24T11:19:46+00:00\" \/>\n<meta property=\"og:image\" content=\"https:\/\/vossloh-topic-lounge.com\/wp-content\/uploads\/2024\/01\/240109pt1540_Topic-lounge_1200x627_lesbarer.jpg\" \/>\n\t<meta property=\"og:image:width\" content=\"1200\" \/>\n\t<meta property=\"og:image:height\" content=\"627\" \/>\n\t<meta property=\"og:image:type\" content=\"image\/jpeg\" \/>\n<meta name=\"twitter:card\" content=\"summary_large_image\" \/>\n<script type=\"application\/ld+json\" class=\"yoast-schema-graph\">{\"@context\":\"https:\/\/schema.org\",\"@graph\":[{\"@type\":\"WebPage\",\"@id\":\"https:\/\/vossloh-topic-lounge.com\/datenschutzerklaerung\/\",\"url\":\"https:\/\/vossloh-topic-lounge.com\/datenschutzerklaerung\/\",\"name\":\"Datenschutzerkl\u00e4rung | Vossloh Topic Lounge\",\"isPartOf\":{\"@id\":\"https:\/\/vossloh-topic-lounge.com\/#website\"},\"datePublished\":\"2024-01-24T10:44:42+00:00\",\"dateModified\":\"2024-01-24T11:19:46+00:00\",\"breadcrumb\":{\"@id\":\"https:\/\/vossloh-topic-lounge.com\/datenschutzerklaerung\/#breadcrumb\"},\"inLanguage\":\"de\",\"potentialAction\":[{\"@type\":\"ReadAction\",\"target\":[\"https:\/\/vossloh-topic-lounge.com\/datenschutzerklaerung\/\"]}]},{\"@type\":\"BreadcrumbList\",\"@id\":\"https:\/\/vossloh-topic-lounge.com\/datenschutzerklaerung\/#breadcrumb\",\"itemListElement\":[{\"@type\":\"ListItem\",\"position\":1,\"name\":\"Startseite\",\"item\":\"https:\/\/vossloh-topic-lounge.com\/\"},{\"@type\":\"ListItem\",\"position\":2,\"name\":\"Datenschutzerkl\u00e4rung\"}]},{\"@type\":\"WebSite\",\"@id\":\"https:\/\/vossloh-topic-lounge.com\/#website\",\"url\":\"https:\/\/vossloh-topic-lounge.com\/\",\"name\":\"Vossloh Topic Lounge\",\"description\":\"\",\"publisher\":{\"@id\":\"https:\/\/vossloh-topic-lounge.com\/#organization\"},\"potentialAction\":[{\"@type\":\"SearchAction\",\"target\":{\"@type\":\"EntryPoint\",\"urlTemplate\":\"https:\/\/vossloh-topic-lounge.com\/?s={search_term_string}\"},\"query-input\":{\"@type\":\"PropertyValueSpecification\",\"valueRequired\":true,\"valueName\":\"search_term_string\"}}],\"inLanguage\":\"de\"},{\"@type\":\"Organization\",\"@id\":\"https:\/\/vossloh-topic-lounge.com\/#organization\",\"name\":\"VOSSLOH AG\",\"url\":\"https:\/\/vossloh-topic-lounge.com\/\",\"logo\":{\"@type\":\"ImageObject\",\"inLanguage\":\"de\",\"@id\":\"https:\/\/vossloh-topic-lounge.com\/#\/schema\/logo\/image\/\",\"url\":\"https:\/\/vossloh-topic-lounge.com\/wp-content\/uploads\/2022\/04\/Vossloh-Logo-enabling-green-mobility-RGB.png\",\"contentUrl\":\"https:\/\/vossloh-topic-lounge.com\/wp-content\/uploads\/2022\/04\/Vossloh-Logo-enabling-green-mobility-RGB.png\",\"width\":2560,\"height\":788,\"caption\":\"VOSSLOH AG\"},\"image\":{\"@id\":\"https:\/\/vossloh-topic-lounge.com\/#\/schema\/logo\/image\/\"}}]}<\/script>\n<!-- \/ Yoast SEO plugin. -->","yoast_head_json":{"title":"Datenschutzerkl\u00e4rung | Vossloh Topic Lounge","robots":{"index":"index","follow":"follow","max-snippet":"max-snippet:-1","max-image-preview":"max-image-preview:large","max-video-preview":"max-video-preview:-1"},"canonical":"https:\/\/vossloh-topic-lounge.com\/datenschutzerklaerung\/","og_locale":"de_DE","og_type":"article","og_title":"Datenschutzerkl\u00e4rung | Vossloh Topic Lounge","og_description":"Datenschutzerkl\u00e4rung des Vossloh Konzerns Vossloh ist der Schutz der Privatsph\u00e4re seiner Kunden und Interessenten ein wesentliches Anliegen. Dies gilt insbesondere auch f\u00fcr den Umgang mit Ihren \u00fcber unsere Website www.vossloh.com \/ www.vossloh.de erhobenen personenbezogenen Daten. In der nachfolgenden Datenschutzerkl\u00e4rung m\u00f6chten wir Ihnen erl\u00e4utern, welche Daten wir erheben, wozu wir sie nutzen und welche Rechte Sie [&hellip;]","og_url":"https:\/\/vossloh-topic-lounge.com\/datenschutzerklaerung\/","og_site_name":"Vossloh Topic Lounge","article_modified_time":"2024-01-24T11:19:46+00:00","og_image":[{"width":1200,"height":627,"url":"https:\/\/vossloh-topic-lounge.com\/wp-content\/uploads\/2024\/01\/240109pt1540_Topic-lounge_1200x627_lesbarer.jpg","type":"image\/jpeg"}],"twitter_card":"summary_large_image","schema":{"@context":"https:\/\/schema.org","@graph":[{"@type":"WebPage","@id":"https:\/\/vossloh-topic-lounge.com\/datenschutzerklaerung\/","url":"https:\/\/vossloh-topic-lounge.com\/datenschutzerklaerung\/","name":"Datenschutzerkl\u00e4rung | Vossloh Topic Lounge","isPartOf":{"@id":"https:\/\/vossloh-topic-lounge.com\/#website"},"datePublished":"2024-01-24T10:44:42+00:00","dateModified":"2024-01-24T11:19:46+00:00","breadcrumb":{"@id":"https:\/\/vossloh-topic-lounge.com\/datenschutzerklaerung\/#breadcrumb"},"inLanguage":"de","potentialAction":[{"@type":"ReadAction","target":["https:\/\/vossloh-topic-lounge.com\/datenschutzerklaerung\/"]}]},{"@type":"BreadcrumbList","@id":"https:\/\/vossloh-topic-lounge.com\/datenschutzerklaerung\/#breadcrumb","itemListElement":[{"@type":"ListItem","position":1,"name":"Startseite","item":"https:\/\/vossloh-topic-lounge.com\/"},{"@type":"ListItem","position":2,"name":"Datenschutzerkl\u00e4rung"}]},{"@type":"WebSite","@id":"https:\/\/vossloh-topic-lounge.com\/#website","url":"https:\/\/vossloh-topic-lounge.com\/","name":"Vossloh Topic Lounge","description":"","publisher":{"@id":"https:\/\/vossloh-topic-lounge.com\/#organization"},"potentialAction":[{"@type":"SearchAction","target":{"@type":"EntryPoint","urlTemplate":"https:\/\/vossloh-topic-lounge.com\/?s={search_term_string}"},"query-input":{"@type":"PropertyValueSpecification","valueRequired":true,"valueName":"search_term_string"}}],"inLanguage":"de"},{"@type":"Organization","@id":"https:\/\/vossloh-topic-lounge.com\/#organization","name":"VOSSLOH AG","url":"https:\/\/vossloh-topic-lounge.com\/","logo":{"@type":"ImageObject","inLanguage":"de","@id":"https:\/\/vossloh-topic-lounge.com\/#\/schema\/logo\/image\/","url":"https:\/\/vossloh-topic-lounge.com\/wp-content\/uploads\/2022\/04\/Vossloh-Logo-enabling-green-mobility-RGB.png","contentUrl":"https:\/\/vossloh-topic-lounge.com\/wp-content\/uploads\/2022\/04\/Vossloh-Logo-enabling-green-mobility-RGB.png","width":2560,"height":788,"caption":"VOSSLOH AG"},"image":{"@id":"https:\/\/vossloh-topic-lounge.com\/#\/schema\/logo\/image\/"}}]}},"_links":{"self":[{"href":"https:\/\/vossloh-topic-lounge.com\/de\/wp-json\/wp\/v2\/pages\/14696","targetHints":{"allow":["GET"]}}],"collection":[{"href":"https:\/\/vossloh-topic-lounge.com\/de\/wp-json\/wp\/v2\/pages"}],"about":[{"href":"https:\/\/vossloh-topic-lounge.com\/de\/wp-json\/wp\/v2\/types\/page"}],"author":[{"embeddable":true,"href":"https:\/\/vossloh-topic-lounge.com\/de\/wp-json\/wp\/v2\/users\/7"}],"replies":[{"embeddable":true,"href":"https:\/\/vossloh-topic-lounge.com\/de\/wp-json\/wp\/v2\/comments?post=14696"}],"version-history":[{"count":4,"href":"https:\/\/vossloh-topic-lounge.com\/de\/wp-json\/wp\/v2\/pages\/14696\/revisions"}],"predecessor-version":[{"id":14700,"href":"https:\/\/vossloh-topic-lounge.com\/de\/wp-json\/wp\/v2\/pages\/14696\/revisions\/14700"}],"wp:attachment":[{"href":"https:\/\/vossloh-topic-lounge.com\/de\/wp-json\/wp\/v2\/media?parent=14696"}],"curies":[{"name":"wp","href":"https:\/\/api.w.org\/{rel}","templated":true}]}}