{"id":18113,"date":"2024-09-18T15:39:15","date_gmt":"2024-09-18T15:39:15","guid":{"rendered":"https:\/\/vossloh-topic-lounge.com\/?page_id=18113"},"modified":"2024-09-21T09:52:13","modified_gmt":"2024-09-21T09:52:13","slug":"fast-turnout-installation","status":"publish","type":"page","link":"https:\/\/vossloh-topic-lounge.com\/de\/fast-turnout-installation\/","title":{"rendered":"Fast turnout installation"},"content":{"rendered":"\t\t<div data-elementor-type=\"wp-page\" data-elementor-id=\"18113\" class=\"elementor elementor-18113 elementor-18105\" data-elementor-post-type=\"page\">\n\t\t\t\t\t\t<section class=\"elementor-section elementor-top-section elementor-element elementor-element-ce5c164 elementor-section-boxed elementor-section-height-default elementor-section-height-default\" data-id=\"ce5c164\" data-element_type=\"section\" data-e-type=\"section\">\n\t\t\t\t\t\t<div class=\"elementor-container elementor-column-gap-default\">\n\t\t\t\t\t<div class=\"elementor-column elementor-col-50 elementor-top-column elementor-element elementor-element-f38e377\" data-id=\"f38e377\" data-element_type=\"column\" data-e-type=\"column\">\n\t\t\t<div class=\"elementor-widget-wrap elementor-element-populated\">\n\t\t\t\t\t\t<div class=\"elementor-element elementor-element-ed54bcf elementor-widget elementor-widget-heading\" data-id=\"ed54bcf\" data-element_type=\"widget\" data-e-type=\"widget\" data-widget_type=\"heading.default\">\n\t\t\t\t<div class=\"elementor-widget-container\">\n\t\t\t\t\t<h2 class=\"elementor-heading-title elementor-size-default\">Weichenlogistik<\/h2>\t\t\t\t<\/div>\n\t\t\t\t<\/div>\n\t\t\t\t<div class=\"elementor-element elementor-element-2509742 elementor-widget elementor-widget-text-editor\" data-id=\"2509742\" data-element_type=\"widget\" data-e-type=\"widget\" data-widget_type=\"text-editor.default\">\n\t\t\t\t<div class=\"elementor-widget-container\">\n\t\t\t\t\t\t\t\t\t<p>Transport von kompletten Weichensegmenten<\/p>\t\t\t\t\t\t\t\t<\/div>\n\t\t\t\t<\/div>\n\t\t\t\t<div class=\"elementor-element elementor-element-9ca818e vossloh-bullet elementor-widget elementor-widget-text-editor\" data-id=\"9ca818e\" data-element_type=\"widget\" data-e-type=\"widget\" data-widget_type=\"text-editor.default\">\n\t\t\t\t<div class=\"elementor-widget-container\">\n\t\t\t\t\t\t\t\t\t<p><b>Anwendervorteile<\/b><\/p><ul><li>Moderner &amp; umweltfreundlicher Transport auf der Schiene (geringerer CO2-Aussto\u00df) mit speziellen Transportwagen, die einen kippbaren, motorbetriebenden Ladetisch mit verstellbarer Ladefl\u00e4che haben<\/li><li>Digitale Weichenvermessung mit minimaler Beeintr\u00e4chtigung des laufenden Betriebs schafft die Voraussetzung f\u00fcr einen reibungslosen Weichenumbau<\/li><li>Produktion &amp; Lieferung kompletter Weichen f\u00fcr den schnellstm\u00f6glichen Einbau<\/li><li>Bauablaufplanung (Logistiksimulator) zur noch effizienteren &amp; sichereren Planung der notwendigen Gleisbelegungen<\/li><li>In der Regel bieten wir auch die Abholung der alten Weichen zur Aufarbeitung oder Entsorgung an.<\/li><\/ul><p>\u00a0<\/p><p><b>Fokus auf Streckenverf\u00fcgbarkeit<\/b><\/p><ul><li>Die Verwendung von vormontierten Weichenmodulen als Plug-&amp;-Play-L\u00f6sung in Kombination mit der Just-in-Time-Lieferung erm\u00f6glicht eine 30 %ige Reduzierung der Installationszeit vor Ort.<\/li><\/ul><p>\u00a0<\/p><p><b>Referenzen<\/b><\/p><ul><li>Europaweit<\/li><li>Beispiel Schweden: Anlieferung, Ausbau, Einbau &amp; komplette Installation innerhalb von 8 Stunden \u2013 danach sofort wieder betriebsbereit<\/li><\/ul>\t\t\t\t\t\t\t\t<\/div>\n\t\t\t\t<\/div>\n\t\t\t\t\t<\/div>\n\t\t<\/div>\n\t\t\t\t<div class=\"elementor-column elementor-col-50 elementor-top-column elementor-element elementor-element-7a01ed4\" data-id=\"7a01ed4\" data-element_type=\"column\" data-e-type=\"column\">\n\t\t\t<div class=\"elementor-widget-wrap elementor-element-populated\">\n\t\t\t\t\t\t<div class=\"elementor-element elementor-element-61e68db elementor-arrows-position-inside elementor-widget elementor-widget-image-carousel\" data-id=\"61e68db\" data-element_type=\"widget\" data-e-type=\"widget\" data-settings=\"{&quot;slides_to_show&quot;:&quot;1&quot;,&quot;navigation&quot;:&quot;arrows&quot;,&quot;infinite&quot;:&quot;yes&quot;,&quot;effect&quot;:&quot;slide&quot;,&quot;speed&quot;:500}\" data-widget_type=\"image-carousel.default\">\n\t\t\t\t<div class=\"elementor-widget-container\">\n\t\t\t\t\t\t\t<div class=\"elementor-image-carousel-wrapper swiper\" role=\"region\" aria-roledescription=\"carousel\" aria-label=\"Bild Karussell\" dir=\"ltr\">\n\t\t\t<div class=\"elementor-image-carousel swiper-wrapper swiper-image-stretch\" aria-live=\"polite\">\n\t\t\t\t\t\t\t\t<div class=\"swiper-slide\" role=\"group\" aria-roledescription=\"slide\" aria-label=\"1 von 2\"><figure class=\"swiper-slide-inner\"><img decoding=\"async\" class=\"swiper-slide-image\" src=\"https:\/\/vossloh-topic-lounge.com\/wp-content\/uploads\/2024\/09\/Bild16-2.jpg\" alt=\"Bild16\" \/><\/figure><\/div><div class=\"swiper-slide\" role=\"group\" aria-roledescription=\"slide\" aria-label=\"2 von 2\"><figure class=\"swiper-slide-inner\"><img decoding=\"async\" class=\"swiper-slide-image\" src=\"https:\/\/vossloh-topic-lounge.com\/wp-content\/uploads\/2024\/09\/Bild17-3.jpg\" alt=\"Bild17\" \/><\/figure><\/div>\t\t\t<\/div>\n\t\t\t\t\t\t\t\t\t\t\t\t<div class=\"elementor-swiper-button elementor-swiper-button-prev\" role=\"button\" tabindex=\"0\">\n\t\t\t\t\t\t<i aria-hidden=\"true\" class=\"eicon-chevron-left\"><\/i>\t\t\t\t\t<\/div>\n\t\t\t\t\t<div class=\"elementor-swiper-button elementor-swiper-button-next\" role=\"button\" tabindex=\"0\">\n\t\t\t\t\t\t<i aria-hidden=\"true\" class=\"eicon-chevron-right\"><\/i>\t\t\t\t\t<\/div>\n\t\t\t\t\n\t\t\t\t\t\t\t\t\t<\/div>\n\t\t\t\t\t\t<\/div>\n\t\t\t\t<\/div>\n\t\t\t\t\t<\/div>\n\t\t<\/div>\n\t\t\t\t\t<\/div>\n\t\t<\/section>\n\t\t\t\t<section class=\"elementor-section elementor-top-section elementor-element elementor-element-4be8fe1 elementor-section-boxed elementor-section-height-default elementor-section-height-default\" data-id=\"4be8fe1\" data-element_type=\"section\" data-e-type=\"section\" data-settings=\"{&quot;background_background&quot;:&quot;classic&quot;}\">\n\t\t\t\t\t\t<div class=\"elementor-container elementor-column-gap-default\">\n\t\t\t\t\t<div class=\"elementor-column elementor-col-50 elementor-top-column elementor-element elementor-element-e714e4e\" data-id=\"e714e4e\" data-element_type=\"column\" data-e-type=\"column\">\n\t\t\t<div class=\"elementor-widget-wrap elementor-element-populated\">\n\t\t\t\t\t\t<div class=\"elementor-element elementor-element-4bcd188 elementor-arrows-position-inside elementor-widget elementor-widget-image-carousel\" data-id=\"4bcd188\" data-element_type=\"widget\" data-e-type=\"widget\" data-settings=\"{&quot;slides_to_show&quot;:&quot;1&quot;,&quot;navigation&quot;:&quot;arrows&quot;,&quot;infinite&quot;:&quot;yes&quot;,&quot;effect&quot;:&quot;slide&quot;,&quot;speed&quot;:500}\" data-widget_type=\"image-carousel.default\">\n\t\t\t\t<div class=\"elementor-widget-container\">\n\t\t\t\t\t\t\t<div class=\"elementor-image-carousel-wrapper swiper\" role=\"region\" aria-roledescription=\"carousel\" aria-label=\"Bild Karussell\" dir=\"ltr\">\n\t\t\t<div class=\"elementor-image-carousel swiper-wrapper swiper-image-stretch\" aria-live=\"polite\">\n\t\t\t\t\t\t\t\t<div class=\"swiper-slide\" role=\"group\" aria-roledescription=\"slide\" aria-label=\"1 von 3\"><figure class=\"swiper-slide-inner\"><img decoding=\"async\" class=\"swiper-slide-image\" src=\"https:\/\/vossloh-topic-lounge.com\/wp-content\/uploads\/2024\/09\/Bild20-3.jpg\" alt=\"Bild20\" \/><\/figure><\/div><div class=\"swiper-slide\" role=\"group\" aria-roledescription=\"slide\" aria-label=\"2 von 3\"><figure class=\"swiper-slide-inner\"><img decoding=\"async\" class=\"swiper-slide-image\" src=\"https:\/\/vossloh-topic-lounge.com\/wp-content\/uploads\/2024\/09\/Bild19-3.jpg\" alt=\"Bild19\" \/><\/figure><\/div><div class=\"swiper-slide\" role=\"group\" aria-roledescription=\"slide\" aria-label=\"3 von 3\"><figure class=\"swiper-slide-inner\"><img decoding=\"async\" class=\"swiper-slide-image\" src=\"https:\/\/vossloh-topic-lounge.com\/wp-content\/uploads\/2024\/09\/Bild18-2.jpg\" alt=\"Bild18\" \/><\/figure><\/div>\t\t\t<\/div>\n\t\t\t\t\t\t\t\t\t\t\t\t<div class=\"elementor-swiper-button elementor-swiper-button-prev\" role=\"button\" tabindex=\"0\">\n\t\t\t\t\t\t<i aria-hidden=\"true\" class=\"eicon-chevron-left\"><\/i>\t\t\t\t\t<\/div>\n\t\t\t\t\t<div class=\"elementor-swiper-button elementor-swiper-button-next\" role=\"button\" tabindex=\"0\">\n\t\t\t\t\t\t<i aria-hidden=\"true\" class=\"eicon-chevron-right\"><\/i>\t\t\t\t\t<\/div>\n\t\t\t\t\n\t\t\t\t\t\t\t\t\t<\/div>\n\t\t\t\t\t\t<\/div>\n\t\t\t\t<\/div>\n\t\t\t\t\t<\/div>\n\t\t<\/div>\n\t\t\t\t<div class=\"elementor-column elementor-col-50 elementor-top-column elementor-element elementor-element-cdd8b7b\" data-id=\"cdd8b7b\" data-element_type=\"column\" data-e-type=\"column\">\n\t\t\t<div class=\"elementor-widget-wrap elementor-element-populated\">\n\t\t\t\t\t\t<div class=\"elementor-element elementor-element-8ccc9b3 elementor-widget elementor-widget-heading\" data-id=\"8ccc9b3\" data-element_type=\"widget\" data-e-type=\"widget\" data-widget_type=\"heading.default\">\n\t\t\t\t<div class=\"elementor-widget-container\">\n\t\t\t\t\t<h2 class=\"elementor-heading-title elementor-size-default\">Weicheninstallation<\/h2>\t\t\t\t<\/div>\n\t\t\t\t<\/div>\n\t\t\t\t<div class=\"elementor-element elementor-element-30171fa elementor-widget elementor-widget-text-editor\" data-id=\"30171fa\" data-element_type=\"widget\" data-e-type=\"widget\" data-widget_type=\"text-editor.default\">\n\t\t\t\t<div class=\"elementor-widget-container\">\n\t\t\t\t\t\t\t\t\t<p>Einfach &amp; sicher<\/p>\t\t\t\t\t\t\t\t<\/div>\n\t\t\t\t<\/div>\n\t\t\t\t<div class=\"elementor-element elementor-element-f76060a vossloh-bullet elementor-widget elementor-widget-text-editor\" data-id=\"f76060a\" data-element_type=\"widget\" data-e-type=\"widget\" data-widget_type=\"text-editor.default\">\n\t\t\t\t<div class=\"elementor-widget-container\">\n\t\t\t\t\t\t\t\t\t<p><b>Anwendervorteile<\/b><\/p><ul><li>Einheitliche Qualit\u00e4t der Weichenkonstruktion durch die station\u00e4re Produktion im Weichenwerk, die mithilfe eines Krans in nur wenigen Stunden im Gleis installiert wird<\/li><li>Wirtschaftliche Vorteile durch erheblich verk\u00fcrzte Gleisbauarbeiten &amp; ein reduzierten Personalbedarf auf der Baustelle. Zudem wird kein weichenerfahrenes Personal im Gleis ben\u00f6tigt \u2013 ein entscheidender Vorteil in Zeiten des Personalmangels, der auch aus dem demografischen Wandel resultiert.<\/li><li>Hohes Sicherheitsniveau im Gleis<\/li><\/ul>\t\t\t\t\t\t\t\t<\/div>\n\t\t\t\t<\/div>\n\t\t\t\t<section class=\"elementor-section elementor-inner-section elementor-element elementor-element-d333c43 elementor-section-boxed elementor-section-height-default elementor-section-height-default\" data-id=\"d333c43\" data-element_type=\"section\" data-e-type=\"section\">\n\t\t\t\t\t\t<div class=\"elementor-container elementor-column-gap-default\">\n\t\t\t\t\t<div class=\"elementor-column elementor-col-50 elementor-inner-column elementor-element elementor-element-20403cf\" data-id=\"20403cf\" data-element_type=\"column\" data-e-type=\"column\">\n\t\t\t<div class=\"elementor-widget-wrap elementor-element-populated\">\n\t\t\t\t\t\t<div class=\"elementor-element elementor-element-0c4b040 vossloh-bullet elementor-widget elementor-widget-text-editor\" data-id=\"0c4b040\" data-element_type=\"widget\" data-e-type=\"widget\" data-widget_type=\"text-editor.default\">\n\t\t\t\t<div class=\"elementor-widget-container\">\n\t\t\t\t\t\t\t\t\t<p><b>Fokus auf Streckenverf\u00fcgbarkeit<\/b><\/p><ul><li>Schnelles Entladen &amp; Installieren; 5x schneller als ein traditioneller Ansatz<\/li><li>Kurze Gleiszeiten &amp; weniger L\u00e4rm<\/li><\/ul>\t\t\t\t\t\t\t\t<\/div>\n\t\t\t\t<\/div>\n\t\t\t\t\t<\/div>\n\t\t<\/div>\n\t\t\t\t<div class=\"elementor-column elementor-col-50 elementor-inner-column elementor-element elementor-element-69f5ac8\" data-id=\"69f5ac8\" data-element_type=\"column\" data-e-type=\"column\">\n\t\t\t<div class=\"elementor-widget-wrap elementor-element-populated\">\n\t\t\t\t\t\t<div class=\"elementor-element elementor-element-c835d55 vossloh-bullet elementor-widget elementor-widget-text-editor\" data-id=\"c835d55\" data-element_type=\"widget\" data-e-type=\"widget\" data-widget_type=\"text-editor.default\">\n\t\t\t\t<div class=\"elementor-widget-container\">\n\t\t\t\t\t\t\t\t\t<ul><li>Kein Montageplatz vor Ort erforderlich<\/li><li>BIM f\u00fcr effizientere Projekte<\/li><li>Weichen\u00fcberwachung optimiert das Wartungsmanagement<\/li><\/ul>\t\t\t\t\t\t\t\t<\/div>\n\t\t\t\t<\/div>\n\t\t\t\t\t<\/div>\n\t\t<\/div>\n\t\t\t\t\t<\/div>\n\t\t<\/section>\n\t\t\t\t<div class=\"elementor-element elementor-element-bc33f9a vossloh-bullet elementor-widget elementor-widget-text-editor\" data-id=\"bc33f9a\" data-element_type=\"widget\" data-e-type=\"widget\" data-widget_type=\"text-editor.default\">\n\t\t\t\t<div class=\"elementor-widget-container\">\n\t\t\t\t\t\t\t\t\t<p><b>Referenzen<\/b><\/p><ul><li>Schweden: ca. 250 Weichen p.a. seit 1999<\/li><li>Norwegen: ca. 100 Weichen p.a. seit 2003<\/li><li>Finnland: ca. 80 Weichen p.a. seit 1994<\/li><li>D\u00e4nemark: ca. 80 Weichen p.a. ab 2024<\/li><\/ul>\t\t\t\t\t\t\t\t<\/div>\n\t\t\t\t<\/div>\n\t\t\t\t\t<\/div>\n\t\t<\/div>\n\t\t\t\t\t<\/div>\n\t\t<\/section>\n\t\t\t\t<section class=\"elementor-section elementor-top-section elementor-element elementor-element-d70bbd4 elementor-section-height-min-height elementor-section-boxed elementor-section-height-default elementor-section-items-middle\" data-id=\"d70bbd4\" data-element_type=\"section\" data-e-type=\"section\" data-settings=\"{&quot;background_background&quot;:&quot;video&quot;,&quot;background_video_link&quot;:&quot;https:\\\/\\\/vossloh-topic-lounge.com\\\/wp-content\\\/uploads\\\/2024\\\/09\\\/Fast-Turnout-Installation.mp4&quot;}\">\n\t\t\t\t\t\t\t\t<div class=\"elementor-background-video-container elementor-hidden-mobile\">\n\t\t\t\t\t\t\t\t\t\t\t\t\t<video class=\"elementor-background-video-hosted\" role=\"presentation\" autoplay muted playsinline loop><\/video>\n\t\t\t\t\t\t\t\t\t\t\t<\/div>\n\t\t\t\t\t\t\t\t<div class=\"elementor-container elementor-column-gap-default\">\n\t\t\t\t\t<div class=\"elementor-column elementor-col-100 elementor-top-column elementor-element elementor-element-60a98c9\" data-id=\"60a98c9\" data-element_type=\"column\" data-e-type=\"column\">\n\t\t\t<div class=\"elementor-widget-wrap\">\n\t\t\t\t\t\t\t<\/div>\n\t\t<\/div>\n\t\t\t\t\t<\/div>\n\t\t<\/section>\n\t\t\t\t<\/div>\n\t\t","protected":false},"excerpt":{"rendered":"<p>Weichenlogistik Transport von kompletten Weichensegmenten Anwendervorteile Moderner &amp; umweltfreundlicher Transport auf der Schiene (geringerer CO2-Aussto\u00df) mit speziellen Transportwagen, die einen kippbaren, motorbetriebenden Ladetisch mit verstellbarer Ladefl\u00e4che haben Digitale Weichenvermessung mit minimaler Beeintr\u00e4chtigung des laufenden Betriebs schafft die Voraussetzung f\u00fcr einen reibungslosen Weichenumbau Produktion &amp; Lieferung kompletter Weichen f\u00fcr den schnellstm\u00f6glichen Einbau Bauablaufplanung (Logistiksimulator) zur noch [&hellip;]<\/p>\n","protected":false},"author":7,"featured_media":0,"parent":0,"menu_order":0,"comment_status":"closed","ping_status":"closed","template":"elementor_theme","meta":{"_acf_changed":false,"footnotes":""},"class_list":["post-18113","page","type-page","status-publish","hentry"],"acf":[],"yoast_head":"<!-- This site is optimized with the Yoast SEO plugin v27.3 - https:\/\/yoast.com\/product\/yoast-seo-wordpress\/ -->\n<title>Fast turnout installation | Vossloh Topic Lounge<\/title>\n<meta name=\"robots\" content=\"noindex, follow, max-snippet:-1, max-image-preview:large, max-video-preview:-1\" \/>\n<meta property=\"og:locale\" content=\"de_DE\" \/>\n<meta property=\"og:type\" content=\"article\" \/>\n<meta property=\"og:title\" content=\"Fast turnout installation | Vossloh Topic Lounge\" \/>\n<meta property=\"og:description\" content=\"Weichenlogistik Transport von kompletten Weichensegmenten Anwendervorteile Moderner &amp; umweltfreundlicher Transport auf der Schiene (geringerer CO2-Aussto\u00df) mit speziellen Transportwagen, die einen kippbaren, motorbetriebenden Ladetisch mit verstellbarer Ladefl\u00e4che haben Digitale Weichenvermessung mit minimaler Beeintr\u00e4chtigung des laufenden Betriebs schafft die Voraussetzung f\u00fcr einen reibungslosen Weichenumbau Produktion &amp; Lieferung kompletter Weichen f\u00fcr den schnellstm\u00f6glichen Einbau Bauablaufplanung (Logistiksimulator) zur noch [&hellip;]\" \/>\n<meta property=\"og:url\" content=\"https:\/\/vossloh-topic-lounge.com\/de\/future-turnout-environment\/fast-turnout-installation\/\" \/>\n<meta property=\"og:site_name\" content=\"Vossloh Topic Lounge\" \/>\n<meta property=\"article:modified_time\" content=\"2024-09-21T09:52:13+00:00\" \/>\n<meta property=\"og:image\" content=\"https:\/\/vossloh-topic-lounge.com\/wp-content\/uploads\/2024\/09\/Bild16-2.jpg\" \/>\n<meta name=\"twitter:card\" content=\"summary_large_image\" \/>\n<meta name=\"twitter:label1\" content=\"Gesch\u00e4tzte Lesezeit\" \/>\n\t<meta name=\"twitter:data1\" content=\"4\u00a0Minuten\" \/>\n<script type=\"application\/ld+json\" class=\"yoast-schema-graph\">{\"@context\":\"https:\\\/\\\/schema.org\",\"@graph\":[{\"@type\":\"WebPage\",\"@id\":\"https:\\\/\\\/vossloh-topic-lounge.com\\\/de\\\/future-turnout-environment\\\/fast-turnout-installation\\\/\",\"url\":\"https:\\\/\\\/vossloh-topic-lounge.com\\\/de\\\/future-turnout-environment\\\/fast-turnout-installation\\\/\",\"name\":\"Fast turnout installation | Vossloh Topic Lounge\",\"isPartOf\":{\"@id\":\"https:\\\/\\\/vossloh-topic-lounge.com\\\/#website\"},\"primaryImageOfPage\":{\"@id\":\"https:\\\/\\\/vossloh-topic-lounge.com\\\/de\\\/future-turnout-environment\\\/fast-turnout-installation\\\/#primaryimage\"},\"image\":{\"@id\":\"https:\\\/\\\/vossloh-topic-lounge.com\\\/de\\\/future-turnout-environment\\\/fast-turnout-installation\\\/#primaryimage\"},\"thumbnailUrl\":\"https:\\\/\\\/vossloh-topic-lounge.com\\\/wp-content\\\/uploads\\\/2024\\\/09\\\/Bild16-2.jpg\",\"datePublished\":\"2024-09-18T15:39:15+00:00\",\"dateModified\":\"2024-09-21T09:52:13+00:00\",\"breadcrumb\":{\"@id\":\"https:\\\/\\\/vossloh-topic-lounge.com\\\/de\\\/future-turnout-environment\\\/fast-turnout-installation\\\/#breadcrumb\"},\"inLanguage\":\"de\",\"potentialAction\":[{\"@type\":\"ReadAction\",\"target\":[\"https:\\\/\\\/vossloh-topic-lounge.com\\\/de\\\/future-turnout-environment\\\/fast-turnout-installation\\\/\"]}]},{\"@type\":\"ImageObject\",\"inLanguage\":\"de\",\"@id\":\"https:\\\/\\\/vossloh-topic-lounge.com\\\/de\\\/future-turnout-environment\\\/fast-turnout-installation\\\/#primaryimage\",\"url\":\"https:\\\/\\\/vossloh-topic-lounge.com\\\/wp-content\\\/uploads\\\/2024\\\/09\\\/Bild16-2.jpg\",\"contentUrl\":\"https:\\\/\\\/vossloh-topic-lounge.com\\\/wp-content\\\/uploads\\\/2024\\\/09\\\/Bild16-2.jpg\"},{\"@type\":\"BreadcrumbList\",\"@id\":\"https:\\\/\\\/vossloh-topic-lounge.com\\\/de\\\/future-turnout-environment\\\/fast-turnout-installation\\\/#breadcrumb\",\"itemListElement\":[{\"@type\":\"ListItem\",\"position\":1,\"name\":\"Startseite\",\"item\":\"https:\\\/\\\/vossloh-topic-lounge.com\\\/\"},{\"@type\":\"ListItem\",\"position\":2,\"name\":\"Future turnout environment DE\",\"item\":\"https:\\\/\\\/vossloh-topic-lounge.com\\\/future-turnout-environment\\\/\"},{\"@type\":\"ListItem\",\"position\":3,\"name\":\"Fast turnout installation\"}]},{\"@type\":\"WebSite\",\"@id\":\"https:\\\/\\\/vossloh-topic-lounge.com\\\/#website\",\"url\":\"https:\\\/\\\/vossloh-topic-lounge.com\\\/\",\"name\":\"Vossloh Topic Lounge\",\"description\":\"\",\"publisher\":{\"@id\":\"https:\\\/\\\/vossloh-topic-lounge.com\\\/#organization\"},\"potentialAction\":[{\"@type\":\"SearchAction\",\"target\":{\"@type\":\"EntryPoint\",\"urlTemplate\":\"https:\\\/\\\/vossloh-topic-lounge.com\\\/?s={search_term_string}\"},\"query-input\":{\"@type\":\"PropertyValueSpecification\",\"valueRequired\":true,\"valueName\":\"search_term_string\"}}],\"inLanguage\":\"de\"},{\"@type\":\"Organization\",\"@id\":\"https:\\\/\\\/vossloh-topic-lounge.com\\\/#organization\",\"name\":\"VOSSLOH AG\",\"url\":\"https:\\\/\\\/vossloh-topic-lounge.com\\\/\",\"logo\":{\"@type\":\"ImageObject\",\"inLanguage\":\"de\",\"@id\":\"https:\\\/\\\/vossloh-topic-lounge.com\\\/#\\\/schema\\\/logo\\\/image\\\/\",\"url\":\"https:\\\/\\\/vossloh-topic-lounge.com\\\/wp-content\\\/uploads\\\/2022\\\/04\\\/Vossloh-Logo-enabling-green-mobility-RGB.png\",\"contentUrl\":\"https:\\\/\\\/vossloh-topic-lounge.com\\\/wp-content\\\/uploads\\\/2022\\\/04\\\/Vossloh-Logo-enabling-green-mobility-RGB.png\",\"width\":2560,\"height\":788,\"caption\":\"VOSSLOH AG\"},\"image\":{\"@id\":\"https:\\\/\\\/vossloh-topic-lounge.com\\\/#\\\/schema\\\/logo\\\/image\\\/\"}}]}<\/script>\n<!-- \/ Yoast SEO plugin. -->","yoast_head_json":{"title":"Fast turnout installation | Vossloh Topic Lounge","robots":{"index":"noindex","follow":"follow","max-snippet":"max-snippet:-1","max-image-preview":"max-image-preview:large","max-video-preview":"max-video-preview:-1"},"og_locale":"de_DE","og_type":"article","og_title":"Fast turnout installation | Vossloh Topic Lounge","og_description":"Weichenlogistik Transport von kompletten Weichensegmenten Anwendervorteile Moderner &amp; umweltfreundlicher Transport auf der Schiene (geringerer CO2-Aussto\u00df) mit speziellen Transportwagen, die einen kippbaren, motorbetriebenden Ladetisch mit verstellbarer Ladefl\u00e4che haben Digitale Weichenvermessung mit minimaler Beeintr\u00e4chtigung des laufenden Betriebs schafft die Voraussetzung f\u00fcr einen reibungslosen Weichenumbau Produktion &amp; Lieferung kompletter Weichen f\u00fcr den schnellstm\u00f6glichen Einbau Bauablaufplanung (Logistiksimulator) zur noch [&hellip;]","og_url":"https:\/\/vossloh-topic-lounge.com\/de\/future-turnout-environment\/fast-turnout-installation\/","og_site_name":"Vossloh Topic Lounge","article_modified_time":"2024-09-21T09:52:13+00:00","og_image":[{"url":"https:\/\/vossloh-topic-lounge.com\/wp-content\/uploads\/2024\/09\/Bild16-2.jpg","type":"","width":"","height":""}],"twitter_card":"summary_large_image","twitter_misc":{"Gesch\u00e4tzte Lesezeit":"4\u00a0Minuten"},"schema":{"@context":"https:\/\/schema.org","@graph":[{"@type":"WebPage","@id":"https:\/\/vossloh-topic-lounge.com\/de\/future-turnout-environment\/fast-turnout-installation\/","url":"https:\/\/vossloh-topic-lounge.com\/de\/future-turnout-environment\/fast-turnout-installation\/","name":"Fast turnout installation | Vossloh Topic Lounge","isPartOf":{"@id":"https:\/\/vossloh-topic-lounge.com\/#website"},"primaryImageOfPage":{"@id":"https:\/\/vossloh-topic-lounge.com\/de\/future-turnout-environment\/fast-turnout-installation\/#primaryimage"},"image":{"@id":"https:\/\/vossloh-topic-lounge.com\/de\/future-turnout-environment\/fast-turnout-installation\/#primaryimage"},"thumbnailUrl":"https:\/\/vossloh-topic-lounge.com\/wp-content\/uploads\/2024\/09\/Bild16-2.jpg","datePublished":"2024-09-18T15:39:15+00:00","dateModified":"2024-09-21T09:52:13+00:00","breadcrumb":{"@id":"https:\/\/vossloh-topic-lounge.com\/de\/future-turnout-environment\/fast-turnout-installation\/#breadcrumb"},"inLanguage":"de","potentialAction":[{"@type":"ReadAction","target":["https:\/\/vossloh-topic-lounge.com\/de\/future-turnout-environment\/fast-turnout-installation\/"]}]},{"@type":"ImageObject","inLanguage":"de","@id":"https:\/\/vossloh-topic-lounge.com\/de\/future-turnout-environment\/fast-turnout-installation\/#primaryimage","url":"https:\/\/vossloh-topic-lounge.com\/wp-content\/uploads\/2024\/09\/Bild16-2.jpg","contentUrl":"https:\/\/vossloh-topic-lounge.com\/wp-content\/uploads\/2024\/09\/Bild16-2.jpg"},{"@type":"BreadcrumbList","@id":"https:\/\/vossloh-topic-lounge.com\/de\/future-turnout-environment\/fast-turnout-installation\/#breadcrumb","itemListElement":[{"@type":"ListItem","position":1,"name":"Startseite","item":"https:\/\/vossloh-topic-lounge.com\/"},{"@type":"ListItem","position":2,"name":"Future turnout environment DE","item":"https:\/\/vossloh-topic-lounge.com\/future-turnout-environment\/"},{"@type":"ListItem","position":3,"name":"Fast turnout installation"}]},{"@type":"WebSite","@id":"https:\/\/vossloh-topic-lounge.com\/#website","url":"https:\/\/vossloh-topic-lounge.com\/","name":"Vossloh Topic Lounge","description":"","publisher":{"@id":"https:\/\/vossloh-topic-lounge.com\/#organization"},"potentialAction":[{"@type":"SearchAction","target":{"@type":"EntryPoint","urlTemplate":"https:\/\/vossloh-topic-lounge.com\/?s={search_term_string}"},"query-input":{"@type":"PropertyValueSpecification","valueRequired":true,"valueName":"search_term_string"}}],"inLanguage":"de"},{"@type":"Organization","@id":"https:\/\/vossloh-topic-lounge.com\/#organization","name":"VOSSLOH AG","url":"https:\/\/vossloh-topic-lounge.com\/","logo":{"@type":"ImageObject","inLanguage":"de","@id":"https:\/\/vossloh-topic-lounge.com\/#\/schema\/logo\/image\/","url":"https:\/\/vossloh-topic-lounge.com\/wp-content\/uploads\/2022\/04\/Vossloh-Logo-enabling-green-mobility-RGB.png","contentUrl":"https:\/\/vossloh-topic-lounge.com\/wp-content\/uploads\/2022\/04\/Vossloh-Logo-enabling-green-mobility-RGB.png","width":2560,"height":788,"caption":"VOSSLOH AG"},"image":{"@id":"https:\/\/vossloh-topic-lounge.com\/#\/schema\/logo\/image\/"}}]}},"_links":{"self":[{"href":"https:\/\/vossloh-topic-lounge.com\/de\/wp-json\/wp\/v2\/pages\/18113","targetHints":{"allow":["GET"]}}],"collection":[{"href":"https:\/\/vossloh-topic-lounge.com\/de\/wp-json\/wp\/v2\/pages"}],"about":[{"href":"https:\/\/vossloh-topic-lounge.com\/de\/wp-json\/wp\/v2\/types\/page"}],"author":[{"embeddable":true,"href":"https:\/\/vossloh-topic-lounge.com\/de\/wp-json\/wp\/v2\/users\/7"}],"replies":[{"embeddable":true,"href":"https:\/\/vossloh-topic-lounge.com\/de\/wp-json\/wp\/v2\/comments?post=18113"}],"version-history":[{"count":5,"href":"https:\/\/vossloh-topic-lounge.com\/de\/wp-json\/wp\/v2\/pages\/18113\/revisions"}],"predecessor-version":[{"id":19122,"href":"https:\/\/vossloh-topic-lounge.com\/de\/wp-json\/wp\/v2\/pages\/18113\/revisions\/19122"}],"wp:attachment":[{"href":"https:\/\/vossloh-topic-lounge.com\/de\/wp-json\/wp\/v2\/media?parent=18113"}],"curies":[{"name":"wp","href":"https:\/\/api.w.org\/{rel}","templated":true}]}}