{"id":18275,"date":"2024-09-18T15:41:26","date_gmt":"2024-09-18T15:41:26","guid":{"rendered":"https:\/\/vossloh-topic-lounge.com\/?page_id=18275"},"modified":"2025-06-15T18:54:38","modified_gmt":"2025-06-15T18:54:38","slug":"gs1-digital-product-passport","status":"publish","type":"page","link":"https:\/\/vossloh-topic-lounge.com\/de\/future-turnout-environment\/gs1-digital-product-passport\/","title":{"rendered":"GS1 Digital product passport"},"content":{"rendered":"\t\t<div data-elementor-type=\"wp-page\" data-elementor-id=\"18275\" class=\"elementor elementor-18275 elementor-18110\" data-elementor-post-type=\"page\">\n\t\t\t\t\t\t<section class=\"elementor-section elementor-top-section elementor-element elementor-element-560bb57 elementor-section-boxed elementor-section-height-default elementor-section-height-default\" data-id=\"560bb57\" data-element_type=\"section\" data-e-type=\"section\">\n\t\t\t\t\t\t<div class=\"elementor-container elementor-column-gap-default\">\n\t\t\t\t\t<div class=\"elementor-column elementor-col-50 elementor-top-column elementor-element elementor-element-6cc54032\" data-id=\"6cc54032\" data-element_type=\"column\" data-e-type=\"column\">\n\t\t\t<div class=\"elementor-widget-wrap elementor-element-populated\">\n\t\t\t\t\t\t<div class=\"elementor-element elementor-element-6bc3201 elementor-widget elementor-widget-heading\" data-id=\"6bc3201\" data-element_type=\"widget\" data-e-type=\"widget\" data-widget_type=\"heading.default\">\n\t\t\t\t<div class=\"elementor-widget-container\">\n\t\t\t\t\t<h2 class=\"elementor-heading-title elementor-size-default\">Einf\u00fchrung des GS1-Standards<\/h2>\t\t\t\t<\/div>\n\t\t\t\t<\/div>\n\t\t\t\t<div class=\"elementor-element elementor-element-e0ec7f3 elementor-widget elementor-widget-heading\" data-id=\"e0ec7f3\" data-element_type=\"widget\" data-e-type=\"widget\" data-widget_type=\"heading.default\">\n\t\t\t\t<div class=\"elementor-widget-container\">\n\t\t\t\t\t<h5 class=\"elementor-heading-title elementor-size-default\">F\u00fcr ein optimiertes Schieneninfrastruktur-Management<\/h5>\t\t\t\t<\/div>\n\t\t\t\t<\/div>\n\t\t\t\t<div class=\"elementor-element elementor-element-a2b355b vossloh-bullet elementor-widget elementor-widget-text-editor\" data-id=\"a2b355b\" data-element_type=\"widget\" data-e-type=\"widget\" data-widget_type=\"text-editor.default\">\n\t\t\t\t<div class=\"elementor-widget-container\">\n\t\t\t\t\t\t\t\t\t<p>GS1 ist eine neutrale, gemeinn\u00fctzige internationale Organisation, die urspr\u00fcnglich von der Einzelhandelsbranche gegr\u00fcndet wurde und sich der Entwicklung globaler Standards f\u00fcr die Identifizierung, Kommunikation und den Austausch von Informationen zwischen Unternehmen widmet. \u200bGS1 wurde 1973 gegr\u00fcndet und erm\u00f6glicht Unternehmen die eindeutige ihre Produkte, Logistikeinheiten, Standorte, Unternehmen und Ausr\u00fcstungen w\u00e4hrend ihres \u200bgesamten Lebenszyklus zu \u200bidentifizieren.\u200b<\/p><p><b>Eine eindeutige Kennung, die unser Produkt w\u00e4hrend seines gesamten Lebenszyklus von der Produktion \u00fcber das Asset Management bis zum Ende seiner Lebensdauer begleitet.<\/b><\/p><p>\u00a0<\/p><p><b>Fokus<\/b><b> auf Streckenverf\u00fcgbarkeit<\/b><\/p><ul><li><b>Individuelle IDs: <\/b>Jedes Produkt erh\u00e4lt eine eindeutige ID-Nummer, \u00e4hnlich der Nummer eines Personalausweises, die eine pr\u00e4zise, eindeutige Identifizierung garantiert, die auch im Laufe der Zeit unver\u00e4ndert bleibt.\u200b<\/li><li><b>Globale Interoperabilit\u00e4t: <\/b>Die globalen GS1-Standards erleichtern die Kommunikation zwischen den Partnern (Lieferanten, Kunden, Wartungsfirmen) und stellen sicher, dass alle dieselbe Sprache sprechen und dieselbe eindeutige Kennung f\u00fcr jedes Asset verwenden.\u200b<\/li><li><b>Verbesserte Sicherheit &amp; Effizienz: <\/b>Die standardisierte Identifizierung und Verfolgung von Komponenten gew\u00e4hrleistet einen einfachen Zugriff auf wichtige Informationen und verbessert die Sicherheit und Zuverl\u00e4ssigkeit des Bahnbetriebs.\u200b<\/li><li><b>Effizienter Datenaustausch: <\/b>Erm\u00f6glicht den nahtlosen Datenaustausch zwischen allen beteiligten Partnern und f\u00f6rdert so die Effizienz w\u00e4hrend des gesamten Lebenszyklus der Anlagen.\u200b<\/li><li><b>Einhaltung gesetzlicher Vorschriften: <\/b>Unterst\u00fctzt Unternehmen im Bahnsektor bei der Einhaltung gesetzlicher Vorschriften in Bezug auf Sicherheits- und Qualit\u00e4tsmanagement und st\u00e4rkt damit die Einhaltung nationaler und internationaler Normen.\u200b<\/li><li><b>Verbesserte R\u00fcckverfolgbarkeit: <\/b>Detaillierte Nachverfolgung der Komponenten w\u00e4hrend ihres gesamten Lebenszyklus, Gew\u00e4hrleistung einer vollst\u00e4ndigen R\u00fcckverfolgbarkeit und erh\u00f6hte Verantwortlichkeit.\u200b<\/li><\/ul><p>\u00a0<\/p><p><b>Referenz<\/b><\/p><p>Seit 2018 in Australien: Heute sind mehr als 600 Vossloh Weichen mit dieser Art Schild versehen, auf dem die eindeutige Kennung und verschiedene andere Elemente lesbar angegeben und teilweise in einer Datenmatrix kodiert sind.<\/p>\t\t\t\t\t\t\t\t<\/div>\n\t\t\t\t<\/div>\n\t\t\t\t<div class=\"elementor-element elementor-element-0209012 elementor-widget elementor-widget-button\" data-id=\"0209012\" data-element_type=\"widget\" data-e-type=\"widget\" data-widget_type=\"button.default\">\n\t\t\t\t<div class=\"elementor-widget-container\">\n\t\t\t\t\t\t\t\t\t<div class=\"elementor-button-wrapper\">\n\t\t\t\t\t<a class=\"elementor-button elementor-button-link elementor-size-sm\" href=\"https:\/\/vossloh-topic-lounge.com\/wp-content\/uploads\/2025\/06\/LY_GS1_D_new.pdf\" target=\"_blank\">\n\t\t\t\t\t\t<span class=\"elementor-button-content-wrapper\">\n\t\t\t\t\t\t<span class=\"elementor-button-icon\">\n\t\t\t\t<i aria-hidden=\"true\" class=\"fal fa-download\"><\/i>\t\t\t<\/span>\n\t\t\t\t\t\t\t\t\t<span class=\"elementor-button-text\">GS1 Standard-Datenblatt<\/span>\n\t\t\t\t\t<\/span>\n\t\t\t\t\t<\/a>\n\t\t\t\t<\/div>\n\t\t\t\t\t\t\t\t<\/div>\n\t\t\t\t<\/div>\n\t\t\t\t\t<\/div>\n\t\t<\/div>\n\t\t\t\t<div class=\"elementor-column elementor-col-50 elementor-top-column elementor-element elementor-element-791c8114\" data-id=\"791c8114\" data-element_type=\"column\" data-e-type=\"column\">\n\t\t\t<div class=\"elementor-widget-wrap elementor-element-populated\">\n\t\t\t\t\t\t<div class=\"elementor-element elementor-element-65765487 elementor-widget elementor-widget-image\" data-id=\"65765487\" data-element_type=\"widget\" data-e-type=\"widget\" data-widget_type=\"image.default\">\n\t\t\t\t<div class=\"elementor-widget-container\">\n\t\t\t\t\t\t\t\t\t\t\t\t\t\t\t<img decoding=\"async\" width=\"99\" height=\"83\" src=\"https:\/\/vossloh-topic-lounge.com\/wp-content\/uploads\/2024\/09\/Bild31-3-1.png\" class=\"attachment-large size-large wp-image-18326\" alt=\"\" \/>\t\t\t\t\t\t\t\t\t\t\t\t\t\t\t<\/div>\n\t\t\t\t<\/div>\n\t\t\t\t<div class=\"elementor-element elementor-element-1be95246 elementor-widget elementor-widget-image\" data-id=\"1be95246\" data-element_type=\"widget\" data-e-type=\"widget\" data-widget_type=\"image.default\">\n\t\t\t\t<div class=\"elementor-widget-container\">\n\t\t\t\t\t\t\t\t\t\t\t\t\t\t\t<img fetchpriority=\"high\" decoding=\"async\" width=\"716\" height=\"1024\" src=\"https:\/\/vossloh-topic-lounge.com\/wp-content\/uploads\/2024\/09\/gs1-verfuegbarkeit-716x1024.png\" class=\"attachment-large size-large wp-image-20494\" alt=\"\" srcset=\"https:\/\/vossloh-topic-lounge.com\/wp-content\/uploads\/2024\/09\/gs1-verfuegbarkeit-716x1024.png 716w, https:\/\/vossloh-topic-lounge.com\/wp-content\/uploads\/2024\/09\/gs1-verfuegbarkeit-210x300.png 210w, https:\/\/vossloh-topic-lounge.com\/wp-content\/uploads\/2024\/09\/gs1-verfuegbarkeit-768x1098.png 768w, https:\/\/vossloh-topic-lounge.com\/wp-content\/uploads\/2024\/09\/gs1-verfuegbarkeit.png 920w\" sizes=\"(max-width: 716px) 100vw, 716px\" \/>\t\t\t\t\t\t\t\t\t\t\t\t\t\t\t<\/div>\n\t\t\t\t<\/div>\n\t\t\t\t\t<\/div>\n\t\t<\/div>\n\t\t\t\t\t<\/div>\n\t\t<\/section>\n\t\t\t\t<\/div>\n\t\t","protected":false},"excerpt":{"rendered":"<p>Einf\u00fchrung des GS1-Standards F\u00fcr ein optimiertes Schieneninfrastruktur-Management GS1 ist eine neutrale, gemeinn\u00fctzige internationale Organisation, die urspr\u00fcnglich von der Einzelhandelsbranche gegr\u00fcndet wurde und sich der Entwicklung globaler Standards f\u00fcr die Identifizierung, Kommunikation und den Austausch von Informationen zwischen Unternehmen widmet. \u200bGS1 wurde 1973 gegr\u00fcndet und erm\u00f6glicht Unternehmen die eindeutige ihre Produkte, Logistikeinheiten, Standorte, Unternehmen und Ausr\u00fcstungen [&hellip;]<\/p>\n","protected":false},"author":7,"featured_media":0,"parent":201,"menu_order":0,"comment_status":"closed","ping_status":"closed","template":"","meta":{"_acf_changed":false,"footnotes":""},"class_list":["post-18275","page","type-page","status-publish","hentry"],"acf":[],"yoast_head":"<!-- This site is optimized with the Yoast SEO plugin v27.3 - https:\/\/yoast.com\/product\/yoast-seo-wordpress\/ -->\n<title>GS1 Digital product passport | Vossloh Topic Lounge<\/title>\n<meta name=\"robots\" content=\"noindex, follow, max-snippet:-1, max-image-preview:large, max-video-preview:-1\" \/>\n<meta property=\"og:locale\" content=\"de_DE\" \/>\n<meta property=\"og:type\" content=\"article\" \/>\n<meta property=\"og:title\" content=\"GS1 Digital product passport | Vossloh Topic Lounge\" \/>\n<meta property=\"og:description\" content=\"Einf\u00fchrung des GS1-Standards F\u00fcr ein optimiertes Schieneninfrastruktur-Management GS1 ist eine neutrale, gemeinn\u00fctzige internationale Organisation, die urspr\u00fcnglich von der Einzelhandelsbranche gegr\u00fcndet wurde und sich der Entwicklung globaler Standards f\u00fcr die Identifizierung, Kommunikation und den Austausch von Informationen zwischen Unternehmen widmet. \u200bGS1 wurde 1973 gegr\u00fcndet und erm\u00f6glicht Unternehmen die eindeutige ihre Produkte, Logistikeinheiten, Standorte, Unternehmen und Ausr\u00fcstungen [&hellip;]\" \/>\n<meta property=\"og:url\" content=\"https:\/\/vossloh-topic-lounge.com\/de\/future-turnout-environment\/gs1-digital-product-passport\/\" \/>\n<meta property=\"og:site_name\" content=\"Vossloh Topic Lounge\" \/>\n<meta property=\"article:modified_time\" content=\"2025-06-15T18:54:38+00:00\" \/>\n<meta property=\"og:image\" content=\"https:\/\/vossloh-topic-lounge.com\/wp-content\/uploads\/2024\/09\/Bild31-3-1.png\" \/>\n\t<meta property=\"og:image:width\" content=\"99\" \/>\n\t<meta property=\"og:image:height\" content=\"83\" \/>\n\t<meta property=\"og:image:type\" content=\"image\/png\" \/>\n<meta name=\"twitter:card\" content=\"summary_large_image\" \/>\n<meta name=\"twitter:label1\" content=\"Gesch\u00e4tzte Lesezeit\" \/>\n\t<meta name=\"twitter:data1\" content=\"2\u00a0Minuten\" \/>\n<script type=\"application\/ld+json\" class=\"yoast-schema-graph\">{\"@context\":\"https:\\\/\\\/schema.org\",\"@graph\":[{\"@type\":\"WebPage\",\"@id\":\"https:\\\/\\\/vossloh-topic-lounge.com\\\/de\\\/future-turnout-environment\\\/gs1-digital-product-passport\\\/\",\"url\":\"https:\\\/\\\/vossloh-topic-lounge.com\\\/de\\\/future-turnout-environment\\\/gs1-digital-product-passport\\\/\",\"name\":\"GS1 Digital product passport | Vossloh Topic Lounge\",\"isPartOf\":{\"@id\":\"https:\\\/\\\/vossloh-topic-lounge.com\\\/#website\"},\"primaryImageOfPage\":{\"@id\":\"https:\\\/\\\/vossloh-topic-lounge.com\\\/de\\\/future-turnout-environment\\\/gs1-digital-product-passport\\\/#primaryimage\"},\"image\":{\"@id\":\"https:\\\/\\\/vossloh-topic-lounge.com\\\/de\\\/future-turnout-environment\\\/gs1-digital-product-passport\\\/#primaryimage\"},\"thumbnailUrl\":\"https:\\\/\\\/vossloh-topic-lounge.com\\\/wp-content\\\/uploads\\\/2024\\\/09\\\/Bild31-3-1.png\",\"datePublished\":\"2024-09-18T15:41:26+00:00\",\"dateModified\":\"2025-06-15T18:54:38+00:00\",\"breadcrumb\":{\"@id\":\"https:\\\/\\\/vossloh-topic-lounge.com\\\/de\\\/future-turnout-environment\\\/gs1-digital-product-passport\\\/#breadcrumb\"},\"inLanguage\":\"de\",\"potentialAction\":[{\"@type\":\"ReadAction\",\"target\":[\"https:\\\/\\\/vossloh-topic-lounge.com\\\/de\\\/future-turnout-environment\\\/gs1-digital-product-passport\\\/\"]}]},{\"@type\":\"ImageObject\",\"inLanguage\":\"de\",\"@id\":\"https:\\\/\\\/vossloh-topic-lounge.com\\\/de\\\/future-turnout-environment\\\/gs1-digital-product-passport\\\/#primaryimage\",\"url\":\"https:\\\/\\\/vossloh-topic-lounge.com\\\/wp-content\\\/uploads\\\/2024\\\/09\\\/Bild31-3-1.png\",\"contentUrl\":\"https:\\\/\\\/vossloh-topic-lounge.com\\\/wp-content\\\/uploads\\\/2024\\\/09\\\/Bild31-3-1.png\"},{\"@type\":\"BreadcrumbList\",\"@id\":\"https:\\\/\\\/vossloh-topic-lounge.com\\\/de\\\/future-turnout-environment\\\/gs1-digital-product-passport\\\/#breadcrumb\",\"itemListElement\":[{\"@type\":\"ListItem\",\"position\":1,\"name\":\"Startseite\",\"item\":\"https:\\\/\\\/vossloh-topic-lounge.com\\\/\"},{\"@type\":\"ListItem\",\"position\":2,\"name\":\"Future turnout environment DE\",\"item\":\"https:\\\/\\\/vossloh-topic-lounge.com\\\/future-turnout-environment\\\/\"},{\"@type\":\"ListItem\",\"position\":3,\"name\":\"GS1 Digital product passport\"}]},{\"@type\":\"WebSite\",\"@id\":\"https:\\\/\\\/vossloh-topic-lounge.com\\\/#website\",\"url\":\"https:\\\/\\\/vossloh-topic-lounge.com\\\/\",\"name\":\"Vossloh Topic Lounge\",\"description\":\"\",\"publisher\":{\"@id\":\"https:\\\/\\\/vossloh-topic-lounge.com\\\/#organization\"},\"potentialAction\":[{\"@type\":\"SearchAction\",\"target\":{\"@type\":\"EntryPoint\",\"urlTemplate\":\"https:\\\/\\\/vossloh-topic-lounge.com\\\/?s={search_term_string}\"},\"query-input\":{\"@type\":\"PropertyValueSpecification\",\"valueRequired\":true,\"valueName\":\"search_term_string\"}}],\"inLanguage\":\"de\"},{\"@type\":\"Organization\",\"@id\":\"https:\\\/\\\/vossloh-topic-lounge.com\\\/#organization\",\"name\":\"VOSSLOH AG\",\"url\":\"https:\\\/\\\/vossloh-topic-lounge.com\\\/\",\"logo\":{\"@type\":\"ImageObject\",\"inLanguage\":\"de\",\"@id\":\"https:\\\/\\\/vossloh-topic-lounge.com\\\/#\\\/schema\\\/logo\\\/image\\\/\",\"url\":\"https:\\\/\\\/vossloh-topic-lounge.com\\\/wp-content\\\/uploads\\\/2022\\\/04\\\/Vossloh-Logo-enabling-green-mobility-RGB.png\",\"contentUrl\":\"https:\\\/\\\/vossloh-topic-lounge.com\\\/wp-content\\\/uploads\\\/2022\\\/04\\\/Vossloh-Logo-enabling-green-mobility-RGB.png\",\"width\":2560,\"height\":788,\"caption\":\"VOSSLOH AG\"},\"image\":{\"@id\":\"https:\\\/\\\/vossloh-topic-lounge.com\\\/#\\\/schema\\\/logo\\\/image\\\/\"}}]}<\/script>\n<!-- \/ Yoast SEO plugin. -->","yoast_head_json":{"title":"GS1 Digital product passport | Vossloh Topic Lounge","robots":{"index":"noindex","follow":"follow","max-snippet":"max-snippet:-1","max-image-preview":"max-image-preview:large","max-video-preview":"max-video-preview:-1"},"og_locale":"de_DE","og_type":"article","og_title":"GS1 Digital product passport | Vossloh Topic Lounge","og_description":"Einf\u00fchrung des GS1-Standards F\u00fcr ein optimiertes Schieneninfrastruktur-Management GS1 ist eine neutrale, gemeinn\u00fctzige internationale Organisation, die urspr\u00fcnglich von der Einzelhandelsbranche gegr\u00fcndet wurde und sich der Entwicklung globaler Standards f\u00fcr die Identifizierung, Kommunikation und den Austausch von Informationen zwischen Unternehmen widmet. \u200bGS1 wurde 1973 gegr\u00fcndet und erm\u00f6glicht Unternehmen die eindeutige ihre Produkte, Logistikeinheiten, Standorte, Unternehmen und Ausr\u00fcstungen [&hellip;]","og_url":"https:\/\/vossloh-topic-lounge.com\/de\/future-turnout-environment\/gs1-digital-product-passport\/","og_site_name":"Vossloh Topic Lounge","article_modified_time":"2025-06-15T18:54:38+00:00","og_image":[{"width":99,"height":83,"url":"https:\/\/vossloh-topic-lounge.com\/wp-content\/uploads\/2024\/09\/Bild31-3-1.png","type":"image\/png"}],"twitter_card":"summary_large_image","twitter_misc":{"Gesch\u00e4tzte Lesezeit":"2\u00a0Minuten"},"schema":{"@context":"https:\/\/schema.org","@graph":[{"@type":"WebPage","@id":"https:\/\/vossloh-topic-lounge.com\/de\/future-turnout-environment\/gs1-digital-product-passport\/","url":"https:\/\/vossloh-topic-lounge.com\/de\/future-turnout-environment\/gs1-digital-product-passport\/","name":"GS1 Digital product passport | Vossloh Topic Lounge","isPartOf":{"@id":"https:\/\/vossloh-topic-lounge.com\/#website"},"primaryImageOfPage":{"@id":"https:\/\/vossloh-topic-lounge.com\/de\/future-turnout-environment\/gs1-digital-product-passport\/#primaryimage"},"image":{"@id":"https:\/\/vossloh-topic-lounge.com\/de\/future-turnout-environment\/gs1-digital-product-passport\/#primaryimage"},"thumbnailUrl":"https:\/\/vossloh-topic-lounge.com\/wp-content\/uploads\/2024\/09\/Bild31-3-1.png","datePublished":"2024-09-18T15:41:26+00:00","dateModified":"2025-06-15T18:54:38+00:00","breadcrumb":{"@id":"https:\/\/vossloh-topic-lounge.com\/de\/future-turnout-environment\/gs1-digital-product-passport\/#breadcrumb"},"inLanguage":"de","potentialAction":[{"@type":"ReadAction","target":["https:\/\/vossloh-topic-lounge.com\/de\/future-turnout-environment\/gs1-digital-product-passport\/"]}]},{"@type":"ImageObject","inLanguage":"de","@id":"https:\/\/vossloh-topic-lounge.com\/de\/future-turnout-environment\/gs1-digital-product-passport\/#primaryimage","url":"https:\/\/vossloh-topic-lounge.com\/wp-content\/uploads\/2024\/09\/Bild31-3-1.png","contentUrl":"https:\/\/vossloh-topic-lounge.com\/wp-content\/uploads\/2024\/09\/Bild31-3-1.png"},{"@type":"BreadcrumbList","@id":"https:\/\/vossloh-topic-lounge.com\/de\/future-turnout-environment\/gs1-digital-product-passport\/#breadcrumb","itemListElement":[{"@type":"ListItem","position":1,"name":"Startseite","item":"https:\/\/vossloh-topic-lounge.com\/"},{"@type":"ListItem","position":2,"name":"Future turnout environment DE","item":"https:\/\/vossloh-topic-lounge.com\/future-turnout-environment\/"},{"@type":"ListItem","position":3,"name":"GS1 Digital product passport"}]},{"@type":"WebSite","@id":"https:\/\/vossloh-topic-lounge.com\/#website","url":"https:\/\/vossloh-topic-lounge.com\/","name":"Vossloh Topic Lounge","description":"","publisher":{"@id":"https:\/\/vossloh-topic-lounge.com\/#organization"},"potentialAction":[{"@type":"SearchAction","target":{"@type":"EntryPoint","urlTemplate":"https:\/\/vossloh-topic-lounge.com\/?s={search_term_string}"},"query-input":{"@type":"PropertyValueSpecification","valueRequired":true,"valueName":"search_term_string"}}],"inLanguage":"de"},{"@type":"Organization","@id":"https:\/\/vossloh-topic-lounge.com\/#organization","name":"VOSSLOH AG","url":"https:\/\/vossloh-topic-lounge.com\/","logo":{"@type":"ImageObject","inLanguage":"de","@id":"https:\/\/vossloh-topic-lounge.com\/#\/schema\/logo\/image\/","url":"https:\/\/vossloh-topic-lounge.com\/wp-content\/uploads\/2022\/04\/Vossloh-Logo-enabling-green-mobility-RGB.png","contentUrl":"https:\/\/vossloh-topic-lounge.com\/wp-content\/uploads\/2022\/04\/Vossloh-Logo-enabling-green-mobility-RGB.png","width":2560,"height":788,"caption":"VOSSLOH AG"},"image":{"@id":"https:\/\/vossloh-topic-lounge.com\/#\/schema\/logo\/image\/"}}]}},"_links":{"self":[{"href":"https:\/\/vossloh-topic-lounge.com\/de\/wp-json\/wp\/v2\/pages\/18275","targetHints":{"allow":["GET"]}}],"collection":[{"href":"https:\/\/vossloh-topic-lounge.com\/de\/wp-json\/wp\/v2\/pages"}],"about":[{"href":"https:\/\/vossloh-topic-lounge.com\/de\/wp-json\/wp\/v2\/types\/page"}],"author":[{"embeddable":true,"href":"https:\/\/vossloh-topic-lounge.com\/de\/wp-json\/wp\/v2\/users\/7"}],"replies":[{"embeddable":true,"href":"https:\/\/vossloh-topic-lounge.com\/de\/wp-json\/wp\/v2\/comments?post=18275"}],"version-history":[{"count":5,"href":"https:\/\/vossloh-topic-lounge.com\/de\/wp-json\/wp\/v2\/pages\/18275\/revisions"}],"predecessor-version":[{"id":23654,"href":"https:\/\/vossloh-topic-lounge.com\/de\/wp-json\/wp\/v2\/pages\/18275\/revisions\/23654"}],"up":[{"embeddable":true,"href":"https:\/\/vossloh-topic-lounge.com\/de\/wp-json\/wp\/v2\/pages\/201"}],"wp:attachment":[{"href":"https:\/\/vossloh-topic-lounge.com\/de\/wp-json\/wp\/v2\/media?parent=18275"}],"curies":[{"name":"wp","href":"https:\/\/api.w.org\/{rel}","templated":true}]}}