{"id":18530,"date":"2024-09-19T11:53:24","date_gmt":"2024-09-19T11:53:24","guid":{"rendered":"https:\/\/vossloh-topic-lounge.com\/?page_id=18530"},"modified":"2024-09-23T17:58:07","modified_gmt":"2024-09-23T17:58:07","slug":"smart-rail-maintenance-in-montreal","status":"publish","type":"page","link":"https:\/\/vossloh-topic-lounge.com\/de\/enabling-green-mobility\/smart-rail-maintenance-in-montreal\/","title":{"rendered":"Smarte Instandhaltung in Montreal"},"content":{"rendered":"\t\t<div data-elementor-type=\"wp-page\" data-elementor-id=\"18530\" class=\"elementor elementor-18530\" data-elementor-post-type=\"page\">\n\t\t\t\t\t\t<section class=\"elementor-section elementor-top-section elementor-element elementor-element-bde9af6 elementor-section-height-min-height single-page-max-width elementor-section-items-top elementor-section-boxed elementor-section-height-default\" data-id=\"bde9af6\" data-element_type=\"section\" id=\"oben\" data-settings=\"{&quot;background_background&quot;:&quot;classic&quot;}\">\n\t\t\t\t\t\t<div class=\"elementor-container elementor-column-gap-default\">\n\t\t\t\t\t<div class=\"elementor-column elementor-col-100 elementor-top-column elementor-element elementor-element-3499052d\" data-id=\"3499052d\" data-element_type=\"column\">\n\t\t\t<div class=\"elementor-widget-wrap\">\n\t\t\t\t\t\t\t<\/div>\n\t\t<\/div>\n\t\t\t\t\t<\/div>\n\t\t<\/section>\n\t\t\t\t<section class=\"elementor-section elementor-top-section elementor-element elementor-element-f4926d8 elementor-section-boxed elementor-section-height-default elementor-section-height-default\" data-id=\"f4926d8\" data-element_type=\"section\">\n\t\t\t\t\t\t<div class=\"elementor-container elementor-column-gap-default\">\n\t\t\t\t\t<div class=\"elementor-column elementor-col-100 elementor-top-column elementor-element elementor-element-7f437068\" data-id=\"7f437068\" data-element_type=\"column\">\n\t\t\t<div class=\"elementor-widget-wrap elementor-element-populated\">\n\t\t\t\t\t\t<div class=\"elementor-element elementor-element-01a23cb elementor-widget elementor-widget-ucaddon_side_border_heading\" data-id=\"01a23cb\" data-element_type=\"widget\" data-widget_type=\"ucaddon_side_border_heading.default\">\n\t\t\t\t<div class=\"elementor-widget-container\">\n\t\t\t\t\t\n<!-- start Side Line Heading -->\n<style>\/* widget: Side Line Heading *\/\n\n#uc_side_border_heading_elementor_01a23cb\n{\n  display:flex;\n}\n\n#uc_side_border_heading_elementor_01a23cb .side_border_heading_title\n{\n  color:black;\n}\n\n#uc_side_border_heading_elementor_01a23cb .side_border_heading_subtitle\n{\n  line-height:1.5em;\n  color:gray;\n}\n#uc_side_border_heading_elementor_01a23cb .side_border_heading_line_holder{\nflex-shrink: 0;\n}\n\n#uc_side_border_heading_elementor_01a23cb .side_border_heading_line_spacer{\nflex-shrink: 0;\n}\n\n<\/style>\n\n<div id=\"uc_side_border_heading_elementor_01a23cb\">\n  <div class=\"side_border_heading_line_holder\"><div class=\"side_border_heading_line\" style=\"background-color:#33AE33;\"><\/div><\/div>\n  <div class=\"side_border_heading_line_spacer\"><\/div>\n  <div>\n    <div class=\"side_border_heading_title\"><span  class=\"uc_style_side_border_heading_elementor_title\" >smart HSG-city in Montreal<\/span><\/div>\n    <div class=\"side_border_heading_subtitle\"><\/div>\n  <\/div>\n<\/div>\n<!-- end Side Line Heading -->\t\t\t\t<\/div>\n\t\t\t\t<\/div>\n\t\t\t\t<div class=\"elementor-element elementor-element-752a99f0 elementor-widget elementor-widget-heading\" data-id=\"752a99f0\" data-element_type=\"widget\" data-widget_type=\"heading.default\">\n\t\t\t\t<div class=\"elementor-widget-container\">\n\t\t\t\t\t<h2 class=\"elementor-heading-title elementor-size-default\">Effektive Riffelbeseitigung im Nahverkehr<\/h2>\t\t\t\t<\/div>\n\t\t\t\t<\/div>\n\t\t\t\t<section class=\"elementor-section elementor-inner-section elementor-element elementor-element-545f6cc elementor-section-boxed elementor-section-height-default elementor-section-height-default\" data-id=\"545f6cc\" data-element_type=\"section\">\n\t\t\t\t\t\t<div class=\"elementor-container elementor-column-gap-default\">\n\t\t\t\t\t<div class=\"elementor-column elementor-col-50 elementor-inner-column elementor-element elementor-element-2980e6a\" data-id=\"2980e6a\" data-element_type=\"column\">\n\t\t\t<div class=\"elementor-widget-wrap elementor-element-populated\">\n\t\t\t\t\t\t<div class=\"elementor-element elementor-element-7a0348c elementor-widget elementor-widget-image\" data-id=\"7a0348c\" data-element_type=\"widget\" data-widget_type=\"image.default\">\n\t\t\t\t<div class=\"elementor-widget-container\">\n\t\t\t\t\t\t\t\t\t\t\t\t\t\t\t<img fetchpriority=\"high\" decoding=\"async\" width=\"800\" height=\"228\" src=\"https:\/\/vossloh-topic-lounge.com\/wp-content\/uploads\/2024\/09\/Bild12-3-e1726747307191-1024x292.jpg\" class=\"attachment-large size-large wp-image-18591\" alt=\"\" srcset=\"https:\/\/vossloh-topic-lounge.com\/wp-content\/uploads\/2024\/09\/Bild12-3-e1726747307191-1024x292.jpg 1024w, https:\/\/vossloh-topic-lounge.com\/wp-content\/uploads\/2024\/09\/Bild12-3-e1726747307191-300x85.jpg 300w, https:\/\/vossloh-topic-lounge.com\/wp-content\/uploads\/2024\/09\/Bild12-3-e1726747307191-768x219.jpg 768w, https:\/\/vossloh-topic-lounge.com\/wp-content\/uploads\/2024\/09\/Bild12-3-e1726747307191.jpg 1043w\" sizes=\"(max-width: 800px) 100vw, 800px\" \/>\t\t\t\t\t\t\t\t\t\t\t\t\t\t\t<\/div>\n\t\t\t\t<\/div>\n\t\t\t\t<div class=\"elementor-element elementor-element-4aaa7788 vossloh-bullet elementor-widget elementor-widget-text-editor\" data-id=\"4aaa7788\" data-element_type=\"widget\" data-widget_type=\"text-editor.default\">\n\t\t\t\t<div class=\"elementor-widget-container\">\n\t\t\t\t\t\t\t\t\t<ul><li>Reseau express metropolitain (REM) hat den Betrieb der Strecke in Montreal erst im Juli 2023 aufgenommen.<\/li><li>Hohe Infrastrukturbelastungen f\u00fchrten schnell zu einer Riffelbildung &amp; innerst\u00e4dtischen L\u00e4rmbel\u00e4stigung.<\/li><li>Das Netz wird in den kommenden Jahren auf eine Gesamtl\u00e4nge von 67 Kilometern ausgebaut.<\/li><li><p class=\"p1\">Der smarte HSG-city kann nicht nur schleifen, sondern misst zeitgleich den pr\u00e4zisen Zustand der Schienen. Diese Messdaten erm\u00f6glichen die Pflege des Montreal Nahverkehrsnetzes so einfach und gleichzeitig effizient zu steuern.<\/p><\/li><\/ul>\t\t\t\t\t\t\t\t<\/div>\n\t\t\t\t<\/div>\n\t\t\t\t\t<\/div>\n\t\t<\/div>\n\t\t\t\t<div class=\"elementor-column elementor-col-50 elementor-inner-column elementor-element elementor-element-fea7388\" data-id=\"fea7388\" data-element_type=\"column\">\n\t\t\t<div class=\"elementor-widget-wrap elementor-element-populated\">\n\t\t\t\t\t\t<div class=\"elementor-element elementor-element-80a0ebe elementor-widget elementor-widget-video\" data-id=\"80a0ebe\" data-element_type=\"widget\" data-settings=\"{&quot;video_type&quot;:&quot;hosted&quot;,&quot;autoplay&quot;:&quot;yes&quot;,&quot;mute&quot;:&quot;yes&quot;,&quot;loop&quot;:&quot;yes&quot;,&quot;controls&quot;:&quot;yes&quot;}\" data-widget_type=\"video.default\">\n\t\t\t\t<div class=\"elementor-widget-container\">\n\t\t\t\t\t\t\t<div class=\"e-hosted-video elementor-wrapper elementor-open-inline\">\n\t\t\t\t\t<video class=\"elementor-video\" src=\"https:\/\/vossloh-topic-lounge.com\/wp-content\/uploads\/2024\/09\/rem_montreal_DE-1.mp4\" autoplay=\"\" loop=\"\" controls=\"\" muted=\"muted\" controlsList=\"nodownload\"><\/video>\n\t\t\t\t<\/div>\n\t\t\t\t\t\t<\/div>\n\t\t\t\t<\/div>\n\t\t\t\t\t<\/div>\n\t\t<\/div>\n\t\t\t\t\t<\/div>\n\t\t<\/section>\n\t\t\t\t<div class=\"elementor-element elementor-element-1715044a elementor-arrows-position-inside elementor-widget elementor-widget-image-carousel\" data-id=\"1715044a\" data-element_type=\"widget\" data-settings=\"{&quot;slides_to_show&quot;:&quot;3&quot;,&quot;slides_to_scroll&quot;:&quot;2&quot;,&quot;navigation&quot;:&quot;arrows&quot;,&quot;speed&quot;:500,&quot;image_spacing_custom&quot;:{&quot;unit&quot;:&quot;px&quot;,&quot;size&quot;:20,&quot;sizes&quot;:[]},&quot;image_spacing_custom_tablet&quot;:{&quot;unit&quot;:&quot;px&quot;,&quot;size&quot;:&quot;&quot;,&quot;sizes&quot;:[]},&quot;image_spacing_custom_mobile&quot;:{&quot;unit&quot;:&quot;px&quot;,&quot;size&quot;:&quot;&quot;,&quot;sizes&quot;:[]}}\" data-widget_type=\"image-carousel.default\">\n\t\t\t\t<div class=\"elementor-widget-container\">\n\t\t\t\t\t\t\t<div class=\"elementor-image-carousel-wrapper swiper\" role=\"region\" aria-roledescription=\"carousel\" aria-label=\"Bild Karussell\" dir=\"ltr\">\n\t\t\t<div class=\"elementor-image-carousel swiper-wrapper\" aria-live=\"polite\">\n\t\t\t\t\t\t\t\t<div class=\"swiper-slide\" role=\"group\" aria-roledescription=\"slide\" aria-label=\"1 von 4\"><a data-elementor-open-lightbox=\"yes\" data-elementor-lightbox-slideshow=\"1715044a\" data-e-action-hash=\"#elementor-action%3Aaction%3Dlightbox%26settings%3DeyJpZCI6MTg1NzksInVybCI6Imh0dHBzOlwvXC92b3NzbG9oLXRvcGljLWxvdW5nZS5jb21cL3dwLWNvbnRlbnRcL3VwbG9hZHNcLzIwMjRcLzA5XC9CaWxkMTEtNy5qcGciLCJzbGlkZXNob3ciOiIxNzE1MDQ0YSJ9\" href=\"https:\/\/vossloh-topic-lounge.com\/wp-content\/uploads\/2024\/09\/Bild11-7.jpg\"><figure class=\"swiper-slide-inner\"><img decoding=\"async\" class=\"swiper-slide-image\" src=\"https:\/\/vossloh-topic-lounge.com\/wp-content\/uploads\/2024\/09\/Bild11-7-300x225.jpg\" alt=\"Bild11\" \/><\/figure><\/a><\/div><div class=\"swiper-slide\" role=\"group\" aria-roledescription=\"slide\" aria-label=\"2 von 4\"><a data-elementor-open-lightbox=\"yes\" data-elementor-lightbox-slideshow=\"1715044a\" data-e-action-hash=\"#elementor-action%3Aaction%3Dlightbox%26settings%3DeyJpZCI6MTg1ODMsInVybCI6Imh0dHBzOlwvXC92b3NzbG9oLXRvcGljLWxvdW5nZS5jb21cL3dwLWNvbnRlbnRcL3VwbG9hZHNcLzIwMjRcLzA5XC9CaWxkMTAtNy5qcGciLCJzbGlkZXNob3ciOiIxNzE1MDQ0YSJ9\" href=\"https:\/\/vossloh-topic-lounge.com\/wp-content\/uploads\/2024\/09\/Bild10-7.jpg\"><figure class=\"swiper-slide-inner\"><img decoding=\"async\" class=\"swiper-slide-image\" src=\"https:\/\/vossloh-topic-lounge.com\/wp-content\/uploads\/2024\/09\/Bild10-7-225x300.jpg\" alt=\"Bild10\" \/><\/figure><\/a><\/div><div class=\"swiper-slide\" role=\"group\" aria-roledescription=\"slide\" aria-label=\"3 von 4\"><a data-elementor-open-lightbox=\"yes\" data-elementor-lightbox-slideshow=\"1715044a\" data-e-action-hash=\"#elementor-action%3Aaction%3Dlightbox%26settings%3DeyJpZCI6MTg1ODcsInVybCI6Imh0dHBzOlwvXC92b3NzbG9oLXRvcGljLWxvdW5nZS5jb21cL3dwLWNvbnRlbnRcL3VwbG9hZHNcLzIwMjRcLzA5XC9CaWxkOC02LmpwZyIsInNsaWRlc2hvdyI6IjE3MTUwNDRhIn0%3D\" href=\"https:\/\/vossloh-topic-lounge.com\/wp-content\/uploads\/2024\/09\/Bild8-6.jpg\"><figure class=\"swiper-slide-inner\"><img decoding=\"async\" class=\"swiper-slide-image\" src=\"https:\/\/vossloh-topic-lounge.com\/wp-content\/uploads\/2024\/09\/Bild8-6-300x225.jpg\" alt=\"Bild8\" \/><\/figure><\/a><\/div><div class=\"swiper-slide\" role=\"group\" aria-roledescription=\"slide\" aria-label=\"4 von 4\"><a data-elementor-open-lightbox=\"yes\" data-elementor-lightbox-slideshow=\"1715044a\" data-e-action-hash=\"#elementor-action%3Aaction%3Dlightbox%26settings%3DeyJpZCI6MTg1NDcsInVybCI6Imh0dHBzOlwvXC92b3NzbG9oLXRvcGljLWxvdW5nZS5jb21cL3dwLWNvbnRlbnRcL3VwbG9hZHNcLzIwMjRcLzA5XC9CaWxkNy02LnBuZyIsInNsaWRlc2hvdyI6IjE3MTUwNDRhIn0%3D\" href=\"https:\/\/vossloh-topic-lounge.com\/wp-content\/uploads\/2024\/09\/Bild7-6.png\"><figure class=\"swiper-slide-inner\"><img decoding=\"async\" class=\"swiper-slide-image\" src=\"https:\/\/vossloh-topic-lounge.com\/wp-content\/uploads\/2024\/09\/Bild7-6-300x165.png\" alt=\"Bild7\" \/><\/figure><\/a><\/div>\t\t\t<\/div>\n\t\t\t\t\t\t\t\t\t\t\t\t<div class=\"elementor-swiper-button elementor-swiper-button-prev\" role=\"button\" tabindex=\"0\">\n\t\t\t\t\t\t<i aria-hidden=\"true\" class=\"eicon-chevron-left\"><\/i>\t\t\t\t\t<\/div>\n\t\t\t\t\t<div class=\"elementor-swiper-button elementor-swiper-button-next\" role=\"button\" tabindex=\"0\">\n\t\t\t\t\t\t<i aria-hidden=\"true\" class=\"eicon-chevron-right\"><\/i>\t\t\t\t\t<\/div>\n\t\t\t\t\n\t\t\t\t\t\t\t\t\t<\/div>\n\t\t\t\t\t\t<\/div>\n\t\t\t\t<\/div>\n\t\t\t\t\t<\/div>\n\t\t<\/div>\n\t\t\t\t\t<\/div>\n\t\t<\/section>\n\t\t\t\t<\/div>\n\t\t","protected":false},"excerpt":{"rendered":"<p>smart HSG-city in Montreal Effektive Riffelbeseitigung im Nahverkehr Reseau express metropolitain (REM) hat den Betrieb der Strecke in Montreal erst im Juli 2023 aufgenommen. Hohe Infrastrukturbelastungen f\u00fchrten schnell zu einer Riffelbildung &amp; innerst\u00e4dtischen L\u00e4rmbel\u00e4stigung. Das Netz wird in den kommenden Jahren auf eine Gesamtl\u00e4nge von 67 Kilometern ausgebaut. Der smarte HSG-city kann nicht nur schleifen, [&hellip;]<\/p>\n","protected":false},"author":7,"featured_media":0,"parent":1096,"menu_order":0,"comment_status":"closed","ping_status":"closed","template":"elementor_theme","meta":{"_acf_changed":false,"footnotes":""},"class_list":["post-18530","page","type-page","status-publish","hentry"],"acf":[],"yoast_head":"<!-- This site is optimized with the Yoast SEO plugin v25.8 - https:\/\/yoast.com\/wordpress\/plugins\/seo\/ -->\n<title>Smarte Instandhaltung in Montreal | Vossloh Topic Lounge<\/title>\n<meta name=\"robots\" content=\"index, follow, max-snippet:-1, max-image-preview:large, max-video-preview:-1\" \/>\n<link rel=\"canonical\" href=\"https:\/\/vossloh-topic-lounge.com\/de\/enabling-green-mobility\/smart-rail-maintenance-in-montreal\/\" \/>\n<meta property=\"og:locale\" content=\"de_DE\" \/>\n<meta property=\"og:type\" content=\"article\" \/>\n<meta property=\"og:title\" content=\"Smarte Instandhaltung in Montreal | Vossloh Topic Lounge\" \/>\n<meta property=\"og:description\" content=\"smart HSG-city in Montreal Effektive Riffelbeseitigung im Nahverkehr Reseau express metropolitain (REM) hat den Betrieb der Strecke in Montreal erst im Juli 2023 aufgenommen. Hohe Infrastrukturbelastungen f\u00fchrten schnell zu einer Riffelbildung &amp; innerst\u00e4dtischen L\u00e4rmbel\u00e4stigung. Das Netz wird in den kommenden Jahren auf eine Gesamtl\u00e4nge von 67 Kilometern ausgebaut. Der smarte HSG-city kann nicht nur schleifen, [&hellip;]\" \/>\n<meta property=\"og:url\" content=\"https:\/\/vossloh-topic-lounge.com\/de\/enabling-green-mobility\/smart-rail-maintenance-in-montreal\/\" \/>\n<meta property=\"og:site_name\" content=\"Vossloh Topic Lounge\" \/>\n<meta property=\"article:modified_time\" content=\"2024-09-23T17:58:07+00:00\" \/>\n<meta property=\"og:image\" content=\"https:\/\/vossloh-topic-lounge.com\/wp-content\/uploads\/2024\/09\/Bild12-3-e1726747307191-1024x292.jpg\" \/>\n<meta name=\"twitter:card\" content=\"summary_large_image\" \/>\n<meta name=\"twitter:label1\" content=\"Gesch\u00e4tzte Lesezeit\" \/>\n\t<meta name=\"twitter:data1\" content=\"2\u00a0Minuten\" \/>\n<script type=\"application\/ld+json\" class=\"yoast-schema-graph\">{\"@context\":\"https:\/\/schema.org\",\"@graph\":[{\"@type\":\"WebPage\",\"@id\":\"https:\/\/vossloh-topic-lounge.com\/de\/enabling-green-mobility\/smart-rail-maintenance-in-montreal\/\",\"url\":\"https:\/\/vossloh-topic-lounge.com\/de\/enabling-green-mobility\/smart-rail-maintenance-in-montreal\/\",\"name\":\"Smarte Instandhaltung in Montreal | Vossloh Topic Lounge\",\"isPartOf\":{\"@id\":\"https:\/\/vossloh-topic-lounge.com\/#website\"},\"primaryImageOfPage\":{\"@id\":\"https:\/\/vossloh-topic-lounge.com\/de\/enabling-green-mobility\/smart-rail-maintenance-in-montreal\/#primaryimage\"},\"image\":{\"@id\":\"https:\/\/vossloh-topic-lounge.com\/de\/enabling-green-mobility\/smart-rail-maintenance-in-montreal\/#primaryimage\"},\"thumbnailUrl\":\"https:\/\/vossloh-topic-lounge.com\/wp-content\/uploads\/2024\/09\/Bild12-3-e1726747307191-1024x292.jpg\",\"datePublished\":\"2024-09-19T11:53:24+00:00\",\"dateModified\":\"2024-09-23T17:58:07+00:00\",\"breadcrumb\":{\"@id\":\"https:\/\/vossloh-topic-lounge.com\/de\/enabling-green-mobility\/smart-rail-maintenance-in-montreal\/#breadcrumb\"},\"inLanguage\":\"de\",\"potentialAction\":[{\"@type\":\"ReadAction\",\"target\":[\"https:\/\/vossloh-topic-lounge.com\/de\/enabling-green-mobility\/smart-rail-maintenance-in-montreal\/\"]}]},{\"@type\":\"ImageObject\",\"inLanguage\":\"de\",\"@id\":\"https:\/\/vossloh-topic-lounge.com\/de\/enabling-green-mobility\/smart-rail-maintenance-in-montreal\/#primaryimage\",\"url\":\"https:\/\/vossloh-topic-lounge.com\/wp-content\/uploads\/2024\/09\/Bild12-3-e1726747307191-1024x292.jpg\",\"contentUrl\":\"https:\/\/vossloh-topic-lounge.com\/wp-content\/uploads\/2024\/09\/Bild12-3-e1726747307191-1024x292.jpg\"},{\"@type\":\"BreadcrumbList\",\"@id\":\"https:\/\/vossloh-topic-lounge.com\/de\/enabling-green-mobility\/smart-rail-maintenance-in-montreal\/#breadcrumb\",\"itemListElement\":[{\"@type\":\"ListItem\",\"position\":1,\"name\":\"Startseite\",\"item\":\"https:\/\/vossloh-topic-lounge.com\/\"},{\"@type\":\"ListItem\",\"position\":2,\"name\":\"enabling green mobility\",\"item\":\"https:\/\/vossloh-topic-lounge.com\/enabling-green-mobility\/\"},{\"@type\":\"ListItem\",\"position\":3,\"name\":\"Smarte Instandhaltung in Montreal\"}]},{\"@type\":\"WebSite\",\"@id\":\"https:\/\/vossloh-topic-lounge.com\/#website\",\"url\":\"https:\/\/vossloh-topic-lounge.com\/\",\"name\":\"Vossloh Topic Lounge\",\"description\":\"\",\"publisher\":{\"@id\":\"https:\/\/vossloh-topic-lounge.com\/#organization\"},\"potentialAction\":[{\"@type\":\"SearchAction\",\"target\":{\"@type\":\"EntryPoint\",\"urlTemplate\":\"https:\/\/vossloh-topic-lounge.com\/?s={search_term_string}\"},\"query-input\":{\"@type\":\"PropertyValueSpecification\",\"valueRequired\":true,\"valueName\":\"search_term_string\"}}],\"inLanguage\":\"de\"},{\"@type\":\"Organization\",\"@id\":\"https:\/\/vossloh-topic-lounge.com\/#organization\",\"name\":\"VOSSLOH AG\",\"url\":\"https:\/\/vossloh-topic-lounge.com\/\",\"logo\":{\"@type\":\"ImageObject\",\"inLanguage\":\"de\",\"@id\":\"https:\/\/vossloh-topic-lounge.com\/#\/schema\/logo\/image\/\",\"url\":\"https:\/\/vossloh-topic-lounge.com\/wp-content\/uploads\/2022\/04\/Vossloh-Logo-enabling-green-mobility-RGB.png\",\"contentUrl\":\"https:\/\/vossloh-topic-lounge.com\/wp-content\/uploads\/2022\/04\/Vossloh-Logo-enabling-green-mobility-RGB.png\",\"width\":2560,\"height\":788,\"caption\":\"VOSSLOH AG\"},\"image\":{\"@id\":\"https:\/\/vossloh-topic-lounge.com\/#\/schema\/logo\/image\/\"}}]}<\/script>\n<!-- \/ Yoast SEO plugin. -->","yoast_head_json":{"title":"Smarte Instandhaltung in Montreal | Vossloh Topic Lounge","robots":{"index":"index","follow":"follow","max-snippet":"max-snippet:-1","max-image-preview":"max-image-preview:large","max-video-preview":"max-video-preview:-1"},"canonical":"https:\/\/vossloh-topic-lounge.com\/de\/enabling-green-mobility\/smart-rail-maintenance-in-montreal\/","og_locale":"de_DE","og_type":"article","og_title":"Smarte Instandhaltung in Montreal | Vossloh Topic Lounge","og_description":"smart HSG-city in Montreal Effektive Riffelbeseitigung im Nahverkehr Reseau express metropolitain (REM) hat den Betrieb der Strecke in Montreal erst im Juli 2023 aufgenommen. Hohe Infrastrukturbelastungen f\u00fchrten schnell zu einer Riffelbildung &amp; innerst\u00e4dtischen L\u00e4rmbel\u00e4stigung. Das Netz wird in den kommenden Jahren auf eine Gesamtl\u00e4nge von 67 Kilometern ausgebaut. Der smarte HSG-city kann nicht nur schleifen, [&hellip;]","og_url":"https:\/\/vossloh-topic-lounge.com\/de\/enabling-green-mobility\/smart-rail-maintenance-in-montreal\/","og_site_name":"Vossloh Topic Lounge","article_modified_time":"2024-09-23T17:58:07+00:00","og_image":[{"url":"https:\/\/vossloh-topic-lounge.com\/wp-content\/uploads\/2024\/09\/Bild12-3-e1726747307191-1024x292.jpg","type":"","width":"","height":""}],"twitter_card":"summary_large_image","twitter_misc":{"Gesch\u00e4tzte Lesezeit":"2\u00a0Minuten"},"schema":{"@context":"https:\/\/schema.org","@graph":[{"@type":"WebPage","@id":"https:\/\/vossloh-topic-lounge.com\/de\/enabling-green-mobility\/smart-rail-maintenance-in-montreal\/","url":"https:\/\/vossloh-topic-lounge.com\/de\/enabling-green-mobility\/smart-rail-maintenance-in-montreal\/","name":"Smarte Instandhaltung in Montreal | Vossloh Topic Lounge","isPartOf":{"@id":"https:\/\/vossloh-topic-lounge.com\/#website"},"primaryImageOfPage":{"@id":"https:\/\/vossloh-topic-lounge.com\/de\/enabling-green-mobility\/smart-rail-maintenance-in-montreal\/#primaryimage"},"image":{"@id":"https:\/\/vossloh-topic-lounge.com\/de\/enabling-green-mobility\/smart-rail-maintenance-in-montreal\/#primaryimage"},"thumbnailUrl":"https:\/\/vossloh-topic-lounge.com\/wp-content\/uploads\/2024\/09\/Bild12-3-e1726747307191-1024x292.jpg","datePublished":"2024-09-19T11:53:24+00:00","dateModified":"2024-09-23T17:58:07+00:00","breadcrumb":{"@id":"https:\/\/vossloh-topic-lounge.com\/de\/enabling-green-mobility\/smart-rail-maintenance-in-montreal\/#breadcrumb"},"inLanguage":"de","potentialAction":[{"@type":"ReadAction","target":["https:\/\/vossloh-topic-lounge.com\/de\/enabling-green-mobility\/smart-rail-maintenance-in-montreal\/"]}]},{"@type":"ImageObject","inLanguage":"de","@id":"https:\/\/vossloh-topic-lounge.com\/de\/enabling-green-mobility\/smart-rail-maintenance-in-montreal\/#primaryimage","url":"https:\/\/vossloh-topic-lounge.com\/wp-content\/uploads\/2024\/09\/Bild12-3-e1726747307191-1024x292.jpg","contentUrl":"https:\/\/vossloh-topic-lounge.com\/wp-content\/uploads\/2024\/09\/Bild12-3-e1726747307191-1024x292.jpg"},{"@type":"BreadcrumbList","@id":"https:\/\/vossloh-topic-lounge.com\/de\/enabling-green-mobility\/smart-rail-maintenance-in-montreal\/#breadcrumb","itemListElement":[{"@type":"ListItem","position":1,"name":"Startseite","item":"https:\/\/vossloh-topic-lounge.com\/"},{"@type":"ListItem","position":2,"name":"enabling green mobility","item":"https:\/\/vossloh-topic-lounge.com\/enabling-green-mobility\/"},{"@type":"ListItem","position":3,"name":"Smarte Instandhaltung in Montreal"}]},{"@type":"WebSite","@id":"https:\/\/vossloh-topic-lounge.com\/#website","url":"https:\/\/vossloh-topic-lounge.com\/","name":"Vossloh Topic Lounge","description":"","publisher":{"@id":"https:\/\/vossloh-topic-lounge.com\/#organization"},"potentialAction":[{"@type":"SearchAction","target":{"@type":"EntryPoint","urlTemplate":"https:\/\/vossloh-topic-lounge.com\/?s={search_term_string}"},"query-input":{"@type":"PropertyValueSpecification","valueRequired":true,"valueName":"search_term_string"}}],"inLanguage":"de"},{"@type":"Organization","@id":"https:\/\/vossloh-topic-lounge.com\/#organization","name":"VOSSLOH AG","url":"https:\/\/vossloh-topic-lounge.com\/","logo":{"@type":"ImageObject","inLanguage":"de","@id":"https:\/\/vossloh-topic-lounge.com\/#\/schema\/logo\/image\/","url":"https:\/\/vossloh-topic-lounge.com\/wp-content\/uploads\/2022\/04\/Vossloh-Logo-enabling-green-mobility-RGB.png","contentUrl":"https:\/\/vossloh-topic-lounge.com\/wp-content\/uploads\/2022\/04\/Vossloh-Logo-enabling-green-mobility-RGB.png","width":2560,"height":788,"caption":"VOSSLOH AG"},"image":{"@id":"https:\/\/vossloh-topic-lounge.com\/#\/schema\/logo\/image\/"}}]}},"_links":{"self":[{"href":"https:\/\/vossloh-topic-lounge.com\/de\/wp-json\/wp\/v2\/pages\/18530","targetHints":{"allow":["GET"]}}],"collection":[{"href":"https:\/\/vossloh-topic-lounge.com\/de\/wp-json\/wp\/v2\/pages"}],"about":[{"href":"https:\/\/vossloh-topic-lounge.com\/de\/wp-json\/wp\/v2\/types\/page"}],"author":[{"embeddable":true,"href":"https:\/\/vossloh-topic-lounge.com\/de\/wp-json\/wp\/v2\/users\/7"}],"replies":[{"embeddable":true,"href":"https:\/\/vossloh-topic-lounge.com\/de\/wp-json\/wp\/v2\/comments?post=18530"}],"version-history":[{"count":5,"href":"https:\/\/vossloh-topic-lounge.com\/de\/wp-json\/wp\/v2\/pages\/18530\/revisions"}],"predecessor-version":[{"id":22645,"href":"https:\/\/vossloh-topic-lounge.com\/de\/wp-json\/wp\/v2\/pages\/18530\/revisions\/22645"}],"up":[{"embeddable":true,"href":"https:\/\/vossloh-topic-lounge.com\/de\/wp-json\/wp\/v2\/pages\/1096"}],"wp:attachment":[{"href":"https:\/\/vossloh-topic-lounge.com\/de\/wp-json\/wp\/v2\/media?parent=18530"}],"curies":[{"name":"wp","href":"https:\/\/api.w.org\/{rel}","templated":true}]}}