{"id":2426,"date":"2022-04-01T06:59:21","date_gmt":"2022-04-01T06:59:21","guid":{"rendered":"https:\/\/vossloh-topic-lounge.com\/\/?page_id=2426"},"modified":"2024-09-23T13:52:39","modified_gmt":"2024-09-23T13:52:39","slug":"elizabeth-line","status":"publish","type":"page","link":"https:\/\/vossloh-topic-lounge.com\/de\/enabling-green-mobility\/elizabeth-line\/","title":{"rendered":"Elizabeth Line"},"content":{"rendered":"\t\t<div data-elementor-type=\"wp-page\" data-elementor-id=\"2426\" class=\"elementor elementor-2426\" data-elementor-post-type=\"page\">\n\t\t\t\t\t\t<section class=\"elementor-section elementor-top-section elementor-element elementor-element-bb15b20 elementor-section-height-min-height single-page-max-width elementor-section-boxed elementor-section-height-default elementor-section-items-middle\" data-id=\"bb15b20\" data-element_type=\"section\" id=\"oben\" data-settings=\"{&quot;background_background&quot;:&quot;classic&quot;}\">\n\t\t\t\t\t\t<div class=\"elementor-container elementor-column-gap-default\">\n\t\t\t\t\t<div class=\"elementor-column elementor-col-100 elementor-top-column elementor-element elementor-element-f49735b\" data-id=\"f49735b\" data-element_type=\"column\">\n\t\t\t<div class=\"elementor-widget-wrap\">\n\t\t\t\t\t\t\t<\/div>\n\t\t<\/div>\n\t\t\t\t\t<\/div>\n\t\t<\/section>\n\t\t\t\t<section class=\"elementor-section elementor-top-section elementor-element elementor-element-49e1bfe elementor-section-boxed elementor-section-height-default elementor-section-height-default\" data-id=\"49e1bfe\" data-element_type=\"section\" data-settings=\"{&quot;background_background&quot;:&quot;classic&quot;}\">\n\t\t\t\t\t\t<div class=\"elementor-container elementor-column-gap-default\">\n\t\t\t\t\t<div class=\"elementor-column elementor-col-100 elementor-top-column elementor-element elementor-element-6eaab6d\" data-id=\"6eaab6d\" data-element_type=\"column\">\n\t\t\t<div class=\"elementor-widget-wrap elementor-element-populated\">\n\t\t\t\t\t\t<div class=\"elementor-element elementor-element-acd7731 elementor-widget elementor-widget-ucaddon_side_border_heading\" data-id=\"acd7731\" data-element_type=\"widget\" data-widget_type=\"ucaddon_side_border_heading.default\">\n\t\t\t\t<div class=\"elementor-widget-container\">\n\t\t\t\t\t\n<!-- start Side Line Heading -->\n<style>\/* widget: Side Line Heading *\/\n\n#uc_side_border_heading_elementor_acd7731\n{\n  display:flex;\n}\n\n#uc_side_border_heading_elementor_acd7731 .side_border_heading_title\n{\n  color:black;\n}\n\n#uc_side_border_heading_elementor_acd7731 .side_border_heading_subtitle\n{\n  line-height:1.5em;\n  color:gray;\n}\n#uc_side_border_heading_elementor_acd7731 .side_border_heading_line_holder{\nflex-shrink: 0;\n}\n\n#uc_side_border_heading_elementor_acd7731 .side_border_heading_line_spacer{\nflex-shrink: 0;\n}\n\n<\/style>\n\n<div id=\"uc_side_border_heading_elementor_acd7731\">\n  <div class=\"side_border_heading_line_holder\"><div class=\"side_border_heading_line\" style=\"background-color:#33AE33;\"><\/div><\/div>\n  <div class=\"side_border_heading_line_spacer\"><\/div>\n  <div>\n    <div class=\"side_border_heading_title\"><span  class=\"uc_style_side_border_heading_elementor_title\" >Elizabeth Line<\/span><\/div>\n    <div class=\"side_border_heading_subtitle\"><\/div>\n  <\/div>\n<\/div>\n<!-- end Side Line Heading -->\t\t\t\t<\/div>\n\t\t\t\t<\/div>\n\t\t\t\t<section class=\"elementor-section elementor-inner-section elementor-element elementor-element-a938a37 elementor-section-boxed elementor-section-height-default elementor-section-height-default\" data-id=\"a938a37\" data-element_type=\"section\">\n\t\t\t\t\t\t<div class=\"elementor-container elementor-column-gap-default\">\n\t\t\t\t\t<div class=\"elementor-column elementor-col-50 elementor-inner-column elementor-element elementor-element-a8ff33b\" data-id=\"a8ff33b\" data-element_type=\"column\">\n\t\t\t<div class=\"elementor-widget-wrap elementor-element-populated\">\n\t\t\t\t\t\t<div class=\"elementor-element elementor-element-ee08809 vossloh-bullet elementor-widget elementor-widget-text-editor\" data-id=\"ee08809\" data-element_type=\"widget\" data-widget_type=\"text-editor.default\">\n\t\t\t\t<div class=\"elementor-widget-container\">\n\t\t\t\t\t\t\t\t\t<p><b>Projektbeschreibung:<\/b><\/p><p>Die 118 km lange neue U-Bahnstrecke \u201eElizabeth Line\u201c geh\u00f6rt zu den gr\u00f6\u00dften Infrastrukturprojekte in Europa. Um Londons Underground zu entlasten, f\u00fchrt sie von Reading und Heathrow im Westen durch neue Tunnel unter dem Londoner Zentrum hindurch bis nach Shenfield und Abbey Wood im Osten. Insgesamt 41 Bahnh\u00f6fe; 10 davon neu gebaut &amp; 30 modernisiert. Nach ihrer feierlichen Einweihung mit der Queen wird Londons neueste Bahnlinie voraussichtlich 200 Millionen Fahrg\u00e4ste im Jahr bef\u00f6rdern.<\/p>\t\t\t\t\t\t\t\t<\/div>\n\t\t\t\t<\/div>\n\t\t\t\t<div class=\"elementor-element elementor-element-8482546 vossloh-bullet elementor-widget elementor-widget-text-editor\" data-id=\"8482546\" data-element_type=\"widget\" data-widget_type=\"text-editor.default\">\n\t\t\t\t<div class=\"elementor-widget-container\">\n\t\t\t\t\t\t\t\t\t<p><strong>Vosslohs Beitrag:<\/strong><\/p><ul><li>Mehr als<strong> 2.000 Schienbefestigungssysteme des Typs W 21 (Inclined)<\/strong> zum Einbau in Weichenanlagen.<\/li><li>Etwa<strong> 140.000 W 14 Schienenbefestigungssysteme<\/strong>\u00a0 f\u00fcr den Einbau in sogenannte &#8222;booted stepper&#8220; (elastisch gebettete, ger\u00e4uschd\u00e4mpfende Schwellen) und Fester Fahrbahn<\/li><li><strong>12 neu entwickelte CEN60-Weichen und Kreuzungen<\/strong> f\u00fcr die Tunnelabschnitte auf Fester Fahrbahn<\/li><li><strong>20 konventionelle Weichen, \u00dcberg\u00e4nge und Gleisverbindungen<\/strong> f\u00fcr den CEN56-Abschnittauf mit Betonschwellen und Schotterbett<\/li><li><strong>Schienen-Neulagenbearbeitung<\/strong> auf ca. 14 km Gleis mit unserem Fr\u00e4struck<\/li><\/ul>\t\t\t\t\t\t\t\t<\/div>\n\t\t\t\t<\/div>\n\t\t\t\t\t<\/div>\n\t\t<\/div>\n\t\t\t\t<div class=\"elementor-column elementor-col-50 elementor-inner-column elementor-element elementor-element-df16c9e\" data-id=\"df16c9e\" data-element_type=\"column\">\n\t\t\t<div class=\"elementor-widget-wrap elementor-element-populated\">\n\t\t\t\t\t\t<div class=\"elementor-element elementor-element-c29bf2f elementor-arrows-position-inside elementor-widget elementor-widget-image-carousel\" data-id=\"c29bf2f\" data-element_type=\"widget\" data-settings=\"{&quot;slides_to_show&quot;:&quot;1&quot;,&quot;navigation&quot;:&quot;arrows&quot;,&quot;autoplay&quot;:&quot;no&quot;,&quot;infinite&quot;:&quot;yes&quot;,&quot;effect&quot;:&quot;slide&quot;,&quot;speed&quot;:500}\" data-widget_type=\"image-carousel.default\">\n\t\t\t\t<div class=\"elementor-widget-container\">\n\t\t\t\t\t\t\t<div class=\"elementor-image-carousel-wrapper swiper\" role=\"region\" aria-roledescription=\"carousel\" aria-label=\"Bild Karussell\" dir=\"ltr\">\n\t\t\t<div class=\"elementor-image-carousel swiper-wrapper\" aria-live=\"polite\">\n\t\t\t\t\t\t\t\t<div class=\"swiper-slide\" role=\"group\" aria-roledescription=\"slide\" aria-label=\"1 von 5\"><a data-elementor-open-lightbox=\"yes\" data-elementor-lightbox-slideshow=\"c29bf2f\" data-e-action-hash=\"#elementor-action%3Aaction%3Dlightbox%26settings%3DeyJpZCI6MzMwMywidXJsIjoiaHR0cHM6XC9cL3Zvc3Nsb2gtdG9waWMtbG91bmdlLmNvbVwvd3AtY29udGVudFwvdXBsb2Fkc1wvMjAyMlwvMDRcL3JlY2h0cy5qcGciLCJzbGlkZXNob3ciOiJjMjliZjJmIn0%3D\" href=\"https:\/\/vossloh-topic-lounge.com\/wp-content\/uploads\/2022\/04\/rechts.jpg\"><figure class=\"swiper-slide-inner\"><img decoding=\"async\" class=\"swiper-slide-image\" src=\"https:\/\/vossloh-topic-lounge.com\/wp-content\/uploads\/elementor\/thumbs\/rechts-pnzq6fcs4uaa8fy758n105tf3odkjryh1emxsje7co.jpg\" alt=\"Beispiel f\u00fcr neu entwickelte CEN60-Weichen und Kreuzungen\" \/><\/figure><\/a><\/div><div class=\"swiper-slide\" role=\"group\" aria-roledescription=\"slide\" aria-label=\"2 von 5\"><a data-elementor-open-lightbox=\"yes\" data-elementor-lightbox-slideshow=\"c29bf2f\" data-e-action-hash=\"#elementor-action%3Aaction%3Dlightbox%26settings%3DeyJpZCI6MzI5NywidXJsIjoiaHR0cHM6XC9cL3Zvc3Nsb2gtdG9waWMtbG91bmdlLmNvbVwvd3AtY29udGVudFwvdXBsb2Fkc1wvMjAyMlwvMDRcL0RTQ18wNzk5LmpwZyIsInNsaWRlc2hvdyI6ImMyOWJmMmYifQ%3D%3D\" href=\"https:\/\/vossloh-topic-lounge.com\/wp-content\/uploads\/2022\/04\/DSC_0799.jpg\"><figure class=\"swiper-slide-inner\"><img decoding=\"async\" class=\"swiper-slide-image\" src=\"https:\/\/vossloh-topic-lounge.com\/wp-content\/uploads\/elementor\/thumbs\/DSC_0799-pnzq9wdbdt1f4kwlv8oeps9q3x9dziqruleimc8ud4.jpg\" alt=\"Schienenbefestigungssystem W 21\" \/><\/figure><\/a><\/div><div class=\"swiper-slide\" role=\"group\" aria-roledescription=\"slide\" aria-label=\"3 von 5\"><a data-elementor-open-lightbox=\"yes\" data-elementor-lightbox-slideshow=\"c29bf2f\" data-e-action-hash=\"#elementor-action%3Aaction%3Dlightbox%26settings%3DeyJpZCI6MzI5OSwidXJsIjoiaHR0cHM6XC9cL3Zvc3Nsb2gtdG9waWMtbG91bmdlLmNvbVwvd3AtY29udGVudFwvdXBsb2Fkc1wvMjAyMlwvMDRcL0RTQ18wODE3LmpwZyIsInNsaWRlc2hvdyI6ImMyOWJmMmYifQ%3D%3D\" href=\"https:\/\/vossloh-topic-lounge.com\/wp-content\/uploads\/2022\/04\/DSC_0817.jpg\"><figure class=\"swiper-slide-inner\"><img decoding=\"async\" class=\"swiper-slide-image\" src=\"https:\/\/vossloh-topic-lounge.com\/wp-content\/uploads\/elementor\/thumbs\/DSC_0817-pnzq9ge25mfjn7jtgjrr1eaw0dg5cnzc4eb9gmwjaw.jpg\" alt=\"Weichenantrieb\" \/><\/figure><\/a><\/div><div class=\"swiper-slide\" role=\"group\" aria-roledescription=\"slide\" aria-label=\"4 von 5\"><a data-elementor-open-lightbox=\"yes\" data-elementor-lightbox-slideshow=\"c29bf2f\" data-e-action-hash=\"#elementor-action%3Aaction%3Dlightbox%26settings%3DeyJpZCI6MzMwMSwidXJsIjoiaHR0cHM6XC9cL3Zvc3Nsb2gtdG9waWMtbG91bmdlLmNvbVwvd3AtY29udGVudFwvdXBsb2Fkc1wvMjAyMlwvMDRcL0lNR18wMzkwLmpwZyIsInNsaWRlc2hvdyI6ImMyOWJmMmYifQ%3D%3D\" href=\"https:\/\/vossloh-topic-lounge.com\/wp-content\/uploads\/2022\/04\/IMG_0390.jpg\"><figure class=\"swiper-slide-inner\"><img decoding=\"async\" class=\"swiper-slide-image\" src=\"https:\/\/vossloh-topic-lounge.com\/wp-content\/uploads\/elementor\/thumbs\/IMG_0390-pnzq961u2g1e3hyu4xaurywth4v3zzuaez4x6lbv7c.jpg\" alt=\"Booted sleeper mit W 14\" \/><\/figure><\/a><\/div><div class=\"swiper-slide\" role=\"group\" aria-roledescription=\"slide\" aria-label=\"5 von 5\"><a data-elementor-open-lightbox=\"yes\" data-elementor-lightbox-slideshow=\"c29bf2f\" data-e-action-hash=\"#elementor-action%3Aaction%3Dlightbox%26settings%3DeyJpZCI6NDI4NCwidXJsIjoiaHR0cHM6XC9cL3Zvc3Nsb2gtdG9waWMtbG91bmdlLmNvbVwvd3AtY29udGVudFwvdXBsb2Fkc1wvMjAyMlwvMDVcL05ldWxhZ2VuYmVhcmJlaXR1bmctc2NhbGVkLmpwZyIsInNsaWRlc2hvdyI6ImMyOWJmMmYifQ%3D%3D\" href=\"https:\/\/vossloh-topic-lounge.com\/wp-content\/uploads\/2022\/05\/Neulagenbearbeitung-scaled.jpg\"><figure class=\"swiper-slide-inner\"><img decoding=\"async\" class=\"swiper-slide-image\" src=\"https:\/\/vossloh-topic-lounge.com\/wp-content\/uploads\/elementor\/thumbs\/Neulagenbearbeitung-scaled-pokq87g8s5diaclsf9wtwuky73ege6nqgwu0sbbiyg.jpg\" alt=\"Schienenneulagenbearbeitung\" \/><\/figure><\/a><\/div>\t\t\t<\/div>\n\t\t\t\t\t\t\t\t\t\t\t\t<div class=\"elementor-swiper-button elementor-swiper-button-prev\" role=\"button\" tabindex=\"0\">\n\t\t\t\t\t\t<i aria-hidden=\"true\" class=\"eicon-chevron-left\"><\/i>\t\t\t\t\t<\/div>\n\t\t\t\t\t<div class=\"elementor-swiper-button elementor-swiper-button-next\" role=\"button\" tabindex=\"0\">\n\t\t\t\t\t\t<i aria-hidden=\"true\" class=\"eicon-chevron-right\"><\/i>\t\t\t\t\t<\/div>\n\t\t\t\t\n\t\t\t\t\t\t\t\t\t<\/div>\n\t\t\t\t\t\t<\/div>\n\t\t\t\t<\/div>\n\t\t\t\t\t<\/div>\n\t\t<\/div>\n\t\t\t\t\t<\/div>\n\t\t<\/section>\n\t\t\t\t<div class=\"elementor-element elementor-element-65e9143 elementor-view-stacked elementor-widget__width-auto elementor-fixed elementor-shape-circle elementor-widget elementor-widget-icon\" data-id=\"65e9143\" data-element_type=\"widget\" data-settings=\"{&quot;_position&quot;:&quot;fixed&quot;}\" data-widget_type=\"icon.default\">\n\t\t\t\t<div class=\"elementor-widget-container\">\n\t\t\t\t\t\t\t<div class=\"elementor-icon-wrapper\">\n\t\t\t<a class=\"elementor-icon\" href=\"#oben\">\n\t\t\t<i aria-hidden=\"true\" class=\"fas fa-chevron-up\"><\/i>\t\t\t<\/a>\n\t\t<\/div>\n\t\t\t\t\t\t<\/div>\n\t\t\t\t<\/div>\n\t\t\t\t\t<\/div>\n\t\t<\/div>\n\t\t\t\t\t<\/div>\n\t\t<\/section>\n\t\t\t\t<\/div>\n\t\t","protected":false},"excerpt":{"rendered":"<p>Elizabeth Line Projektbeschreibung: Die 118 km lange neue U-Bahnstrecke \u201eElizabeth Line\u201c geh\u00f6rt zu den gr\u00f6\u00dften Infrastrukturprojekte in Europa. Um Londons Underground zu entlasten, f\u00fchrt sie von Reading und Heathrow im Westen durch neue Tunnel unter dem Londoner Zentrum hindurch bis nach Shenfield und Abbey Wood im Osten. Insgesamt 41 Bahnh\u00f6fe; 10 davon neu gebaut &amp; [&hellip;]<\/p>\n","protected":false},"author":2,"featured_media":0,"parent":1096,"menu_order":0,"comment_status":"closed","ping_status":"closed","template":"elementor_theme","meta":{"_acf_changed":false,"footnotes":""},"class_list":["post-2426","page","type-page","status-publish","hentry"],"acf":[],"yoast_head":"<!-- This site is optimized with the Yoast SEO plugin v25.8 - https:\/\/yoast.com\/wordpress\/plugins\/seo\/ -->\n<title>Elizabeth Line | Vossloh Topic Lounge<\/title>\n<meta name=\"robots\" content=\"index, follow, max-snippet:-1, max-image-preview:large, max-video-preview:-1\" \/>\n<link rel=\"canonical\" href=\"https:\/\/vossloh-topic-lounge.com\/enabling-green-mobility\/elizabeth-line\/\" \/>\n<meta property=\"og:locale\" content=\"de_DE\" \/>\n<meta property=\"og:type\" content=\"article\" \/>\n<meta property=\"og:title\" content=\"Elizabeth Line | Vossloh Topic Lounge\" \/>\n<meta property=\"og:description\" content=\"Elizabeth Line Projektbeschreibung: Die 118 km lange neue U-Bahnstrecke \u201eElizabeth Line\u201c geh\u00f6rt zu den gr\u00f6\u00dften Infrastrukturprojekte in Europa. Um Londons Underground zu entlasten, f\u00fchrt sie von Reading und Heathrow im Westen durch neue Tunnel unter dem Londoner Zentrum hindurch bis nach Shenfield und Abbey Wood im Osten. Insgesamt 41 Bahnh\u00f6fe; 10 davon neu gebaut &amp; [&hellip;]\" \/>\n<meta property=\"og:url\" content=\"https:\/\/vossloh-topic-lounge.com\/enabling-green-mobility\/elizabeth-line\/\" \/>\n<meta property=\"og:site_name\" content=\"Vossloh Topic Lounge\" \/>\n<meta property=\"article:modified_time\" content=\"2024-09-23T13:52:39+00:00\" \/>\n<meta property=\"og:image\" content=\"https:\/\/vossloh-topic-lounge.com\/wp-content\/uploads\/elementor\/thumbs\/rechts-pnzq6fcs4uaa8fy758n105tf3odkjryh1emxsje7co.jpg\" \/>\n<meta name=\"twitter:card\" content=\"summary_large_image\" \/>\n<meta name=\"twitter:label1\" content=\"Gesch\u00e4tzte Lesezeit\" \/>\n\t<meta name=\"twitter:data1\" content=\"3\u00a0Minuten\" \/>\n<script type=\"application\/ld+json\" class=\"yoast-schema-graph\">{\"@context\":\"https:\/\/schema.org\",\"@graph\":[{\"@type\":\"WebPage\",\"@id\":\"https:\/\/vossloh-topic-lounge.com\/enabling-green-mobility\/elizabeth-line\/\",\"url\":\"https:\/\/vossloh-topic-lounge.com\/enabling-green-mobility\/elizabeth-line\/\",\"name\":\"Elizabeth Line | Vossloh Topic Lounge\",\"isPartOf\":{\"@id\":\"https:\/\/vossloh-topic-lounge.com\/#website\"},\"primaryImageOfPage\":{\"@id\":\"https:\/\/vossloh-topic-lounge.com\/enabling-green-mobility\/elizabeth-line\/#primaryimage\"},\"image\":{\"@id\":\"https:\/\/vossloh-topic-lounge.com\/enabling-green-mobility\/elizabeth-line\/#primaryimage\"},\"thumbnailUrl\":\"https:\/\/vossloh-topic-lounge.com\/wp-content\/uploads\/elementor\/thumbs\/rechts-pnzq6fcs4uaa8fy758n105tf3odkjryh1emxsje7co.jpg\",\"datePublished\":\"2022-04-01T06:59:21+00:00\",\"dateModified\":\"2024-09-23T13:52:39+00:00\",\"breadcrumb\":{\"@id\":\"https:\/\/vossloh-topic-lounge.com\/enabling-green-mobility\/elizabeth-line\/#breadcrumb\"},\"inLanguage\":\"de\",\"potentialAction\":[{\"@type\":\"ReadAction\",\"target\":[\"https:\/\/vossloh-topic-lounge.com\/enabling-green-mobility\/elizabeth-line\/\"]}]},{\"@type\":\"ImageObject\",\"inLanguage\":\"de\",\"@id\":\"https:\/\/vossloh-topic-lounge.com\/enabling-green-mobility\/elizabeth-line\/#primaryimage\",\"url\":\"https:\/\/vossloh-topic-lounge.com\/wp-content\/uploads\/elementor\/thumbs\/rechts-pnzq6fcs4uaa8fy758n105tf3odkjryh1emxsje7co.jpg\",\"contentUrl\":\"https:\/\/vossloh-topic-lounge.com\/wp-content\/uploads\/elementor\/thumbs\/rechts-pnzq6fcs4uaa8fy758n105tf3odkjryh1emxsje7co.jpg\"},{\"@type\":\"BreadcrumbList\",\"@id\":\"https:\/\/vossloh-topic-lounge.com\/enabling-green-mobility\/elizabeth-line\/#breadcrumb\",\"itemListElement\":[{\"@type\":\"ListItem\",\"position\":1,\"name\":\"Startseite\",\"item\":\"https:\/\/vossloh-topic-lounge.com\/\"},{\"@type\":\"ListItem\",\"position\":2,\"name\":\"enabling green mobility\",\"item\":\"https:\/\/vossloh-topic-lounge.com\/enabling-green-mobility\/\"},{\"@type\":\"ListItem\",\"position\":3,\"name\":\"Elizabeth Line\"}]},{\"@type\":\"WebSite\",\"@id\":\"https:\/\/vossloh-topic-lounge.com\/#website\",\"url\":\"https:\/\/vossloh-topic-lounge.com\/\",\"name\":\"Vossloh Topic Lounge\",\"description\":\"\",\"publisher\":{\"@id\":\"https:\/\/vossloh-topic-lounge.com\/#organization\"},\"potentialAction\":[{\"@type\":\"SearchAction\",\"target\":{\"@type\":\"EntryPoint\",\"urlTemplate\":\"https:\/\/vossloh-topic-lounge.com\/?s={search_term_string}\"},\"query-input\":{\"@type\":\"PropertyValueSpecification\",\"valueRequired\":true,\"valueName\":\"search_term_string\"}}],\"inLanguage\":\"de\"},{\"@type\":\"Organization\",\"@id\":\"https:\/\/vossloh-topic-lounge.com\/#organization\",\"name\":\"VOSSLOH AG\",\"url\":\"https:\/\/vossloh-topic-lounge.com\/\",\"logo\":{\"@type\":\"ImageObject\",\"inLanguage\":\"de\",\"@id\":\"https:\/\/vossloh-topic-lounge.com\/#\/schema\/logo\/image\/\",\"url\":\"https:\/\/vossloh-topic-lounge.com\/wp-content\/uploads\/2022\/04\/Vossloh-Logo-enabling-green-mobility-RGB.png\",\"contentUrl\":\"https:\/\/vossloh-topic-lounge.com\/wp-content\/uploads\/2022\/04\/Vossloh-Logo-enabling-green-mobility-RGB.png\",\"width\":2560,\"height\":788,\"caption\":\"VOSSLOH AG\"},\"image\":{\"@id\":\"https:\/\/vossloh-topic-lounge.com\/#\/schema\/logo\/image\/\"}}]}<\/script>\n<!-- \/ Yoast SEO plugin. -->","yoast_head_json":{"title":"Elizabeth Line | Vossloh Topic Lounge","robots":{"index":"index","follow":"follow","max-snippet":"max-snippet:-1","max-image-preview":"max-image-preview:large","max-video-preview":"max-video-preview:-1"},"canonical":"https:\/\/vossloh-topic-lounge.com\/enabling-green-mobility\/elizabeth-line\/","og_locale":"de_DE","og_type":"article","og_title":"Elizabeth Line | Vossloh Topic Lounge","og_description":"Elizabeth Line Projektbeschreibung: Die 118 km lange neue U-Bahnstrecke \u201eElizabeth Line\u201c geh\u00f6rt zu den gr\u00f6\u00dften Infrastrukturprojekte in Europa. Um Londons Underground zu entlasten, f\u00fchrt sie von Reading und Heathrow im Westen durch neue Tunnel unter dem Londoner Zentrum hindurch bis nach Shenfield und Abbey Wood im Osten. Insgesamt 41 Bahnh\u00f6fe; 10 davon neu gebaut &amp; [&hellip;]","og_url":"https:\/\/vossloh-topic-lounge.com\/enabling-green-mobility\/elizabeth-line\/","og_site_name":"Vossloh Topic Lounge","article_modified_time":"2024-09-23T13:52:39+00:00","og_image":[{"url":"https:\/\/vossloh-topic-lounge.com\/wp-content\/uploads\/elementor\/thumbs\/rechts-pnzq6fcs4uaa8fy758n105tf3odkjryh1emxsje7co.jpg","type":"","width":"","height":""}],"twitter_card":"summary_large_image","twitter_misc":{"Gesch\u00e4tzte Lesezeit":"3\u00a0Minuten"},"schema":{"@context":"https:\/\/schema.org","@graph":[{"@type":"WebPage","@id":"https:\/\/vossloh-topic-lounge.com\/enabling-green-mobility\/elizabeth-line\/","url":"https:\/\/vossloh-topic-lounge.com\/enabling-green-mobility\/elizabeth-line\/","name":"Elizabeth Line | Vossloh Topic Lounge","isPartOf":{"@id":"https:\/\/vossloh-topic-lounge.com\/#website"},"primaryImageOfPage":{"@id":"https:\/\/vossloh-topic-lounge.com\/enabling-green-mobility\/elizabeth-line\/#primaryimage"},"image":{"@id":"https:\/\/vossloh-topic-lounge.com\/enabling-green-mobility\/elizabeth-line\/#primaryimage"},"thumbnailUrl":"https:\/\/vossloh-topic-lounge.com\/wp-content\/uploads\/elementor\/thumbs\/rechts-pnzq6fcs4uaa8fy758n105tf3odkjryh1emxsje7co.jpg","datePublished":"2022-04-01T06:59:21+00:00","dateModified":"2024-09-23T13:52:39+00:00","breadcrumb":{"@id":"https:\/\/vossloh-topic-lounge.com\/enabling-green-mobility\/elizabeth-line\/#breadcrumb"},"inLanguage":"de","potentialAction":[{"@type":"ReadAction","target":["https:\/\/vossloh-topic-lounge.com\/enabling-green-mobility\/elizabeth-line\/"]}]},{"@type":"ImageObject","inLanguage":"de","@id":"https:\/\/vossloh-topic-lounge.com\/enabling-green-mobility\/elizabeth-line\/#primaryimage","url":"https:\/\/vossloh-topic-lounge.com\/wp-content\/uploads\/elementor\/thumbs\/rechts-pnzq6fcs4uaa8fy758n105tf3odkjryh1emxsje7co.jpg","contentUrl":"https:\/\/vossloh-topic-lounge.com\/wp-content\/uploads\/elementor\/thumbs\/rechts-pnzq6fcs4uaa8fy758n105tf3odkjryh1emxsje7co.jpg"},{"@type":"BreadcrumbList","@id":"https:\/\/vossloh-topic-lounge.com\/enabling-green-mobility\/elizabeth-line\/#breadcrumb","itemListElement":[{"@type":"ListItem","position":1,"name":"Startseite","item":"https:\/\/vossloh-topic-lounge.com\/"},{"@type":"ListItem","position":2,"name":"enabling green mobility","item":"https:\/\/vossloh-topic-lounge.com\/enabling-green-mobility\/"},{"@type":"ListItem","position":3,"name":"Elizabeth Line"}]},{"@type":"WebSite","@id":"https:\/\/vossloh-topic-lounge.com\/#website","url":"https:\/\/vossloh-topic-lounge.com\/","name":"Vossloh Topic Lounge","description":"","publisher":{"@id":"https:\/\/vossloh-topic-lounge.com\/#organization"},"potentialAction":[{"@type":"SearchAction","target":{"@type":"EntryPoint","urlTemplate":"https:\/\/vossloh-topic-lounge.com\/?s={search_term_string}"},"query-input":{"@type":"PropertyValueSpecification","valueRequired":true,"valueName":"search_term_string"}}],"inLanguage":"de"},{"@type":"Organization","@id":"https:\/\/vossloh-topic-lounge.com\/#organization","name":"VOSSLOH AG","url":"https:\/\/vossloh-topic-lounge.com\/","logo":{"@type":"ImageObject","inLanguage":"de","@id":"https:\/\/vossloh-topic-lounge.com\/#\/schema\/logo\/image\/","url":"https:\/\/vossloh-topic-lounge.com\/wp-content\/uploads\/2022\/04\/Vossloh-Logo-enabling-green-mobility-RGB.png","contentUrl":"https:\/\/vossloh-topic-lounge.com\/wp-content\/uploads\/2022\/04\/Vossloh-Logo-enabling-green-mobility-RGB.png","width":2560,"height":788,"caption":"VOSSLOH AG"},"image":{"@id":"https:\/\/vossloh-topic-lounge.com\/#\/schema\/logo\/image\/"}}]}},"_links":{"self":[{"href":"https:\/\/vossloh-topic-lounge.com\/de\/wp-json\/wp\/v2\/pages\/2426","targetHints":{"allow":["GET"]}}],"collection":[{"href":"https:\/\/vossloh-topic-lounge.com\/de\/wp-json\/wp\/v2\/pages"}],"about":[{"href":"https:\/\/vossloh-topic-lounge.com\/de\/wp-json\/wp\/v2\/types\/page"}],"author":[{"embeddable":true,"href":"https:\/\/vossloh-topic-lounge.com\/de\/wp-json\/wp\/v2\/users\/2"}],"replies":[{"embeddable":true,"href":"https:\/\/vossloh-topic-lounge.com\/de\/wp-json\/wp\/v2\/comments?post=2426"}],"version-history":[{"count":5,"href":"https:\/\/vossloh-topic-lounge.com\/de\/wp-json\/wp\/v2\/pages\/2426\/revisions"}],"predecessor-version":[{"id":22252,"href":"https:\/\/vossloh-topic-lounge.com\/de\/wp-json\/wp\/v2\/pages\/2426\/revisions\/22252"}],"up":[{"embeddable":true,"href":"https:\/\/vossloh-topic-lounge.com\/de\/wp-json\/wp\/v2\/pages\/1096"}],"wp:attachment":[{"href":"https:\/\/vossloh-topic-lounge.com\/de\/wp-json\/wp\/v2\/media?parent=2426"}],"curies":[{"name":"wp","href":"https:\/\/api.w.org\/{rel}","templated":true}]}}