{"id":3324,"date":"2022-04-20T21:26:20","date_gmt":"2022-04-20T21:26:20","guid":{"rendered":"https:\/\/vossloh-topic-lounge.com\/\/?page_id=3324"},"modified":"2024-02-27T13:03:13","modified_gmt":"2024-02-27T13:03:13","slug":"london-bridge","status":"publish","type":"page","link":"https:\/\/vossloh-topic-lounge.com\/de\/enabling-green-mobility\/london-bridge\/","title":{"rendered":"London Bridge"},"content":{"rendered":"\t\t<div data-elementor-type=\"wp-page\" data-elementor-id=\"3324\" class=\"elementor elementor-3324\" data-elementor-post-type=\"page\">\n\t\t\t\t\t\t<section class=\"elementor-section elementor-top-section elementor-element elementor-element-bb15b20 elementor-section-height-min-height single-page-max-width elementor-section-boxed elementor-section-height-default elementor-section-items-middle\" data-id=\"bb15b20\" data-element_type=\"section\" data-e-type=\"section\" data-settings=\"{&quot;background_background&quot;:&quot;gradient&quot;}\">\n\t\t\t\t\t\t\t<div class=\"elementor-background-overlay\"><\/div>\n\t\t\t\t\t\t\t<div class=\"elementor-container elementor-column-gap-default\">\n\t\t\t\t\t<div class=\"elementor-column elementor-col-100 elementor-top-column elementor-element elementor-element-f49735b\" data-id=\"f49735b\" data-element_type=\"column\" data-e-type=\"column\">\n\t\t\t<div class=\"elementor-widget-wrap\">\n\t\t\t\t\t\t\t<\/div>\n\t\t<\/div>\n\t\t\t\t\t<\/div>\n\t\t<\/section>\n\t\t\t\t<section class=\"elementor-section elementor-top-section elementor-element elementor-element-49e1bfe elementor-section-boxed elementor-section-height-default elementor-section-height-default\" data-id=\"49e1bfe\" data-element_type=\"section\" data-e-type=\"section\" data-settings=\"{&quot;background_background&quot;:&quot;classic&quot;}\">\n\t\t\t\t\t\t<div class=\"elementor-container elementor-column-gap-default\">\n\t\t\t\t\t<div class=\"elementor-column elementor-col-100 elementor-top-column elementor-element elementor-element-6eaab6d\" data-id=\"6eaab6d\" data-element_type=\"column\" data-e-type=\"column\">\n\t\t\t<div class=\"elementor-widget-wrap elementor-element-populated\">\n\t\t\t\t\t\t<div class=\"elementor-element elementor-element-acd7731 elementor-widget elementor-widget-ucaddon_side_border_heading\" data-id=\"acd7731\" data-element_type=\"widget\" data-e-type=\"widget\" data-widget_type=\"ucaddon_side_border_heading.default\">\n\t\t\t\t<div class=\"elementor-widget-container\">\n\t\t\t\t\t\n<!-- start Side Line Heading -->\n<style>\/* widget: Side Line Heading *\/\n\n#uc_side_border_heading_elementor_acd7731\n{\n  display:flex;\n}\n\n#uc_side_border_heading_elementor_acd7731 .side_border_heading_title\n{\n  color:black;\n}\n\n#uc_side_border_heading_elementor_acd7731 .side_border_heading_subtitle\n{\n  line-height:1.5em;\n  color:gray;\n}\n#uc_side_border_heading_elementor_acd7731 .side_border_heading_line_holder{\nflex-shrink: 0;\n}\n\n#uc_side_border_heading_elementor_acd7731 .side_border_heading_line_spacer{\nflex-shrink: 0;\n}\n\n<\/style>\n\n<div id=\"uc_side_border_heading_elementor_acd7731\">\n  <div class=\"side_border_heading_line_holder\"><div class=\"side_border_heading_line\" style=\"background-color:#33AE33;\"><\/div><\/div>\n  <div class=\"side_border_heading_line_spacer\"><\/div>\n  <div>\n    <div class=\"side_border_heading_title\"><span  class=\"uc_style_side_border_heading_elementor_title\" >London Bridge<\/span><\/div>\n    <div class=\"side_border_heading_subtitle\"><\/div>\n  <\/div>\n<\/div>\n<!-- end Side Line Heading -->\t\t\t\t<\/div>\n\t\t\t\t<\/div>\n\t\t\t\t<div class=\"elementor-element elementor-element-14ba057 elementor-widget elementor-widget-heading\" data-id=\"14ba057\" data-element_type=\"widget\" data-e-type=\"widget\" data-widget_type=\"heading.default\">\n\t\t\t\t<div class=\"elementor-widget-container\">\n\t\t\t\t\t<h2 class=\"elementor-heading-title elementor-size-default\">Komplexe Gleisumbauten im laufenden Betrieb<\/h2>\t\t\t\t<\/div>\n\t\t\t\t<\/div>\n\t\t\t\t<section class=\"elementor-section elementor-inner-section elementor-element elementor-element-a837b15 elementor-section-boxed elementor-section-height-default elementor-section-height-default\" data-id=\"a837b15\" data-element_type=\"section\" data-e-type=\"section\">\n\t\t\t\t\t\t<div class=\"elementor-container elementor-column-gap-default\">\n\t\t\t\t\t<div class=\"elementor-column elementor-col-50 elementor-inner-column elementor-element elementor-element-7a4b3ae\" data-id=\"7a4b3ae\" data-element_type=\"column\" data-e-type=\"column\">\n\t\t\t<div class=\"elementor-widget-wrap elementor-element-populated\">\n\t\t\t\t\t\t<div class=\"elementor-element elementor-element-dfe72e1 vossloh-bullet elementor-widget elementor-widget-text-editor\" data-id=\"dfe72e1\" data-element_type=\"widget\" data-e-type=\"widget\" data-widget_type=\"text-editor.default\">\n\t\t\t\t<div class=\"elementor-widget-container\">\n\t\t\t\t\t\t\t\t\t<p><b>Projektbeschreibung:<\/b><\/p><ul><li><b>Sechs Durchgangsbahnsteige <\/b>wurden <b>auf neun erweitert; die Zahl der Endbahnsteige wurde von neun auf sechs verringert<\/b>, w\u00e4hrend mitten in einem komplexen Knotenpunkt die Bermondsey-Tunneleinfahrt gebaut wurde, und dies im <b>laufenden Bahnhofsbetrieb<\/b>.<\/li><\/ul>\t\t\t\t\t\t\t\t<\/div>\n\t\t\t\t<\/div>\n\t\t\t\t<div data-pafe-toggle-content-type=\"content\" data-pafe-toggle-content-slug=\"vosslohsbeitrag\" style=\"height:0px; overflow:hidden;\" data-pafe-toggle-content-height=\"0px\" data-pafe-toggle-content-height-tablet=\"0px\" data-pafe-toggle-content-height-mobile=\"0px\" data-pafe-toggle-content-speed=\"400\" data-pafe-toggle-content-easing=\"swing\" class=\"elementor-element elementor-element-b00cb82 vossloh-bullet elementor-widget elementor-widget-text-editor\" data-id=\"b00cb82\" data-element_type=\"widget\" data-e-type=\"widget\" data-widget_type=\"text-editor.default\">\n\t\t\t\t<div class=\"elementor-widget-container\">\n\t\t\t\t\t\t\t\t\t<p><b>Vosslohs Beitrag<\/b><b>:<\/b><\/p><ul><li>Innerhalb von etwas mehr als f\u00fcnf Jahren wurden insgesamt 154 Weichen und Kreuzungen hergestellt, geliefert, eingebaut, gepr\u00fcft und mit dem Signalsystem verbunden. Das Spektrum reichte von einfachen Weichen bis hin zu komplexeren Anordnungen.<\/li><li>Die <b>gegossenen Mangan-Herzst\u00fccke f\u00fcr die Weichen <\/b>wurden von der Gie\u00dferei Outreau in Frankreich bezogen.<\/li><li>Die <b>geschmiedeten Weichenzungen <\/b>stammten von Vossloh Cogifer Kihn in Luxemburg.<\/li><li>Die <b>Schienenbearbeitung und -montage mit Betonschwellen <\/b>erfolgte im Vossloh-eigenen Werk in Scunthorpe, UK.<\/li><\/ul>\t\t\t\t\t\t\t\t<\/div>\n\t\t\t\t<\/div>\n\t\t\t\t<div data-pafe-toggle-content-type=\"trigger-open\" data-pafe-toggle-content-slug=\"vosslohsbeitrag\" class=\"elementor-element elementor-element-72913e3 vossloh-bullet elementor-widget elementor-widget-text-editor\" data-id=\"72913e3\" data-element_type=\"widget\" data-e-type=\"widget\" data-widget_type=\"text-editor.default\">\n\t\t\t\t<div class=\"elementor-widget-container\">\n\t\t\t\t\t\t\t\t\t<p>mehr lesen<\/p>\t\t\t\t\t\t\t\t<\/div>\n\t\t\t\t<\/div>\n\t\t\t\t<div data-pafe-toggle-content-type=\"trigger-close\" data-pafe-toggle-content-slug=\"vosslohsbeitrag\" class=\"elementor-element elementor-element-0c44b19 vossloh-bullet elementor-widget elementor-widget-text-editor\" data-id=\"0c44b19\" data-element_type=\"widget\" data-e-type=\"widget\" data-widget_type=\"text-editor.default\">\n\t\t\t\t<div class=\"elementor-widget-container\">\n\t\t\t\t\t\t\t\t\t<p>weniger lesen<\/p>\t\t\t\t\t\t\t\t<\/div>\n\t\t\t\t<\/div>\n\t\t\t\t<div class=\"elementor-element elementor-element-b0aa715 elementor-blockquote--skin-border elementor-widget elementor-widget-blockquote\" data-id=\"b0aa715\" data-element_type=\"widget\" data-e-type=\"widget\" data-widget_type=\"blockquote.default\">\n\t\t\t\t<div class=\"elementor-widget-container\">\n\t\t\t\t\t\t\t<blockquote class=\"elementor-blockquote\">\n\t\t\t<p class=\"elementor-blockquote__content\">\n\t\t\t\tIch war von Vossloh und deren ganzer Struktur beeindruckt. Das Management-Team ist sehr kundenorientiert. Vossloh hat hochwertige Weichen und Kreuzungen hergestellt und w\u00e4hrend der Vertragslaufzeit p\u00fcnktlich geliefert. F\u00fcr den gro\u00dfen Gleisumbau im Bahnhof London Bridge war das absolut entscheidend.\n\t\t\t<\/p>\n\t\t\t\t\t\t\t<div class=\"e-q-footer\">\n\t\t\t\t\t\t\t\t\t\t\t<cite class=\"elementor-blockquote__author\">Mark Somers, Projektleiter Eisenbahnsysteme<\/cite>\n\t\t\t\t\t\t\t\t\t\t\t\t\t\t<\/div>\n\t\t\t\t\t<\/blockquote>\n\t\t\t\t\t\t<\/div>\n\t\t\t\t<\/div>\n\t\t\t\t\t<\/div>\n\t\t<\/div>\n\t\t\t\t<div class=\"elementor-column elementor-col-50 elementor-inner-column elementor-element elementor-element-57125c5\" data-id=\"57125c5\" data-element_type=\"column\" data-e-type=\"column\">\n\t\t\t<div class=\"elementor-widget-wrap elementor-element-populated\">\n\t\t\t\t\t\t<div class=\"elementor-element elementor-element-94b1ed9 elementor-arrows-position-inside elementor-widget elementor-widget-image-carousel\" data-id=\"94b1ed9\" data-element_type=\"widget\" data-e-type=\"widget\" data-settings=\"{&quot;slides_to_show&quot;:&quot;1&quot;,&quot;navigation&quot;:&quot;arrows&quot;,&quot;autoplay&quot;:&quot;yes&quot;,&quot;pause_on_hover&quot;:&quot;yes&quot;,&quot;pause_on_interaction&quot;:&quot;yes&quot;,&quot;autoplay_speed&quot;:5000,&quot;infinite&quot;:&quot;yes&quot;,&quot;effect&quot;:&quot;slide&quot;,&quot;speed&quot;:500}\" data-widget_type=\"image-carousel.default\">\n\t\t\t\t<div class=\"elementor-widget-container\">\n\t\t\t\t\t\t\t<div class=\"elementor-image-carousel-wrapper swiper\" role=\"region\" aria-roledescription=\"carousel\" aria-label=\"Bild Karussell\" dir=\"ltr\">\n\t\t\t<div class=\"elementor-image-carousel swiper-wrapper\" aria-live=\"off\">\n\t\t\t\t\t\t\t\t<div class=\"swiper-slide\" role=\"group\" aria-roledescription=\"slide\" aria-label=\"1 von 2\"><a data-elementor-open-lightbox=\"yes\" data-elementor-lightbox-slideshow=\"94b1ed9\" data-e-action-hash=\"#elementor-action%3Aaction%3Dlightbox%26settings%3DeyJpZCI6MzMzMywidXJsIjoiaHR0cHM6XC9cL3Zvc3Nsb2gtdG9waWMtbG91bmdlLmNvbVwvd3AtY29udGVudFwvdXBsb2Fkc1wvMjAyMlwvMDRcL0xvbmRvbi1CcmlkZ2UtbWFwLmpwZyIsInNsaWRlc2hvdyI6Ijk0YjFlZDkifQ%3D%3D\" href=\"https:\/\/vossloh-topic-lounge.com\/wp-content\/uploads\/2022\/04\/London-Bridge-map.jpg\"><figure class=\"swiper-slide-inner\"><img decoding=\"async\" class=\"swiper-slide-image\" src=\"https:\/\/vossloh-topic-lounge.com\/wp-content\/uploads\/elementor\/thumbs\/London-Bridge-map-pnzpglqedoxpa3gixkt006ejllnk34fxtlfq5vokag.jpg\" alt=\"Streckennetz London Bridge\" \/><\/figure><\/a><\/div><div class=\"swiper-slide\" role=\"group\" aria-roledescription=\"slide\" aria-label=\"2 von 2\"><a data-elementor-open-lightbox=\"yes\" data-elementor-lightbox-slideshow=\"94b1ed9\" data-e-action-hash=\"#elementor-action%3Aaction%3Dlightbox%26settings%3DeyJpZCI6MzMzMSwidXJsIjoiaHR0cHM6XC9cL3Zvc3Nsb2gtdG9waWMtbG91bmdlLmNvbVwvd3AtY29udGVudFwvdXBsb2Fkc1wvMjAyMlwvMDRcL0JhY2tPblRyYWNrX0JpbGQxLmpwZyIsInNsaWRlc2hvdyI6Ijk0YjFlZDkifQ%3D%3D\" href=\"https:\/\/vossloh-topic-lounge.com\/wp-content\/uploads\/2022\/04\/BackOnTrack_Bild1.jpg\"><figure class=\"swiper-slide-inner\"><img decoding=\"async\" class=\"swiper-slide-image\" src=\"https:\/\/vossloh-topic-lounge.com\/wp-content\/uploads\/elementor\/thumbs\/BackOnTrack_Bild1-pnzpgrdfip5f7r8c0n8rf4zb5wvrdb2budcn1jg794.jpg\" alt=\"Bahnhof London Bridge\" \/><\/figure><\/a><\/div>\t\t\t<\/div>\n\t\t\t\t\t\t\t\t\t\t\t\t<div class=\"elementor-swiper-button elementor-swiper-button-prev\" role=\"button\" tabindex=\"0\">\n\t\t\t\t\t\t<i aria-hidden=\"true\" class=\"eicon-chevron-left\"><\/i>\t\t\t\t\t<\/div>\n\t\t\t\t\t<div class=\"elementor-swiper-button elementor-swiper-button-next\" role=\"button\" tabindex=\"0\">\n\t\t\t\t\t\t<i aria-hidden=\"true\" class=\"eicon-chevron-right\"><\/i>\t\t\t\t\t<\/div>\n\t\t\t\t\n\t\t\t\t\t\t\t\t\t<\/div>\n\t\t\t\t\t\t<\/div>\n\t\t\t\t<\/div>\n\t\t\t\t\t<\/div>\n\t\t<\/div>\n\t\t\t\t\t<\/div>\n\t\t<\/section>\n\t\t\t\t\t<\/div>\n\t\t<\/div>\n\t\t\t\t\t<\/div>\n\t\t<\/section>\n\t\t\t\t<\/div>\n\t\t","protected":false},"excerpt":{"rendered":"<p>London Bridge Komplexe Gleisumbauten im laufenden Betrieb Projektbeschreibung: Sechs Durchgangsbahnsteige wurden auf neun erweitert; die Zahl der Endbahnsteige wurde von neun auf sechs verringert, w\u00e4hrend mitten in einem komplexen Knotenpunkt die Bermondsey-Tunneleinfahrt gebaut wurde, und dies im laufenden Bahnhofsbetrieb. Vosslohs Beitrag: Innerhalb von etwas mehr als f\u00fcnf Jahren wurden insgesamt 154 Weichen und Kreuzungen hergestellt, [&hellip;]<\/p>\n","protected":false},"author":2,"featured_media":0,"parent":1096,"menu_order":0,"comment_status":"closed","ping_status":"closed","template":"elementor_theme","meta":{"_acf_changed":false,"footnotes":""},"class_list":["post-3324","page","type-page","status-publish","hentry"],"acf":[],"yoast_head":"<!-- This site is optimized with the Yoast SEO plugin v27.3 - https:\/\/yoast.com\/product\/yoast-seo-wordpress\/ -->\n<title>London Bridge | Vossloh Topic Lounge<\/title>\n<meta name=\"robots\" content=\"noindex, follow, max-snippet:-1, max-image-preview:large, max-video-preview:-1\" \/>\n<meta property=\"og:locale\" content=\"de_DE\" \/>\n<meta property=\"og:type\" content=\"article\" \/>\n<meta property=\"og:title\" content=\"London Bridge | Vossloh Topic Lounge\" \/>\n<meta property=\"og:description\" content=\"London Bridge Komplexe Gleisumbauten im laufenden Betrieb Projektbeschreibung: Sechs Durchgangsbahnsteige wurden auf neun erweitert; die Zahl der Endbahnsteige wurde von neun auf sechs verringert, w\u00e4hrend mitten in einem komplexen Knotenpunkt die Bermondsey-Tunneleinfahrt gebaut wurde, und dies im laufenden Bahnhofsbetrieb. Vosslohs Beitrag: Innerhalb von etwas mehr als f\u00fcnf Jahren wurden insgesamt 154 Weichen und Kreuzungen hergestellt, [&hellip;]\" \/>\n<meta property=\"og:url\" content=\"https:\/\/vossloh-topic-lounge.com\/enabling-green-mobility\/london-bridge\/\" \/>\n<meta property=\"og:site_name\" content=\"Vossloh Topic Lounge\" \/>\n<meta property=\"article:modified_time\" content=\"2024-02-27T13:03:13+00:00\" \/>\n<meta property=\"og:image\" content=\"https:\/\/vossloh-topic-lounge.com\/wp-content\/uploads\/elementor\/thumbs\/London-Bridge-map-pnzpglqedoxpa3gixkt006ejllnk34fxtlfq5vokag.jpg\" \/>\n<meta name=\"twitter:card\" content=\"summary_large_image\" \/>\n<meta name=\"twitter:label1\" content=\"Gesch\u00e4tzte Lesezeit\" \/>\n\t<meta name=\"twitter:data1\" content=\"2\u00a0Minuten\" \/>\n<script type=\"application\/ld+json\" class=\"yoast-schema-graph\">{\"@context\":\"https:\\\/\\\/schema.org\",\"@graph\":[{\"@type\":\"WebPage\",\"@id\":\"https:\\\/\\\/vossloh-topic-lounge.com\\\/enabling-green-mobility\\\/london-bridge\\\/\",\"url\":\"https:\\\/\\\/vossloh-topic-lounge.com\\\/enabling-green-mobility\\\/london-bridge\\\/\",\"name\":\"London Bridge | Vossloh Topic Lounge\",\"isPartOf\":{\"@id\":\"https:\\\/\\\/vossloh-topic-lounge.com\\\/#website\"},\"primaryImageOfPage\":{\"@id\":\"https:\\\/\\\/vossloh-topic-lounge.com\\\/enabling-green-mobility\\\/london-bridge\\\/#primaryimage\"},\"image\":{\"@id\":\"https:\\\/\\\/vossloh-topic-lounge.com\\\/enabling-green-mobility\\\/london-bridge\\\/#primaryimage\"},\"thumbnailUrl\":\"https:\\\/\\\/vossloh-topic-lounge.com\\\/wp-content\\\/uploads\\\/elementor\\\/thumbs\\\/London-Bridge-map-pnzpglqedoxpa3gixkt006ejllnk34fxtlfq5vokag.jpg\",\"datePublished\":\"2022-04-20T21:26:20+00:00\",\"dateModified\":\"2024-02-27T13:03:13+00:00\",\"breadcrumb\":{\"@id\":\"https:\\\/\\\/vossloh-topic-lounge.com\\\/enabling-green-mobility\\\/london-bridge\\\/#breadcrumb\"},\"inLanguage\":\"de\",\"potentialAction\":[{\"@type\":\"ReadAction\",\"target\":[\"https:\\\/\\\/vossloh-topic-lounge.com\\\/enabling-green-mobility\\\/london-bridge\\\/\"]}]},{\"@type\":\"ImageObject\",\"inLanguage\":\"de\",\"@id\":\"https:\\\/\\\/vossloh-topic-lounge.com\\\/enabling-green-mobility\\\/london-bridge\\\/#primaryimage\",\"url\":\"https:\\\/\\\/vossloh-topic-lounge.com\\\/wp-content\\\/uploads\\\/elementor\\\/thumbs\\\/London-Bridge-map-pnzpglqedoxpa3gixkt006ejllnk34fxtlfq5vokag.jpg\",\"contentUrl\":\"https:\\\/\\\/vossloh-topic-lounge.com\\\/wp-content\\\/uploads\\\/elementor\\\/thumbs\\\/London-Bridge-map-pnzpglqedoxpa3gixkt006ejllnk34fxtlfq5vokag.jpg\"},{\"@type\":\"BreadcrumbList\",\"@id\":\"https:\\\/\\\/vossloh-topic-lounge.com\\\/enabling-green-mobility\\\/london-bridge\\\/#breadcrumb\",\"itemListElement\":[{\"@type\":\"ListItem\",\"position\":1,\"name\":\"Startseite\",\"item\":\"https:\\\/\\\/vossloh-topic-lounge.com\\\/\"},{\"@type\":\"ListItem\",\"position\":2,\"name\":\"enabling green mobility\",\"item\":\"https:\\\/\\\/vossloh-topic-lounge.com\\\/enabling-green-mobility\\\/\"},{\"@type\":\"ListItem\",\"position\":3,\"name\":\"London Bridge\"}]},{\"@type\":\"WebSite\",\"@id\":\"https:\\\/\\\/vossloh-topic-lounge.com\\\/#website\",\"url\":\"https:\\\/\\\/vossloh-topic-lounge.com\\\/\",\"name\":\"Vossloh Topic Lounge\",\"description\":\"\",\"publisher\":{\"@id\":\"https:\\\/\\\/vossloh-topic-lounge.com\\\/#organization\"},\"potentialAction\":[{\"@type\":\"SearchAction\",\"target\":{\"@type\":\"EntryPoint\",\"urlTemplate\":\"https:\\\/\\\/vossloh-topic-lounge.com\\\/?s={search_term_string}\"},\"query-input\":{\"@type\":\"PropertyValueSpecification\",\"valueRequired\":true,\"valueName\":\"search_term_string\"}}],\"inLanguage\":\"de\"},{\"@type\":\"Organization\",\"@id\":\"https:\\\/\\\/vossloh-topic-lounge.com\\\/#organization\",\"name\":\"VOSSLOH AG\",\"url\":\"https:\\\/\\\/vossloh-topic-lounge.com\\\/\",\"logo\":{\"@type\":\"ImageObject\",\"inLanguage\":\"de\",\"@id\":\"https:\\\/\\\/vossloh-topic-lounge.com\\\/#\\\/schema\\\/logo\\\/image\\\/\",\"url\":\"https:\\\/\\\/vossloh-topic-lounge.com\\\/wp-content\\\/uploads\\\/2022\\\/04\\\/Vossloh-Logo-enabling-green-mobility-RGB.png\",\"contentUrl\":\"https:\\\/\\\/vossloh-topic-lounge.com\\\/wp-content\\\/uploads\\\/2022\\\/04\\\/Vossloh-Logo-enabling-green-mobility-RGB.png\",\"width\":2560,\"height\":788,\"caption\":\"VOSSLOH AG\"},\"image\":{\"@id\":\"https:\\\/\\\/vossloh-topic-lounge.com\\\/#\\\/schema\\\/logo\\\/image\\\/\"}}]}<\/script>\n<!-- \/ Yoast SEO plugin. -->","yoast_head_json":{"title":"London Bridge | Vossloh Topic Lounge","robots":{"index":"noindex","follow":"follow","max-snippet":"max-snippet:-1","max-image-preview":"max-image-preview:large","max-video-preview":"max-video-preview:-1"},"og_locale":"de_DE","og_type":"article","og_title":"London Bridge | Vossloh Topic Lounge","og_description":"London Bridge Komplexe Gleisumbauten im laufenden Betrieb Projektbeschreibung: Sechs Durchgangsbahnsteige wurden auf neun erweitert; die Zahl der Endbahnsteige wurde von neun auf sechs verringert, w\u00e4hrend mitten in einem komplexen Knotenpunkt die Bermondsey-Tunneleinfahrt gebaut wurde, und dies im laufenden Bahnhofsbetrieb. Vosslohs Beitrag: Innerhalb von etwas mehr als f\u00fcnf Jahren wurden insgesamt 154 Weichen und Kreuzungen hergestellt, [&hellip;]","og_url":"https:\/\/vossloh-topic-lounge.com\/enabling-green-mobility\/london-bridge\/","og_site_name":"Vossloh Topic Lounge","article_modified_time":"2024-02-27T13:03:13+00:00","og_image":[{"url":"https:\/\/vossloh-topic-lounge.com\/wp-content\/uploads\/elementor\/thumbs\/London-Bridge-map-pnzpglqedoxpa3gixkt006ejllnk34fxtlfq5vokag.jpg","type":"","width":"","height":""}],"twitter_card":"summary_large_image","twitter_misc":{"Gesch\u00e4tzte Lesezeit":"2\u00a0Minuten"},"schema":{"@context":"https:\/\/schema.org","@graph":[{"@type":"WebPage","@id":"https:\/\/vossloh-topic-lounge.com\/enabling-green-mobility\/london-bridge\/","url":"https:\/\/vossloh-topic-lounge.com\/enabling-green-mobility\/london-bridge\/","name":"London Bridge | Vossloh Topic Lounge","isPartOf":{"@id":"https:\/\/vossloh-topic-lounge.com\/#website"},"primaryImageOfPage":{"@id":"https:\/\/vossloh-topic-lounge.com\/enabling-green-mobility\/london-bridge\/#primaryimage"},"image":{"@id":"https:\/\/vossloh-topic-lounge.com\/enabling-green-mobility\/london-bridge\/#primaryimage"},"thumbnailUrl":"https:\/\/vossloh-topic-lounge.com\/wp-content\/uploads\/elementor\/thumbs\/London-Bridge-map-pnzpglqedoxpa3gixkt006ejllnk34fxtlfq5vokag.jpg","datePublished":"2022-04-20T21:26:20+00:00","dateModified":"2024-02-27T13:03:13+00:00","breadcrumb":{"@id":"https:\/\/vossloh-topic-lounge.com\/enabling-green-mobility\/london-bridge\/#breadcrumb"},"inLanguage":"de","potentialAction":[{"@type":"ReadAction","target":["https:\/\/vossloh-topic-lounge.com\/enabling-green-mobility\/london-bridge\/"]}]},{"@type":"ImageObject","inLanguage":"de","@id":"https:\/\/vossloh-topic-lounge.com\/enabling-green-mobility\/london-bridge\/#primaryimage","url":"https:\/\/vossloh-topic-lounge.com\/wp-content\/uploads\/elementor\/thumbs\/London-Bridge-map-pnzpglqedoxpa3gixkt006ejllnk34fxtlfq5vokag.jpg","contentUrl":"https:\/\/vossloh-topic-lounge.com\/wp-content\/uploads\/elementor\/thumbs\/London-Bridge-map-pnzpglqedoxpa3gixkt006ejllnk34fxtlfq5vokag.jpg"},{"@type":"BreadcrumbList","@id":"https:\/\/vossloh-topic-lounge.com\/enabling-green-mobility\/london-bridge\/#breadcrumb","itemListElement":[{"@type":"ListItem","position":1,"name":"Startseite","item":"https:\/\/vossloh-topic-lounge.com\/"},{"@type":"ListItem","position":2,"name":"enabling green mobility","item":"https:\/\/vossloh-topic-lounge.com\/enabling-green-mobility\/"},{"@type":"ListItem","position":3,"name":"London Bridge"}]},{"@type":"WebSite","@id":"https:\/\/vossloh-topic-lounge.com\/#website","url":"https:\/\/vossloh-topic-lounge.com\/","name":"Vossloh Topic Lounge","description":"","publisher":{"@id":"https:\/\/vossloh-topic-lounge.com\/#organization"},"potentialAction":[{"@type":"SearchAction","target":{"@type":"EntryPoint","urlTemplate":"https:\/\/vossloh-topic-lounge.com\/?s={search_term_string}"},"query-input":{"@type":"PropertyValueSpecification","valueRequired":true,"valueName":"search_term_string"}}],"inLanguage":"de"},{"@type":"Organization","@id":"https:\/\/vossloh-topic-lounge.com\/#organization","name":"VOSSLOH AG","url":"https:\/\/vossloh-topic-lounge.com\/","logo":{"@type":"ImageObject","inLanguage":"de","@id":"https:\/\/vossloh-topic-lounge.com\/#\/schema\/logo\/image\/","url":"https:\/\/vossloh-topic-lounge.com\/wp-content\/uploads\/2022\/04\/Vossloh-Logo-enabling-green-mobility-RGB.png","contentUrl":"https:\/\/vossloh-topic-lounge.com\/wp-content\/uploads\/2022\/04\/Vossloh-Logo-enabling-green-mobility-RGB.png","width":2560,"height":788,"caption":"VOSSLOH AG"},"image":{"@id":"https:\/\/vossloh-topic-lounge.com\/#\/schema\/logo\/image\/"}}]}},"_links":{"self":[{"href":"https:\/\/vossloh-topic-lounge.com\/de\/wp-json\/wp\/v2\/pages\/3324","targetHints":{"allow":["GET"]}}],"collection":[{"href":"https:\/\/vossloh-topic-lounge.com\/de\/wp-json\/wp\/v2\/pages"}],"about":[{"href":"https:\/\/vossloh-topic-lounge.com\/de\/wp-json\/wp\/v2\/types\/page"}],"author":[{"embeddable":true,"href":"https:\/\/vossloh-topic-lounge.com\/de\/wp-json\/wp\/v2\/users\/2"}],"replies":[{"embeddable":true,"href":"https:\/\/vossloh-topic-lounge.com\/de\/wp-json\/wp\/v2\/comments?post=3324"}],"version-history":[{"count":5,"href":"https:\/\/vossloh-topic-lounge.com\/de\/wp-json\/wp\/v2\/pages\/3324\/revisions"}],"predecessor-version":[{"id":14833,"href":"https:\/\/vossloh-topic-lounge.com\/de\/wp-json\/wp\/v2\/pages\/3324\/revisions\/14833"}],"up":[{"embeddable":true,"href":"https:\/\/vossloh-topic-lounge.com\/de\/wp-json\/wp\/v2\/pages\/1096"}],"wp:attachment":[{"href":"https:\/\/vossloh-topic-lounge.com\/de\/wp-json\/wp\/v2\/media?parent=3324"}],"curies":[{"name":"wp","href":"https:\/\/api.w.org\/{rel}","templated":true}]}}