{"id":8628,"date":"2022-08-11T20:09:30","date_gmt":"2022-08-11T20:09:30","guid":{"rendered":"https:\/\/vossloh-topic-lounge.com\/future-turnout-environment\/ultrasonic-inspection-of-cast-manganese-crossing\/"},"modified":"2024-02-27T13:10:47","modified_gmt":"2024-02-27T13:10:47","slug":"ultraschallpruefung","status":"publish","type":"page","link":"https:\/\/vossloh-topic-lounge.com\/de\/future-turnout-environment\/ultraschallpruefung\/","title":{"rendered":"Ultraschallpr\u00fcfung von Herzst\u00fccken aus gegossenen Manganstahl"},"content":{"rendered":"\t\t<div data-elementor-type=\"wp-page\" data-elementor-id=\"8628\" class=\"elementor elementor-8628 elementor-6528\" data-elementor-post-type=\"page\">\n\t\t\t\t\t\t<section class=\"elementor-section elementor-top-section elementor-element elementor-element-bb15b20 elementor-section-height-min-height single-page-max-width elementor-section-boxed elementor-section-height-default elementor-section-items-middle\" data-id=\"bb15b20\" data-element_type=\"section\" data-e-type=\"section\" id=\"oben\" data-settings=\"{&quot;background_background&quot;:&quot;classic&quot;}\">\n\t\t\t\t\t\t\t<div class=\"elementor-background-overlay\"><\/div>\n\t\t\t\t\t\t\t<div class=\"elementor-container elementor-column-gap-default\">\n\t\t\t\t\t<div class=\"elementor-column elementor-col-100 elementor-top-column elementor-element elementor-element-f49735b\" data-id=\"f49735b\" data-element_type=\"column\" data-e-type=\"column\">\n\t\t\t<div class=\"elementor-widget-wrap\">\n\t\t\t\t\t\t\t<\/div>\n\t\t<\/div>\n\t\t\t\t\t<\/div>\n\t\t<\/section>\n\t\t\t\t<section class=\"elementor-section elementor-top-section elementor-element elementor-element-49e1bfe elementor-section-boxed elementor-section-height-default elementor-section-height-default\" data-id=\"49e1bfe\" data-element_type=\"section\" data-e-type=\"section\" data-settings=\"{&quot;background_background&quot;:&quot;classic&quot;}\">\n\t\t\t\t\t\t<div class=\"elementor-container elementor-column-gap-default\">\n\t\t\t\t\t<div class=\"elementor-column elementor-col-100 elementor-top-column elementor-element elementor-element-6eaab6d\" data-id=\"6eaab6d\" data-element_type=\"column\" data-e-type=\"column\">\n\t\t\t<div class=\"elementor-widget-wrap elementor-element-populated\">\n\t\t\t\t\t\t<div class=\"elementor-element elementor-element-acd7731 elementor-widget elementor-widget-ucaddon_side_border_heading\" data-id=\"acd7731\" data-element_type=\"widget\" data-e-type=\"widget\" data-widget_type=\"ucaddon_side_border_heading.default\">\n\t\t\t\t<div class=\"elementor-widget-container\">\n\t\t\t\t\t\n<!-- start Side Line Heading -->\n<style>\/* widget: Side Line Heading *\/\n\n#uc_side_border_heading_elementor_acd7731\n{\n  display:flex;\n}\n\n#uc_side_border_heading_elementor_acd7731 .side_border_heading_title\n{\n  color:black;\n}\n\n#uc_side_border_heading_elementor_acd7731 .side_border_heading_subtitle\n{\n  line-height:1.5em;\n  color:gray;\n}\n#uc_side_border_heading_elementor_acd7731 .side_border_heading_line_holder{\nflex-shrink: 0;\n}\n\n#uc_side_border_heading_elementor_acd7731 .side_border_heading_line_spacer{\nflex-shrink: 0;\n}\n\n<\/style>\n\n<div id=\"uc_side_border_heading_elementor_acd7731\">\n  <div class=\"side_border_heading_line_holder\"><div class=\"side_border_heading_line\" style=\"background-color:#F0B40F;\"><\/div><\/div>\n  <div class=\"side_border_heading_line_spacer\"><\/div>\n  <div>\n    <div class=\"side_border_heading_title\"><span  class=\"uc_style_side_border_heading_elementor_title\" >Ultraschallpr\u00fcfung von Herzst\u00fccken aus gegossenen Manganstahl<\/span><\/div>\n    <div class=\"side_border_heading_subtitle\"><\/div>\n  <\/div>\n<\/div>\n<!-- end Side Line Heading -->\t\t\t\t<\/div>\n\t\t\t\t<\/div>\n\t\t\t\t<section class=\"elementor-section elementor-inner-section elementor-element elementor-element-104c5f9 elementor-section-boxed elementor-section-height-default elementor-section-height-default\" data-id=\"104c5f9\" data-element_type=\"section\" data-e-type=\"section\">\n\t\t\t\t\t\t<div class=\"elementor-container elementor-column-gap-default\">\n\t\t\t\t\t<div class=\"elementor-column elementor-col-50 elementor-inner-column elementor-element elementor-element-3d5549c\" data-id=\"3d5549c\" data-element_type=\"column\" data-e-type=\"column\">\n\t\t\t<div class=\"elementor-widget-wrap elementor-element-populated\">\n\t\t\t\t\t\t<div class=\"elementor-element elementor-element-5e795b7 vossloh-bullet elementor-widget elementor-widget-text-editor\" data-id=\"5e795b7\" data-element_type=\"widget\" data-e-type=\"widget\" data-widget_type=\"text-editor.default\">\n\t\t\t\t<div class=\"elementor-widget-container\">\n\t\t\t\t\t\t\t\t\t<p>Weichenpflege: Die Entwicklung der Ultraschallpr\u00fcfung von Herzst\u00fccken aus gegossenem Manganstahl er\u00f6ffnet <b>neue M\u00f6glichkeiten f\u00fcr die Gie\u00dferei<\/b> als auch die <b>Inspektion im Gleis.<\/b><\/p><p>Erweiterter Serviceumfang:<\/p><ul><li>Damit helfen wir Kunden, den Zustand der Manganstahl-Herzst\u00fccke zu \u00fcberwachen.<\/li><li>Indem wir unser Wissen ans Gleis bringen, verbessern wir das Verst\u00e4ndnis und das Wissen \u00fcber das Verhalten des Gesamtsystems.<\/li><\/ul>\t\t\t\t\t\t\t\t<\/div>\n\t\t\t\t<\/div>\n\t\t\t\t<div class=\"elementor-element elementor-element-152d8b6 elementor-widget elementor-widget-spacer\" data-id=\"152d8b6\" data-element_type=\"widget\" data-e-type=\"widget\" data-widget_type=\"spacer.default\">\n\t\t\t\t<div class=\"elementor-widget-container\">\n\t\t\t\t\t\t\t<div class=\"elementor-spacer\">\n\t\t\t<div class=\"elementor-spacer-inner\"><\/div>\n\t\t<\/div>\n\t\t\t\t\t\t<\/div>\n\t\t\t\t<\/div>\n\t\t\t\t<div class=\"elementor-element elementor-element-e175b5e vossloh-bullet-white elementor-widget elementor-widget-ucaddon_custom_icon_bullets\" data-id=\"e175b5e\" data-element_type=\"widget\" data-e-type=\"widget\" data-widget_type=\"ucaddon_custom_icon_bullets.default\">\n\t\t\t\t<div class=\"elementor-widget-container\">\n\t\t\t\t\t\n<!-- start Custom Icon Bullets -->\n\t\t<link id='font-awesome-css' href='https:\/\/vossloh-topic-lounge.com\/wp-content\/plugins\/unlimited-elements-for-elementor-premium\/assets_libraries\/font-awesome6\/fontawesome-all.min.css' type='text\/css' rel='stylesheet' >\n\t\t<link id='font-awesome-4-shim-css' href='https:\/\/vossloh-topic-lounge.com\/wp-content\/plugins\/unlimited-elements-for-elementor-premium\/assets_libraries\/font-awesome6\/fontawesome-v4-shims.min.css' type='text\/css' rel='stylesheet' >\n\n<style>\/* widget: Custom Icon Bullets *\/\n\n#uc_custom_icon_bullets_elementor_e175b5e *{\n\t-webkit-box-sizing: border-box;\n\t-moz-box-sizing: border-box;\n\tbox-sizing: border-box;\n}\n\n#uc_custom_icon_bullets_elementor_e175b5e .uc-bullet-active{\n}\n\n\n#uc_custom_icon_bullets_elementor_e175b5e .ue-icon\n{\n  display:flex;\n  align-items:center;\n  justify-content:center;\n  flex-grow:0;\n  flex-shrink:0;\n  line-height:1em;\n  transition:0.3s;\n  position: absolute;\n  left: -20px;\n  top: -20px;\n  border-radius: 50px;\n}\n\n#uc_custom_icon_bullets_elementor_e175b5e .ue-icon svg\n{\n  height:1em;\n  width:1em;\n}\n\n\n#uc_custom_icon_bullets_elementor_e175b5e .uc_material_bullets_row\n{\n\tfont-weight:400;\n\tdisplay:flex;\n\tposition:relative;\n\ttext-align:left;\n\twidth:100%;\n   \n    transition:0.3s;\n}\n\n\n#uc_custom_icon_bullets_elementor_e175b5e .uc_material_bullets_row a.ue-item-link\n{\n  position:absolute;\n  display:block;\n  top:0;\n  right:0;\n  left:0;\n  bottom:0;\n}\n\n#uc_custom_icon_bullets_elementor_e175b5e .uc_material_bullets_row:last-child\n{\n\tmargin-bottom:0px !important;\n}\n\n\n#uc_custom_icon_bullets_elementor_e175b5e .uc_material_bullets_row \n{\n\tposition:relative;\n\tvertical-align:middle;\n}\n\n#uc_custom_icon_bullets_elementor_e175b5e .uc_material_bullets_row .uc_content_box\n{\n\tdisplay:flex;\n    flex-direction:column;\n    justify-content:center;\n    align-items: flex-start;\n    flex-grow:1;\n}\n\n#uc_custom_icon_bullets_elementor_e175b5e .ue-bullets\n{\n  display:grid;\n}\n\n#uc_custom_icon_bullets_elementor_e175b5e .ue-text, #uc_custom_icon_bullets_elementor_e175b5e .ue-title, #uc_custom_icon_bullets_elementor_e175b5e .ue-seperator\n{\n  width:100%;\n}\n\n#uc_custom_icon_bullets_elementor_e175b5e .ue-seperator-line\n{\n  display:inline-block;\n  font-size:0px;\n}\n\n#uc_custom_icon_bullets_elementor_e175b5e .ue-seperator\n{\n  font-size:0px;\n}\n\n#uc_custom_icon_bullets_elementor_e175b5e.uc-remote-parent .uc_material_bullets_row\n{\n  cursor:pointer;\n}\n\n.ue-title\n{\n  font-size:21px;\n}\n\n<\/style>\n\n<div class=\"uc_material_bullets \"  id=\"uc_custom_icon_bullets_elementor_e175b5e\" >   \t\n    \t<div class=\"ue-bullets\">\n          \t<div class=\"uc_material_bullets_row elementor-repeater-item-21cd2ea\">\n              <div class=\"ue-icon\">\n                    <i class='fal fa-thumbs-up'><\/i>                    \t \n              <\/div>\n  <div class=\"uc_content_box uc_ceal\">\n    <div class=\"ue-title\"><\/div>\n    \n    \t\n    \n    <div class=\"ue-text\"><p>Abdeckung des gesamten Lebenszyklus vom Design \u00fcber die Pr\u00fcfung bis zur Instandhaltung und zum Recycling<\/p><\/div>\t\n  <\/div>\n    \t\n<\/div>\n\n      <\/div>\n<\/div>\n\n<!--end of icon bullets -->\n<!-- end Custom Icon Bullets -->\t\t\t\t<\/div>\n\t\t\t\t<\/div>\n\t\t\t\t\t<\/div>\n\t\t<\/div>\n\t\t\t\t<div class=\"elementor-column elementor-col-50 elementor-inner-column elementor-element elementor-element-016a2a0\" data-id=\"016a2a0\" data-element_type=\"column\" data-e-type=\"column\">\n\t\t\t<div class=\"elementor-widget-wrap elementor-element-populated\">\n\t\t\t\t\t\t<div class=\"elementor-element elementor-element-33245bf elementor-widget elementor-widget-image\" data-id=\"33245bf\" data-element_type=\"widget\" data-e-type=\"widget\" data-widget_type=\"image.default\">\n\t\t\t\t<div class=\"elementor-widget-container\">\n\t\t\t\t\t\t\t\t\t\t\t\t<figure class=\"wp-caption\">\n\t\t\t\t\t\t\t\t\t\t\t<a href=\"https:\/\/vossloh-topic-lounge.com\/wp-content\/uploads\/2022\/08\/shrinkage-defect.jpg\" data-elementor-open-lightbox=\"yes\" data-elementor-lightbox-description=\"Bereich mit Schrumpffehler\n\" data-e-action-hash=\"#elementor-action%3Aaction%3Dlightbox%26settings%3DeyJpZCI6NjUzNiwidXJsIjoiaHR0cHM6XC9cL3Zvc3Nsb2gtdG9waWMtbG91bmdlLmNvbVwvd3AtY29udGVudFwvdXBsb2Fkc1wvMjAyMlwvMDhcL3Nocmlua2FnZS1kZWZlY3QuanBnIn0%3D\">\n\t\t\t\t\t\t\t<img fetchpriority=\"high\" decoding=\"async\" width=\"800\" height=\"248\" src=\"https:\/\/vossloh-topic-lounge.com\/wp-content\/uploads\/2022\/08\/shrinkage-defect-1024x318.jpg\" class=\"attachment-large size-large wp-image-6536\" alt=\"\" srcset=\"https:\/\/vossloh-topic-lounge.com\/wp-content\/uploads\/2022\/08\/shrinkage-defect-1024x318.jpg 1024w, https:\/\/vossloh-topic-lounge.com\/wp-content\/uploads\/2022\/08\/shrinkage-defect-300x93.jpg 300w, https:\/\/vossloh-topic-lounge.com\/wp-content\/uploads\/2022\/08\/shrinkage-defect-768x238.jpg 768w, https:\/\/vossloh-topic-lounge.com\/wp-content\/uploads\/2022\/08\/shrinkage-defect.jpg 1250w\" sizes=\"(max-width: 800px) 100vw, 800px\" \/>\t\t\t\t\t\t\t\t<\/a>\n\t\t\t\t\t\t\t\t\t\t\t<figcaption class=\"widget-image-caption wp-caption-text\">Bereich mit Schrumpffehler\n<\/figcaption>\n\t\t\t\t\t\t\t\t\t\t<\/figure>\n\t\t\t\t\t\t\t\t\t<\/div>\n\t\t\t\t<\/div>\n\t\t\t\t<div class=\"elementor-element elementor-element-2d0ffc6 elementor-widget elementor-widget-image\" data-id=\"2d0ffc6\" data-element_type=\"widget\" data-e-type=\"widget\" data-widget_type=\"image.default\">\n\t\t\t\t<div class=\"elementor-widget-container\">\n\t\t\t\t\t\t\t\t\t\t\t\t<figure class=\"wp-caption\">\n\t\t\t\t\t\t\t\t\t\t\t<a href=\"https:\/\/vossloh-topic-lounge.com\/wp-content\/uploads\/2022\/08\/without-defect.jpg\" data-elementor-open-lightbox=\"yes\" data-elementor-lightbox-description=\"Bereich ohne Fehler\n\" data-e-action-hash=\"#elementor-action%3Aaction%3Dlightbox%26settings%3DeyJpZCI6NjUzNCwidXJsIjoiaHR0cHM6XC9cL3Zvc3Nsb2gtdG9waWMtbG91bmdlLmNvbVwvd3AtY29udGVudFwvdXBsb2Fkc1wvMjAyMlwvMDhcL3dpdGhvdXQtZGVmZWN0LmpwZyJ9\">\n\t\t\t\t\t\t\t<img decoding=\"async\" width=\"800\" height=\"251\" src=\"https:\/\/vossloh-topic-lounge.com\/wp-content\/uploads\/2022\/08\/without-defect-1024x321.jpg\" class=\"attachment-large size-large wp-image-6534\" alt=\"\" srcset=\"https:\/\/vossloh-topic-lounge.com\/wp-content\/uploads\/2022\/08\/without-defect-1024x321.jpg 1024w, https:\/\/vossloh-topic-lounge.com\/wp-content\/uploads\/2022\/08\/without-defect-300x94.jpg 300w, https:\/\/vossloh-topic-lounge.com\/wp-content\/uploads\/2022\/08\/without-defect-768x241.jpg 768w, https:\/\/vossloh-topic-lounge.com\/wp-content\/uploads\/2022\/08\/without-defect.jpg 1250w\" sizes=\"(max-width: 800px) 100vw, 800px\" \/>\t\t\t\t\t\t\t\t<\/a>\n\t\t\t\t\t\t\t\t\t\t\t<figcaption class=\"widget-image-caption wp-caption-text\">Bereich ohne Fehler\n<\/figcaption>\n\t\t\t\t\t\t\t\t\t\t<\/figure>\n\t\t\t\t\t\t\t\t\t<\/div>\n\t\t\t\t<\/div>\n\t\t\t\t<div class=\"elementor-element elementor-element-c35cdd6 elementor-widget elementor-widget-video\" data-id=\"c35cdd6\" data-element_type=\"widget\" data-e-type=\"widget\" data-settings=\"{&quot;video_type&quot;:&quot;vimeo&quot;}\" data-widget_type=\"video.default\">\n\t\t\t\t<div class=\"elementor-widget-container\">\n\t\t\t\t\t\t\t<div class=\"elementor-wrapper elementor-open-inline\">\n\t\t\t <div class=\"brlbs-cmpnt-container brlbs-cmpnt-content-blocker brlbs-cmpnt-with-individual-styles\" data-borlabs-cookie-content-blocker-id=\"vimeo-content-blocker\" data-borlabs-cookie-content=\"PGlmcmFtZSBjbGFzcz0iZWxlbWVudG9yLXZpZGVvLWlmcmFtZSIgYWxsb3dmdWxsc2NyZWVuIGFsbG93PSJjbGlwYm9hcmQtd3JpdGUiIHRpdGxlPSJ2aW1lbyBWaWRlbyBQbGF5ZXIiIHNyYz0iaHR0cHM6Ly9wbGF5ZXIudmltZW8uY29tL3ZpZGVvLzc0NTU1MTE5MD9jb2xvciZhbXA7YXV0b3BhdXNlPTAmYW1wO2xvb3A9MCZhbXA7bXV0ZWQ9MCZhbXA7dGl0bGU9MSZhbXA7cG9ydHJhaXQ9MSZhbXA7YnlsaW5lPTEjdD0iPjwvaWZyYW1lPg==\"><div class=\"brlbs-cmpnt-cb-preset-c brlbs-cmpnt-cb-vimeo\"> <div class=\"brlbs-cmpnt-cb-thumbnail\" style=\"background-image: url('https:\/\/vossloh-topic-lounge.com\/wp-content\/uploads\/borlabs-cookie\/1\/vimeo_745551190.jpg')\"><\/div> <div class=\"brlbs-cmpnt-cb-main\"> <div class=\"brlbs-cmpnt-cb-play-button\"><\/div> <div class=\"brlbs-cmpnt-cb-content\"> <p class=\"brlbs-cmpnt-cb-description\">Sie sehen gerade einen Platzhalterinhalt von <strong>Vimeo<\/strong>. Um auf den eigentlichen Inhalt zuzugreifen, klicken Sie auf die Schaltfl\u00e4che unten. Bitte beachten Sie, dass dabei Daten an Drittanbieter weitergegeben werden.<\/p> <a class=\"brlbs-cmpnt-cb-provider-toggle\" href=\"#\" data-borlabs-cookie-show-provider-information role=\"button\">Mehr Informationen<\/a> <\/div> <div class=\"brlbs-cmpnt-cb-buttons\"> <a class=\"brlbs-cmpnt-cb-btn\" href=\"#\" data-borlabs-cookie-unblock role=\"button\">Inhalt entsperren<\/a> <a class=\"brlbs-cmpnt-cb-btn\" href=\"#\" data-borlabs-cookie-accept-service role=\"button\" style=\"display: inherit\">Erforderlichen Service akzeptieren und Inhalte entsperren<\/a> <\/div> <\/div> <\/div><\/div>\t\t<\/div>\n\t\t\t\t\t\t<\/div>\n\t\t\t\t<\/div>\n\t\t\t\t\t<\/div>\n\t\t<\/div>\n\t\t\t\t\t<\/div>\n\t\t<\/section>\n\t\t\t\t<div class=\"elementor-element elementor-element-0927ac7 elementor-widget elementor-widget-spacer\" data-id=\"0927ac7\" data-element_type=\"widget\" data-e-type=\"widget\" data-widget_type=\"spacer.default\">\n\t\t\t\t<div class=\"elementor-widget-container\">\n\t\t\t\t\t\t\t<div class=\"elementor-spacer\">\n\t\t\t<div class=\"elementor-spacer-inner\"><\/div>\n\t\t<\/div>\n\t\t\t\t\t\t<\/div>\n\t\t\t\t<\/div>\n\t\t\t\t\t<\/div>\n\t\t<\/div>\n\t\t\t\t\t<\/div>\n\t\t<\/section>\n\t\t\t\t<\/div>\n\t\t","protected":false},"excerpt":{"rendered":"<p>Ultraschallpr\u00fcfung von Herzst\u00fccken aus gegossenen Manganstahl Weichenpflege: Die Entwicklung der Ultraschallpr\u00fcfung von Herzst\u00fccken aus gegossenem Manganstahl er\u00f6ffnet neue M\u00f6glichkeiten f\u00fcr die Gie\u00dferei als auch die Inspektion im Gleis. Erweiterter Serviceumfang: Damit helfen wir Kunden, den Zustand der Manganstahl-Herzst\u00fccke zu \u00fcberwachen. Indem wir unser Wissen ans Gleis bringen, verbessern wir das Verst\u00e4ndnis und das Wissen \u00fcber [&hellip;]<\/p>\n","protected":false},"author":2,"featured_media":0,"parent":201,"menu_order":0,"comment_status":"closed","ping_status":"closed","template":"elementor_theme","meta":{"_acf_changed":false,"footnotes":""},"class_list":["post-8628","page","type-page","status-publish","hentry"],"acf":[],"yoast_head":"<!-- This site is optimized with the Yoast SEO plugin v27.3 - https:\/\/yoast.com\/product\/yoast-seo-wordpress\/ -->\n<title>Ultraschallpr\u00fcfung von Herzst\u00fccken aus gegossenen Manganstahl | Vossloh Topic Lounge<\/title>\n<meta name=\"robots\" content=\"noindex, follow, max-snippet:-1, max-image-preview:large, max-video-preview:-1\" \/>\n<meta property=\"og:locale\" content=\"de_DE\" \/>\n<meta property=\"og:type\" content=\"article\" \/>\n<meta property=\"og:title\" content=\"Ultraschallpr\u00fcfung von Herzst\u00fccken aus gegossenen Manganstahl | Vossloh Topic Lounge\" \/>\n<meta property=\"og:description\" content=\"Ultraschallpr\u00fcfung von Herzst\u00fccken aus gegossenen Manganstahl Weichenpflege: Die Entwicklung der Ultraschallpr\u00fcfung von Herzst\u00fccken aus gegossenem Manganstahl er\u00f6ffnet neue M\u00f6glichkeiten f\u00fcr die Gie\u00dferei als auch die Inspektion im Gleis. Erweiterter Serviceumfang: Damit helfen wir Kunden, den Zustand der Manganstahl-Herzst\u00fccke zu \u00fcberwachen. Indem wir unser Wissen ans Gleis bringen, verbessern wir das Verst\u00e4ndnis und das Wissen \u00fcber [&hellip;]\" \/>\n<meta property=\"og:url\" content=\"https:\/\/vossloh-topic-lounge.com\/future-turnout-environment\/ultraschallpruefung\/\" \/>\n<meta property=\"og:site_name\" content=\"Vossloh Topic Lounge\" \/>\n<meta property=\"article:modified_time\" content=\"2024-02-27T13:10:47+00:00\" \/>\n<meta property=\"og:image\" content=\"https:\/\/vossloh-topic-lounge.com\/wp-content\/uploads\/2022\/08\/shrinkage-defect-1024x318.jpg\" \/>\n<meta name=\"twitter:card\" content=\"summary_large_image\" \/>\n<meta name=\"twitter:label1\" content=\"Gesch\u00e4tzte Lesezeit\" \/>\n\t<meta name=\"twitter:data1\" content=\"1\u00a0Minute\" \/>\n<script type=\"application\/ld+json\" class=\"yoast-schema-graph\">{\"@context\":\"https:\\\/\\\/schema.org\",\"@graph\":[{\"@type\":\"WebPage\",\"@id\":\"https:\\\/\\\/vossloh-topic-lounge.com\\\/future-turnout-environment\\\/ultraschallpruefung\\\/\",\"url\":\"https:\\\/\\\/vossloh-topic-lounge.com\\\/future-turnout-environment\\\/ultraschallpruefung\\\/\",\"name\":\"Ultraschallpr\u00fcfung von Herzst\u00fccken aus gegossenen Manganstahl | Vossloh Topic Lounge\",\"isPartOf\":{\"@id\":\"https:\\\/\\\/vossloh-topic-lounge.com\\\/#website\"},\"primaryImageOfPage\":{\"@id\":\"https:\\\/\\\/vossloh-topic-lounge.com\\\/future-turnout-environment\\\/ultraschallpruefung\\\/#primaryimage\"},\"image\":{\"@id\":\"https:\\\/\\\/vossloh-topic-lounge.com\\\/future-turnout-environment\\\/ultraschallpruefung\\\/#primaryimage\"},\"thumbnailUrl\":\"https:\\\/\\\/vossloh-topic-lounge.com\\\/wp-content\\\/uploads\\\/2022\\\/08\\\/shrinkage-defect-1024x318.jpg\",\"datePublished\":\"2022-08-11T20:09:30+00:00\",\"dateModified\":\"2024-02-27T13:10:47+00:00\",\"breadcrumb\":{\"@id\":\"https:\\\/\\\/vossloh-topic-lounge.com\\\/future-turnout-environment\\\/ultraschallpruefung\\\/#breadcrumb\"},\"inLanguage\":\"de\",\"potentialAction\":[{\"@type\":\"ReadAction\",\"target\":[\"https:\\\/\\\/vossloh-topic-lounge.com\\\/future-turnout-environment\\\/ultraschallpruefung\\\/\"]}]},{\"@type\":\"ImageObject\",\"inLanguage\":\"de\",\"@id\":\"https:\\\/\\\/vossloh-topic-lounge.com\\\/future-turnout-environment\\\/ultraschallpruefung\\\/#primaryimage\",\"url\":\"https:\\\/\\\/vossloh-topic-lounge.com\\\/wp-content\\\/uploads\\\/2022\\\/08\\\/shrinkage-defect-1024x318.jpg\",\"contentUrl\":\"https:\\\/\\\/vossloh-topic-lounge.com\\\/wp-content\\\/uploads\\\/2022\\\/08\\\/shrinkage-defect-1024x318.jpg\"},{\"@type\":\"BreadcrumbList\",\"@id\":\"https:\\\/\\\/vossloh-topic-lounge.com\\\/future-turnout-environment\\\/ultraschallpruefung\\\/#breadcrumb\",\"itemListElement\":[{\"@type\":\"ListItem\",\"position\":1,\"name\":\"Startseite\",\"item\":\"https:\\\/\\\/vossloh-topic-lounge.com\\\/\"},{\"@type\":\"ListItem\",\"position\":2,\"name\":\"Future turnout environment DE\",\"item\":\"https:\\\/\\\/vossloh-topic-lounge.com\\\/future-turnout-environment\\\/\"},{\"@type\":\"ListItem\",\"position\":3,\"name\":\"Ultraschallpr\u00fcfung von Herzst\u00fccken aus gegossenen Manganstahl\"}]},{\"@type\":\"WebSite\",\"@id\":\"https:\\\/\\\/vossloh-topic-lounge.com\\\/#website\",\"url\":\"https:\\\/\\\/vossloh-topic-lounge.com\\\/\",\"name\":\"Vossloh Topic Lounge\",\"description\":\"\",\"publisher\":{\"@id\":\"https:\\\/\\\/vossloh-topic-lounge.com\\\/#organization\"},\"potentialAction\":[{\"@type\":\"SearchAction\",\"target\":{\"@type\":\"EntryPoint\",\"urlTemplate\":\"https:\\\/\\\/vossloh-topic-lounge.com\\\/?s={search_term_string}\"},\"query-input\":{\"@type\":\"PropertyValueSpecification\",\"valueRequired\":true,\"valueName\":\"search_term_string\"}}],\"inLanguage\":\"de\"},{\"@type\":\"Organization\",\"@id\":\"https:\\\/\\\/vossloh-topic-lounge.com\\\/#organization\",\"name\":\"VOSSLOH AG\",\"url\":\"https:\\\/\\\/vossloh-topic-lounge.com\\\/\",\"logo\":{\"@type\":\"ImageObject\",\"inLanguage\":\"de\",\"@id\":\"https:\\\/\\\/vossloh-topic-lounge.com\\\/#\\\/schema\\\/logo\\\/image\\\/\",\"url\":\"https:\\\/\\\/vossloh-topic-lounge.com\\\/wp-content\\\/uploads\\\/2022\\\/04\\\/Vossloh-Logo-enabling-green-mobility-RGB.png\",\"contentUrl\":\"https:\\\/\\\/vossloh-topic-lounge.com\\\/wp-content\\\/uploads\\\/2022\\\/04\\\/Vossloh-Logo-enabling-green-mobility-RGB.png\",\"width\":2560,\"height\":788,\"caption\":\"VOSSLOH AG\"},\"image\":{\"@id\":\"https:\\\/\\\/vossloh-topic-lounge.com\\\/#\\\/schema\\\/logo\\\/image\\\/\"}}]}<\/script>\n<!-- \/ Yoast SEO plugin. -->","yoast_head_json":{"title":"Ultraschallpr\u00fcfung von Herzst\u00fccken aus gegossenen Manganstahl | Vossloh Topic Lounge","robots":{"index":"noindex","follow":"follow","max-snippet":"max-snippet:-1","max-image-preview":"max-image-preview:large","max-video-preview":"max-video-preview:-1"},"og_locale":"de_DE","og_type":"article","og_title":"Ultraschallpr\u00fcfung von Herzst\u00fccken aus gegossenen Manganstahl | Vossloh Topic Lounge","og_description":"Ultraschallpr\u00fcfung von Herzst\u00fccken aus gegossenen Manganstahl Weichenpflege: Die Entwicklung der Ultraschallpr\u00fcfung von Herzst\u00fccken aus gegossenem Manganstahl er\u00f6ffnet neue M\u00f6glichkeiten f\u00fcr die Gie\u00dferei als auch die Inspektion im Gleis. Erweiterter Serviceumfang: Damit helfen wir Kunden, den Zustand der Manganstahl-Herzst\u00fccke zu \u00fcberwachen. Indem wir unser Wissen ans Gleis bringen, verbessern wir das Verst\u00e4ndnis und das Wissen \u00fcber [&hellip;]","og_url":"https:\/\/vossloh-topic-lounge.com\/future-turnout-environment\/ultraschallpruefung\/","og_site_name":"Vossloh Topic Lounge","article_modified_time":"2024-02-27T13:10:47+00:00","og_image":[{"url":"https:\/\/vossloh-topic-lounge.com\/wp-content\/uploads\/2022\/08\/shrinkage-defect-1024x318.jpg","type":"","width":"","height":""}],"twitter_card":"summary_large_image","twitter_misc":{"Gesch\u00e4tzte Lesezeit":"1\u00a0Minute"},"schema":{"@context":"https:\/\/schema.org","@graph":[{"@type":"WebPage","@id":"https:\/\/vossloh-topic-lounge.com\/future-turnout-environment\/ultraschallpruefung\/","url":"https:\/\/vossloh-topic-lounge.com\/future-turnout-environment\/ultraschallpruefung\/","name":"Ultraschallpr\u00fcfung von Herzst\u00fccken aus gegossenen Manganstahl | Vossloh Topic Lounge","isPartOf":{"@id":"https:\/\/vossloh-topic-lounge.com\/#website"},"primaryImageOfPage":{"@id":"https:\/\/vossloh-topic-lounge.com\/future-turnout-environment\/ultraschallpruefung\/#primaryimage"},"image":{"@id":"https:\/\/vossloh-topic-lounge.com\/future-turnout-environment\/ultraschallpruefung\/#primaryimage"},"thumbnailUrl":"https:\/\/vossloh-topic-lounge.com\/wp-content\/uploads\/2022\/08\/shrinkage-defect-1024x318.jpg","datePublished":"2022-08-11T20:09:30+00:00","dateModified":"2024-02-27T13:10:47+00:00","breadcrumb":{"@id":"https:\/\/vossloh-topic-lounge.com\/future-turnout-environment\/ultraschallpruefung\/#breadcrumb"},"inLanguage":"de","potentialAction":[{"@type":"ReadAction","target":["https:\/\/vossloh-topic-lounge.com\/future-turnout-environment\/ultraschallpruefung\/"]}]},{"@type":"ImageObject","inLanguage":"de","@id":"https:\/\/vossloh-topic-lounge.com\/future-turnout-environment\/ultraschallpruefung\/#primaryimage","url":"https:\/\/vossloh-topic-lounge.com\/wp-content\/uploads\/2022\/08\/shrinkage-defect-1024x318.jpg","contentUrl":"https:\/\/vossloh-topic-lounge.com\/wp-content\/uploads\/2022\/08\/shrinkage-defect-1024x318.jpg"},{"@type":"BreadcrumbList","@id":"https:\/\/vossloh-topic-lounge.com\/future-turnout-environment\/ultraschallpruefung\/#breadcrumb","itemListElement":[{"@type":"ListItem","position":1,"name":"Startseite","item":"https:\/\/vossloh-topic-lounge.com\/"},{"@type":"ListItem","position":2,"name":"Future turnout environment DE","item":"https:\/\/vossloh-topic-lounge.com\/future-turnout-environment\/"},{"@type":"ListItem","position":3,"name":"Ultraschallpr\u00fcfung von Herzst\u00fccken aus gegossenen Manganstahl"}]},{"@type":"WebSite","@id":"https:\/\/vossloh-topic-lounge.com\/#website","url":"https:\/\/vossloh-topic-lounge.com\/","name":"Vossloh Topic Lounge","description":"","publisher":{"@id":"https:\/\/vossloh-topic-lounge.com\/#organization"},"potentialAction":[{"@type":"SearchAction","target":{"@type":"EntryPoint","urlTemplate":"https:\/\/vossloh-topic-lounge.com\/?s={search_term_string}"},"query-input":{"@type":"PropertyValueSpecification","valueRequired":true,"valueName":"search_term_string"}}],"inLanguage":"de"},{"@type":"Organization","@id":"https:\/\/vossloh-topic-lounge.com\/#organization","name":"VOSSLOH AG","url":"https:\/\/vossloh-topic-lounge.com\/","logo":{"@type":"ImageObject","inLanguage":"de","@id":"https:\/\/vossloh-topic-lounge.com\/#\/schema\/logo\/image\/","url":"https:\/\/vossloh-topic-lounge.com\/wp-content\/uploads\/2022\/04\/Vossloh-Logo-enabling-green-mobility-RGB.png","contentUrl":"https:\/\/vossloh-topic-lounge.com\/wp-content\/uploads\/2022\/04\/Vossloh-Logo-enabling-green-mobility-RGB.png","width":2560,"height":788,"caption":"VOSSLOH AG"},"image":{"@id":"https:\/\/vossloh-topic-lounge.com\/#\/schema\/logo\/image\/"}}]}},"_links":{"self":[{"href":"https:\/\/vossloh-topic-lounge.com\/de\/wp-json\/wp\/v2\/pages\/8628","targetHints":{"allow":["GET"]}}],"collection":[{"href":"https:\/\/vossloh-topic-lounge.com\/de\/wp-json\/wp\/v2\/pages"}],"about":[{"href":"https:\/\/vossloh-topic-lounge.com\/de\/wp-json\/wp\/v2\/types\/page"}],"author":[{"embeddable":true,"href":"https:\/\/vossloh-topic-lounge.com\/de\/wp-json\/wp\/v2\/users\/2"}],"replies":[{"embeddable":true,"href":"https:\/\/vossloh-topic-lounge.com\/de\/wp-json\/wp\/v2\/comments?post=8628"}],"version-history":[{"count":5,"href":"https:\/\/vossloh-topic-lounge.com\/de\/wp-json\/wp\/v2\/pages\/8628\/revisions"}],"predecessor-version":[{"id":14949,"href":"https:\/\/vossloh-topic-lounge.com\/de\/wp-json\/wp\/v2\/pages\/8628\/revisions\/14949"}],"up":[{"embeddable":true,"href":"https:\/\/vossloh-topic-lounge.com\/de\/wp-json\/wp\/v2\/pages\/201"}],"wp:attachment":[{"href":"https:\/\/vossloh-topic-lounge.com\/de\/wp-json\/wp\/v2\/media?parent=8628"}],"curies":[{"name":"wp","href":"https:\/\/api.w.org\/{rel}","templated":true}]}}