{"id":20099,"date":"2024-09-18T15:39:15","date_gmt":"2024-09-18T15:39:15","guid":{"rendered":"https:\/\/vossloh-topic-lounge.com\/?page_id=20099"},"modified":"2024-09-21T09:56:24","modified_gmt":"2024-09-21T09:56:24","slug":"fast-turnout-installation","status":"publish","type":"page","link":"https:\/\/vossloh-topic-lounge.com\/fr\/fast-turnout-installation\/","title":{"rendered":"Fast turnout installation"},"content":{"rendered":"\t\t<div data-elementor-type=\"wp-page\" data-elementor-id=\"20099\" class=\"elementor elementor-20099 elementor-18105\" data-elementor-post-type=\"page\">\n\t\t\t\t\t\t<section class=\"elementor-section elementor-top-section elementor-element elementor-element-ccc6178 elementor-section-height-min-height elementor-section-boxed elementor-section-height-default elementor-section-items-middle\" data-id=\"ccc6178\" data-element_type=\"section\" data-e-type=\"section\" data-settings=\"{&quot;background_background&quot;:&quot;video&quot;,&quot;background_video_link&quot;:&quot;https:\\\/\\\/vossloh-topic-lounge.com\\\/wp-content\\\/uploads\\\/2024\\\/09\\\/Fast-Turnout-Installation.mp4&quot;}\">\n\t\t\t\t\t\t\t\t<div class=\"elementor-background-video-container elementor-hidden-mobile\">\n\t\t\t\t\t\t\t\t\t\t\t\t\t<video class=\"elementor-background-video-hosted\" role=\"presentation\" autoplay muted playsinline loop><\/video>\n\t\t\t\t\t\t\t\t\t\t\t<\/div>\n\t\t\t\t\t\t\t\t<div class=\"elementor-container elementor-column-gap-default\">\n\t\t\t\t\t<div class=\"elementor-column elementor-col-100 elementor-top-column elementor-element elementor-element-76866e5f\" data-id=\"76866e5f\" data-element_type=\"column\" data-e-type=\"column\">\n\t\t\t<div class=\"elementor-widget-wrap\">\n\t\t\t\t\t\t\t<\/div>\n\t\t<\/div>\n\t\t\t\t\t<\/div>\n\t\t<\/section>\n\t\t\t\t<section class=\"elementor-section elementor-top-section elementor-element elementor-element-3d212a4 elementor-section-boxed elementor-section-height-default elementor-section-height-default\" data-id=\"3d212a4\" data-element_type=\"section\" data-e-type=\"section\" data-settings=\"{&quot;background_background&quot;:&quot;classic&quot;}\">\n\t\t\t\t\t\t<div class=\"elementor-container elementor-column-gap-default\">\n\t\t\t\t\t<div class=\"elementor-column elementor-col-100 elementor-top-column elementor-element elementor-element-da8ff00\" data-id=\"da8ff00\" data-element_type=\"column\" data-e-type=\"column\">\n\t\t\t<div class=\"elementor-widget-wrap elementor-element-populated\">\n\t\t\t\t\t\t<div class=\"elementor-element elementor-element-1d650ff elementor-widget elementor-widget-ucaddon_side_border_heading\" data-id=\"1d650ff\" data-element_type=\"widget\" data-e-type=\"widget\" data-widget_type=\"ucaddon_side_border_heading.default\">\n\t\t\t\t<div class=\"elementor-widget-container\">\n\t\t\t\t\t\n<!-- start Side Line Heading -->\n<style>\/* widget: Side Line Heading *\/\n\n#uc_side_border_heading_elementor_1d650ff\n{\n  display:flex;\n}\n\n#uc_side_border_heading_elementor_1d650ff .side_border_heading_title\n{\n  color:black;\n}\n\n#uc_side_border_heading_elementor_1d650ff .side_border_heading_subtitle\n{\n  line-height:1.5em;\n  color:gray;\n}\n#uc_side_border_heading_elementor_1d650ff .side_border_heading_line_holder{\nflex-shrink: 0;\n}\n\n#uc_side_border_heading_elementor_1d650ff .side_border_heading_line_spacer{\nflex-shrink: 0;\n}\n\n<\/style>\n\n<div id=\"uc_side_border_heading_elementor_1d650ff\">\n  <div class=\"side_border_heading_line_holder\"><div class=\"side_border_heading_line\" style=\"background-color:#F0B40F;\"><\/div><\/div>\n  <div class=\"side_border_heading_line_spacer\"><\/div>\n  <div>\n    <div class=\"side_border_heading_title\"><span  class=\"uc_style_side_border_heading_elementor_title\" ><strong>Logistique des appareils de voie<\/strong>: Transport de segments d\u2019appareils de voie complets<\/span><\/div>\n    <div class=\"side_border_heading_subtitle\"><\/div>\n  <\/div>\n<\/div>\n<!-- end Side Line Heading -->\t\t\t\t<\/div>\n\t\t\t\t<\/div>\n\t\t\t\t<section class=\"elementor-section elementor-inner-section elementor-element elementor-element-2fceaa5 elementor-section-boxed elementor-section-height-default elementor-section-height-default\" data-id=\"2fceaa5\" data-element_type=\"section\" data-e-type=\"section\">\n\t\t\t\t\t\t<div class=\"elementor-container elementor-column-gap-default\">\n\t\t\t\t\t<div class=\"elementor-column elementor-col-50 elementor-inner-column elementor-element elementor-element-c690292\" data-id=\"c690292\" data-element_type=\"column\" data-e-type=\"column\">\n\t\t\t<div class=\"elementor-widget-wrap elementor-element-populated\">\n\t\t\t\t\t\t<div class=\"elementor-element elementor-element-3f9a85fd vossloh-bullet elementor-widget elementor-widget-text-editor\" data-id=\"3f9a85fd\" data-element_type=\"widget\" data-e-type=\"widget\" data-widget_type=\"text-editor.default\">\n\t\t\t\t<div class=\"elementor-widget-container\">\n\t\t\t\t\t\t\t\t\t<p><b>Avantages<\/b><\/p><ul><li>Transport ferroviaire moderne et respectueux de l\u2019environnement (\u00e9missions de CO2 r\u00e9duites) avec des wagons inclin\u00e9s sp\u00e9ciaux<\/li><li>La mesure num\u00e9rique des appareils de voie, qui permet d\u2019impacter le moins possible les op\u00e9rations en cours, favorise et facilite l\u2019adoption des appareils de voie<\/li><li>Production et livraison d\u2019appareils de voie complets pour une installation la plus rapide possible<\/li><li>Planification des \u00e9tapes du chantier (simulateur logistique) afin de pr\u00e9voir les intervalles travaux n\u00e9cessaires de mani\u00e8re encore plus efficace et s\u00fbre<\/li><li>En r\u00e8gle g\u00e9n\u00e9rale, nous proposons de reprendre les anciens appareils de voie pour les remettre en \u00e9tat ou les \u00e9liminer<\/li><\/ul>\t\t\t\t\t\t\t\t<\/div>\n\t\t\t\t<\/div>\n\t\t\t\t<div class=\"elementor-element elementor-element-312a00d vossloh-bullet elementor-widget elementor-widget-text-editor\" data-id=\"312a00d\" data-element_type=\"widget\" data-e-type=\"widget\" data-widget_type=\"text-editor.default\">\n\t\t\t\t<div class=\"elementor-widget-container\">\n\t\t\t\t\t\t\t\t\t<p><b>Focus sur la disponibilit\u00e9 des voies<\/b><\/p><ul><li>Combin\u00e9e \u00e0 une livraison juste-\u00e0-temps, l\u2019utilisation de modules d\u2019appareils de voie pr\u00e9-assembl\u00e9s comme solution \u00ab plug &amp; play \u00bb permet de r\u00e9duire de 30 % le d\u00e9lai d\u2019installation sur site.<\/li><\/ul>\t\t\t\t\t\t\t\t<\/div>\n\t\t\t\t<\/div>\n\t\t\t\t<div class=\"elementor-element elementor-element-fc2b8be vossloh-bullet elementor-widget elementor-widget-text-editor\" data-id=\"fc2b8be\" data-element_type=\"widget\" data-e-type=\"widget\" data-widget_type=\"text-editor.default\">\n\t\t\t\t<div class=\"elementor-widget-container\">\n\t\t\t\t\t\t\t\t\t<p><b>R\u00e9f\u00e9rences<\/b><\/p><ul><li>Europe<\/li><li>Exemple &#8211; Su\u00e8de en 8 heures : livraison, d\u00e9pose, montage et installation compl\u00e8te, puis remise en service imm\u00e9diate<\/li><\/ul>\t\t\t\t\t\t\t\t<\/div>\n\t\t\t\t<\/div>\n\t\t\t\t\t<\/div>\n\t\t<\/div>\n\t\t\t\t<div class=\"elementor-column elementor-col-50 elementor-inner-column elementor-element elementor-element-78c85b0\" data-id=\"78c85b0\" data-element_type=\"column\" data-e-type=\"column\">\n\t\t\t<div class=\"elementor-widget-wrap elementor-element-populated\">\n\t\t\t\t\t\t<div class=\"elementor-element elementor-element-60ed1f31 elementor-arrows-position-inside elementor-widget elementor-widget-image-carousel\" data-id=\"60ed1f31\" data-element_type=\"widget\" data-e-type=\"widget\" data-settings=\"{&quot;slides_to_show&quot;:&quot;1&quot;,&quot;navigation&quot;:&quot;arrows&quot;,&quot;infinite&quot;:&quot;yes&quot;,&quot;effect&quot;:&quot;slide&quot;,&quot;speed&quot;:500}\" data-widget_type=\"image-carousel.default\">\n\t\t\t\t<div class=\"elementor-widget-container\">\n\t\t\t\t\t\t\t<div class=\"elementor-image-carousel-wrapper swiper\" role=\"region\" aria-roledescription=\"carousel\" aria-label=\"Carrousel d\u2019images\" dir=\"ltr\">\n\t\t\t<div class=\"elementor-image-carousel swiper-wrapper swiper-image-stretch\" aria-live=\"polite\">\n\t\t\t\t\t\t\t\t<div class=\"swiper-slide\" role=\"group\" aria-roledescription=\"slide\" aria-label=\"1 sur 2\"><figure class=\"swiper-slide-inner\"><img decoding=\"async\" class=\"swiper-slide-image\" src=\"https:\/\/vossloh-topic-lounge.com\/wp-content\/uploads\/2024\/09\/Bild16-2-1.jpg\" alt=\"Bild16-2.jpg\" \/><\/figure><\/div><div class=\"swiper-slide\" role=\"group\" aria-roledescription=\"slide\" aria-label=\"2 sur 2\"><figure class=\"swiper-slide-inner\"><img decoding=\"async\" class=\"swiper-slide-image\" src=\"https:\/\/vossloh-topic-lounge.com\/wp-content\/uploads\/2024\/09\/Bild17-3-1.jpg\" alt=\"Bild17-3.jpg\" \/><\/figure><\/div>\t\t\t<\/div>\n\t\t\t\t\t\t\t\t\t\t\t\t<div class=\"elementor-swiper-button elementor-swiper-button-prev\" role=\"button\" tabindex=\"0\">\n\t\t\t\t\t\t<i aria-hidden=\"true\" class=\"eicon-chevron-left\"><\/i>\t\t\t\t\t<\/div>\n\t\t\t\t\t<div class=\"elementor-swiper-button elementor-swiper-button-next\" role=\"button\" tabindex=\"0\">\n\t\t\t\t\t\t<i aria-hidden=\"true\" class=\"eicon-chevron-right\"><\/i>\t\t\t\t\t<\/div>\n\t\t\t\t\n\t\t\t\t\t\t\t\t\t<\/div>\n\t\t\t\t\t\t<\/div>\n\t\t\t\t<\/div>\n\t\t\t\t\t<\/div>\n\t\t<\/div>\n\t\t\t\t\t<\/div>\n\t\t<\/section>\n\t\t\t\t\t<\/div>\n\t\t<\/div>\n\t\t\t\t\t<\/div>\n\t\t<\/section>\n\t\t\t\t<section class=\"elementor-section elementor-top-section elementor-element elementor-element-11cc740 elementor-section-boxed elementor-section-height-default elementor-section-height-default\" data-id=\"11cc740\" data-element_type=\"section\" data-e-type=\"section\" data-settings=\"{&quot;background_background&quot;:&quot;classic&quot;}\">\n\t\t\t\t\t\t<div class=\"elementor-container elementor-column-gap-default\">\n\t\t\t\t\t<div class=\"elementor-column elementor-col-50 elementor-top-column elementor-element elementor-element-1254cc86\" data-id=\"1254cc86\" data-element_type=\"column\" data-e-type=\"column\">\n\t\t\t<div class=\"elementor-widget-wrap elementor-element-populated\">\n\t\t\t\t\t\t<div class=\"elementor-element elementor-element-339b0c24 elementor-arrows-position-inside elementor-widget elementor-widget-image-carousel\" data-id=\"339b0c24\" data-element_type=\"widget\" data-e-type=\"widget\" data-settings=\"{&quot;slides_to_show&quot;:&quot;1&quot;,&quot;navigation&quot;:&quot;arrows&quot;,&quot;infinite&quot;:&quot;yes&quot;,&quot;effect&quot;:&quot;slide&quot;,&quot;speed&quot;:500}\" data-widget_type=\"image-carousel.default\">\n\t\t\t\t<div class=\"elementor-widget-container\">\n\t\t\t\t\t\t\t<div class=\"elementor-image-carousel-wrapper swiper\" role=\"region\" aria-roledescription=\"carousel\" aria-label=\"Carrousel d\u2019images\" dir=\"ltr\">\n\t\t\t<div class=\"elementor-image-carousel swiper-wrapper swiper-image-stretch\" aria-live=\"polite\">\n\t\t\t\t\t\t\t\t<div class=\"swiper-slide\" role=\"group\" aria-roledescription=\"slide\" aria-label=\"1 sur 3\"><figure class=\"swiper-slide-inner\"><img decoding=\"async\" class=\"swiper-slide-image\" src=\"https:\/\/vossloh-topic-lounge.com\/wp-content\/uploads\/2024\/09\/Bild20-3-1.jpg\" alt=\"Bild20-3.jpg\" \/><\/figure><\/div><div class=\"swiper-slide\" role=\"group\" aria-roledescription=\"slide\" aria-label=\"2 sur 3\"><figure class=\"swiper-slide-inner\"><img decoding=\"async\" class=\"swiper-slide-image\" src=\"https:\/\/vossloh-topic-lounge.com\/wp-content\/uploads\/2024\/09\/Bild19-3-1.jpg\" alt=\"Bild19-3.jpg\" \/><\/figure><\/div><div class=\"swiper-slide\" role=\"group\" aria-roledescription=\"slide\" aria-label=\"3 sur 3\"><figure class=\"swiper-slide-inner\"><img decoding=\"async\" class=\"swiper-slide-image\" src=\"https:\/\/vossloh-topic-lounge.com\/wp-content\/uploads\/2024\/09\/Bild18-2-1.jpg\" alt=\"Bild18-2.jpg\" \/><\/figure><\/div>\t\t\t<\/div>\n\t\t\t\t\t\t\t\t\t\t\t\t<div class=\"elementor-swiper-button elementor-swiper-button-prev\" role=\"button\" tabindex=\"0\">\n\t\t\t\t\t\t<i aria-hidden=\"true\" class=\"eicon-chevron-left\"><\/i>\t\t\t\t\t<\/div>\n\t\t\t\t\t<div class=\"elementor-swiper-button elementor-swiper-button-next\" role=\"button\" tabindex=\"0\">\n\t\t\t\t\t\t<i aria-hidden=\"true\" class=\"eicon-chevron-right\"><\/i>\t\t\t\t\t<\/div>\n\t\t\t\t\n\t\t\t\t\t\t\t\t\t<\/div>\n\t\t\t\t\t\t<\/div>\n\t\t\t\t<\/div>\n\t\t\t\t\t<\/div>\n\t\t<\/div>\n\t\t\t\t<div class=\"elementor-column elementor-col-50 elementor-top-column elementor-element elementor-element-680e7b6d\" data-id=\"680e7b6d\" data-element_type=\"column\" data-e-type=\"column\">\n\t\t\t<div class=\"elementor-widget-wrap elementor-element-populated\">\n\t\t\t\t\t\t<div class=\"elementor-element elementor-element-7027cb98 elementor-widget elementor-widget-heading\" data-id=\"7027cb98\" data-element_type=\"widget\" data-e-type=\"widget\" data-widget_type=\"heading.default\">\n\t\t\t\t<div class=\"elementor-widget-container\">\n\t\t\t\t\t<h2 class=\"elementor-heading-title elementor-size-default\">Installation des appareils de voie<\/h2>\t\t\t\t<\/div>\n\t\t\t\t<\/div>\n\t\t\t\t<div class=\"elementor-element elementor-element-67cd2149 elementor-widget elementor-widget-heading\" data-id=\"67cd2149\" data-element_type=\"widget\" data-e-type=\"widget\" data-widget_type=\"heading.default\">\n\t\t\t\t<div class=\"elementor-widget-container\">\n\t\t\t\t\t<h5 class=\"elementor-heading-title elementor-size-default\">La solution la plus rapide et la plus s\u00fbre \n<\/h5>\t\t\t\t<\/div>\n\t\t\t\t<\/div>\n\t\t\t\t<div class=\"elementor-element elementor-element-2f81ed99 vossloh-bullet elementor-widget elementor-widget-text-editor\" data-id=\"2f81ed99\" data-element_type=\"widget\" data-e-type=\"widget\" data-widget_type=\"text-editor.default\">\n\t\t\t\t<div class=\"elementor-widget-container\">\n\t\t\t\t\t\t\t\t\t<p><b>Avantages<\/b><\/p><ul><li>Installation des appareils de voie homog\u00e8ne et de haute qualit\u00e9 \u00e0 l\u2019aide d\u2019une grue en quelques heures seulement, gr\u00e2ce \u00e0 la production stationnaire dans l\u2019usine d\u2019appareils de voie.<\/li><li>Avantages \u00e9conomiques gr\u00e2ce \u00e0 des travaux de construction de voies consid\u00e9rablement r\u00e9duits et \u00e0 un besoin en main d\u2019\u0153uvre moindre sur site. De plus, aucun personnel ayant de l\u2019exp\u00e9rience en mati\u00e8re d\u2019appareils de voie n\u2019est n\u00e9cessaire sur voie : il s\u2019agit d\u2019un avantage non n\u00e9gligeable face \u00e0 la p\u00e9nurie de main-d\u2019\u0153uvre, qui est due entre autres \u00e0 l\u2019\u00e9volution d\u00e9mographique. \u00a0<\/li><li>Niveau de s\u00e9curit\u00e9 \u00e9lev\u00e9 sur les voies.<\/li><\/ul>\t\t\t\t\t\t\t\t<\/div>\n\t\t\t\t<\/div>\n\t\t\t\t<div class=\"elementor-element elementor-element-00e2ea3 vossloh-bullet elementor-widget elementor-widget-text-editor\" data-id=\"00e2ea3\" data-element_type=\"widget\" data-e-type=\"widget\" data-widget_type=\"text-editor.default\">\n\t\t\t\t<div class=\"elementor-widget-container\">\n\t\t\t\t\t\t\t\t\t<p><b>Focus sur la disponibilit\u00e9 des voies<\/b><\/p><ul><li>D\u00e9chargement et installation rapides (cinq fois plus rapide qu\u2019une approche traditionnelle)<\/li><li>Brefs intervalles travaux et niveau de bruit r\u00e9duit<\/li><li>Aucune zone d\u2019assemblage sur site requise<\/li><li>Projets plus efficaces gr\u00e2ce au BIM<\/li><li>Gestion de la maintenance optimis\u00e9e gr\u00e2ce \u00e0 la surveillance des appareils de voie<\/li><\/ul>\t\t\t\t\t\t\t\t<\/div>\n\t\t\t\t<\/div>\n\t\t\t\t<div class=\"elementor-element elementor-element-4f11c8c vossloh-bullet elementor-widget elementor-widget-text-editor\" data-id=\"4f11c8c\" data-element_type=\"widget\" data-e-type=\"widget\" data-widget_type=\"text-editor.default\">\n\t\t\t\t<div class=\"elementor-widget-container\">\n\t\t\t\t\t\t\t\t\t<p><b>R\u00e9f\u00e9rences<\/b><\/p><ul><li>Su\u00e8de : environ 250 appareils de voie par an depuis 1999<\/li><li>Norv\u00e8ge : environ 100 appareils de voie par an depuis 2003<\/li><li>Finlande : environ 80 appareils de voie par an depuis 1994<\/li><li>Danemark : environ 80 appareils de voie par an depuis 2024<\/li><\/ul>\t\t\t\t\t\t\t\t<\/div>\n\t\t\t\t<\/div>\n\t\t\t\t\t<\/div>\n\t\t<\/div>\n\t\t\t\t\t<\/div>\n\t\t<\/section>\n\t\t\t\t<\/div>\n\t\t","protected":false},"excerpt":{"rendered":"<p>Logistique des appareils de voie: Transport de segments d\u2019appareils de voie complets Avantages Transport ferroviaire moderne et respectueux de l\u2019environnement (\u00e9missions de CO2 r\u00e9duites) avec des wagons inclin\u00e9s sp\u00e9ciaux La mesure num\u00e9rique des appareils de voie, qui permet d\u2019impacter le moins possible les op\u00e9rations en cours, favorise et facilite l\u2019adoption des appareils de voie Production [&hellip;]<\/p>\n","protected":false},"author":2,"featured_media":0,"parent":0,"menu_order":0,"comment_status":"closed","ping_status":"closed","template":"elementor_theme","meta":{"_acf_changed":false,"footnotes":""},"class_list":["post-20099","page","type-page","status-publish","hentry"],"acf":[],"yoast_head":"<!-- This site is optimized with the Yoast SEO plugin v27.3 - https:\/\/yoast.com\/product\/yoast-seo-wordpress\/ -->\n<title>Fast turnout installation | Vossloh Topic Lounge<\/title>\n<meta name=\"robots\" content=\"noindex, follow, max-snippet:-1, max-image-preview:large, max-video-preview:-1\" \/>\n<meta property=\"og:locale\" content=\"fr_FR\" \/>\n<meta property=\"og:type\" content=\"article\" \/>\n<meta property=\"og:title\" content=\"Fast turnout installation | Vossloh Topic Lounge\" \/>\n<meta property=\"og:description\" content=\"Logistique des appareils de voie: Transport de segments d\u2019appareils de voie complets Avantages Transport ferroviaire moderne et respectueux de l\u2019environnement (\u00e9missions de CO2 r\u00e9duites) avec des wagons inclin\u00e9s sp\u00e9ciaux La mesure num\u00e9rique des appareils de voie, qui permet d\u2019impacter le moins possible les op\u00e9rations en cours, favorise et facilite l\u2019adoption des appareils de voie Production [&hellip;]\" \/>\n<meta property=\"og:url\" content=\"https:\/\/vossloh-topic-lounge.com\/fr\/fast-turnout-installation\/\" \/>\n<meta property=\"og:site_name\" content=\"Vossloh Topic Lounge\" \/>\n<meta property=\"article:modified_time\" content=\"2024-09-21T09:56:24+00:00\" \/>\n<meta property=\"og:image\" content=\"https:\/\/vossloh-topic-lounge.com\/wp-content\/uploads\/2024\/09\/Bild16-2-1.jpg\" \/>\n<meta name=\"twitter:card\" content=\"summary_large_image\" \/>\n<meta name=\"twitter:label1\" content=\"Dur\u00e9e de lecture estim\u00e9e\" \/>\n\t<meta name=\"twitter:data1\" content=\"4 minutes\" \/>\n<script type=\"application\/ld+json\" class=\"yoast-schema-graph\">{\"@context\":\"https:\\\/\\\/schema.org\",\"@graph\":[{\"@type\":\"WebPage\",\"@id\":\"https:\\\/\\\/vossloh-topic-lounge.com\\\/fr\\\/fast-turnout-installation\\\/\",\"url\":\"https:\\\/\\\/vossloh-topic-lounge.com\\\/fr\\\/fast-turnout-installation\\\/\",\"name\":\"Fast turnout installation | Vossloh Topic Lounge\",\"isPartOf\":{\"@id\":\"https:\\\/\\\/vossloh-topic-lounge.com\\\/#website\"},\"primaryImageOfPage\":{\"@id\":\"https:\\\/\\\/vossloh-topic-lounge.com\\\/fr\\\/fast-turnout-installation\\\/#primaryimage\"},\"image\":{\"@id\":\"https:\\\/\\\/vossloh-topic-lounge.com\\\/fr\\\/fast-turnout-installation\\\/#primaryimage\"},\"thumbnailUrl\":\"https:\\\/\\\/vossloh-topic-lounge.com\\\/wp-content\\\/uploads\\\/2024\\\/09\\\/Bild16-2-1.jpg\",\"datePublished\":\"2024-09-18T15:39:15+00:00\",\"dateModified\":\"2024-09-21T09:56:24+00:00\",\"breadcrumb\":{\"@id\":\"https:\\\/\\\/vossloh-topic-lounge.com\\\/fr\\\/fast-turnout-installation\\\/#breadcrumb\"},\"inLanguage\":\"fr-FR\",\"potentialAction\":[{\"@type\":\"ReadAction\",\"target\":[\"https:\\\/\\\/vossloh-topic-lounge.com\\\/fr\\\/fast-turnout-installation\\\/\"]}]},{\"@type\":\"ImageObject\",\"inLanguage\":\"fr-FR\",\"@id\":\"https:\\\/\\\/vossloh-topic-lounge.com\\\/fr\\\/fast-turnout-installation\\\/#primaryimage\",\"url\":\"https:\\\/\\\/vossloh-topic-lounge.com\\\/wp-content\\\/uploads\\\/2024\\\/09\\\/Bild16-2-1.jpg\",\"contentUrl\":\"https:\\\/\\\/vossloh-topic-lounge.com\\\/wp-content\\\/uploads\\\/2024\\\/09\\\/Bild16-2-1.jpg\"},{\"@type\":\"BreadcrumbList\",\"@id\":\"https:\\\/\\\/vossloh-topic-lounge.com\\\/fr\\\/fast-turnout-installation\\\/#breadcrumb\",\"itemListElement\":[{\"@type\":\"ListItem\",\"position\":1,\"name\":\"Startseite\",\"item\":\"https:\\\/\\\/vossloh-topic-lounge.com\\\/en\\\/\"},{\"@type\":\"ListItem\",\"position\":2,\"name\":\"Fast turnout installation\"}]},{\"@type\":\"WebSite\",\"@id\":\"https:\\\/\\\/vossloh-topic-lounge.com\\\/#website\",\"url\":\"https:\\\/\\\/vossloh-topic-lounge.com\\\/\",\"name\":\"Vossloh Topic Lounge\",\"description\":\"\",\"publisher\":{\"@id\":\"https:\\\/\\\/vossloh-topic-lounge.com\\\/#organization\"},\"potentialAction\":[{\"@type\":\"SearchAction\",\"target\":{\"@type\":\"EntryPoint\",\"urlTemplate\":\"https:\\\/\\\/vossloh-topic-lounge.com\\\/?s={search_term_string}\"},\"query-input\":{\"@type\":\"PropertyValueSpecification\",\"valueRequired\":true,\"valueName\":\"search_term_string\"}}],\"inLanguage\":\"fr-FR\"},{\"@type\":\"Organization\",\"@id\":\"https:\\\/\\\/vossloh-topic-lounge.com\\\/#organization\",\"name\":\"VOSSLOH AG\",\"url\":\"https:\\\/\\\/vossloh-topic-lounge.com\\\/\",\"logo\":{\"@type\":\"ImageObject\",\"inLanguage\":\"fr-FR\",\"@id\":\"https:\\\/\\\/vossloh-topic-lounge.com\\\/#\\\/schema\\\/logo\\\/image\\\/\",\"url\":\"https:\\\/\\\/vossloh-topic-lounge.com\\\/wp-content\\\/uploads\\\/2022\\\/04\\\/Vossloh-Logo-enabling-green-mobility-RGB.png\",\"contentUrl\":\"https:\\\/\\\/vossloh-topic-lounge.com\\\/wp-content\\\/uploads\\\/2022\\\/04\\\/Vossloh-Logo-enabling-green-mobility-RGB.png\",\"width\":2560,\"height\":788,\"caption\":\"VOSSLOH AG\"},\"image\":{\"@id\":\"https:\\\/\\\/vossloh-topic-lounge.com\\\/#\\\/schema\\\/logo\\\/image\\\/\"}}]}<\/script>\n<!-- \/ Yoast SEO plugin. -->","yoast_head_json":{"title":"Fast turnout installation | Vossloh Topic Lounge","robots":{"index":"noindex","follow":"follow","max-snippet":"max-snippet:-1","max-image-preview":"max-image-preview:large","max-video-preview":"max-video-preview:-1"},"og_locale":"fr_FR","og_type":"article","og_title":"Fast turnout installation | Vossloh Topic Lounge","og_description":"Logistique des appareils de voie: Transport de segments d\u2019appareils de voie complets Avantages Transport ferroviaire moderne et respectueux de l\u2019environnement (\u00e9missions de CO2 r\u00e9duites) avec des wagons inclin\u00e9s sp\u00e9ciaux La mesure num\u00e9rique des appareils de voie, qui permet d\u2019impacter le moins possible les op\u00e9rations en cours, favorise et facilite l\u2019adoption des appareils de voie Production [&hellip;]","og_url":"https:\/\/vossloh-topic-lounge.com\/fr\/fast-turnout-installation\/","og_site_name":"Vossloh Topic Lounge","article_modified_time":"2024-09-21T09:56:24+00:00","og_image":[{"url":"https:\/\/vossloh-topic-lounge.com\/wp-content\/uploads\/2024\/09\/Bild16-2-1.jpg","type":"","width":"","height":""}],"twitter_card":"summary_large_image","twitter_misc":{"Dur\u00e9e de lecture estim\u00e9e":"4 minutes"},"schema":{"@context":"https:\/\/schema.org","@graph":[{"@type":"WebPage","@id":"https:\/\/vossloh-topic-lounge.com\/fr\/fast-turnout-installation\/","url":"https:\/\/vossloh-topic-lounge.com\/fr\/fast-turnout-installation\/","name":"Fast turnout installation | Vossloh Topic Lounge","isPartOf":{"@id":"https:\/\/vossloh-topic-lounge.com\/#website"},"primaryImageOfPage":{"@id":"https:\/\/vossloh-topic-lounge.com\/fr\/fast-turnout-installation\/#primaryimage"},"image":{"@id":"https:\/\/vossloh-topic-lounge.com\/fr\/fast-turnout-installation\/#primaryimage"},"thumbnailUrl":"https:\/\/vossloh-topic-lounge.com\/wp-content\/uploads\/2024\/09\/Bild16-2-1.jpg","datePublished":"2024-09-18T15:39:15+00:00","dateModified":"2024-09-21T09:56:24+00:00","breadcrumb":{"@id":"https:\/\/vossloh-topic-lounge.com\/fr\/fast-turnout-installation\/#breadcrumb"},"inLanguage":"fr-FR","potentialAction":[{"@type":"ReadAction","target":["https:\/\/vossloh-topic-lounge.com\/fr\/fast-turnout-installation\/"]}]},{"@type":"ImageObject","inLanguage":"fr-FR","@id":"https:\/\/vossloh-topic-lounge.com\/fr\/fast-turnout-installation\/#primaryimage","url":"https:\/\/vossloh-topic-lounge.com\/wp-content\/uploads\/2024\/09\/Bild16-2-1.jpg","contentUrl":"https:\/\/vossloh-topic-lounge.com\/wp-content\/uploads\/2024\/09\/Bild16-2-1.jpg"},{"@type":"BreadcrumbList","@id":"https:\/\/vossloh-topic-lounge.com\/fr\/fast-turnout-installation\/#breadcrumb","itemListElement":[{"@type":"ListItem","position":1,"name":"Startseite","item":"https:\/\/vossloh-topic-lounge.com\/en\/"},{"@type":"ListItem","position":2,"name":"Fast turnout installation"}]},{"@type":"WebSite","@id":"https:\/\/vossloh-topic-lounge.com\/#website","url":"https:\/\/vossloh-topic-lounge.com\/","name":"Vossloh Topic Lounge","description":"","publisher":{"@id":"https:\/\/vossloh-topic-lounge.com\/#organization"},"potentialAction":[{"@type":"SearchAction","target":{"@type":"EntryPoint","urlTemplate":"https:\/\/vossloh-topic-lounge.com\/?s={search_term_string}"},"query-input":{"@type":"PropertyValueSpecification","valueRequired":true,"valueName":"search_term_string"}}],"inLanguage":"fr-FR"},{"@type":"Organization","@id":"https:\/\/vossloh-topic-lounge.com\/#organization","name":"VOSSLOH AG","url":"https:\/\/vossloh-topic-lounge.com\/","logo":{"@type":"ImageObject","inLanguage":"fr-FR","@id":"https:\/\/vossloh-topic-lounge.com\/#\/schema\/logo\/image\/","url":"https:\/\/vossloh-topic-lounge.com\/wp-content\/uploads\/2022\/04\/Vossloh-Logo-enabling-green-mobility-RGB.png","contentUrl":"https:\/\/vossloh-topic-lounge.com\/wp-content\/uploads\/2022\/04\/Vossloh-Logo-enabling-green-mobility-RGB.png","width":2560,"height":788,"caption":"VOSSLOH AG"},"image":{"@id":"https:\/\/vossloh-topic-lounge.com\/#\/schema\/logo\/image\/"}}]}},"_links":{"self":[{"href":"https:\/\/vossloh-topic-lounge.com\/fr\/wp-json\/wp\/v2\/pages\/20099","targetHints":{"allow":["GET"]}}],"collection":[{"href":"https:\/\/vossloh-topic-lounge.com\/fr\/wp-json\/wp\/v2\/pages"}],"about":[{"href":"https:\/\/vossloh-topic-lounge.com\/fr\/wp-json\/wp\/v2\/types\/page"}],"author":[{"embeddable":true,"href":"https:\/\/vossloh-topic-lounge.com\/fr\/wp-json\/wp\/v2\/users\/2"}],"replies":[{"embeddable":true,"href":"https:\/\/vossloh-topic-lounge.com\/fr\/wp-json\/wp\/v2\/comments?post=20099"}],"version-history":[{"count":4,"href":"https:\/\/vossloh-topic-lounge.com\/fr\/wp-json\/wp\/v2\/pages\/20099\/revisions"}],"predecessor-version":[{"id":20103,"href":"https:\/\/vossloh-topic-lounge.com\/fr\/wp-json\/wp\/v2\/pages\/20099\/revisions\/20103"}],"wp:attachment":[{"href":"https:\/\/vossloh-topic-lounge.com\/fr\/wp-json\/wp\/v2\/media?parent=20099"}],"curies":[{"name":"wp","href":"https:\/\/api.w.org\/{rel}","templated":true}]}}