{"id":20156,"date":"2024-09-18T15:41:26","date_gmt":"2024-09-18T15:41:26","guid":{"rendered":"https:\/\/vossloh-topic-lounge.com\/?page_id=20156"},"modified":"2025-06-15T18:57:22","modified_gmt":"2025-06-15T18:57:22","slug":"gs1-digital-product-passport","status":"publish","type":"page","link":"https:\/\/vossloh-topic-lounge.com\/fr\/future-turnout-environment\/gs1-digital-product-passport\/","title":{"rendered":"GS1 Digital product passport"},"content":{"rendered":"\t\t<div data-elementor-type=\"wp-page\" data-elementor-id=\"20156\" class=\"elementor elementor-20156 elementor-18110\" data-elementor-post-type=\"page\">\n\t\t\t\t\t\t<section class=\"elementor-section elementor-top-section elementor-element elementor-element-b448198 elementor-section-boxed elementor-section-height-default elementor-section-height-default\" data-id=\"b448198\" data-element_type=\"section\" data-e-type=\"section\">\n\t\t\t\t\t\t<div class=\"elementor-container elementor-column-gap-default\">\n\t\t\t\t\t<div class=\"elementor-column elementor-col-50 elementor-top-column elementor-element elementor-element-793293b\" data-id=\"793293b\" data-element_type=\"column\" data-e-type=\"column\">\n\t\t\t<div class=\"elementor-widget-wrap elementor-element-populated\">\n\t\t\t\t\t\t<div class=\"elementor-element elementor-element-d57f6a6 elementor-widget elementor-widget-heading\" data-id=\"d57f6a6\" data-element_type=\"widget\" data-e-type=\"widget\" data-widget_type=\"heading.default\">\n\t\t\t\t<div class=\"elementor-widget-container\">\n\t\t\t\t\t<h2 class=\"elementor-heading-title elementor-size-default\">Adoption de la norme GS1<\/h2>\t\t\t\t<\/div>\n\t\t\t\t<\/div>\n\t\t\t\t<div class=\"elementor-element elementor-element-94ba9c2 elementor-widget elementor-widget-heading\" data-id=\"94ba9c2\" data-element_type=\"widget\" data-e-type=\"widget\" data-widget_type=\"heading.default\">\n\t\t\t\t<div class=\"elementor-widget-container\">\n\t\t\t\t\t<h5 class=\"elementor-heading-title elementor-size-default\">Pour une gestion optimis\u00e9e de l\u2019infrastructure ferroviaire<\/h5>\t\t\t\t<\/div>\n\t\t\t\t<\/div>\n\t\t\t\t<div class=\"elementor-element elementor-element-16107507 vossloh-bullet elementor-widget elementor-widget-text-editor\" data-id=\"16107507\" data-element_type=\"widget\" data-e-type=\"widget\" data-widget_type=\"text-editor.default\">\n\t\t\t\t<div class=\"elementor-widget-container\">\n\t\t\t\t\t\t\t\t\t<p>GS1 est une organisation internationale neutre et \u00e0 but non lucratif, cr\u00e9\u00e9e par des entreprises et d\u00e9di\u00e9e au d\u00e9veloppement de normes mondiales visant \u00e0 faciliter l\u2019identification, la communication et le partage d\u2019informations entre partenaires.<\/p><p>Fond\u00e9e en 1973, GS1 permet aux entreprises d\u2019identifier leurs produits, leurs unit\u00e9s logistiques, leurs emplacements, leurs entit\u00e9s et leurs \u00e9quipements tout au long de leur cycle de vie.<\/p><p><b>Un identifiant unique qui permet de suivre nos produits tout au long de leur cycle de vie, de la production \u00e0 la fin de vie en passant par la gestion des actifs.<\/b><\/p><p><b>Focus sur la disponibilit\u00e9 des voies <\/b><\/p><ul><li><b>Identifiants uniques :<\/b>\u00a0Chaque produit se voit attribuer un num\u00e9ro unique, semblable \u00e0 un num\u00e9ro de carte d\u2019identit\u00e9, garantissant une identification pr\u00e9cise, qui ne pr\u00eate pas \u00e0 confusion et ne changera pas dans le temps.<\/li><li><b>Interop\u00e9rabilit\u00e9 mondiale :<\/b> Les normes mondiales GS1 facilitent la communication entre les partenaires (fournisseurs, clients, professionnels de la maintenance), ce qui permet \u00e0 tout le monde de parler le m\u00eame langage et d\u2019utiliser le m\u00eame identifiant unique pour chaque actif.<\/li><li><b>S\u00e9curit\u00e9 et fiabilit\u00e9 accrues :<\/b> L\u2019identification et le suivi normalis\u00e9s des composants permettent d\u2019avoir acc\u00e8s plus facilement \u00e0 des informations cl\u00e9s, am\u00e9liorant ainsi la s\u00e9curit\u00e9 et la fiabilit\u00e9 des op\u00e9rations ferroviaires.<\/li><li><b>Conformit\u00e9 r\u00e9glementaire :<\/b> Aide les entreprises du secteur ferroviaire \u00e0 se conformer aux exigences r\u00e9glementaires en mati\u00e8re de gestion de la s\u00e9curit\u00e9 et de la qualit\u00e9, ce qui permet de renforcer la conformit\u00e9 aux normes nationales et internationales, telles que le futur r\u00e8glement europ\u00e9en relatif au passeport num\u00e9rique des produits (DPP \u2013 Digital Product Passport).<\/li><li><b>Tra\u00e7abilit\u00e9 renforc\u00e9e :<\/b> Assure un suivi d\u00e9taill\u00e9 des composants et du mat\u00e9riel roulant tout au long de leur cycle de vie, garantissant ainsi une tra\u00e7abilit\u00e9 totale et une responsabilit\u00e9 accrue.<\/li><li><b>\u00c9change de donn\u00e9es efficace :<\/b> Permet un partage fluide et transparent des donn\u00e9es entre toutes les parties prenantes, qu\u2019elles soient internes \u00e0 l\u2019entreprise ou multilat\u00e9rales.<\/li><\/ul>\t\t\t\t\t\t\t\t<\/div>\n\t\t\t\t<\/div>\n\t\t\t\t<div class=\"elementor-element elementor-element-66533fc vossloh-bullet elementor-widget elementor-widget-text-editor\" data-id=\"66533fc\" data-element_type=\"widget\" data-e-type=\"widget\" data-widget_type=\"text-editor.default\">\n\t\t\t\t<div class=\"elementor-widget-container\">\n\t\t\t\t\t\t\t\t\t<p><b>R\u00e9f\u00e9rences<\/b><\/p><p>En Australie depuis 2018 : Aujourd\u2019hui, plus de 600 appareils de voie Vossloh Cogifer sont identifi\u00e9s par ce type d\u2019\u00e9tiquette qui comprend un identifiant unique ainsi que d\u2019autres \u00e9l\u00e9ments lisibles, partiellement cod\u00e9s dans la matrice de donn\u00e9es.<\/p>\t\t\t\t\t\t\t\t<\/div>\n\t\t\t\t<\/div>\n\t\t\t\t<div class=\"elementor-element elementor-element-0cec506 elementor-widget elementor-widget-button\" data-id=\"0cec506\" data-element_type=\"widget\" data-e-type=\"widget\" data-widget_type=\"button.default\">\n\t\t\t\t<div class=\"elementor-widget-container\">\n\t\t\t\t\t\t\t\t\t<div class=\"elementor-button-wrapper\">\n\t\t\t\t\t<a class=\"elementor-button elementor-button-link elementor-size-sm\" href=\"https:\/\/vossloh-topic-lounge.com\/wp-content\/uploads\/2025\/06\/LY_GS1_fr_new.pdf\" target=\"_blank\">\n\t\t\t\t\t\t<span class=\"elementor-button-content-wrapper\">\n\t\t\t\t\t\t<span class=\"elementor-button-icon\">\n\t\t\t\t<i aria-hidden=\"true\" class=\"fal fa-download\"><\/i>\t\t\t<\/span>\n\t\t\t\t\t\t\t\t\t<span class=\"elementor-button-text\">Fiche technique standard GS1<\/span>\n\t\t\t\t\t<\/span>\n\t\t\t\t\t<\/a>\n\t\t\t\t<\/div>\n\t\t\t\t\t\t\t\t<\/div>\n\t\t\t\t<\/div>\n\t\t\t\t\t<\/div>\n\t\t<\/div>\n\t\t\t\t<div class=\"elementor-column elementor-col-50 elementor-top-column elementor-element elementor-element-311ff89\" data-id=\"311ff89\" data-element_type=\"column\" data-e-type=\"column\">\n\t\t\t<div class=\"elementor-widget-wrap elementor-element-populated\">\n\t\t\t\t\t\t<div class=\"elementor-element elementor-element-4da905a elementor-widget elementor-widget-image\" data-id=\"4da905a\" data-element_type=\"widget\" data-e-type=\"widget\" data-widget_type=\"image.default\">\n\t\t\t\t<div class=\"elementor-widget-container\">\n\t\t\t\t\t\t\t\t\t\t\t\t\t\t\t<img decoding=\"async\" width=\"99\" height=\"83\" src=\"https:\/\/vossloh-topic-lounge.com\/wp-content\/uploads\/2024\/09\/Bild31-3.png\" class=\"attachment-large size-large wp-image-18321\" alt=\"\" \/>\t\t\t\t\t\t\t\t\t\t\t\t\t\t\t<\/div>\n\t\t\t\t<\/div>\n\t\t\t\t<div class=\"elementor-element elementor-element-685a76f elementor-widget elementor-widget-image\" data-id=\"685a76f\" data-element_type=\"widget\" data-e-type=\"widget\" data-widget_type=\"image.default\">\n\t\t\t\t<div class=\"elementor-widget-container\">\n\t\t\t\t\t\t\t\t\t\t\t\t\t\t\t<img fetchpriority=\"high\" decoding=\"async\" width=\"716\" height=\"1024\" src=\"https:\/\/vossloh-topic-lounge.com\/wp-content\/uploads\/2024\/09\/gs1-verfuegbarkeit-716x1024.png\" class=\"attachment-large size-large wp-image-20497\" alt=\"\" srcset=\"https:\/\/vossloh-topic-lounge.com\/wp-content\/uploads\/2024\/09\/gs1-verfuegbarkeit-716x1024.png 716w, https:\/\/vossloh-topic-lounge.com\/wp-content\/uploads\/2024\/09\/gs1-verfuegbarkeit-210x300.png 210w, https:\/\/vossloh-topic-lounge.com\/wp-content\/uploads\/2024\/09\/gs1-verfuegbarkeit-768x1098.png 768w, https:\/\/vossloh-topic-lounge.com\/wp-content\/uploads\/2024\/09\/gs1-verfuegbarkeit.png 920w\" sizes=\"(max-width: 716px) 100vw, 716px\" \/>\t\t\t\t\t\t\t\t\t\t\t\t\t\t\t<\/div>\n\t\t\t\t<\/div>\n\t\t\t\t\t<\/div>\n\t\t<\/div>\n\t\t\t\t\t<\/div>\n\t\t<\/section>\n\t\t\t\t<\/div>\n\t\t","protected":false},"excerpt":{"rendered":"<p>Adoption de la norme GS1 Pour une gestion optimis\u00e9e de l\u2019infrastructure ferroviaire GS1 est une organisation internationale neutre et \u00e0 but non lucratif, cr\u00e9\u00e9e par des entreprises et d\u00e9di\u00e9e au d\u00e9veloppement de normes mondiales visant \u00e0 faciliter l\u2019identification, la communication et le partage d\u2019informations entre partenaires. Fond\u00e9e en 1973, GS1 permet aux entreprises d\u2019identifier leurs [&hellip;]<\/p>\n","protected":false},"author":2,"featured_media":0,"parent":9062,"menu_order":0,"comment_status":"closed","ping_status":"closed","template":"","meta":{"_acf_changed":false,"footnotes":""},"class_list":["post-20156","page","type-page","status-publish","hentry"],"acf":[],"yoast_head":"<!-- This site is optimized with the Yoast SEO plugin v27.3 - https:\/\/yoast.com\/product\/yoast-seo-wordpress\/ -->\n<title>GS1 Digital product passport | Vossloh Topic Lounge<\/title>\n<meta name=\"robots\" content=\"noindex, follow, max-snippet:-1, max-image-preview:large, max-video-preview:-1\" \/>\n<meta property=\"og:locale\" content=\"fr_FR\" \/>\n<meta property=\"og:type\" content=\"article\" \/>\n<meta property=\"og:title\" content=\"GS1 Digital product passport | Vossloh Topic Lounge\" \/>\n<meta property=\"og:description\" content=\"Adoption de la norme GS1 Pour une gestion optimis\u00e9e de l\u2019infrastructure ferroviaire GS1 est une organisation internationale neutre et \u00e0 but non lucratif, cr\u00e9\u00e9e par des entreprises et d\u00e9di\u00e9e au d\u00e9veloppement de normes mondiales visant \u00e0 faciliter l\u2019identification, la communication et le partage d\u2019informations entre partenaires. Fond\u00e9e en 1973, GS1 permet aux entreprises d\u2019identifier leurs [&hellip;]\" \/>\n<meta property=\"og:url\" content=\"https:\/\/vossloh-topic-lounge.com\/fr\/future-turnout-environment\/gs1-digital-product-passport\/\" \/>\n<meta property=\"og:site_name\" content=\"Vossloh Topic Lounge\" \/>\n<meta property=\"article:modified_time\" content=\"2025-06-15T18:57:22+00:00\" \/>\n<meta property=\"og:image\" content=\"https:\/\/vossloh-topic-lounge.com\/wp-content\/uploads\/2024\/09\/Bild31-3.png\" \/>\n\t<meta property=\"og:image:width\" content=\"99\" \/>\n\t<meta property=\"og:image:height\" content=\"83\" \/>\n\t<meta property=\"og:image:type\" content=\"image\/png\" \/>\n<meta name=\"twitter:card\" content=\"summary_large_image\" \/>\n<meta name=\"twitter:label1\" content=\"Dur\u00e9e de lecture estim\u00e9e\" \/>\n\t<meta name=\"twitter:data1\" content=\"3 minutes\" \/>\n<script type=\"application\/ld+json\" class=\"yoast-schema-graph\">{\"@context\":\"https:\\\/\\\/schema.org\",\"@graph\":[{\"@type\":\"WebPage\",\"@id\":\"https:\\\/\\\/vossloh-topic-lounge.com\\\/fr\\\/future-turnout-environment\\\/gs1-digital-product-passport\\\/\",\"url\":\"https:\\\/\\\/vossloh-topic-lounge.com\\\/fr\\\/future-turnout-environment\\\/gs1-digital-product-passport\\\/\",\"name\":\"GS1 Digital product passport | Vossloh Topic Lounge\",\"isPartOf\":{\"@id\":\"https:\\\/\\\/vossloh-topic-lounge.com\\\/#website\"},\"primaryImageOfPage\":{\"@id\":\"https:\\\/\\\/vossloh-topic-lounge.com\\\/fr\\\/future-turnout-environment\\\/gs1-digital-product-passport\\\/#primaryimage\"},\"image\":{\"@id\":\"https:\\\/\\\/vossloh-topic-lounge.com\\\/fr\\\/future-turnout-environment\\\/gs1-digital-product-passport\\\/#primaryimage\"},\"thumbnailUrl\":\"https:\\\/\\\/vossloh-topic-lounge.com\\\/wp-content\\\/uploads\\\/2024\\\/09\\\/Bild31-3.png\",\"datePublished\":\"2024-09-18T15:41:26+00:00\",\"dateModified\":\"2025-06-15T18:57:22+00:00\",\"breadcrumb\":{\"@id\":\"https:\\\/\\\/vossloh-topic-lounge.com\\\/fr\\\/future-turnout-environment\\\/gs1-digital-product-passport\\\/#breadcrumb\"},\"inLanguage\":\"fr-FR\",\"potentialAction\":[{\"@type\":\"ReadAction\",\"target\":[\"https:\\\/\\\/vossloh-topic-lounge.com\\\/fr\\\/future-turnout-environment\\\/gs1-digital-product-passport\\\/\"]}]},{\"@type\":\"ImageObject\",\"inLanguage\":\"fr-FR\",\"@id\":\"https:\\\/\\\/vossloh-topic-lounge.com\\\/fr\\\/future-turnout-environment\\\/gs1-digital-product-passport\\\/#primaryimage\",\"url\":\"https:\\\/\\\/vossloh-topic-lounge.com\\\/wp-content\\\/uploads\\\/2024\\\/09\\\/Bild31-3.png\",\"contentUrl\":\"https:\\\/\\\/vossloh-topic-lounge.com\\\/wp-content\\\/uploads\\\/2024\\\/09\\\/Bild31-3.png\"},{\"@type\":\"BreadcrumbList\",\"@id\":\"https:\\\/\\\/vossloh-topic-lounge.com\\\/fr\\\/future-turnout-environment\\\/gs1-digital-product-passport\\\/#breadcrumb\",\"itemListElement\":[{\"@type\":\"ListItem\",\"position\":1,\"name\":\"Startseite\",\"item\":\"https:\\\/\\\/vossloh-topic-lounge.com\\\/en\\\/\"},{\"@type\":\"ListItem\",\"position\":2,\"name\":\"Future turnout environment FR\",\"item\":\"https:\\\/\\\/vossloh-topic-lounge.com\\\/future-turnout-environment\\\/\"},{\"@type\":\"ListItem\",\"position\":3,\"name\":\"GS1 Digital product passport\"}]},{\"@type\":\"WebSite\",\"@id\":\"https:\\\/\\\/vossloh-topic-lounge.com\\\/#website\",\"url\":\"https:\\\/\\\/vossloh-topic-lounge.com\\\/\",\"name\":\"Vossloh Topic Lounge\",\"description\":\"\",\"publisher\":{\"@id\":\"https:\\\/\\\/vossloh-topic-lounge.com\\\/#organization\"},\"potentialAction\":[{\"@type\":\"SearchAction\",\"target\":{\"@type\":\"EntryPoint\",\"urlTemplate\":\"https:\\\/\\\/vossloh-topic-lounge.com\\\/?s={search_term_string}\"},\"query-input\":{\"@type\":\"PropertyValueSpecification\",\"valueRequired\":true,\"valueName\":\"search_term_string\"}}],\"inLanguage\":\"fr-FR\"},{\"@type\":\"Organization\",\"@id\":\"https:\\\/\\\/vossloh-topic-lounge.com\\\/#organization\",\"name\":\"VOSSLOH AG\",\"url\":\"https:\\\/\\\/vossloh-topic-lounge.com\\\/\",\"logo\":{\"@type\":\"ImageObject\",\"inLanguage\":\"fr-FR\",\"@id\":\"https:\\\/\\\/vossloh-topic-lounge.com\\\/#\\\/schema\\\/logo\\\/image\\\/\",\"url\":\"https:\\\/\\\/vossloh-topic-lounge.com\\\/wp-content\\\/uploads\\\/2022\\\/04\\\/Vossloh-Logo-enabling-green-mobility-RGB.png\",\"contentUrl\":\"https:\\\/\\\/vossloh-topic-lounge.com\\\/wp-content\\\/uploads\\\/2022\\\/04\\\/Vossloh-Logo-enabling-green-mobility-RGB.png\",\"width\":2560,\"height\":788,\"caption\":\"VOSSLOH AG\"},\"image\":{\"@id\":\"https:\\\/\\\/vossloh-topic-lounge.com\\\/#\\\/schema\\\/logo\\\/image\\\/\"}}]}<\/script>\n<!-- \/ Yoast SEO plugin. -->","yoast_head_json":{"title":"GS1 Digital product passport | Vossloh Topic Lounge","robots":{"index":"noindex","follow":"follow","max-snippet":"max-snippet:-1","max-image-preview":"max-image-preview:large","max-video-preview":"max-video-preview:-1"},"og_locale":"fr_FR","og_type":"article","og_title":"GS1 Digital product passport | Vossloh Topic Lounge","og_description":"Adoption de la norme GS1 Pour une gestion optimis\u00e9e de l\u2019infrastructure ferroviaire GS1 est une organisation internationale neutre et \u00e0 but non lucratif, cr\u00e9\u00e9e par des entreprises et d\u00e9di\u00e9e au d\u00e9veloppement de normes mondiales visant \u00e0 faciliter l\u2019identification, la communication et le partage d\u2019informations entre partenaires. Fond\u00e9e en 1973, GS1 permet aux entreprises d\u2019identifier leurs [&hellip;]","og_url":"https:\/\/vossloh-topic-lounge.com\/fr\/future-turnout-environment\/gs1-digital-product-passport\/","og_site_name":"Vossloh Topic Lounge","article_modified_time":"2025-06-15T18:57:22+00:00","og_image":[{"width":99,"height":83,"url":"https:\/\/vossloh-topic-lounge.com\/wp-content\/uploads\/2024\/09\/Bild31-3.png","type":"image\/png"}],"twitter_card":"summary_large_image","twitter_misc":{"Dur\u00e9e de lecture estim\u00e9e":"3 minutes"},"schema":{"@context":"https:\/\/schema.org","@graph":[{"@type":"WebPage","@id":"https:\/\/vossloh-topic-lounge.com\/fr\/future-turnout-environment\/gs1-digital-product-passport\/","url":"https:\/\/vossloh-topic-lounge.com\/fr\/future-turnout-environment\/gs1-digital-product-passport\/","name":"GS1 Digital product passport | Vossloh Topic Lounge","isPartOf":{"@id":"https:\/\/vossloh-topic-lounge.com\/#website"},"primaryImageOfPage":{"@id":"https:\/\/vossloh-topic-lounge.com\/fr\/future-turnout-environment\/gs1-digital-product-passport\/#primaryimage"},"image":{"@id":"https:\/\/vossloh-topic-lounge.com\/fr\/future-turnout-environment\/gs1-digital-product-passport\/#primaryimage"},"thumbnailUrl":"https:\/\/vossloh-topic-lounge.com\/wp-content\/uploads\/2024\/09\/Bild31-3.png","datePublished":"2024-09-18T15:41:26+00:00","dateModified":"2025-06-15T18:57:22+00:00","breadcrumb":{"@id":"https:\/\/vossloh-topic-lounge.com\/fr\/future-turnout-environment\/gs1-digital-product-passport\/#breadcrumb"},"inLanguage":"fr-FR","potentialAction":[{"@type":"ReadAction","target":["https:\/\/vossloh-topic-lounge.com\/fr\/future-turnout-environment\/gs1-digital-product-passport\/"]}]},{"@type":"ImageObject","inLanguage":"fr-FR","@id":"https:\/\/vossloh-topic-lounge.com\/fr\/future-turnout-environment\/gs1-digital-product-passport\/#primaryimage","url":"https:\/\/vossloh-topic-lounge.com\/wp-content\/uploads\/2024\/09\/Bild31-3.png","contentUrl":"https:\/\/vossloh-topic-lounge.com\/wp-content\/uploads\/2024\/09\/Bild31-3.png"},{"@type":"BreadcrumbList","@id":"https:\/\/vossloh-topic-lounge.com\/fr\/future-turnout-environment\/gs1-digital-product-passport\/#breadcrumb","itemListElement":[{"@type":"ListItem","position":1,"name":"Startseite","item":"https:\/\/vossloh-topic-lounge.com\/en\/"},{"@type":"ListItem","position":2,"name":"Future turnout environment FR","item":"https:\/\/vossloh-topic-lounge.com\/future-turnout-environment\/"},{"@type":"ListItem","position":3,"name":"GS1 Digital product passport"}]},{"@type":"WebSite","@id":"https:\/\/vossloh-topic-lounge.com\/#website","url":"https:\/\/vossloh-topic-lounge.com\/","name":"Vossloh Topic Lounge","description":"","publisher":{"@id":"https:\/\/vossloh-topic-lounge.com\/#organization"},"potentialAction":[{"@type":"SearchAction","target":{"@type":"EntryPoint","urlTemplate":"https:\/\/vossloh-topic-lounge.com\/?s={search_term_string}"},"query-input":{"@type":"PropertyValueSpecification","valueRequired":true,"valueName":"search_term_string"}}],"inLanguage":"fr-FR"},{"@type":"Organization","@id":"https:\/\/vossloh-topic-lounge.com\/#organization","name":"VOSSLOH AG","url":"https:\/\/vossloh-topic-lounge.com\/","logo":{"@type":"ImageObject","inLanguage":"fr-FR","@id":"https:\/\/vossloh-topic-lounge.com\/#\/schema\/logo\/image\/","url":"https:\/\/vossloh-topic-lounge.com\/wp-content\/uploads\/2022\/04\/Vossloh-Logo-enabling-green-mobility-RGB.png","contentUrl":"https:\/\/vossloh-topic-lounge.com\/wp-content\/uploads\/2022\/04\/Vossloh-Logo-enabling-green-mobility-RGB.png","width":2560,"height":788,"caption":"VOSSLOH AG"},"image":{"@id":"https:\/\/vossloh-topic-lounge.com\/#\/schema\/logo\/image\/"}}]}},"_links":{"self":[{"href":"https:\/\/vossloh-topic-lounge.com\/fr\/wp-json\/wp\/v2\/pages\/20156","targetHints":{"allow":["GET"]}}],"collection":[{"href":"https:\/\/vossloh-topic-lounge.com\/fr\/wp-json\/wp\/v2\/pages"}],"about":[{"href":"https:\/\/vossloh-topic-lounge.com\/fr\/wp-json\/wp\/v2\/types\/page"}],"author":[{"embeddable":true,"href":"https:\/\/vossloh-topic-lounge.com\/fr\/wp-json\/wp\/v2\/users\/2"}],"replies":[{"embeddable":true,"href":"https:\/\/vossloh-topic-lounge.com\/fr\/wp-json\/wp\/v2\/comments?post=20156"}],"version-history":[{"count":5,"href":"https:\/\/vossloh-topic-lounge.com\/fr\/wp-json\/wp\/v2\/pages\/20156\/revisions"}],"predecessor-version":[{"id":23660,"href":"https:\/\/vossloh-topic-lounge.com\/fr\/wp-json\/wp\/v2\/pages\/20156\/revisions\/23660"}],"up":[{"embeddable":true,"href":"https:\/\/vossloh-topic-lounge.com\/fr\/wp-json\/wp\/v2\/pages\/9062"}],"wp:attachment":[{"href":"https:\/\/vossloh-topic-lounge.com\/fr\/wp-json\/wp\/v2\/media?parent=20156"}],"curies":[{"name":"wp","href":"https:\/\/api.w.org\/{rel}","templated":true}]}}