{"id":20185,"date":"2024-09-18T13:31:10","date_gmt":"2024-09-18T13:31:10","guid":{"rendered":"https:\/\/vossloh-topic-lounge.com\/?page_id=20185"},"modified":"2024-09-22T10:16:53","modified_gmt":"2024-09-22T10:16:53","slug":"recycled-crossings","status":"publish","type":"page","link":"https:\/\/vossloh-topic-lounge.com\/fr\/future-turnout-environment\/recycled-crossings\/","title":{"rendered":"Recycled Crossings"},"content":{"rendered":"\t\t<div data-elementor-type=\"wp-page\" data-elementor-id=\"20185\" class=\"elementor elementor-20185 elementor-18084\" data-elementor-post-type=\"page\">\n\t\t\t\t\t\t<section class=\"elementor-section elementor-top-section elementor-element elementor-element-72c59d8 elementor-section-boxed elementor-section-height-default elementor-section-height-default\" data-id=\"72c59d8\" data-element_type=\"section\" data-e-type=\"section\">\n\t\t\t\t\t\t<div class=\"elementor-container elementor-column-gap-default\">\n\t\t\t\t\t<div class=\"elementor-column elementor-col-100 elementor-top-column elementor-element elementor-element-1baa55b6\" data-id=\"1baa55b6\" data-element_type=\"column\" data-e-type=\"column\">\n\t\t\t<div class=\"elementor-widget-wrap elementor-element-populated\">\n\t\t\t\t\t\t<div class=\"elementor-element elementor-element-b04ae69 elementor-widget elementor-widget-heading\" data-id=\"b04ae69\" data-element_type=\"widget\" data-e-type=\"widget\" data-widget_type=\"heading.default\">\n\t\t\t\t<div class=\"elementor-widget-container\">\n\t\t\t\t\t<h2 class=\"elementor-heading-title elementor-size-default\">Recyclage des croisements en mangan\u00e8se<\/h2>\t\t\t\t<\/div>\n\t\t\t\t<\/div>\n\t\t\t\t<div class=\"elementor-element elementor-element-dfbd48d elementor-widget elementor-widget-heading\" data-id=\"dfbd48d\" data-element_type=\"widget\" data-e-type=\"widget\" data-widget_type=\"heading.default\">\n\t\t\t\t<div class=\"elementor-widget-container\">\n\t\t\t\t\t<h5 class=\"elementor-heading-title elementor-size-default\">dans le cadre d\u2019une \u00e9conomie circulaire respectueuse de l\u2019environnement\n<\/h5>\t\t\t\t<\/div>\n\t\t\t\t<\/div>\n\t\t\t\t<div class=\"elementor-element elementor-element-234fc38c vossloh-bullet elementor-widget elementor-widget-text-editor\" data-id=\"234fc38c\" data-element_type=\"widget\" data-e-type=\"widget\" data-widget_type=\"text-editor.default\">\n\t\t\t\t<div class=\"elementor-widget-container\">\n\t\t\t\t\t\t\t\t\t<p><b>Avantages<\/b><\/p><ul><li>Le recyclage des c\u0153urs en mangan\u00e8se est gage de durabilit\u00e9. Il permet de transformer le processus m\u00e9tallurgique, la logistique et les contrats d\u2019approvisionnement en adoptant un mod\u00e8le d\u2019\u00e9conomie circulaire. Cette approche garantit la s\u00e9curit\u00e9 d\u2019approvisionnement, r\u00e9duit l\u2019empreinte carbone et am\u00e9liore la relation client en faisant d\u2019eux des fournisseurs de mati\u00e8res premi\u00e8res.<\/li><li>Gr\u00e2ce \u00e0 des tests, des machines sp\u00e9cialis\u00e9es et des ajustements logistiques, il est possible entre autres de contr\u00f4ler la composition des alliages et d\u2019optimiser les pertes d\u2019\u00e9nergie. L\u2019implication des parties prenantes et la mise en place d\u2019outils tels que des calculateurs d\u2019empreinte carbone et des analyses du cycle de vie permettent d\u2019atteindre les objectifs de durabilit\u00e9 d\u2019un projet.<\/li><\/ul>\t\t\t\t\t\t\t\t<\/div>\n\t\t\t\t<\/div>\n\t\t\t\t<div class=\"elementor-element elementor-element-4e3bd57 vossloh-bullet elementor-widget elementor-widget-text-editor\" data-id=\"4e3bd57\" data-element_type=\"widget\" data-e-type=\"widget\" data-widget_type=\"text-editor.default\">\n\t\t\t\t<div class=\"elementor-widget-container\">\n\t\t\t\t\t\t\t\t\t<p><b>Focus sur la disponibilit\u00e9 des voies <\/b><\/p><ul><li>C\u0153urs en mangan\u00e8se : meilleure dur\u00e9e de vie<\/li><li>Am\u00e9lioration significative de l\u2019empreinte environnementale<\/li><li>Approche bas\u00e9e sur l\u2019\u00e9conomie circulaire qui garantit la s\u00e9curit\u00e9 d\u2019approvisionnement gr\u00e2ce au recyclage des c\u0153urs d\u00e9mont\u00e9s<\/li><li>Le recyclage du mangan\u00e8se r\u00e9duit non seulement les \u00e9missions de CO2, mais att\u00e9nue \u00e9galement les impacts environnementaux, sanitaires et sociaux associ\u00e9s \u00e0 l\u2019extraction du mangan\u00e8se, conform\u00e9ment aux objectifs de durabilit\u00e9 de l\u2019entreprise.<\/li><\/ul>\t\t\t\t\t\t\t\t<\/div>\n\t\t\t\t<\/div>\n\t\t\t\t<div class=\"elementor-element elementor-element-73b16f7 elementor-widget elementor-widget-video\" data-id=\"73b16f7\" data-element_type=\"widget\" data-e-type=\"widget\" data-settings=\"{&quot;video_type&quot;:&quot;hosted&quot;,&quot;controls&quot;:&quot;yes&quot;}\" data-widget_type=\"video.default\">\n\t\t\t\t<div class=\"elementor-widget-container\">\n\t\t\t\t\t\t\t<div class=\"e-hosted-video elementor-wrapper elementor-open-inline\">\n\t\t\t\t\t<video class=\"elementor-video\" src=\"https:\/\/vossloh-topic-lounge.com\/wp-content\/uploads\/2024\/09\/vossloh_coeur_manganese_vost_fr_v2-1080p.mp4\" controls=\"\" preload=\"metadata\" controlsList=\"nodownload\"><\/video>\n\t\t\t\t<\/div>\n\t\t\t\t\t\t<\/div>\n\t\t\t\t<\/div>\n\t\t\t\t<div class=\"elementor-element elementor-element-4baca755 elementor-arrows-position-outside elementor-widget elementor-widget-image-carousel\" data-id=\"4baca755\" data-element_type=\"widget\" data-e-type=\"widget\" data-settings=\"{&quot;slides_to_show&quot;:&quot;4&quot;,&quot;slides_to_scroll&quot;:&quot;1&quot;,&quot;navigation&quot;:&quot;arrows&quot;,&quot;infinite&quot;:&quot;yes&quot;,&quot;speed&quot;:500,&quot;image_spacing_custom&quot;:{&quot;unit&quot;:&quot;px&quot;,&quot;size&quot;:20,&quot;sizes&quot;:[]},&quot;image_spacing_custom_tablet&quot;:{&quot;unit&quot;:&quot;px&quot;,&quot;size&quot;:&quot;&quot;,&quot;sizes&quot;:[]},&quot;image_spacing_custom_mobile&quot;:{&quot;unit&quot;:&quot;px&quot;,&quot;size&quot;:&quot;&quot;,&quot;sizes&quot;:[]}}\" data-widget_type=\"image-carousel.default\">\n\t\t\t\t<div class=\"elementor-widget-container\">\n\t\t\t\t\t\t\t<div class=\"elementor-image-carousel-wrapper swiper\" role=\"region\" aria-roledescription=\"carousel\" aria-label=\"Carrousel d\u2019images\" dir=\"ltr\">\n\t\t\t<div class=\"elementor-image-carousel swiper-wrapper\" aria-live=\"polite\">\n\t\t\t\t\t\t\t\t<div class=\"swiper-slide\" role=\"group\" aria-roledescription=\"slide\" aria-label=\"1 sur 6\"><a data-elementor-open-lightbox=\"yes\" data-elementor-lightbox-slideshow=\"4baca755\" data-e-action-hash=\"#elementor-action%3Aaction%3Dlightbox%26settings%3DeyJpZCI6MTgzOTAsInVybCI6Imh0dHBzOlwvXC92b3NzbG9oLXRvcGljLWxvdW5nZS5jb21cL3dwLWNvbnRlbnRcL3VwbG9hZHNcLzIwMjRcLzA5XC9CaWxkMzItMi0xLmpwZyIsInNsaWRlc2hvdyI6IjRiYWNhNzU1In0%3D\" href=\"https:\/\/vossloh-topic-lounge.com\/wp-content\/uploads\/2024\/09\/Bild32-2-1.jpg\"><figure class=\"swiper-slide-inner\"><img decoding=\"async\" class=\"swiper-slide-image\" src=\"https:\/\/vossloh-topic-lounge.com\/wp-content\/uploads\/2024\/09\/Bild32-2-1-300x225.jpg\" alt=\"Bild32-2.jpg\" \/><\/figure><\/a><\/div><div class=\"swiper-slide\" role=\"group\" aria-roledescription=\"slide\" aria-label=\"2 sur 6\"><a data-elementor-open-lightbox=\"yes\" data-elementor-lightbox-slideshow=\"4baca755\" data-e-action-hash=\"#elementor-action%3Aaction%3Dlightbox%26settings%3DeyJpZCI6MTgzOTQsInVybCI6Imh0dHBzOlwvXC92b3NzbG9oLXRvcGljLWxvdW5nZS5jb21cL3dwLWNvbnRlbnRcL3VwbG9hZHNcLzIwMjRcLzA5XC9CaWxkMzMtMS0xLmpwZyIsInNsaWRlc2hvdyI6IjRiYWNhNzU1In0%3D\" href=\"https:\/\/vossloh-topic-lounge.com\/wp-content\/uploads\/2024\/09\/Bild33-1-1.jpg\"><figure class=\"swiper-slide-inner\"><img decoding=\"async\" class=\"swiper-slide-image\" src=\"https:\/\/vossloh-topic-lounge.com\/wp-content\/uploads\/2024\/09\/Bild33-1-1-300x200.jpg\" alt=\"Bild33-1.jpg\" \/><\/figure><\/a><\/div><div class=\"swiper-slide\" role=\"group\" aria-roledescription=\"slide\" aria-label=\"3 sur 6\"><a data-elementor-open-lightbox=\"yes\" data-elementor-lightbox-slideshow=\"4baca755\" data-e-action-hash=\"#elementor-action%3Aaction%3Dlightbox%26settings%3DeyJpZCI6MTgzOTgsInVybCI6Imh0dHBzOlwvXC92b3NzbG9oLXRvcGljLWxvdW5nZS5jb21cL3dwLWNvbnRlbnRcL3VwbG9hZHNcLzIwMjRcLzA5XC9CaWxkMzQtMS5qcGciLCJzbGlkZXNob3ciOiI0YmFjYTc1NSJ9\" href=\"https:\/\/vossloh-topic-lounge.com\/wp-content\/uploads\/2024\/09\/Bild34-1.jpg\"><figure class=\"swiper-slide-inner\"><img decoding=\"async\" class=\"swiper-slide-image\" src=\"https:\/\/vossloh-topic-lounge.com\/wp-content\/uploads\/2024\/09\/Bild34-1-300x200.jpg\" alt=\"Bild34.jpg\" \/><\/figure><\/a><\/div><div class=\"swiper-slide\" role=\"group\" aria-roledescription=\"slide\" aria-label=\"4 sur 6\"><a data-elementor-open-lightbox=\"yes\" data-elementor-lightbox-slideshow=\"4baca755\" data-e-action-hash=\"#elementor-action%3Aaction%3Dlightbox%26settings%3DeyJpZCI6MTg0MDIsInVybCI6Imh0dHBzOlwvXC92b3NzbG9oLXRvcGljLWxvdW5nZS5jb21cL3dwLWNvbnRlbnRcL3VwbG9hZHNcLzIwMjRcLzA5XC9CaWxkMzUtMS0xLmpwZyIsInNsaWRlc2hvdyI6IjRiYWNhNzU1In0%3D\" href=\"https:\/\/vossloh-topic-lounge.com\/wp-content\/uploads\/2024\/09\/Bild35-1-1.jpg\"><figure class=\"swiper-slide-inner\"><img decoding=\"async\" class=\"swiper-slide-image\" src=\"https:\/\/vossloh-topic-lounge.com\/wp-content\/uploads\/2024\/09\/Bild35-1-1-300x200.jpg\" alt=\"Bild35-1.jpg\" \/><\/figure><\/a><\/div><div class=\"swiper-slide\" role=\"group\" aria-roledescription=\"slide\" aria-label=\"5 sur 6\"><a data-elementor-open-lightbox=\"yes\" data-elementor-lightbox-slideshow=\"4baca755\" data-e-action-hash=\"#elementor-action%3Aaction%3Dlightbox%26settings%3DeyJpZCI6MTg0MDYsInVybCI6Imh0dHBzOlwvXC92b3NzbG9oLXRvcGljLWxvdW5nZS5jb21cL3dwLWNvbnRlbnRcL3VwbG9hZHNcLzIwMjRcLzA5XC9CaWxkMzYtMi0xLmpwZyIsInNsaWRlc2hvdyI6IjRiYWNhNzU1In0%3D\" href=\"https:\/\/vossloh-topic-lounge.com\/wp-content\/uploads\/2024\/09\/Bild36-2-1.jpg\"><figure class=\"swiper-slide-inner\"><img decoding=\"async\" class=\"swiper-slide-image\" src=\"https:\/\/vossloh-topic-lounge.com\/wp-content\/uploads\/2024\/09\/Bild36-2-1-200x300.jpg\" alt=\"Bild36-2.jpg\" \/><\/figure><\/a><\/div><div class=\"swiper-slide\" role=\"group\" aria-roledescription=\"slide\" aria-label=\"6 sur 6\"><a data-elementor-open-lightbox=\"yes\" data-elementor-lightbox-slideshow=\"4baca755\" data-e-action-hash=\"#elementor-action%3Aaction%3Dlightbox%26settings%3DeyJpZCI6MTg0MTAsInVybCI6Imh0dHBzOlwvXC92b3NzbG9oLXRvcGljLWxvdW5nZS5jb21cL3dwLWNvbnRlbnRcL3VwbG9hZHNcLzIwMjRcLzA5XC9CaWxkMzctMS5qcGciLCJzbGlkZXNob3ciOiI0YmFjYTc1NSJ9\" href=\"https:\/\/vossloh-topic-lounge.com\/wp-content\/uploads\/2024\/09\/Bild37-1.jpg\"><figure class=\"swiper-slide-inner\"><img decoding=\"async\" class=\"swiper-slide-image\" src=\"https:\/\/vossloh-topic-lounge.com\/wp-content\/uploads\/2024\/09\/Bild37-1-300x200.jpg\" alt=\"Bild37.jpg\" \/><\/figure><\/a><\/div>\t\t\t<\/div>\n\t\t\t\t\t\t\t\t\t\t\t\t<div class=\"elementor-swiper-button elementor-swiper-button-prev\" role=\"button\" tabindex=\"0\">\n\t\t\t\t\t\t<i aria-hidden=\"true\" class=\"eicon-chevron-left\"><\/i>\t\t\t\t\t<\/div>\n\t\t\t\t\t<div class=\"elementor-swiper-button elementor-swiper-button-next\" role=\"button\" tabindex=\"0\">\n\t\t\t\t\t\t<i aria-hidden=\"true\" class=\"eicon-chevron-right\"><\/i>\t\t\t\t\t<\/div>\n\t\t\t\t\n\t\t\t\t\t\t\t\t\t<\/div>\n\t\t\t\t\t\t<\/div>\n\t\t\t\t<\/div>\n\t\t\t\t\t<\/div>\n\t\t<\/div>\n\t\t\t\t\t<\/div>\n\t\t<\/section>\n\t\t\t\t<\/div>\n\t\t","protected":false},"excerpt":{"rendered":"<p>Recyclage des croisements en mangan\u00e8se dans le cadre d\u2019une \u00e9conomie circulaire respectueuse de l\u2019environnement Avantages Le recyclage des c\u0153urs en mangan\u00e8se est gage de durabilit\u00e9. Il permet de transformer le processus m\u00e9tallurgique, la logistique et les contrats d\u2019approvisionnement en adoptant un mod\u00e8le d\u2019\u00e9conomie circulaire. Cette approche garantit la s\u00e9curit\u00e9 d\u2019approvisionnement, r\u00e9duit l\u2019empreinte carbone et am\u00e9liore [&hellip;]<\/p>\n","protected":false},"author":2,"featured_media":0,"parent":9062,"menu_order":0,"comment_status":"closed","ping_status":"closed","template":"elementor_theme","meta":{"_acf_changed":false,"footnotes":""},"class_list":["post-20185","page","type-page","status-publish","hentry"],"acf":[],"yoast_head":"<!-- This site is optimized with the Yoast SEO plugin v27.3 - https:\/\/yoast.com\/product\/yoast-seo-wordpress\/ -->\n<title>Recycled Crossings | Vossloh Topic Lounge<\/title>\n<meta name=\"robots\" content=\"noindex, follow, max-snippet:-1, max-image-preview:large, max-video-preview:-1\" \/>\n<meta property=\"og:locale\" content=\"fr_FR\" \/>\n<meta property=\"og:type\" content=\"article\" \/>\n<meta property=\"og:title\" content=\"Recycled Crossings | Vossloh Topic Lounge\" \/>\n<meta property=\"og:description\" content=\"Recyclage des croisements en mangan\u00e8se dans le cadre d\u2019une \u00e9conomie circulaire respectueuse de l\u2019environnement Avantages Le recyclage des c\u0153urs en mangan\u00e8se est gage de durabilit\u00e9. Il permet de transformer le processus m\u00e9tallurgique, la logistique et les contrats d\u2019approvisionnement en adoptant un mod\u00e8le d\u2019\u00e9conomie circulaire. Cette approche garantit la s\u00e9curit\u00e9 d\u2019approvisionnement, r\u00e9duit l\u2019empreinte carbone et am\u00e9liore [&hellip;]\" \/>\n<meta property=\"og:url\" content=\"https:\/\/vossloh-topic-lounge.com\/fr\/future-turnout-environment\/recycled-crossings\/\" \/>\n<meta property=\"og:site_name\" content=\"Vossloh Topic Lounge\" \/>\n<meta property=\"article:modified_time\" content=\"2024-09-22T10:16:53+00:00\" \/>\n<meta property=\"og:image\" content=\"https:\/\/vossloh-topic-lounge.com\/wp-content\/uploads\/2024\/09\/Bild32-2-1-300x225.jpg\" \/>\n<meta name=\"twitter:card\" content=\"summary_large_image\" \/>\n<meta name=\"twitter:label1\" content=\"Dur\u00e9e de lecture estim\u00e9e\" \/>\n\t<meta name=\"twitter:data1\" content=\"4 minutes\" \/>\n<script type=\"application\/ld+json\" class=\"yoast-schema-graph\">{\"@context\":\"https:\\\/\\\/schema.org\",\"@graph\":[{\"@type\":\"WebPage\",\"@id\":\"https:\\\/\\\/vossloh-topic-lounge.com\\\/fr\\\/future-turnout-environment\\\/recycled-crossings\\\/\",\"url\":\"https:\\\/\\\/vossloh-topic-lounge.com\\\/fr\\\/future-turnout-environment\\\/recycled-crossings\\\/\",\"name\":\"Recycled Crossings | Vossloh Topic Lounge\",\"isPartOf\":{\"@id\":\"https:\\\/\\\/vossloh-topic-lounge.com\\\/#website\"},\"primaryImageOfPage\":{\"@id\":\"https:\\\/\\\/vossloh-topic-lounge.com\\\/fr\\\/future-turnout-environment\\\/recycled-crossings\\\/#primaryimage\"},\"image\":{\"@id\":\"https:\\\/\\\/vossloh-topic-lounge.com\\\/fr\\\/future-turnout-environment\\\/recycled-crossings\\\/#primaryimage\"},\"thumbnailUrl\":\"https:\\\/\\\/vossloh-topic-lounge.com\\\/wp-content\\\/uploads\\\/2024\\\/09\\\/Bild32-2-1-300x225.jpg\",\"datePublished\":\"2024-09-18T13:31:10+00:00\",\"dateModified\":\"2024-09-22T10:16:53+00:00\",\"breadcrumb\":{\"@id\":\"https:\\\/\\\/vossloh-topic-lounge.com\\\/fr\\\/future-turnout-environment\\\/recycled-crossings\\\/#breadcrumb\"},\"inLanguage\":\"fr-FR\",\"potentialAction\":[{\"@type\":\"ReadAction\",\"target\":[\"https:\\\/\\\/vossloh-topic-lounge.com\\\/fr\\\/future-turnout-environment\\\/recycled-crossings\\\/\"]}]},{\"@type\":\"ImageObject\",\"inLanguage\":\"fr-FR\",\"@id\":\"https:\\\/\\\/vossloh-topic-lounge.com\\\/fr\\\/future-turnout-environment\\\/recycled-crossings\\\/#primaryimage\",\"url\":\"https:\\\/\\\/vossloh-topic-lounge.com\\\/wp-content\\\/uploads\\\/2024\\\/09\\\/Bild32-2-1-300x225.jpg\",\"contentUrl\":\"https:\\\/\\\/vossloh-topic-lounge.com\\\/wp-content\\\/uploads\\\/2024\\\/09\\\/Bild32-2-1-300x225.jpg\"},{\"@type\":\"BreadcrumbList\",\"@id\":\"https:\\\/\\\/vossloh-topic-lounge.com\\\/fr\\\/future-turnout-environment\\\/recycled-crossings\\\/#breadcrumb\",\"itemListElement\":[{\"@type\":\"ListItem\",\"position\":1,\"name\":\"Startseite\",\"item\":\"https:\\\/\\\/vossloh-topic-lounge.com\\\/en\\\/\"},{\"@type\":\"ListItem\",\"position\":2,\"name\":\"Future turnout environment FR\",\"item\":\"https:\\\/\\\/vossloh-topic-lounge.com\\\/future-turnout-environment\\\/\"},{\"@type\":\"ListItem\",\"position\":3,\"name\":\"Recycled Crossings\"}]},{\"@type\":\"WebSite\",\"@id\":\"https:\\\/\\\/vossloh-topic-lounge.com\\\/#website\",\"url\":\"https:\\\/\\\/vossloh-topic-lounge.com\\\/\",\"name\":\"Vossloh Topic Lounge\",\"description\":\"\",\"publisher\":{\"@id\":\"https:\\\/\\\/vossloh-topic-lounge.com\\\/#organization\"},\"potentialAction\":[{\"@type\":\"SearchAction\",\"target\":{\"@type\":\"EntryPoint\",\"urlTemplate\":\"https:\\\/\\\/vossloh-topic-lounge.com\\\/?s={search_term_string}\"},\"query-input\":{\"@type\":\"PropertyValueSpecification\",\"valueRequired\":true,\"valueName\":\"search_term_string\"}}],\"inLanguage\":\"fr-FR\"},{\"@type\":\"Organization\",\"@id\":\"https:\\\/\\\/vossloh-topic-lounge.com\\\/#organization\",\"name\":\"VOSSLOH AG\",\"url\":\"https:\\\/\\\/vossloh-topic-lounge.com\\\/\",\"logo\":{\"@type\":\"ImageObject\",\"inLanguage\":\"fr-FR\",\"@id\":\"https:\\\/\\\/vossloh-topic-lounge.com\\\/#\\\/schema\\\/logo\\\/image\\\/\",\"url\":\"https:\\\/\\\/vossloh-topic-lounge.com\\\/wp-content\\\/uploads\\\/2022\\\/04\\\/Vossloh-Logo-enabling-green-mobility-RGB.png\",\"contentUrl\":\"https:\\\/\\\/vossloh-topic-lounge.com\\\/wp-content\\\/uploads\\\/2022\\\/04\\\/Vossloh-Logo-enabling-green-mobility-RGB.png\",\"width\":2560,\"height\":788,\"caption\":\"VOSSLOH AG\"},\"image\":{\"@id\":\"https:\\\/\\\/vossloh-topic-lounge.com\\\/#\\\/schema\\\/logo\\\/image\\\/\"}}]}<\/script>\n<!-- \/ Yoast SEO plugin. -->","yoast_head_json":{"title":"Recycled Crossings | Vossloh Topic Lounge","robots":{"index":"noindex","follow":"follow","max-snippet":"max-snippet:-1","max-image-preview":"max-image-preview:large","max-video-preview":"max-video-preview:-1"},"og_locale":"fr_FR","og_type":"article","og_title":"Recycled Crossings | Vossloh Topic Lounge","og_description":"Recyclage des croisements en mangan\u00e8se dans le cadre d\u2019une \u00e9conomie circulaire respectueuse de l\u2019environnement Avantages Le recyclage des c\u0153urs en mangan\u00e8se est gage de durabilit\u00e9. Il permet de transformer le processus m\u00e9tallurgique, la logistique et les contrats d\u2019approvisionnement en adoptant un mod\u00e8le d\u2019\u00e9conomie circulaire. Cette approche garantit la s\u00e9curit\u00e9 d\u2019approvisionnement, r\u00e9duit l\u2019empreinte carbone et am\u00e9liore [&hellip;]","og_url":"https:\/\/vossloh-topic-lounge.com\/fr\/future-turnout-environment\/recycled-crossings\/","og_site_name":"Vossloh Topic Lounge","article_modified_time":"2024-09-22T10:16:53+00:00","og_image":[{"url":"https:\/\/vossloh-topic-lounge.com\/wp-content\/uploads\/2024\/09\/Bild32-2-1-300x225.jpg","type":"","width":"","height":""}],"twitter_card":"summary_large_image","twitter_misc":{"Dur\u00e9e de lecture estim\u00e9e":"4 minutes"},"schema":{"@context":"https:\/\/schema.org","@graph":[{"@type":"WebPage","@id":"https:\/\/vossloh-topic-lounge.com\/fr\/future-turnout-environment\/recycled-crossings\/","url":"https:\/\/vossloh-topic-lounge.com\/fr\/future-turnout-environment\/recycled-crossings\/","name":"Recycled Crossings | Vossloh Topic Lounge","isPartOf":{"@id":"https:\/\/vossloh-topic-lounge.com\/#website"},"primaryImageOfPage":{"@id":"https:\/\/vossloh-topic-lounge.com\/fr\/future-turnout-environment\/recycled-crossings\/#primaryimage"},"image":{"@id":"https:\/\/vossloh-topic-lounge.com\/fr\/future-turnout-environment\/recycled-crossings\/#primaryimage"},"thumbnailUrl":"https:\/\/vossloh-topic-lounge.com\/wp-content\/uploads\/2024\/09\/Bild32-2-1-300x225.jpg","datePublished":"2024-09-18T13:31:10+00:00","dateModified":"2024-09-22T10:16:53+00:00","breadcrumb":{"@id":"https:\/\/vossloh-topic-lounge.com\/fr\/future-turnout-environment\/recycled-crossings\/#breadcrumb"},"inLanguage":"fr-FR","potentialAction":[{"@type":"ReadAction","target":["https:\/\/vossloh-topic-lounge.com\/fr\/future-turnout-environment\/recycled-crossings\/"]}]},{"@type":"ImageObject","inLanguage":"fr-FR","@id":"https:\/\/vossloh-topic-lounge.com\/fr\/future-turnout-environment\/recycled-crossings\/#primaryimage","url":"https:\/\/vossloh-topic-lounge.com\/wp-content\/uploads\/2024\/09\/Bild32-2-1-300x225.jpg","contentUrl":"https:\/\/vossloh-topic-lounge.com\/wp-content\/uploads\/2024\/09\/Bild32-2-1-300x225.jpg"},{"@type":"BreadcrumbList","@id":"https:\/\/vossloh-topic-lounge.com\/fr\/future-turnout-environment\/recycled-crossings\/#breadcrumb","itemListElement":[{"@type":"ListItem","position":1,"name":"Startseite","item":"https:\/\/vossloh-topic-lounge.com\/en\/"},{"@type":"ListItem","position":2,"name":"Future turnout environment FR","item":"https:\/\/vossloh-topic-lounge.com\/future-turnout-environment\/"},{"@type":"ListItem","position":3,"name":"Recycled Crossings"}]},{"@type":"WebSite","@id":"https:\/\/vossloh-topic-lounge.com\/#website","url":"https:\/\/vossloh-topic-lounge.com\/","name":"Vossloh Topic Lounge","description":"","publisher":{"@id":"https:\/\/vossloh-topic-lounge.com\/#organization"},"potentialAction":[{"@type":"SearchAction","target":{"@type":"EntryPoint","urlTemplate":"https:\/\/vossloh-topic-lounge.com\/?s={search_term_string}"},"query-input":{"@type":"PropertyValueSpecification","valueRequired":true,"valueName":"search_term_string"}}],"inLanguage":"fr-FR"},{"@type":"Organization","@id":"https:\/\/vossloh-topic-lounge.com\/#organization","name":"VOSSLOH AG","url":"https:\/\/vossloh-topic-lounge.com\/","logo":{"@type":"ImageObject","inLanguage":"fr-FR","@id":"https:\/\/vossloh-topic-lounge.com\/#\/schema\/logo\/image\/","url":"https:\/\/vossloh-topic-lounge.com\/wp-content\/uploads\/2022\/04\/Vossloh-Logo-enabling-green-mobility-RGB.png","contentUrl":"https:\/\/vossloh-topic-lounge.com\/wp-content\/uploads\/2022\/04\/Vossloh-Logo-enabling-green-mobility-RGB.png","width":2560,"height":788,"caption":"VOSSLOH AG"},"image":{"@id":"https:\/\/vossloh-topic-lounge.com\/#\/schema\/logo\/image\/"}}]}},"_links":{"self":[{"href":"https:\/\/vossloh-topic-lounge.com\/fr\/wp-json\/wp\/v2\/pages\/20185","targetHints":{"allow":["GET"]}}],"collection":[{"href":"https:\/\/vossloh-topic-lounge.com\/fr\/wp-json\/wp\/v2\/pages"}],"about":[{"href":"https:\/\/vossloh-topic-lounge.com\/fr\/wp-json\/wp\/v2\/types\/page"}],"author":[{"embeddable":true,"href":"https:\/\/vossloh-topic-lounge.com\/fr\/wp-json\/wp\/v2\/users\/2"}],"replies":[{"embeddable":true,"href":"https:\/\/vossloh-topic-lounge.com\/fr\/wp-json\/wp\/v2\/comments?post=20185"}],"version-history":[{"count":5,"href":"https:\/\/vossloh-topic-lounge.com\/fr\/wp-json\/wp\/v2\/pages\/20185\/revisions"}],"predecessor-version":[{"id":21416,"href":"https:\/\/vossloh-topic-lounge.com\/fr\/wp-json\/wp\/v2\/pages\/20185\/revisions\/21416"}],"up":[{"embeddable":true,"href":"https:\/\/vossloh-topic-lounge.com\/fr\/wp-json\/wp\/v2\/pages\/9062"}],"wp:attachment":[{"href":"https:\/\/vossloh-topic-lounge.com\/fr\/wp-json\/wp\/v2\/media?parent=20185"}],"curies":[{"name":"wp","href":"https:\/\/api.w.org\/{rel}","templated":true}]}}