{"id":9086,"date":"2022-08-11T20:18:18","date_gmt":"2022-08-11T20:18:18","guid":{"rendered":"https:\/\/vossloh-topic-lounge.com\/future-turnout-environment\/flexidrive-4m\/"},"modified":"2024-02-27T13:31:35","modified_gmt":"2024-02-27T13:31:35","slug":"flexidrive-4m","status":"publish","type":"page","link":"https:\/\/vossloh-topic-lounge.com\/fr\/future-turnout-environment\/flexidrive-4m\/","title":{"rendered":"Flexidrive-4M"},"content":{"rendered":"\t\t<div data-elementor-type=\"wp-page\" data-elementor-id=\"9086\" class=\"elementor elementor-9086 elementor-6543\" data-elementor-post-type=\"page\">\n\t\t\t\t\t\t<section class=\"elementor-section elementor-top-section elementor-element elementor-element-bb15b20 elementor-section-height-min-height single-page-max-width elementor-section-boxed elementor-section-height-default elementor-section-items-middle\" data-id=\"bb15b20\" data-element_type=\"section\" data-e-type=\"section\" id=\"oben\" data-settings=\"{&quot;background_background&quot;:&quot;classic&quot;}\">\n\t\t\t\t\t\t\t<div class=\"elementor-background-overlay\"><\/div>\n\t\t\t\t\t\t\t<div class=\"elementor-container elementor-column-gap-default\">\n\t\t\t\t\t<div class=\"elementor-column elementor-col-100 elementor-top-column elementor-element elementor-element-f49735b\" data-id=\"f49735b\" data-element_type=\"column\" data-e-type=\"column\">\n\t\t\t<div class=\"elementor-widget-wrap\">\n\t\t\t\t\t\t\t<\/div>\n\t\t<\/div>\n\t\t\t\t\t<\/div>\n\t\t<\/section>\n\t\t\t\t<section class=\"elementor-section elementor-top-section elementor-element elementor-element-49e1bfe elementor-section-boxed elementor-section-height-default elementor-section-height-default\" data-id=\"49e1bfe\" data-element_type=\"section\" data-e-type=\"section\" data-settings=\"{&quot;background_background&quot;:&quot;classic&quot;}\">\n\t\t\t\t\t\t<div class=\"elementor-container elementor-column-gap-default\">\n\t\t\t\t\t<div class=\"elementor-column elementor-col-100 elementor-top-column elementor-element elementor-element-6eaab6d\" data-id=\"6eaab6d\" data-element_type=\"column\" data-e-type=\"column\">\n\t\t\t<div class=\"elementor-widget-wrap elementor-element-populated\">\n\t\t\t\t\t\t<div class=\"elementor-element elementor-element-acd7731 elementor-widget elementor-widget-ucaddon_side_border_heading\" data-id=\"acd7731\" data-element_type=\"widget\" data-e-type=\"widget\" data-widget_type=\"ucaddon_side_border_heading.default\">\n\t\t\t\t<div class=\"elementor-widget-container\">\n\t\t\t\t\t\n<!-- start Side Line Heading -->\n<style>\/* widget: Side Line Heading *\/\n\n#uc_side_border_heading_elementor_acd7731\n{\n  display:flex;\n}\n\n#uc_side_border_heading_elementor_acd7731 .side_border_heading_title\n{\n  color:black;\n}\n\n#uc_side_border_heading_elementor_acd7731 .side_border_heading_subtitle\n{\n  line-height:1.5em;\n  color:gray;\n}\n#uc_side_border_heading_elementor_acd7731 .side_border_heading_line_holder{\nflex-shrink: 0;\n}\n\n#uc_side_border_heading_elementor_acd7731 .side_border_heading_line_spacer{\nflex-shrink: 0;\n}\n\n<\/style>\n\n<div id=\"uc_side_border_heading_elementor_acd7731\">\n  <div class=\"side_border_heading_line_holder\"><div class=\"side_border_heading_line\" style=\"background-color:#F0B40F;\"><\/div><\/div>\n  <div class=\"side_border_heading_line_spacer\"><\/div>\n  <div>\n    <div class=\"side_border_heading_title\"><span  class=\"uc_style_side_border_heading_elementor_title\" ><strong>Flexidrive-4M :<\/strong> m\u00e9canisme d\u2019aiguille 4\u00a0barres pour lignes de m\u00e9tro et de chemin de fer<\/span><\/div>\n    <div class=\"side_border_heading_subtitle\"><\/div>\n  <\/div>\n<\/div>\n<!-- end Side Line Heading -->\t\t\t\t<\/div>\n\t\t\t\t<\/div>\n\t\t\t\t<section class=\"elementor-section elementor-inner-section elementor-element elementor-element-104c5f9 elementor-section-boxed elementor-section-height-default elementor-section-height-default\" data-id=\"104c5f9\" data-element_type=\"section\" data-e-type=\"section\">\n\t\t\t\t\t\t<div class=\"elementor-container elementor-column-gap-default\">\n\t\t\t\t\t<div class=\"elementor-column elementor-col-50 elementor-inner-column elementor-element elementor-element-3d5549c\" data-id=\"3d5549c\" data-element_type=\"column\" data-e-type=\"column\">\n\t\t\t<div class=\"elementor-widget-wrap elementor-element-populated\">\n\t\t\t\t\t\t<div class=\"elementor-element elementor-element-5e795b7 vossloh-bullet elementor-widget elementor-widget-text-editor\" data-id=\"5e795b7\" data-element_type=\"widget\" data-e-type=\"widget\" data-widget_type=\"text-editor.default\">\n\t\t\t\t<div class=\"elementor-widget-container\">\n\t\t\t\t\t\t\t\t\t<ul><li>Nouveau m\u00e9canisme d\u2019aiguille 4 barres pour <b>les lignes de m\u00e9tro et de chemin de fer jusqu&rsquo;\u00e0 <\/b><b>SIL4<\/b><b>.<\/b><\/li><li>Interfaces m\u00e9caniques r\u00e9duites pour une mise en \u0153uvre plus facile sur les appareils de voie.<\/li><li>Avec des <b>mat\u00e9riaux \u00e0 faible frottement<\/b>, un entra\u00eenement \u00e9lectrique et un design solide, Flexidrive-4M est un m\u00e9canisme haute performance qui n\u00e9cessite une <b>faible consommation d\u2019\u00e9nergie<\/b>.<\/li><li>La nouvelle <b>\u00e9tanch\u00e9it\u00e9 IP-67 prot\u00e8ge les pi\u00e8ces internes des conditions climatiques les plus extr\u00eames<\/b>\u00a0: ni la poussi\u00e8re, ni l\u2019humidit\u00e9, ni les inondations ne peuvent perturber la fiabilit\u00e9 ou la dur\u00e9e de vie.<\/li><\/ul>\t\t\t\t\t\t\t\t<\/div>\n\t\t\t\t<\/div>\n\t\t\t\t<div class=\"elementor-element elementor-element-152d8b6 elementor-widget elementor-widget-spacer\" data-id=\"152d8b6\" data-element_type=\"widget\" data-e-type=\"widget\" data-widget_type=\"spacer.default\">\n\t\t\t\t<div class=\"elementor-widget-container\">\n\t\t\t\t\t\t\t<div class=\"elementor-spacer\">\n\t\t\t<div class=\"elementor-spacer-inner\"><\/div>\n\t\t<\/div>\n\t\t\t\t\t\t<\/div>\n\t\t\t\t<\/div>\n\t\t\t\t<div class=\"elementor-element elementor-element-38bfa27 elementor-widget elementor-widget-button\" data-id=\"38bfa27\" data-element_type=\"widget\" data-e-type=\"widget\" data-widget_type=\"button.default\">\n\t\t\t\t<div class=\"elementor-widget-container\">\n\t\t\t\t\t\t\t\t\t<div class=\"elementor-button-wrapper\">\n\t\t\t\t\t<a class=\"elementor-button elementor-button-link elementor-size-sm\" href=\"https:\/\/vossloh-ekiosk.com\/assets\/media\/Flexidrive4M___The_4bar_point_machine_for_railway_and_metro_FR.pdf\">\n\t\t\t\t\t\t<span class=\"elementor-button-content-wrapper\">\n\t\t\t\t\t\t<span class=\"elementor-button-icon\">\n\t\t\t\t<i aria-hidden=\"true\" class=\"fas fa-download\"><\/i>\t\t\t<\/span>\n\t\t\t\t\t\t\t\t\t<span class=\"elementor-button-text\">Fiche technique Fleixdrive-4M<\/span>\n\t\t\t\t\t<\/span>\n\t\t\t\t\t<\/a>\n\t\t\t\t<\/div>\n\t\t\t\t\t\t\t\t<\/div>\n\t\t\t\t<\/div>\n\t\t\t\t<div class=\"elementor-element elementor-element-ca6b8ae vossloh-bullet-white elementor-widget elementor-widget-ucaddon_custom_icon_bullets\" data-id=\"ca6b8ae\" data-element_type=\"widget\" data-e-type=\"widget\" data-widget_type=\"ucaddon_custom_icon_bullets.default\">\n\t\t\t\t<div class=\"elementor-widget-container\">\n\t\t\t\t\t\n<!-- start Custom Icon Bullets -->\n\t\t<link id='font-awesome-css' href='https:\/\/vossloh-topic-lounge.com\/wp-content\/plugins\/unlimited-elements-for-elementor-premium\/assets_libraries\/font-awesome6\/fontawesome-all.min.css' type='text\/css' rel='stylesheet' >\n\t\t<link id='font-awesome-4-shim-css' href='https:\/\/vossloh-topic-lounge.com\/wp-content\/plugins\/unlimited-elements-for-elementor-premium\/assets_libraries\/font-awesome6\/fontawesome-v4-shims.min.css' type='text\/css' rel='stylesheet' >\n\n<style>\/* widget: Custom Icon Bullets *\/\n\n#uc_custom_icon_bullets_elementor_ca6b8ae *{\n\t-webkit-box-sizing: border-box;\n\t-moz-box-sizing: border-box;\n\tbox-sizing: border-box;\n}\n\n#uc_custom_icon_bullets_elementor_ca6b8ae .uc-bullet-active{\n}\n\n\n#uc_custom_icon_bullets_elementor_ca6b8ae .ue-icon\n{\n  display:flex;\n  align-items:center;\n  justify-content:center;\n  flex-grow:0;\n  flex-shrink:0;\n  line-height:1em;\n  transition:0.3s;\n  position: absolute;\n  left: -20px;\n  top: -20px;\n  border-radius: 50px;\n}\n\n#uc_custom_icon_bullets_elementor_ca6b8ae .ue-icon svg\n{\n  height:1em;\n  width:1em;\n}\n\n\n#uc_custom_icon_bullets_elementor_ca6b8ae .uc_material_bullets_row\n{\n\tfont-weight:400;\n\tdisplay:flex;\n\tposition:relative;\n\ttext-align:left;\n\twidth:100%;\n   \n    transition:0.3s;\n}\n\n\n#uc_custom_icon_bullets_elementor_ca6b8ae .uc_material_bullets_row a.ue-item-link\n{\n  position:absolute;\n  display:block;\n  top:0;\n  right:0;\n  left:0;\n  bottom:0;\n}\n\n#uc_custom_icon_bullets_elementor_ca6b8ae .uc_material_bullets_row:last-child\n{\n\tmargin-bottom:0px !important;\n}\n\n\n#uc_custom_icon_bullets_elementor_ca6b8ae .uc_material_bullets_row \n{\n\tposition:relative;\n\tvertical-align:middle;\n}\n\n#uc_custom_icon_bullets_elementor_ca6b8ae .uc_material_bullets_row .uc_content_box\n{\n\tdisplay:flex;\n    flex-direction:column;\n    justify-content:center;\n    align-items: flex-start;\n    flex-grow:1;\n}\n\n#uc_custom_icon_bullets_elementor_ca6b8ae .ue-bullets\n{\n  display:grid;\n}\n\n#uc_custom_icon_bullets_elementor_ca6b8ae .ue-text, #uc_custom_icon_bullets_elementor_ca6b8ae .ue-title, #uc_custom_icon_bullets_elementor_ca6b8ae .ue-seperator\n{\n  width:100%;\n}\n\n#uc_custom_icon_bullets_elementor_ca6b8ae .ue-seperator-line\n{\n  display:inline-block;\n  font-size:0px;\n}\n\n#uc_custom_icon_bullets_elementor_ca6b8ae .ue-seperator\n{\n  font-size:0px;\n}\n\n#uc_custom_icon_bullets_elementor_ca6b8ae.uc-remote-parent .uc_material_bullets_row\n{\n  cursor:pointer;\n}\n\n.ue-title\n{\n  font-size:21px;\n}\n\n<\/style>\n\n<div class=\"uc_material_bullets \"  id=\"uc_custom_icon_bullets_elementor_ca6b8ae\" >   \t\n    \t<div class=\"ue-bullets\">\n          \t<div class=\"uc_material_bullets_row elementor-repeater-item-21cd2ea\">\n              <div class=\"ue-icon\">\n                    <i class='fal fa-thumbs-up'><\/i>                    \t \n              <\/div>\n  <div class=\"uc_content_box uc_ceal\">\n    <div class=\"ue-title\"><\/div>\n    \n    \t\n    \n    <div class=\"ue-text\"><ul><li>Actionnement, verrouillage et d\u00e9tection des aiguillages dans un design tr\u00e8s compact \u2013 sans aucun verrou externe requis<\/li><li>Dur\u00e9e de vie : 1 000 000 reprises<\/li><li>Certification SIL4<\/li><li>Montage facile<\/li><\/ul><\/div>\t\n  <\/div>\n    \t\n<\/div>\n\n      <\/div>\n<\/div>\n\n<!--end of icon bullets -->\n<!-- end Custom Icon Bullets -->\t\t\t\t<\/div>\n\t\t\t\t<\/div>\n\t\t\t\t\t<\/div>\n\t\t<\/div>\n\t\t\t\t<div class=\"elementor-column elementor-col-50 elementor-inner-column elementor-element elementor-element-016a2a0\" data-id=\"016a2a0\" data-element_type=\"column\" data-e-type=\"column\">\n\t\t\t<div class=\"elementor-widget-wrap elementor-element-populated\">\n\t\t\t\t\t\t<div class=\"elementor-element elementor-element-e725689 elementor-widget elementor-widget-video\" data-id=\"e725689\" data-element_type=\"widget\" data-e-type=\"widget\" data-settings=\"{&quot;video_type&quot;:&quot;vimeo&quot;}\" data-widget_type=\"video.default\">\n\t\t\t\t<div class=\"elementor-widget-container\">\n\t\t\t\t\t\t\t<div class=\"elementor-wrapper elementor-open-inline\">\n\t\t\t <div class=\"brlbs-cmpnt-container brlbs-cmpnt-content-blocker brlbs-cmpnt-with-individual-styles\" data-borlabs-cookie-content-blocker-id=\"vimeo-content-blocker\" data-borlabs-cookie-content=\"PGlmcmFtZSBjbGFzcz0iZWxlbWVudG9yLXZpZGVvLWlmcmFtZSIgYWxsb3dmdWxsc2NyZWVuIGFsbG93PSJjbGlwYm9hcmQtd3JpdGUiIHRpdGxlPSJMZWN0ZXVyIHZpZMOpbyB2aW1lbyIgc3JjPSJodHRwczovL3BsYXllci52aW1lby5jb20vdmlkZW8vNzQ1MTMwNzEyP2NvbG9yJmFtcDthdXRvcGF1c2U9MCZhbXA7bG9vcD0wJmFtcDttdXRlZD0wJmFtcDt0aXRsZT0xJmFtcDtwb3J0cmFpdD0xJmFtcDtieWxpbmU9MSN0PSI+PC9pZnJhbWU+\"><div class=\"brlbs-cmpnt-cb-preset-c brlbs-cmpnt-cb-vimeo\"> <div class=\"brlbs-cmpnt-cb-thumbnail\" style=\"background-image: url('https:\/\/vossloh-topic-lounge.com\/wp-content\/uploads\/borlabs-cookie\/1\/vimeo_745130712.jpg')\"><\/div> <div class=\"brlbs-cmpnt-cb-main\"> <div class=\"brlbs-cmpnt-cb-play-button\"><\/div> <div class=\"brlbs-cmpnt-cb-content\"> <p class=\"brlbs-cmpnt-cb-description\">Vous \u00eates actuellement en train de consulter le contenu d'un espace r\u00e9serv\u00e9 de <strong>Vimeo<\/strong>. Pour acc\u00e9der au contenu r\u00e9el, cliquez sur le bouton ci-dessous. Veuillez noter que ce faisant, des donn\u00e9es seront partag\u00e9es avec des providers tiers.<\/p> <a class=\"brlbs-cmpnt-cb-provider-toggle\" href=\"#\" data-borlabs-cookie-show-provider-information role=\"button\">Plus d'informations<\/a> <\/div> <div class=\"brlbs-cmpnt-cb-buttons\"> <a class=\"brlbs-cmpnt-cb-btn\" href=\"#\" data-borlabs-cookie-unblock role=\"button\">D\u00e9bloquer le contenu<\/a> <a class=\"brlbs-cmpnt-cb-btn\" href=\"#\" data-borlabs-cookie-accept-service role=\"button\" style=\"display: inherit\">Accepter le service requis et d\u00e9bloquer les contenus<\/a> <\/div> <\/div> <\/div><\/div>\t\t<\/div>\n\t\t\t\t\t\t<\/div>\n\t\t\t\t<\/div>\n\t\t\t\t<div class=\"elementor-element elementor-element-48cd0cc elementor-widget elementor-widget-video\" data-id=\"48cd0cc\" data-element_type=\"widget\" data-e-type=\"widget\" data-settings=\"{&quot;video_type&quot;:&quot;vimeo&quot;}\" data-widget_type=\"video.default\">\n\t\t\t\t<div class=\"elementor-widget-container\">\n\t\t\t\t\t\t\t<div class=\"elementor-wrapper elementor-open-inline\">\n\t\t\t <div class=\"brlbs-cmpnt-container brlbs-cmpnt-content-blocker brlbs-cmpnt-with-individual-styles\" data-borlabs-cookie-content-blocker-id=\"vimeo-content-blocker\" data-borlabs-cookie-content=\"PGlmcmFtZSBjbGFzcz0iZWxlbWVudG9yLXZpZGVvLWlmcmFtZSIgYWxsb3dmdWxsc2NyZWVuIGFsbG93PSJjbGlwYm9hcmQtd3JpdGUiIHRpdGxlPSJMZWN0ZXVyIHZpZMOpbyB2aW1lbyIgc3JjPSJodHRwczovL3BsYXllci52aW1lby5jb20vdmlkZW8vNzM4NzUwODgwP2NvbG9yJmFtcDthdXRvcGF1c2U9MCZhbXA7bG9vcD0wJmFtcDttdXRlZD0wJmFtcDt0aXRsZT0xJmFtcDtwb3J0cmFpdD0xJmFtcDtieWxpbmU9MSN0PSI+PC9pZnJhbWU+\"><div class=\"brlbs-cmpnt-cb-preset-c brlbs-cmpnt-cb-vimeo\"> <div class=\"brlbs-cmpnt-cb-thumbnail\" style=\"background-image: url('https:\/\/vossloh-topic-lounge.com\/wp-content\/uploads\/borlabs-cookie\/1\/vimeo_738750880.jpg')\"><\/div> <div class=\"brlbs-cmpnt-cb-main\"> <div class=\"brlbs-cmpnt-cb-play-button\"><\/div> <div class=\"brlbs-cmpnt-cb-content\"> <p class=\"brlbs-cmpnt-cb-description\">Vous \u00eates actuellement en train de consulter le contenu d'un espace r\u00e9serv\u00e9 de <strong>Vimeo<\/strong>. Pour acc\u00e9der au contenu r\u00e9el, cliquez sur le bouton ci-dessous. Veuillez noter que ce faisant, des donn\u00e9es seront partag\u00e9es avec des providers tiers.<\/p> <a class=\"brlbs-cmpnt-cb-provider-toggle\" href=\"#\" data-borlabs-cookie-show-provider-information role=\"button\">Plus d'informations<\/a> <\/div> <div class=\"brlbs-cmpnt-cb-buttons\"> <a class=\"brlbs-cmpnt-cb-btn\" href=\"#\" data-borlabs-cookie-unblock role=\"button\">D\u00e9bloquer le contenu<\/a> <a class=\"brlbs-cmpnt-cb-btn\" href=\"#\" data-borlabs-cookie-accept-service role=\"button\" style=\"display: inherit\">Accepter le service requis et d\u00e9bloquer les contenus<\/a> <\/div> <\/div> <\/div><\/div>\t\t<\/div>\n\t\t\t\t\t\t<\/div>\n\t\t\t\t<\/div>\n\t\t\t\t<div class=\"elementor-element elementor-element-53b60ab elementor-widget elementor-widget-spacer\" data-id=\"53b60ab\" data-element_type=\"widget\" data-e-type=\"widget\" data-widget_type=\"spacer.default\">\n\t\t\t\t<div class=\"elementor-widget-container\">\n\t\t\t\t\t\t\t<div class=\"elementor-spacer\">\n\t\t\t<div class=\"elementor-spacer-inner\"><\/div>\n\t\t<\/div>\n\t\t\t\t\t\t<\/div>\n\t\t\t\t<\/div>\n\t\t\t\t\t<\/div>\n\t\t<\/div>\n\t\t\t\t\t<\/div>\n\t\t<\/section>\n\t\t\t\t<div class=\"elementor-element elementor-element-0927ac7 elementor-widget elementor-widget-spacer\" data-id=\"0927ac7\" data-element_type=\"widget\" data-e-type=\"widget\" data-widget_type=\"spacer.default\">\n\t\t\t\t<div class=\"elementor-widget-container\">\n\t\t\t\t\t\t\t<div class=\"elementor-spacer\">\n\t\t\t<div class=\"elementor-spacer-inner\"><\/div>\n\t\t<\/div>\n\t\t\t\t\t\t<\/div>\n\t\t\t\t<\/div>\n\t\t\t\t\t<\/div>\n\t\t<\/div>\n\t\t\t\t\t<\/div>\n\t\t<\/section>\n\t\t\t\t<\/div>\n\t\t","protected":false},"excerpt":{"rendered":"<p>Flexidrive-4M : m\u00e9canisme d\u2019aiguille 4\u00a0barres pour lignes de m\u00e9tro et de chemin de fer Nouveau m\u00e9canisme d\u2019aiguille 4 barres pour les lignes de m\u00e9tro et de chemin de fer jusqu&rsquo;\u00e0 SIL4. Interfaces m\u00e9caniques r\u00e9duites pour une mise en \u0153uvre plus facile sur les appareils de voie. Avec des mat\u00e9riaux \u00e0 faible frottement, un entra\u00eenement \u00e9lectrique [&hellip;]<\/p>\n","protected":false},"author":2,"featured_media":0,"parent":9062,"menu_order":0,"comment_status":"closed","ping_status":"closed","template":"elementor_theme","meta":{"_acf_changed":false,"footnotes":""},"class_list":["post-9086","page","type-page","status-publish","hentry"],"acf":[],"yoast_head":"<!-- This site is optimized with the Yoast SEO plugin v27.3 - https:\/\/yoast.com\/product\/yoast-seo-wordpress\/ -->\n<title>Flexidrive-4M | Vossloh Topic Lounge<\/title>\n<meta name=\"robots\" content=\"noindex, follow, max-snippet:-1, max-image-preview:large, max-video-preview:-1\" \/>\n<meta property=\"og:locale\" content=\"fr_FR\" \/>\n<meta property=\"og:type\" content=\"article\" \/>\n<meta property=\"og:title\" content=\"Flexidrive-4M | Vossloh Topic Lounge\" \/>\n<meta property=\"og:description\" content=\"Flexidrive-4M : m\u00e9canisme d\u2019aiguille 4\u00a0barres pour lignes de m\u00e9tro et de chemin de fer Nouveau m\u00e9canisme d\u2019aiguille 4 barres pour les lignes de m\u00e9tro et de chemin de fer jusqu&rsquo;\u00e0 SIL4. Interfaces m\u00e9caniques r\u00e9duites pour une mise en \u0153uvre plus facile sur les appareils de voie. Avec des mat\u00e9riaux \u00e0 faible frottement, un entra\u00eenement \u00e9lectrique [&hellip;]\" \/>\n<meta property=\"og:url\" content=\"https:\/\/vossloh-topic-lounge.com\/future-turnout-environment\/flexidrive-4m\/\" \/>\n<meta property=\"og:site_name\" content=\"Vossloh Topic Lounge\" \/>\n<meta property=\"article:modified_time\" content=\"2024-02-27T13:31:35+00:00\" \/>\n<meta property=\"og:image\" content=\"https:\/\/vossloh-topic-lounge.com\/wp-content\/uploads\/2024\/01\/240109pt1540_Topic-lounge_1200x627_lesbarer.jpg\" \/>\n\t<meta property=\"og:image:width\" content=\"1200\" \/>\n\t<meta property=\"og:image:height\" content=\"627\" \/>\n\t<meta property=\"og:image:type\" content=\"image\/jpeg\" \/>\n<meta name=\"twitter:card\" content=\"summary_large_image\" \/>\n<meta name=\"twitter:label1\" content=\"Dur\u00e9e de lecture estim\u00e9e\" \/>\n\t<meta name=\"twitter:data1\" content=\"1 minute\" \/>\n<script type=\"application\/ld+json\" class=\"yoast-schema-graph\">{\"@context\":\"https:\\\/\\\/schema.org\",\"@graph\":[{\"@type\":\"WebPage\",\"@id\":\"https:\\\/\\\/vossloh-topic-lounge.com\\\/future-turnout-environment\\\/flexidrive-4m\\\/\",\"url\":\"https:\\\/\\\/vossloh-topic-lounge.com\\\/future-turnout-environment\\\/flexidrive-4m\\\/\",\"name\":\"Flexidrive-4M | Vossloh Topic Lounge\",\"isPartOf\":{\"@id\":\"https:\\\/\\\/vossloh-topic-lounge.com\\\/#website\"},\"datePublished\":\"2022-08-11T20:18:18+00:00\",\"dateModified\":\"2024-02-27T13:31:35+00:00\",\"breadcrumb\":{\"@id\":\"https:\\\/\\\/vossloh-topic-lounge.com\\\/future-turnout-environment\\\/flexidrive-4m\\\/#breadcrumb\"},\"inLanguage\":\"fr-FR\",\"potentialAction\":[{\"@type\":\"ReadAction\",\"target\":[\"https:\\\/\\\/vossloh-topic-lounge.com\\\/future-turnout-environment\\\/flexidrive-4m\\\/\"]}]},{\"@type\":\"BreadcrumbList\",\"@id\":\"https:\\\/\\\/vossloh-topic-lounge.com\\\/future-turnout-environment\\\/flexidrive-4m\\\/#breadcrumb\",\"itemListElement\":[{\"@type\":\"ListItem\",\"position\":1,\"name\":\"Startseite\",\"item\":\"https:\\\/\\\/vossloh-topic-lounge.com\\\/en\\\/\"},{\"@type\":\"ListItem\",\"position\":2,\"name\":\"Future turnout environment FR\",\"item\":\"https:\\\/\\\/vossloh-topic-lounge.com\\\/future-turnout-environment\\\/\"},{\"@type\":\"ListItem\",\"position\":3,\"name\":\"Flexidrive-4M\"}]},{\"@type\":\"WebSite\",\"@id\":\"https:\\\/\\\/vossloh-topic-lounge.com\\\/#website\",\"url\":\"https:\\\/\\\/vossloh-topic-lounge.com\\\/\",\"name\":\"Vossloh Topic Lounge\",\"description\":\"\",\"publisher\":{\"@id\":\"https:\\\/\\\/vossloh-topic-lounge.com\\\/#organization\"},\"potentialAction\":[{\"@type\":\"SearchAction\",\"target\":{\"@type\":\"EntryPoint\",\"urlTemplate\":\"https:\\\/\\\/vossloh-topic-lounge.com\\\/?s={search_term_string}\"},\"query-input\":{\"@type\":\"PropertyValueSpecification\",\"valueRequired\":true,\"valueName\":\"search_term_string\"}}],\"inLanguage\":\"fr-FR\"},{\"@type\":\"Organization\",\"@id\":\"https:\\\/\\\/vossloh-topic-lounge.com\\\/#organization\",\"name\":\"VOSSLOH AG\",\"url\":\"https:\\\/\\\/vossloh-topic-lounge.com\\\/\",\"logo\":{\"@type\":\"ImageObject\",\"inLanguage\":\"fr-FR\",\"@id\":\"https:\\\/\\\/vossloh-topic-lounge.com\\\/#\\\/schema\\\/logo\\\/image\\\/\",\"url\":\"https:\\\/\\\/vossloh-topic-lounge.com\\\/wp-content\\\/uploads\\\/2022\\\/04\\\/Vossloh-Logo-enabling-green-mobility-RGB.png\",\"contentUrl\":\"https:\\\/\\\/vossloh-topic-lounge.com\\\/wp-content\\\/uploads\\\/2022\\\/04\\\/Vossloh-Logo-enabling-green-mobility-RGB.png\",\"width\":2560,\"height\":788,\"caption\":\"VOSSLOH AG\"},\"image\":{\"@id\":\"https:\\\/\\\/vossloh-topic-lounge.com\\\/#\\\/schema\\\/logo\\\/image\\\/\"}}]}<\/script>\n<!-- \/ Yoast SEO plugin. -->","yoast_head_json":{"title":"Flexidrive-4M | Vossloh Topic Lounge","robots":{"index":"noindex","follow":"follow","max-snippet":"max-snippet:-1","max-image-preview":"max-image-preview:large","max-video-preview":"max-video-preview:-1"},"og_locale":"fr_FR","og_type":"article","og_title":"Flexidrive-4M | Vossloh Topic Lounge","og_description":"Flexidrive-4M : m\u00e9canisme d\u2019aiguille 4\u00a0barres pour lignes de m\u00e9tro et de chemin de fer Nouveau m\u00e9canisme d\u2019aiguille 4 barres pour les lignes de m\u00e9tro et de chemin de fer jusqu&rsquo;\u00e0 SIL4. Interfaces m\u00e9caniques r\u00e9duites pour une mise en \u0153uvre plus facile sur les appareils de voie. Avec des mat\u00e9riaux \u00e0 faible frottement, un entra\u00eenement \u00e9lectrique [&hellip;]","og_url":"https:\/\/vossloh-topic-lounge.com\/future-turnout-environment\/flexidrive-4m\/","og_site_name":"Vossloh Topic Lounge","article_modified_time":"2024-02-27T13:31:35+00:00","og_image":[{"width":1200,"height":627,"url":"https:\/\/vossloh-topic-lounge.com\/wp-content\/uploads\/2024\/01\/240109pt1540_Topic-lounge_1200x627_lesbarer.jpg","type":"image\/jpeg"}],"twitter_card":"summary_large_image","twitter_misc":{"Dur\u00e9e de lecture estim\u00e9e":"1 minute"},"schema":{"@context":"https:\/\/schema.org","@graph":[{"@type":"WebPage","@id":"https:\/\/vossloh-topic-lounge.com\/future-turnout-environment\/flexidrive-4m\/","url":"https:\/\/vossloh-topic-lounge.com\/future-turnout-environment\/flexidrive-4m\/","name":"Flexidrive-4M | Vossloh Topic Lounge","isPartOf":{"@id":"https:\/\/vossloh-topic-lounge.com\/#website"},"datePublished":"2022-08-11T20:18:18+00:00","dateModified":"2024-02-27T13:31:35+00:00","breadcrumb":{"@id":"https:\/\/vossloh-topic-lounge.com\/future-turnout-environment\/flexidrive-4m\/#breadcrumb"},"inLanguage":"fr-FR","potentialAction":[{"@type":"ReadAction","target":["https:\/\/vossloh-topic-lounge.com\/future-turnout-environment\/flexidrive-4m\/"]}]},{"@type":"BreadcrumbList","@id":"https:\/\/vossloh-topic-lounge.com\/future-turnout-environment\/flexidrive-4m\/#breadcrumb","itemListElement":[{"@type":"ListItem","position":1,"name":"Startseite","item":"https:\/\/vossloh-topic-lounge.com\/en\/"},{"@type":"ListItem","position":2,"name":"Future turnout environment FR","item":"https:\/\/vossloh-topic-lounge.com\/future-turnout-environment\/"},{"@type":"ListItem","position":3,"name":"Flexidrive-4M"}]},{"@type":"WebSite","@id":"https:\/\/vossloh-topic-lounge.com\/#website","url":"https:\/\/vossloh-topic-lounge.com\/","name":"Vossloh Topic Lounge","description":"","publisher":{"@id":"https:\/\/vossloh-topic-lounge.com\/#organization"},"potentialAction":[{"@type":"SearchAction","target":{"@type":"EntryPoint","urlTemplate":"https:\/\/vossloh-topic-lounge.com\/?s={search_term_string}"},"query-input":{"@type":"PropertyValueSpecification","valueRequired":true,"valueName":"search_term_string"}}],"inLanguage":"fr-FR"},{"@type":"Organization","@id":"https:\/\/vossloh-topic-lounge.com\/#organization","name":"VOSSLOH AG","url":"https:\/\/vossloh-topic-lounge.com\/","logo":{"@type":"ImageObject","inLanguage":"fr-FR","@id":"https:\/\/vossloh-topic-lounge.com\/#\/schema\/logo\/image\/","url":"https:\/\/vossloh-topic-lounge.com\/wp-content\/uploads\/2022\/04\/Vossloh-Logo-enabling-green-mobility-RGB.png","contentUrl":"https:\/\/vossloh-topic-lounge.com\/wp-content\/uploads\/2022\/04\/Vossloh-Logo-enabling-green-mobility-RGB.png","width":2560,"height":788,"caption":"VOSSLOH AG"},"image":{"@id":"https:\/\/vossloh-topic-lounge.com\/#\/schema\/logo\/image\/"}}]}},"_links":{"self":[{"href":"https:\/\/vossloh-topic-lounge.com\/fr\/wp-json\/wp\/v2\/pages\/9086","targetHints":{"allow":["GET"]}}],"collection":[{"href":"https:\/\/vossloh-topic-lounge.com\/fr\/wp-json\/wp\/v2\/pages"}],"about":[{"href":"https:\/\/vossloh-topic-lounge.com\/fr\/wp-json\/wp\/v2\/types\/page"}],"author":[{"embeddable":true,"href":"https:\/\/vossloh-topic-lounge.com\/fr\/wp-json\/wp\/v2\/users\/2"}],"replies":[{"embeddable":true,"href":"https:\/\/vossloh-topic-lounge.com\/fr\/wp-json\/wp\/v2\/comments?post=9086"}],"version-history":[{"count":5,"href":"https:\/\/vossloh-topic-lounge.com\/fr\/wp-json\/wp\/v2\/pages\/9086\/revisions"}],"predecessor-version":[{"id":15007,"href":"https:\/\/vossloh-topic-lounge.com\/fr\/wp-json\/wp\/v2\/pages\/9086\/revisions\/15007"}],"up":[{"embeddable":true,"href":"https:\/\/vossloh-topic-lounge.com\/fr\/wp-json\/wp\/v2\/pages\/9062"}],"wp:attachment":[{"href":"https:\/\/vossloh-topic-lounge.com\/fr\/wp-json\/wp\/v2\/media?parent=9086"}],"curies":[{"name":"wp","href":"https:\/\/api.w.org\/{rel}","templated":true}]}}